{"id":58035,"date":"2021-01-21T15:30:50","date_gmt":"2021-01-21T15:30:50","guid":{"rendered":"https:\/\/portugalagent.com\/?page_id=58035"},"modified":"2021-01-21T18:25:06","modified_gmt":"2021-01-21T18:25:06","slug":"skont-med-varme-i-portugal2","status":"publish","type":"page","link":"https:\/\/portugalagent.com\/sv\/vara-tjanster\/skont-med-varme-i-portugal2\/","title":{"rendered":"Sk\u00f6nt med v\u00e4rme i Portugal"},"content":{"rendered":"\n<p>Vintertid \u00e4r det sk\u00f6nt med bra uppv\u00e4rmning av bostaden i Portugal.<\/p>\n\n\n\n<p>Som svensk spekulant p\u00e5 en l\u00e4genhet eller ett hus i Portugal ska du veta att det skiljer mycket mellan vad vi svenskar tar f\u00f6r givet n\u00e4r det g\u00e4ller inomhusklimat, v\u00e4rme och ventilation och hur man ser p\u00e5 det i Portugal. H\u00e4r ska jag f\u00f6rs\u00f6ka reda ut begreppen.<\/p>\n\n\n\n<h3>I Portugal beh\u00f6vs en bra v\u00e4rmeanl\u00e4ggning &nbsp;<\/h3>\n\n\n\n<p>Om du inte orkar l\u00e4sa resten s\u00e5 v\u00e5gar jag p\u00e5st\u00e5 redan nu att alla svenskar som vistas en l\u00e4ngre tid i Portugal under vintern kommer vilja v\u00e4rma upp bostaden och f\u00f6rmodligen ocks\u00e5 komplettera med b\u00e4ttre ventilation. F\u00f6r att f\u00e5 en j\u00e4mn v\u00e4rme i hela bostaden beh\u00f6vs bra system. Det r\u00e4cker inte med ett par billiga el-element eller att endast ha en eldstad i vardagsrummet.<\/p>\n\n\n\n<h3>Stora skillnader&nbsp;<\/h3>\n\n\n\n<p>Under vinterhalv\u00e5ret \u00e4r det stor skillnad mellan normalt eller acceptabelt inomhusklimat i Portugal j\u00e4mf\u00f6rt med Sverige. I Portugal \u00e4r man inte van vid att kontor, skolor och arbetsplatser \u00e4r uppv\u00e4rmda och ventilerade till den grad, och med den komfort, som svenskar tar som sj\u00e4lvklar. Det g\u00e4ller \u00e4ven den egna bostaden d\u00e4r det ofta \u00e4r kallt och r\u00e5tt p\u00e5 vintern. M\u00f6jligen v\u00e4rms n\u00e5got rum upp d\u00e4r man vistas ofta men stora delar av bostaden f\u00f6rblir vanligtvis ouppv\u00e4rmd.<\/p>\n\n\n\n<p>N\u00e4r du bes\u00f6ker myndigheter, aff\u00e4rer, visningsrum f\u00f6r m\u00f6bler, m m eller till och med m\u00e5nga m\u00e4klarkontor, uppt\u00e4cker du att det \u00e4r kallt och att personalen sitter med ytterkl\u00e4derna p\u00e5 hela arbetsdagen.<br>En annan sak som \u00e4r lite sv\u00e5rare att uppt\u00e4cka sj\u00e4lv n\u00e4r man \u00e4r p\u00e5 bes\u00f6k i landet \u00e4r att m\u00e5nga (de flesta?) st\u00e4nger av klimatanl\u00e4ggningen i bilen. Det spelar ingen roll om det \u00e4r vinter, s\u00e5 det blir f\u00f6r kallt inne i bilen, eller om det \u00e4r sommar, s\u00e5 det blir f\u00f6r varmt. N\u00e4r du k\u00f6r runt i Portugal kan du ocks\u00e5 se att m\u00e5nga k\u00f6r med sidorutan \u00f6ppen. \u00c4ven i motorv\u00e4gsfart. Det blir man tvungen till om man ska f\u00e5 n\u00e5gorlunda frisk luft i bilen och imfri vindruta n\u00e4r klimatanl\u00e4ggningen st\u00e5r p\u00e5 \u201doff\u201d.<\/p>\n\n\n\n<p>Nu t\u00e4nker du s\u00e4kert: St\u00e4mmer det verkligen och hur vet jag det h\u00e4r?<\/p>\n\n\n\n<p>S\u00e5 h\u00e4r \u00e4r det: Vi har tv\u00e5 leasingbilar i m\u00e4kleriet och de anv\u00e4nds av oss samt av portugisisk personal. N\u00e4r vi tar \u00f6ver n\u00e5gon av bilarna fr\u00e5n v\u00e5ra portugisiska partners \u00e4r klimatanl\u00e4ggningen oftast avst\u00e4ngd. Oavsett \u00e5rstid. Ett annat exempel: Nu i januari i \u00e5r l\u00e4mnade jag in v\u00e5r Volvo V90 p\u00e5 service. N\u00e4r jag h\u00e4mtade den hade Volvoverkstaden st\u00e4ngt av klimatanl\u00e4ggningen! Den har jag sj\u00e4lv aldrig st\u00e4ngt av. Bara reglerat temperaturen lite upp och ned ibland.<\/p>\n\n\n\n<h3>V\u00e4rmeanl\u00e4ggning ej inkluderad<\/h3>\n\n\n\n<p>Mot bakgrund av ovanst\u00e5ende inses l\u00e4tt att det inte \u00e4r enkelt f\u00f6r en svensk spekulant att f\u00e5 adekvata eller begripliga svar p\u00e5 fr\u00e5gor som r\u00f6r uppv\u00e4rmning och ventilation. Det som \u00e4r helt acceptabel inomhuskomfort i Portugal \u00e4r ofta inte alls acceptabelt utifr\u00e5n ett svenskt perspektiv. N\u00e4r man vet detta blir det ocks\u00e5 enklare att analysera vad m\u00e4klaren uppger. D\u00e5 blir det blir ocks\u00e5 l\u00e4ttare att f\u00f6rst\u00e5 vad du l\u00e4ser i en specifikation f\u00f6r en viss bostad.<\/p>\n\n\n\n<p>V\u00e4rme och ventilation st\u00e5r inte h\u00f6gt upp p\u00e5 listan n\u00e4r en portugis k\u00f6per bostad. Detta \u00e4r ocks\u00e5 anledningen till att nyproducerade bost\u00e4der inte har ett fullgott uppv\u00e4rmningssystem inkluderat i priset. Skulle byggfirman inkludera ett komplett v\u00e4rmesystem i priset tappar man m\u00e5nga portugisiska kunder. De vill helt enkelt inte betala extra f\u00f6r en v\u00e4rmeanl\u00e4ggning som de inte kommer att anv\u00e4nda.<\/p>\n\n\n\n<h3>Sk\u00f6nt inomhusklimat i Portugal<\/h3>\n\n\n\n<p>Hur f\u00e5r jag d\u00e5 bra och sk\u00f6n v\u00e4rme? V\u00e5rt tips \u00e4r att k\u00f6pa en bostad i st\u00e4llet f\u00f6r att hyra den och st\u00e4lla krav p\u00e5 att det finns f\u00f6rberett f\u00f6r antingen vattenburen v\u00e4rme eller luft\/luftv\u00e4rmepump. K\u00f6per du nyproduktion i ett projekt som \u00e4nnu inte \u00e4r uppf\u00f6rt kan du ofta vara med och p\u00e5verka s\u00e5 du f\u00e5r vattenburen v\u00e4rme installerad. \u00c4r du ute p\u00e5 hyresmarknaden blir det ofta lite knepigare. \u00c4ven om bostaden \u00e4r f\u00f6rberedd f\u00f6r t.ex. vattenburen v\u00e4rme s\u00e5 hj\u00e4lper det inte om radiatorerna saknas p\u00e5 v\u00e4ggarna. Som hyresg\u00e4st blir det f\u00f6r kostsamt att sj\u00e4lv montera in dem i efterhand. T\u00e4nk p\u00e5 att el-kostnaden i Portugal \u00e4r h\u00f6gre \u00e4n i Sverige (mer om det i slutet av texten). Tvingas du komplettera med el-element, som dessutom inte alls ger samma sk\u00f6na distribution av v\u00e4rmen som vattenburen v\u00e4rme ger, blir det snart ganska dyrt per m\u00e5nad.<br>K\u00f6per du d\u00e4remot bostaden kan du redan fr\u00e5n b\u00f6rjan l\u00e4gga in i budgeten att du ska ha med radiatorer, eller luft\/lufv\u00e4rmepumpar.<\/p>\n\n\n\n<h3>Vanliga system f\u00f6r uppv\u00e4rmning i Portugal<\/h3>\n\n\n\n<p>I nyare bost\u00e4der, s\u00e4g fem, kanske max tio \u00e5r gamla, \u00e4r luft\/luftv\u00e4rmepump det vanligaste. (Se l\u00e4ngre ner f\u00f6r f\u00f6rklaringar till begreppen). I \u00e4ldre bost\u00e4der \u00e4r det vanligare med vattenburen v\u00e4rme och radiatorer. I m\u00e5nga hus kompletteras v\u00e4rmesystemet ocks\u00e5 med en \u00f6ppen spis eller braskamin och\/eller en pelletsv\u00e4rmare.<\/p>\n\n\n\n<p>Tv\u00e5 saker att h\u00e5lla reda p\u00e5 h\u00e4r: Dels hur luften eller vattnet v\u00e4rms upp, och dels hur det varma vattnet eller luften sedan distribueras i bostaden.<\/p>\n\n\n\n<p>Uppv\u00e4rmningen f\u00f6rst. N\u00e4r det g\u00e4ller luft\/luftv\u00e4rmepump \u00e4r det ur uteluften som energin kommer. Ju kallare ute desto s\u00e4mre verkningsgrad. Luftv\u00e4rmepumpen drivs av el.<\/p>\n\n\n\n<p>Varmvatten till radiatorer kan v\u00e4rmas p\u00e5 m\u00e5nga s\u00e4tt. I Portugal \u00e4r gas mycket vanligt. M\u00e5nga bostadskvarter har stadsgas och det blir en billig energik\u00e4lla. Dock inte det b\u00e4sta ur milj\u00f6synpunkt. De flesta hus och l\u00e4genheter har \u00e4nd\u00e5 gas till uppv\u00e4rmning av disk- och duschvatten samt oftast en gasspis s\u00e5 gasen och gasbr\u00e4nnaren \u00e4r redan installerad. D\u00e5 blir det enkelt att koppla p\u00e5 radiatorerna h\u00e4r. Som komplement till att v\u00e4rma vatten med gas\/el\/olja har alla nyare bost\u00e4der solpaneler som v\u00e4rmer vatten som lagras i en isolerad beh\u00e5llare. J\u00e4mf\u00f6r med b\u00e5tar eller husbilar. N\u00e4r du duschar tas varmvattnet i f\u00f6rsta hand fr\u00e5n varmvattenbeh\u00e5llaren och n\u00e4r vattnet g\u00e5r under en viss temperatur sl\u00e5r antingen en el-patron till eller att en gas- eller oljebr\u00e4nnare startar.<\/p>\n\n\n\n<p>De flesta solf\u00e5ngarsystemen i Portugal inriktar sig p\u00e5 att v\u00e4rma vattnet du duschar och diskar i. Varmvatten till radiatorer g\u00e5r oftast direkt fr\u00e5n den energik\u00e4lla du valt; gas, el, olja t.ex.&nbsp;<\/p>\n\n\n\n<p>Varmvatten till radiatorer kan ocks\u00e5 utvinnas ur en v\u00e4rmepump som d\u00e5 v\u00e4rmer vatten i st\u00e4llet f\u00f6r luften. Inte s\u00e5 vanligt i Portugal f\u00f6r inomhusv\u00e4rmen. D\u00e4remot ett mycket vanligt system f\u00f6r att v\u00e4rma utomhuspoolen.<br>Bergv\u00e4rmepumpar \u00e4r ovanligt. Vi har inte vid n\u00e5got tillf\u00e4lle bes\u00f6kt ett hus med bergv\u00e4rmepump trots att vi verkat som fastighetsm\u00e4klare sedan april 2015.<\/p>\n\n\n\n<figure class=\"wp-block-image is-resized\"><img decoding=\"async\" loading=\"lazy\" src=\"https:\/\/portugalagent.com\/wp-content\/uploads\/2021\/01\/IMG_5245NET-1-1024x768.jpg?v=1610913153\" alt=\"\" class=\"wp-image-57957\" width=\"242\" height=\"181\" srcset=\"https:\/\/portugalagent.com\/wp-content\/uploads\/2021\/01\/IMG_5245NET-1-1024x768.jpg?v=1610913153 1024w, https:\/\/portugalagent.com\/wp-content\/uploads\/2021\/01\/IMG_5245NET-1-300x225.jpg?v=1610913153 300w, https:\/\/portugalagent.com\/wp-content\/uploads\/2021\/01\/IMG_5245NET-1-768x576.jpg?v=1610913153 768w, https:\/\/portugalagent.com\/wp-content\/uploads\/2021\/01\/IMG_5245NET-1-1536x1152.jpg?v=1610913153 1536w, https:\/\/portugalagent.com\/wp-content\/uploads\/2021\/01\/IMG_5245NET-1.jpg?v=1610913153 1700w\" sizes=\"(max-width: 242px) 100vw, 242px\" \/><figcaption>V\u00e4rmepump som v\u00e4rmer poolvatten. Nazar\u00e9.<\/figcaption><\/figure>\n\n\n\n<h3>Distribution av v\u00e4rmen<\/h3>\n\n\n\n<p>Ska jag f\u00f6rs\u00f6ka gradera den sk\u00f6naste och b\u00e4sta v\u00e4rmen blir det i den h\u00e4r ordningen i fallande skala:<\/p>\n\n\n\n<p>Vattenburen golvv\u00e4rme: oslagbart j\u00e4mn v\u00e4rme \u00f6ver hela bostaden.<\/p>\n\n\n\n<p>Vattenburen v\u00e4rme med radiatorer i alla rum: j\u00e4mn v\u00e4rmedistribution och underh\u00e5llsfritt.<\/p>\n\n\n\n<p>Luftburen v\u00e4rme: ok men inte mer. F\u00f6rdel \u00e4r att du ocks\u00e5 f\u00e5r kyla. Inomhusenheten sitter h\u00f6gt upp p\u00e5 en v\u00e4gg och bl\u00e5ser ut uppv\u00e4rmd luft in i rummet. Det ger en oj\u00e4mn uppv\u00e4rmning j\u00e4mf\u00f6rt med golvv\u00e4rme och radiatorer. Golvet i rummet vid den v\u00e4ggen d\u00e4r aggregatet sitter \u00e4r ofta svalare \u00e4n motsatta sidan.<\/p>\n\n\n\n<figure class=\"wp-block-image is-resized\"><img decoding=\"async\" loading=\"lazy\" src=\"https:\/\/portugalagent.com\/wp-content\/uploads\/2021\/01\/IMG_5253NET-2-1024x783.jpg?v=1610913296\" alt=\"\" class=\"wp-image-57981\" width=\"237\" height=\"181\" srcset=\"https:\/\/portugalagent.com\/wp-content\/uploads\/2021\/01\/IMG_5253NET-2-1024x783.jpg?v=1610913296 1024w, https:\/\/portugalagent.com\/wp-content\/uploads\/2021\/01\/IMG_5253NET-2-300x229.jpg?v=1610913296 300w, https:\/\/portugalagent.com\/wp-content\/uploads\/2021\/01\/IMG_5253NET-2-768x587.jpg?v=1610913296 768w, https:\/\/portugalagent.com\/wp-content\/uploads\/2021\/01\/IMG_5253NET-2-1536x1175.jpg?v=1610913296 1536w, https:\/\/portugalagent.com\/wp-content\/uploads\/2021\/01\/IMG_5253NET-2.jpg?v=1610913296 1700w\" sizes=\"(max-width: 237px) 100vw, 237px\" \/><figcaption>Vattenburen v\u00e4rme \u00e4r sk\u00f6nast.<\/figcaption><\/figure>\n\n\n\n<h3>Golvv\u00e4rme i Portugal?<\/h3>\n\n\n\n<p>Ja, det \u00e4r inte vanligt men p\u00e5 v\u00e4g att vinna mark. Vi har flera exempel d\u00e4r v\u00e5ra bostadsk\u00f6pare i nybyggnadsprojekt best\u00e4llt och f\u00e5tt bra och v\u00e4l fungerande v\u00e4rmegolv. En stor f\u00f6rdel med att k\u00f6pa nyproduktion redan i projektstadiet \u00e4r att du kan best\u00e4lla och styra en hel del sj\u00e4lv.<\/p>\n\n\n\n<h3>Komplettera med b\u00e4ttre ventilation<\/h3>\n\n\n\n<p>Ventilation \u00e4r inte Portugals b\u00e4sta gren. Vi som bor vid atlantkusten lever dessutom i en milj\u00f6 med stor salthalt i den fuktiga luften. F\u00f6r att f\u00e5 ett sk\u00f6nt inomhusklimat r\u00e4cker det inte med bra v\u00e4rme. Du m\u00e5ste \u00e4ven s\u00f6rja f\u00f6r god luftv\u00e4xling. De flesta bost\u00e4der saknar bra ventilation.<br>N\u00e5gra tips f\u00f6r att f\u00f6rb\u00e4ttra ventilationen och h\u00e5lla fukten borta: Komplettera f\u00f6rr\u00e5ds- och k\u00e4llarutrymmen med en bra sugande fl\u00e4kt som f\u00e5r st\u00e5 p\u00e5 24\/7. Det skapar ett undertryck i k\u00e4llarv\u00e5ningen och drar ner varm, torr luft i dina f\u00f6rr\u00e5dsutrymmen. Byt ut de billiga och skramlande fl\u00e4ktarna i badrummen. Ers\u00e4tt med tysta och energisn\u00e5la fl\u00e4ktar, t.ex. Pax. Koppla dem sedan p\u00e5 ett s\u00e4tt s\u00e5 att de kan st\u00e5 p\u00e5 24\/7 om du vill det. Inte via en brytare som ocks\u00e5 t\u00e4nder och sl\u00e4cker belysningen i badrummet.<br>St\u00e4ng inte d\u00f6rren till badrummet! N\u00e4r du l\u00e4mnar bostaden en l\u00e4ngre tid: se till s\u00e5 alla utrymmen har d\u00f6rrarna helt \u00f6ppna samt s\u00e4tt p\u00e5 n\u00e5gon eller n\u00e5gra av fl\u00e4ktarna. \u00c4ven om du \u00e4r borta l\u00e4nge.<\/p>\n\n\n\n<p>Ytterv\u00e4ggarna har oftast h\u00e5ltegel som enda isolation. Det f\u00f6rsl\u00e5r inte s\u00e5 bra vid kalla n\u00e4tter vintertid. D\u00e5 blir \u00e4ven innerv\u00e4ggen sval vilket medf\u00f6r fukt p\u00e5 v\u00e4ggen (kondens). Speciellt i h\u00f6rn och nischer d\u00e4r ventilationen \u00e4r extra svag. T\u00e4nk p\u00e5 att den h\u00e4r kondensen f\u00f6rst\u00e4rks n\u00e4r du v\u00e4rmer upp bostaden. Ju st\u00f6rre skillnaden mellan ytter- och innertemperatur \u00e4r desto h\u00f6gre risk f\u00f6r kondens p\u00e5 v\u00e4ggarna som vetter ut\u00e5t. Det v\u00e4rsta du kan g\u00f6ra \u00e4r att l\u00e4mna v\u00e4rmen p\u00e5 en l\u00e4ngre tid d\u00e5 du inte vistas i bostaden och har alla f\u00f6nster och d\u00f6rrar st\u00e4ngda. D\u00e5 kan du f\u00e5 riktiga fuktskador.<\/p>\n\n\n\n<h3>Minimera risken f\u00f6r m\u00f6gel<\/h3>\n\n\n\n<p>Tavlor och m\u00f6bler som h\u00e4nger eller st\u00e5r mot en ytterv\u00e4gg kan vara en m\u00f6gel- och fuktf\u00e4lla. En isolerande s\u00e4nggavel mot en kall ytterv\u00e4gg kan ge svartslag och fukt bakom. P\u00e5 samma s\u00e4tt kan tavlan som h\u00e4ger mot en ytterv\u00e4gg skapa svarta fl\u00e4ckar av m\u00f6gel mellan tavlan och v\u00e4ggen. Ett s\u00e4tt att minska den h\u00e4r risken \u00e4r god ventilation. Montera distanser p\u00e5 v\u00e4ggsidan av s\u00e4nggaveln s\u00e5 det finns en luftspalt mellan s\u00e4ngen och v\u00e4ggen. P\u00e5 samma s\u00e4tt kan du g\u00f6ra med tavlor. S\u00e4tt distanser i nerkant s\u00e5 luften kan passera mellan tavlan och v\u00e4ggen. T.ex. sm\u00e5 sj\u00e4lvh\u00e4ftande kuddar avsedda f\u00f6r att sk\u00e5psd\u00f6rrar och l\u00e5dor ska st\u00e4nga lite mjukare.<\/p>\n\n\n\n<h3>Att t\u00e4nka p\u00e5<\/h3>\n\n\n\n<p>De flesta bost\u00e4derna \u00e4r f\u00f6rberedda f\u00f6r antingen vattenburen v\u00e4rme eller \u201dair cond\u201d dvs luft\/luftv\u00e4rmepump. Det inneb\u00e4r att erforderliga r\u00f6r \u00e4r dragna i v\u00e4ggarna. Ofta n\u00e4r du k\u00f6per en bostad i Portugal saknas dock radiatorerna f\u00f6r den vattenburna v\u00e4rmen eller sj\u00e4lva luftv\u00e4rmepumpen samt inomhusdelen till denna. Detta \u00e4r enkelt att efterinstallera och inte s\u00e4rskilt kostsamt. Men om det inte \u00e4r f\u00f6rberett i fastighetens v\u00e4ggar fr\u00e5n b\u00f6rjan blir det mycket knepigare.<\/p>\n\n\n\n<h3>Vad \u00e4r vad \u2013 n\u00e5gra begrepp<\/h3>\n\n\n\n<p><strong>Luft\/luftv\u00e4rmepump:<\/strong>&nbsp;den har en utomhus- och en inomhusdel. Utomhusdelen tar v\u00e4rme fr\u00e5n luften utanf\u00f6r huset och \u00f6verf\u00f6r den till inomhusdelen som sedan v\u00e4rmer (eller kyler) inomhusluften. Verkningsgraden varierar med utetemperaturen. Sjunker temperaturen ger v\u00e4rmepumpen mindre v\u00e4rme till huset samtidigt som energibesparingen minskar. Den anv\u00e4nds ocks\u00e5 som air condition (kyla).<br><strong>Luftv\u00e4rmepump:<\/strong>&nbsp;den v\u00e4rmer vatten som kan distribueras i radiatorer. Inte s\u00e5 vanligt i Portugal. Vanligtvis anv\u00e4nds den till att v\u00e4rma poolvatten.<\/p>\n\n\n\n<h3>Hyra eller k\u00f6pa bostad i Portugal?<\/h3>\n\n\n\n<p>Det \u00e4r en fr\u00e5ga som givetvis har m\u00e5nga svar. V\u00e5rt korta svar \u00e4r att det i de flesta fall blir mer ekonomiskt och b\u00e4ttre komfort att k\u00f6pa. I alla fall om du t\u00e4nker bo i Portugal under flera \u00e5r. I ett annat inl\u00e4gg har vi f\u00f6rs\u00f6kt belysa fr\u00e5gan om det \u00e4r b\u00e4ttre att k\u00f6pa ett hus eller en l\u00e4genhet i Portugal i st\u00e4llet f\u00f6r att hyra. F\u00f6lj l\u00e4nken nedan!<br><a href=\"https:\/\/portugalagent.com\/sv\/vara-tjanster\/hyra-eller-kopa-hus-i-portugal\/\">K\u00f6pa eller hyra i Portugal<\/a><\/p>\n\n\n\n<h3>Elpriser \u00e5r 2020: Sverige j\u00e4mf\u00f6rt Portugal<\/h3>\n\n\n\n<p>Avser r\u00f6rligt pris och villaboende. OBS: \u201dcirkapriser\u201d. Noteras b\u00f6r ocks\u00e5 att elpriset \u00e4r olika f\u00f6r olika regioner och givetvis skiljer det mellan olika leverant\u00f6rer. Priserna avser totalt konsumentpris inklusive skatter och abonnemangsavgifter.<br><strong>Sverige<\/strong>: 1,50kr\/kWh (uppskattat pris)<br><strong>Portugal<\/strong>:&nbsp; 0,25\u20ac\/kWh (prisuppgiften avser v\u00e5rt hem i Nazar\u00e9, faktura fr\u00e5n december 2020).<br>I exemplet \u00e4r elpriset i Portugal 67% h\u00f6gre \u00e4n i Sverige.<\/p>\n\n\n\n<h3>Silverkusten<\/h3>\n\n\n\n<p>Notera att ovanst\u00e5ende resonemang \u00e4r baserat p\u00e5 den erfarenhet vi har efter n\u00e4stan sex \u00e5r som f\u00f6rmedlare av bost\u00e4der i Nazar\u00e9 och p\u00e5 Silverkusten. Det kan vara andra l\u00f6sningar som g\u00e4ller i andra regioner av Portugal. I inlandet \u00e4r det till exempel mycket st\u00f6rre temperaturskillnader mellan heta sommardagar och kalla vintern\u00e4tter \u00e4n vad bostadsomr\u00e5den som ligger vid Atlanten uppvisar. Och inte alls lika fuktigt. P\u00e5 Algarvekusten \u00e4r det mycket varmare under juli och augusti \u00e4n vad vi upplever utefter Silverkusten s\u00e5 d\u00e4r prioriterar m\u00e5nga \u00e4ven air condition och kyla.<\/p>\n\n\n\n<h3>Bastu i Portugal<\/h3>\n\n\n\n<p>Ja, som om inte alla v\u00e4rmepumpar och radiatorer skulle r\u00e4cka s\u00e5 har vi dessutom installerat trefas och byggt en bastu. Mer om det p\u00e5 l\u00e4nken h\u00e4r:&nbsp;<a href=\"https:\/\/portugalagent.com\/sv\/bygga-bastu-i-portugal\/\">bastu<\/a><\/p>\n\n\n\n<p><strong>Niklas Fors\u00e9n<\/strong><br>+46-70-592 60 76<br><a href=\"mailto:niklas@portugalagent.com\">niklas@portugalagent.com<\/a><\/p>\n","protected":false},"excerpt":{"rendered":"<p>Vintertid \u00e4r det sk\u00f6nt med bra uppv\u00e4rmning av bostaden i Portugal. Som svensk spekulant p\u00e5 en l\u00e4genhet eller ett hus i Portugal ska du veta att det skiljer mycket mellan vad vi svenskar tar f\u00f6r givet n\u00e4r det g\u00e4ller inomhusklimat, v\u00e4rme och ventilation och hur man ser p\u00e5 det i Portugal. H\u00e4r ska jag f\u00f6rs\u00f6ka [&hellip;]<\/p>\n","protected":false},"author":2,"featured_media":0,"parent":38939,"menu_order":6,"comment_status":"closed","ping_status":"closed","template":"layoutSidebar.php","meta":{"om_disable_all_campaigns":false,"_monsterinsights_skip_tracking":false,"_monsterinsights_sitenote_active":false,"_monsterinsights_sitenote_note":"","_monsterinsights_sitenote_category":0},"aioseo_notices":[],"yoast_head":"<!-- This site is optimized with the Yoast SEO plugin v19.10 - https:\/\/yoast.com\/wordpress\/plugins\/seo\/ -->\n<title>Sk\u00f6nt med v\u00e4rme i Portugal - Portugal Agent<\/title>\n<meta name=\"description\" content=\"Sk\u00f6nt med v\u00e4rme och ventilation inomhus i Portugal\" \/>\n<meta name=\"robots\" content=\"index, follow, max-snippet:-1, max-image-preview:large, max-video-preview:-1\" \/>\n<link rel=\"canonical\" href=\"https:\/\/portugalagent.com\/sv\/vara-tjanster\/skont-med-varme-i-portugal2\/\" \/>\n<meta property=\"og:locale\" content=\"sv_SE\" \/>\n<meta property=\"og:type\" content=\"article\" \/>\n<meta property=\"og:title\" content=\"Sk\u00f6nt med v\u00e4rme i Portugal - Portugal Agent\" \/>\n<meta property=\"og:description\" content=\"Sk\u00f6nt med v\u00e4rme och ventilation inomhus i Portugal\" \/>\n<meta property=\"og:url\" content=\"https:\/\/portugalagent.com\/sv\/vara-tjanster\/skont-med-varme-i-portugal2\/\" \/>\n<meta property=\"og:site_name\" content=\"Portugal Agent\" \/>\n<meta property=\"article:modified_time\" content=\"2021-01-21T18:25:06+00:00\" \/>\n<meta property=\"og:image\" content=\"https:\/\/portugalagent.com\/wp-content\/uploads\/2021\/01\/IMG_5245NET-1-1024x768.jpg?v=1610913153\" \/>\n<meta name=\"twitter:card\" content=\"summary_large_image\" \/>\n<meta name=\"twitter:label1\" content=\"Ber\u00e4knad l\u00e4stid\" \/>\n\t<meta name=\"twitter:data1\" content=\"12 minuter\" \/>\n<script type=\"application\/ld+json\" class=\"yoast-schema-graph\">{\"@context\":\"https:\/\/schema.org\",\"@graph\":[{\"@type\":\"WebPage\",\"@id\":\"https:\/\/portugalagent.com\/sv\/vara-tjanster\/skont-med-varme-i-portugal2\/\",\"url\":\"https:\/\/portugalagent.com\/sv\/vara-tjanster\/skont-med-varme-i-portugal2\/\",\"name\":\"Sk\u00f6nt med v\u00e4rme i Portugal - Portugal Agent\",\"isPartOf\":{\"@id\":\"https:\/\/portugalagent.com\/sv\/#website\"},\"datePublished\":\"2021-01-21T15:30:50+00:00\",\"dateModified\":\"2021-01-21T18:25:06+00:00\",\"description\":\"Sk\u00f6nt med v\u00e4rme och ventilation inomhus i Portugal\",\"breadcrumb\":{\"@id\":\"https:\/\/portugalagent.com\/sv\/vara-tjanster\/skont-med-varme-i-portugal2\/#breadcrumb\"},\"inLanguage\":\"sv-SE\",\"potentialAction\":[{\"@type\":\"ReadAction\",\"target\":[\"https:\/\/portugalagent.com\/sv\/vara-tjanster\/skont-med-varme-i-portugal2\/\"]}]},{\"@type\":\"BreadcrumbList\",\"@id\":\"https:\/\/portugalagent.com\/sv\/vara-tjanster\/skont-med-varme-i-portugal2\/#breadcrumb\",\"itemListElement\":[{\"@type\":\"ListItem\",\"position\":1,\"name\":\"Home\",\"item\":\"https:\/\/portugalagent.com\/sv\/\"},{\"@type\":\"ListItem\",\"position\":2,\"name\":\"V\u00e5ra tj\u00e4nster\",\"item\":\"https:\/\/portugalagent.com\/sv\/vara-tjanster\/\"},{\"@type\":\"ListItem\",\"position\":3,\"name\":\"Sk\u00f6nt med v\u00e4rme i Portugal\"}]},{\"@type\":\"WebSite\",\"@id\":\"https:\/\/portugalagent.com\/sv\/#website\",\"url\":\"https:\/\/portugalagent.com\/sv\/\",\"name\":\"Portugal Agent\",\"description\":\"\",\"publisher\":{\"@id\":\"https:\/\/portugalagent.com\/sv\/#organization\"},\"potentialAction\":[{\"@type\":\"SearchAction\",\"target\":{\"@type\":\"EntryPoint\",\"urlTemplate\":\"https:\/\/portugalagent.com\/sv\/?s={search_term_string}\"},\"query-input\":\"required name=search_term_string\"}],\"inLanguage\":\"sv-SE\"},{\"@type\":\"Organization\",\"@id\":\"https:\/\/portugalagent.com\/sv\/#organization\",\"name\":\"Portugal Agent\",\"url\":\"https:\/\/portugalagent.com\/sv\/\",\"logo\":{\"@type\":\"ImageObject\",\"inLanguage\":\"sv-SE\",\"@id\":\"https:\/\/portugalagent.com\/sv\/#\/schema\/logo\/image\/\",\"url\":\"https:\/\/portugalagent.com\/wp-content\/uploads\/2020\/11\/portugalagent.svg\",\"contentUrl\":\"https:\/\/portugalagent.com\/wp-content\/uploads\/2020\/11\/portugalagent.svg\",\"caption\":\"Portugal Agent\"},\"image\":{\"@id\":\"https:\/\/portugalagent.com\/sv\/#\/schema\/logo\/image\/\"}}]}<\/script>\n<!-- \/ Yoast SEO plugin. -->","yoast_head_json":{"title":"Sk\u00f6nt med v\u00e4rme i Portugal - Portugal Agent","description":"Sk\u00f6nt med v\u00e4rme och ventilation inomhus i Portugal","robots":{"index":"index","follow":"follow","max-snippet":"max-snippet:-1","max-image-preview":"max-image-preview:large","max-video-preview":"max-video-preview:-1"},"canonical":"https:\/\/portugalagent.com\/sv\/vara-tjanster\/skont-med-varme-i-portugal2\/","og_locale":"sv_SE","og_type":"article","og_title":"Sk\u00f6nt med v\u00e4rme i Portugal - Portugal Agent","og_description":"Sk\u00f6nt med v\u00e4rme och ventilation inomhus i Portugal","og_url":"https:\/\/portugalagent.com\/sv\/vara-tjanster\/skont-med-varme-i-portugal2\/","og_site_name":"Portugal Agent","article_modified_time":"2021-01-21T18:25:06+00:00","og_image":[{"url":"https:\/\/portugalagent.com\/wp-content\/uploads\/2021\/01\/IMG_5245NET-1-1024x768.jpg?v=1610913153"}],"twitter_card":"summary_large_image","twitter_misc":{"Ber\u00e4knad l\u00e4stid":"12 minuter"},"schema":{"@context":"https:\/\/schema.org","@graph":[{"@type":"WebPage","@id":"https:\/\/portugalagent.com\/sv\/vara-tjanster\/skont-med-varme-i-portugal2\/","url":"https:\/\/portugalagent.com\/sv\/vara-tjanster\/skont-med-varme-i-portugal2\/","name":"Sk\u00f6nt med v\u00e4rme i Portugal - Portugal Agent","isPartOf":{"@id":"https:\/\/portugalagent.com\/sv\/#website"},"datePublished":"2021-01-21T15:30:50+00:00","dateModified":"2021-01-21T18:25:06+00:00","description":"Sk\u00f6nt med v\u00e4rme och ventilation inomhus i Portugal","breadcrumb":{"@id":"https:\/\/portugalagent.com\/sv\/vara-tjanster\/skont-med-varme-i-portugal2\/#breadcrumb"},"inLanguage":"sv-SE","potentialAction":[{"@type":"ReadAction","target":["https:\/\/portugalagent.com\/sv\/vara-tjanster\/skont-med-varme-i-portugal2\/"]}]},{"@type":"BreadcrumbList","@id":"https:\/\/portugalagent.com\/sv\/vara-tjanster\/skont-med-varme-i-portugal2\/#breadcrumb","itemListElement":[{"@type":"ListItem","position":1,"name":"Home","item":"https:\/\/portugalagent.com\/sv\/"},{"@type":"ListItem","position":2,"name":"V\u00e5ra tj\u00e4nster","item":"https:\/\/portugalagent.com\/sv\/vara-tjanster\/"},{"@type":"ListItem","position":3,"name":"Sk\u00f6nt med v\u00e4rme i Portugal"}]},{"@type":"WebSite","@id":"https:\/\/portugalagent.com\/sv\/#website","url":"https:\/\/portugalagent.com\/sv\/","name":"Portugal Agent","description":"","publisher":{"@id":"https:\/\/portugalagent.com\/sv\/#organization"},"potentialAction":[{"@type":"SearchAction","target":{"@type":"EntryPoint","urlTemplate":"https:\/\/portugalagent.com\/sv\/?s={search_term_string}"},"query-input":"required name=search_term_string"}],"inLanguage":"sv-SE"},{"@type":"Organization","@id":"https:\/\/portugalagent.com\/sv\/#organization","name":"Portugal Agent","url":"https:\/\/portugalagent.com\/sv\/","logo":{"@type":"ImageObject","inLanguage":"sv-SE","@id":"https:\/\/portugalagent.com\/sv\/#\/schema\/logo\/image\/","url":"https:\/\/portugalagent.com\/wp-content\/uploads\/2020\/11\/portugalagent.svg","contentUrl":"https:\/\/portugalagent.com\/wp-content\/uploads\/2020\/11\/portugalagent.svg","caption":"Portugal Agent"},"image":{"@id":"https:\/\/portugalagent.com\/sv\/#\/schema\/logo\/image\/"}}]}},"_links":{"self":[{"href":"https:\/\/portugalagent.com\/sv\/wp-json\/wp\/v2\/pages\/58035"}],"collection":[{"href":"https:\/\/portugalagent.com\/sv\/wp-json\/wp\/v2\/pages"}],"about":[{"href":"https:\/\/portugalagent.com\/sv\/wp-json\/wp\/v2\/types\/page"}],"author":[{"embeddable":true,"href":"https:\/\/portugalagent.com\/sv\/wp-json\/wp\/v2\/users\/2"}],"replies":[{"embeddable":true,"href":"https:\/\/portugalagent.com\/sv\/wp-json\/wp\/v2\/comments?post=58035"}],"version-history":[{"count":4,"href":"https:\/\/portugalagent.com\/sv\/wp-json\/wp\/v2\/pages\/58035\/revisions"}],"predecessor-version":[{"id":58049,"href":"https:\/\/portugalagent.com\/sv\/wp-json\/wp\/v2\/pages\/58035\/revisions\/58049"}],"up":[{"embeddable":true,"href":"https:\/\/portugalagent.com\/sv\/wp-json\/wp\/v2\/pages\/38939"}],"wp:attachment":[{"href":"https:\/\/portugalagent.com\/sv\/wp-json\/wp\/v2\/media?parent=58035"}],"curies":[{"name":"wp","href":"https:\/\/api.w.org\/{rel}","templated":true}]}}