{"id":56263,"date":"2020-06-13T18:08:56","date_gmt":"2020-06-13T18:08:56","guid":{"rendered":"https:\/\/portugalagent.com\/?page_id=56263"},"modified":"2020-06-14T09:02:33","modified_gmt":"2020-06-14T09:02:33","slug":"santa-cruz","status":"publish","type":"page","link":"https:\/\/portugalagent.com\/sv\/destination-silverkusten\/santa-cruz\/","title":{"rendered":"Santa Cruz"},"content":{"rendered":"\n<p>Kuststaden Santa Cruz i s\u00f6dra delarna av Silverkusten ligger vackert vid Atlanten och erbjuder flera olika fina str\u00e4nder avgr\u00e4nsade med uddar och klippor. Man kan r\u00e4kna in elva olika str\u00e4nder p\u00e5 en kuststr\u00e4cka om ca 20 km fr\u00e5n Praia Azul i s\u00f6der till Praia de Santa Rita i norr. H\u00e4r finns en sk\u00f6n blandning av semesterbost\u00e4der, permanentbost\u00e4der, restauranger, hotell och butiker. Allt ligger p\u00e5 n\u00e4ra g\u00e5ngavst\u00e5nd till den fina strandpromenaden och Atlanten. <\/p>\n\n\n\n<h2>Bortgl\u00f6md p\u00e4rla vid havet<\/h2>\n\n\n\n<p>Santa Cruz \u00e4r en bortgl\u00f6md p\u00e4rla! M\u00e5nga portugisiska turister bes\u00f6ker staden p\u00e5 sommaren men den Skandinaviska publiken har inte uppt\u00e4ckt Santa Cruz \u00e4n. L\u00e4get vid Atlanten och n\u00e4rheten till Lissabon och flygplatsen g\u00f6r att Santa Cruz kan vara ett alternativ till Ericeira &#8211; fast med l\u00e4gre priser p\u00e5 hus och l\u00e4genheter. <br><\/p>\n\n\n\n<p>Fler bilder och bildtexter i galleriet nedan!<\/p>\n\n\n\n<figure class=\"wp-block-image size-large\"><img decoding=\"async\" loading=\"lazy\" width=\"1024\" height=\"446\" src=\"https:\/\/portugalagent.com\/wp-content\/uploads\/2020\/06\/Santa-Cruz-Panorama-1-1024x446.jpg?v=1592071309\" alt=\"\" class=\"wp-image-56386\" srcset=\"https:\/\/portugalagent.com\/wp-content\/uploads\/2020\/06\/Santa-Cruz-Panorama-1-1024x446.jpg?v=1592071309 1024w, https:\/\/portugalagent.com\/wp-content\/uploads\/2020\/06\/Santa-Cruz-Panorama-1-300x131.jpg?v=1592071309 300w, https:\/\/portugalagent.com\/wp-content\/uploads\/2020\/06\/Santa-Cruz-Panorama-1-768x335.jpg?v=1592071309 768w, https:\/\/portugalagent.com\/wp-content\/uploads\/2020\/06\/Santa-Cruz-Panorama-1-1536x669.jpg?v=1592071309 1536w, https:\/\/portugalagent.com\/wp-content\/uploads\/2020\/06\/Santa-Cruz-Panorama-1-2048x892.jpg?v=1592071309 2048w\" sizes=\"(max-width: 1024px) 100vw, 1024px\" \/><\/figure>\n\n\n\n<h2>Centrala delarna av Santa Cruz<\/h2>\n\n\n\n<p>I centrum finns m\u00e5nga olika butiker kring en charmig g\u00e5gata. Ganska h\u00f6gt ovanf\u00f6r havet l\u00f6per en fin strandpromenad som f\u00f6ljer marginalen mellan stadens hus och de fina str\u00e4nderna. Fr\u00e5n promenadstr\u00e5ket leder m\u00e5nga olika trappor och g\u00e5ngv\u00e4gar ner till de olika str\u00e4nderna.<\/p>\n\n\n\n<h2>S\u00f6dra Santa Cruz<\/h2>\n\n\n\n<p>Mittemellan Praia do Guicho och Praia do Santa Cruz st\u00e5r den spektakul\u00e4ra klippan Penedo do Guincho. Den \u00e4r ca 30 meter h\u00f6g och har ett stort h\u00e5l i mitten (se bilder nedan). Hela Praia do Guicho \u00e4r en mycket fin solnedg\u00e5ngsstrand. Fr\u00e5n n\u00e5gon av utsiktsplatserna Ermida de Santa Helena eller Miradouro da Praia da Formosa ser man klippan i vattenbrynet fint p\u00e5 lite h\u00e5ll.<\/p>\n\n\n\n<h2>Norra Santa Cruz<\/h2>\n\n\n\n<p>G\u00e5r du norrut fr\u00e5n centrum kommer du ut p\u00e5 lite st\u00f6rre str\u00e4nder och byggnationen avtar och glesar ut. H\u00e4r finns kilometervis med stor \u00f6ppen strand att vandra p\u00e5 eller bara ha en liten fin stund i solen p\u00e5.<\/p>\n\n\n\n<h2>Praia Azul<\/h2>\n\n\n\n<p>I s\u00f6dra utkanten av Santa Cruz, ca 2 km fr\u00e5n centrum, ligger det lilla samh\u00e4llet Praia Azul med en stor strand och en fin blandning av fria ytor, natur, utsikt \u00f6ver Atlanten och bost\u00e4der. H\u00e4r finns det flera alternativ av nyproducerade bost\u00e4der till salu samt ett projekt p\u00e5 byggnation av radhus och kommande villor som vi kommer f\u00f6rmedla.<br>I Praia Azul finns ocks\u00e5 Portugal Agents m\u00e4klare p\u00e5 s\u00f6dra Silverkusten: <a href=\"https:\/\/portugalagent.com\/sv\/kontakta-oss\/medarbetare\/\">J\u00f6rgen Kirchhoff.<\/a><\/p>\n\n\n\n<h2>Aktiviteter i Santa Cruz med omgivningar<\/h2>\n\n\n\n<p>Str\u00e4nderna i omr\u00e5det erbjuder fina <strong>bad<\/strong>, <strong>promenader<\/strong> och <strong>vandringar<\/strong>. Utefter havet l\u00f6per en v\u00e4lh\u00e5llen strandpromenad d\u00e4r du kan <strong>jogga<\/strong> eller promenera med fantastisk havsutsikt och alltid solnedg\u00e5ng i havet.<br><strong>Surfing<\/strong> och <strong>bodyboard<\/strong> kan du ut\u00f6va p\u00e5 m\u00e5nga str\u00e4nder b\u00e5de i Santa Cruz och i omgivningarna. I staden finns m\u00e5nga surfskolor och uthyrningar samt n\u00e5gra surfshoppar om du vill k\u00f6pa br\u00e4da eller v\u00e5tdr\u00e4kt.<br><strong>Golf:<\/strong> N\u00e4rmaste banan heter <a href=\"https:\/\/www.dolcecamporeal.com\/\">Campo Real<\/a>, ca 21 km fr\u00e5n Santa Cruz och bara 8 km fr\u00e5n Torres Vedras.<br>Inte s\u00e5 l\u00e5ngt h\u00e4rifr\u00e5n, ca 40 km, ligger de fyra golfbanorna <a href=\"https:\/\/www.praia-del-rey.com\/\">Praia d\u2019el Ray<\/a>, <a href=\"https:\/\/www.royalobidos.com\/\">Royal Obidos<\/a>, <a href=\"https:\/\/www.westcliffs.com\/en\/golf\">West Cliffs<\/a> och <a href=\"http:\/\/www.guardiangolf.net\/\">Bom Sucesso<\/a>.<\/p>\n\n\n\n<h2>Portugal Agent i Santa Cruz och Praia Azul<\/h2>\n\n\n\n<p>I Santa Cruz, Praia Azul och Torres Vedras kan Portugal Agent och <a href=\"https:\/\/portugalagent.com\/sv\/kontakta-oss\/medarbetare\/\">J\u00f6rgen Kirchhoff<\/a> hj\u00e4lpa dig att k\u00f6pa ett hus eller en l\u00e4genhet b\u00e5de n\u00e4ra havet eller mer lantligt lite \u00f6ster om Santa Cruz. H\u00e4r finns \u00e4ven tomter till salu d\u00e4r du kan bygga ditt eget dr\u00f6mhus. Priserna per kvadratmeter i omr\u00e5det \u00e4r betydligt l\u00e4gre \u00e4n i till exempel Cascais och Estoril och \u00e4ven l\u00e4gre \u00e4n i det mer k\u00e4nda Ericeira som ligger p\u00e5 samma kust lite mer s\u00f6der\u00f6ver inte s\u00e5 l\u00e5ngt ifr\u00e5n.<\/p>\n\n\n\n<p>Ganska snart kommer vi ut med egna objekt till salu. Vi kommer jobba n\u00e4ra en byggfirma som har bost\u00e4der havsn\u00e4ra i Santa Cruzomr\u00e5det men \u00e4ven i Torres Vedras.<\/p>\n\n\n\n<h2>Har du en bostad att s\u00e4lja? <\/h2>\n\n\n\n<p>Tag kontakt med J\u00f6rgen!<br>Som vanligt i Portugal kan v\u00e5ra m\u00e4klare hj\u00e4lpa dig att finna den bostad du letar efter \u00e4ven om en annan m\u00e4klare har bostaden annonserad. H\u00f6r av dig till oss s\u00e5 kan J\u00f6rgen hj\u00e4lpa dig med visningar, f\u00f6rs\u00e4ljning och mycket annat. P\u00e5 svenska, danska eller engelska. Vill du tala portugisiska grejar vi det ocks\u00e5!<\/p>\n\n\n\n<h2>N\u00e5gra exempel p\u00e5 \u00f6vernattning&nbsp;<\/h2>\n\n\n\n<p><a href=\"http:\/\/www.noahsurfhouseportugal.com\/en\">Noah Surf House Portugal<\/a> ligger i norra delen av centrum. En spektakul\u00e4r byggnad med stor infinity pool med suver\u00e4n utsikt, restaurang, gym och mycket annat. V\u00e4l v\u00e4rt ett bes\u00f6k. Ligger p\u00e5 n\u00e4ra g\u00e5ngavst\u00e5nd fr\u00e5n stranden. H\u00e4r kan du hyra surfbr\u00e4da, ta kurser p\u00e5 surfskolan, hyra cykel, SUP och mycket annat. Perfekt f\u00f6r den aktive!<\/p>\n\n\n\n<p>I norra utkanten av Santa Cruz, strax \u00f6ster om Praia do Seixo, ligger det 5-stj\u00e4rninga SPA-hotellet <a href=\"https:\/\/www.areiasdoseixo.com\/en\">Areias do Seixo<\/a> som erbjuder avkoppling i en fantastisk milj\u00f6. H\u00e4r kan du bo i eget glampingt\u00e4lt med \u201dexra allt\u201d eller v\u00e4lja ett k\u00e4rleksrum p\u00e5 hotellet. Yoga, massage, bra restaurang och mycket avslappnad milj\u00f6.<\/p>\n\n\n\n<p>Camping: <a href=\"http:\/\/www.campismosantacruz.pt\/\">http:\/\/www.campismosantacruz.pt\/<\/a><\/p>\n\n\n\n<h2>Avst\u00e5nd med bil fr\u00e5n Santa Cruz<\/h2>\n\n\n\n<p>Lissabons flygplats: 61 km ca 50 min &nbsp;<br>Torres Vedras: 15 km, ca 20 min &nbsp;<br>Peniche: 36 km, ca 45 min &nbsp;<br>Ericeira: 24km, ca 30 min &nbsp;<br>Nazar\u00e9: 84km, ca 1 timme &nbsp;<br>Sintra: 47 km, ca 1 timme &nbsp;<\/p>\n\n\n\n<p><\/p>\n","protected":false},"excerpt":{"rendered":"<p>Kuststaden Santa Cruz i s\u00f6dra delarna av Silverkusten ligger vackert vid Atlanten och erbjuder flera olika fina str\u00e4nder avgr\u00e4nsade med uddar och klippor. Man kan r\u00e4kna in elva olika str\u00e4nder p\u00e5 en kuststr\u00e4cka om ca 20 km fr\u00e5n Praia Azul i s\u00f6der till Praia de Santa Rita i norr. H\u00e4r finns en sk\u00f6n blandning av [&hellip;]<\/p>\n","protected":false},"author":2,"featured_media":0,"parent":38903,"menu_order":2,"comment_status":"closed","ping_status":"closed","template":"layoutSidebar.php","meta":{"om_disable_all_campaigns":false,"_monsterinsights_skip_tracking":false,"_monsterinsights_sitenote_active":false,"_monsterinsights_sitenote_note":"","_monsterinsights_sitenote_category":0},"aioseo_notices":[],"yoast_head":"<!-- This site is optimized with the Yoast SEO plugin v19.10 - https:\/\/yoast.com\/wordpress\/plugins\/seo\/ -->\n<title>Santa Cruz - Portugal Agent<\/title>\n<meta name=\"robots\" content=\"index, follow, max-snippet:-1, max-image-preview:large, max-video-preview:-1\" \/>\n<link rel=\"canonical\" href=\"https:\/\/portugalagent.com\/sv\/destination-silverkusten\/santa-cruz\/\" \/>\n<meta property=\"og:locale\" content=\"sv_SE\" \/>\n<meta property=\"og:type\" content=\"article\" \/>\n<meta property=\"og:title\" content=\"Santa Cruz - Portugal Agent\" \/>\n<meta property=\"og:description\" content=\"Kuststaden Santa Cruz i s\u00f6dra delarna av Silverkusten ligger vackert vid Atlanten och erbjuder flera olika fina str\u00e4nder avgr\u00e4nsade med uddar och klippor. Man kan r\u00e4kna in elva olika str\u00e4nder p\u00e5 en kuststr\u00e4cka om ca 20 km fr\u00e5n Praia Azul i s\u00f6der till Praia de Santa Rita i norr. H\u00e4r finns en sk\u00f6n blandning av [&hellip;]\" \/>\n<meta property=\"og:url\" content=\"https:\/\/portugalagent.com\/sv\/destination-silverkusten\/santa-cruz\/\" \/>\n<meta property=\"og:site_name\" content=\"Portugal Agent\" \/>\n<meta property=\"article:modified_time\" content=\"2020-06-14T09:02:33+00:00\" \/>\n<meta property=\"og:image\" content=\"https:\/\/portugalagent.com\/wp-content\/uploads\/2020\/06\/Santa-Cruz-Panorama-1-1024x446.jpg?v=1592071309\" \/>\n<meta name=\"twitter:card\" content=\"summary_large_image\" \/>\n<meta name=\"twitter:label1\" content=\"Ber\u00e4knad l\u00e4stid\" \/>\n\t<meta name=\"twitter:data1\" content=\"5 minuter\" \/>\n<script type=\"application\/ld+json\" class=\"yoast-schema-graph\">{\"@context\":\"https:\/\/schema.org\",\"@graph\":[{\"@type\":\"WebPage\",\"@id\":\"https:\/\/portugalagent.com\/sv\/destination-silverkusten\/santa-cruz\/\",\"url\":\"https:\/\/portugalagent.com\/sv\/destination-silverkusten\/santa-cruz\/\",\"name\":\"Santa Cruz - Portugal Agent\",\"isPartOf\":{\"@id\":\"https:\/\/portugalagent.com\/sv\/#website\"},\"datePublished\":\"2020-06-13T18:08:56+00:00\",\"dateModified\":\"2020-06-14T09:02:33+00:00\",\"breadcrumb\":{\"@id\":\"https:\/\/portugalagent.com\/sv\/destination-silverkusten\/santa-cruz\/#breadcrumb\"},\"inLanguage\":\"sv-SE\",\"potentialAction\":[{\"@type\":\"ReadAction\",\"target\":[\"https:\/\/portugalagent.com\/sv\/destination-silverkusten\/santa-cruz\/\"]}]},{\"@type\":\"BreadcrumbList\",\"@id\":\"https:\/\/portugalagent.com\/sv\/destination-silverkusten\/santa-cruz\/#breadcrumb\",\"itemListElement\":[{\"@type\":\"ListItem\",\"position\":1,\"name\":\"Home\",\"item\":\"https:\/\/portugalagent.com\/sv\/\"},{\"@type\":\"ListItem\",\"position\":2,\"name\":\"Destination Silverkusten\",\"item\":\"https:\/\/portugalagent.com\/sv\/destination-silverkusten\/\"},{\"@type\":\"ListItem\",\"position\":3,\"name\":\"Santa Cruz\"}]},{\"@type\":\"WebSite\",\"@id\":\"https:\/\/portugalagent.com\/sv\/#website\",\"url\":\"https:\/\/portugalagent.com\/sv\/\",\"name\":\"Portugal Agent\",\"description\":\"\",\"publisher\":{\"@id\":\"https:\/\/portugalagent.com\/sv\/#organization\"},\"potentialAction\":[{\"@type\":\"SearchAction\",\"target\":{\"@type\":\"EntryPoint\",\"urlTemplate\":\"https:\/\/portugalagent.com\/sv\/?s={search_term_string}\"},\"query-input\":\"required name=search_term_string\"}],\"inLanguage\":\"sv-SE\"},{\"@type\":\"Organization\",\"@id\":\"https:\/\/portugalagent.com\/sv\/#organization\",\"name\":\"Portugal Agent\",\"url\":\"https:\/\/portugalagent.com\/sv\/\",\"logo\":{\"@type\":\"ImageObject\",\"inLanguage\":\"sv-SE\",\"@id\":\"https:\/\/portugalagent.com\/sv\/#\/schema\/logo\/image\/\",\"url\":\"https:\/\/portugalagent.com\/wp-content\/uploads\/2020\/11\/portugalagent.svg\",\"contentUrl\":\"https:\/\/portugalagent.com\/wp-content\/uploads\/2020\/11\/portugalagent.svg\",\"caption\":\"Portugal Agent\"},\"image\":{\"@id\":\"https:\/\/portugalagent.com\/sv\/#\/schema\/logo\/image\/\"}}]}<\/script>\n<!-- \/ Yoast SEO plugin. -->","yoast_head_json":{"title":"Santa Cruz - Portugal Agent","robots":{"index":"index","follow":"follow","max-snippet":"max-snippet:-1","max-image-preview":"max-image-preview:large","max-video-preview":"max-video-preview:-1"},"canonical":"https:\/\/portugalagent.com\/sv\/destination-silverkusten\/santa-cruz\/","og_locale":"sv_SE","og_type":"article","og_title":"Santa Cruz - Portugal Agent","og_description":"Kuststaden Santa Cruz i s\u00f6dra delarna av Silverkusten ligger vackert vid Atlanten och erbjuder flera olika fina str\u00e4nder avgr\u00e4nsade med uddar och klippor. Man kan r\u00e4kna in elva olika str\u00e4nder p\u00e5 en kuststr\u00e4cka om ca 20 km fr\u00e5n Praia Azul i s\u00f6der till Praia de Santa Rita i norr. H\u00e4r finns en sk\u00f6n blandning av [&hellip;]","og_url":"https:\/\/portugalagent.com\/sv\/destination-silverkusten\/santa-cruz\/","og_site_name":"Portugal Agent","article_modified_time":"2020-06-14T09:02:33+00:00","og_image":[{"url":"https:\/\/portugalagent.com\/wp-content\/uploads\/2020\/06\/Santa-Cruz-Panorama-1-1024x446.jpg?v=1592071309"}],"twitter_card":"summary_large_image","twitter_misc":{"Ber\u00e4knad l\u00e4stid":"5 minuter"},"schema":{"@context":"https:\/\/schema.org","@graph":[{"@type":"WebPage","@id":"https:\/\/portugalagent.com\/sv\/destination-silverkusten\/santa-cruz\/","url":"https:\/\/portugalagent.com\/sv\/destination-silverkusten\/santa-cruz\/","name":"Santa Cruz - Portugal Agent","isPartOf":{"@id":"https:\/\/portugalagent.com\/sv\/#website"},"datePublished":"2020-06-13T18:08:56+00:00","dateModified":"2020-06-14T09:02:33+00:00","breadcrumb":{"@id":"https:\/\/portugalagent.com\/sv\/destination-silverkusten\/santa-cruz\/#breadcrumb"},"inLanguage":"sv-SE","potentialAction":[{"@type":"ReadAction","target":["https:\/\/portugalagent.com\/sv\/destination-silverkusten\/santa-cruz\/"]}]},{"@type":"BreadcrumbList","@id":"https:\/\/portugalagent.com\/sv\/destination-silverkusten\/santa-cruz\/#breadcrumb","itemListElement":[{"@type":"ListItem","position":1,"name":"Home","item":"https:\/\/portugalagent.com\/sv\/"},{"@type":"ListItem","position":2,"name":"Destination Silverkusten","item":"https:\/\/portugalagent.com\/sv\/destination-silverkusten\/"},{"@type":"ListItem","position":3,"name":"Santa Cruz"}]},{"@type":"WebSite","@id":"https:\/\/portugalagent.com\/sv\/#website","url":"https:\/\/portugalagent.com\/sv\/","name":"Portugal Agent","description":"","publisher":{"@id":"https:\/\/portugalagent.com\/sv\/#organization"},"potentialAction":[{"@type":"SearchAction","target":{"@type":"EntryPoint","urlTemplate":"https:\/\/portugalagent.com\/sv\/?s={search_term_string}"},"query-input":"required name=search_term_string"}],"inLanguage":"sv-SE"},{"@type":"Organization","@id":"https:\/\/portugalagent.com\/sv\/#organization","name":"Portugal Agent","url":"https:\/\/portugalagent.com\/sv\/","logo":{"@type":"ImageObject","inLanguage":"sv-SE","@id":"https:\/\/portugalagent.com\/sv\/#\/schema\/logo\/image\/","url":"https:\/\/portugalagent.com\/wp-content\/uploads\/2020\/11\/portugalagent.svg","contentUrl":"https:\/\/portugalagent.com\/wp-content\/uploads\/2020\/11\/portugalagent.svg","caption":"Portugal Agent"},"image":{"@id":"https:\/\/portugalagent.com\/sv\/#\/schema\/logo\/image\/"}}]}},"_links":{"self":[{"href":"https:\/\/portugalagent.com\/sv\/wp-json\/wp\/v2\/pages\/56263"}],"collection":[{"href":"https:\/\/portugalagent.com\/sv\/wp-json\/wp\/v2\/pages"}],"about":[{"href":"https:\/\/portugalagent.com\/sv\/wp-json\/wp\/v2\/types\/page"}],"author":[{"embeddable":true,"href":"https:\/\/portugalagent.com\/sv\/wp-json\/wp\/v2\/users\/2"}],"replies":[{"embeddable":true,"href":"https:\/\/portugalagent.com\/sv\/wp-json\/wp\/v2\/comments?post=56263"}],"version-history":[{"count":5,"href":"https:\/\/portugalagent.com\/sv\/wp-json\/wp\/v2\/pages\/56263\/revisions"}],"predecessor-version":[{"id":56392,"href":"https:\/\/portugalagent.com\/sv\/wp-json\/wp\/v2\/pages\/56263\/revisions\/56392"}],"up":[{"embeddable":true,"href":"https:\/\/portugalagent.com\/sv\/wp-json\/wp\/v2\/pages\/38903"}],"wp:attachment":[{"href":"https:\/\/portugalagent.com\/sv\/wp-json\/wp\/v2\/media?parent=56263"}],"curies":[{"name":"wp","href":"https:\/\/api.w.org\/{rel}","templated":true}]}}