{"id":56058,"date":"2020-06-10T17:45:39","date_gmt":"2020-06-10T17:45:39","guid":{"rendered":"https:\/\/portugalagent.com\/?page_id=56058"},"modified":"2020-06-10T18:06:40","modified_gmt":"2020-06-10T18:06:40","slug":"praia-do-norte","status":"publish","type":"page","link":"https:\/\/portugalagent.com\/sv\/destination-silverkusten\/praia-do-norte\/","title":{"rendered":"Praia do Norte"},"content":{"rendered":"\n<p><strong>Det \u00e4r ingen \u00f6verdrift n\u00e4r vi p\u00e5st\u00e5r att Praia do Norte i Nazar\u00e9 \u00e4r en mycket k\u00e4nd strand b\u00e5de i Portugal och internationellt. F\u00f6r den surfintresserade \u00e4r Praia do Norte en av de mest omtalade och mer k\u00e4nda str\u00e4nderna i hela v\u00e4lden.<\/strong><\/p>\n\n\n\n<div class=\"is-layout-flow wp-block-group\"><div class=\"wp-block-group__inner-container\">\n<figure class=\"is-layout-flex wp-block-gallery-1 wp-block-gallery columns-3 is-cropped\"><ul class=\"blocks-gallery-grid\"><li class=\"blocks-gallery-item\"><figure><img decoding=\"async\" loading=\"lazy\" width=\"1024\" height=\"768\" src=\"https:\/\/portugalagent.com\/wp-content\/uploads\/2020\/06\/Fyren-i-Nazar\u00e9-2-1024x768.jpg?v=1591810758\" alt=\"\" data-id=\"56073\" data-link=\"https:\/\/portugalagent.com\/sv\/?attachment_id=56073\" class=\"wp-image-56073\" srcset=\"https:\/\/portugalagent.com\/wp-content\/uploads\/2020\/06\/Fyren-i-Nazar\u00e9-2-1024x768.jpg?v=1591810758 1024w, https:\/\/portugalagent.com\/wp-content\/uploads\/2020\/06\/Fyren-i-Nazar\u00e9-2-300x225.jpg?v=1591810758 300w, https:\/\/portugalagent.com\/wp-content\/uploads\/2020\/06\/Fyren-i-Nazar\u00e9-2-768x576.jpg?v=1591810758 768w, https:\/\/portugalagent.com\/wp-content\/uploads\/2020\/06\/Fyren-i-Nazar\u00e9-2-1536x1152.jpg?v=1591810758 1536w, https:\/\/portugalagent.com\/wp-content\/uploads\/2020\/06\/Fyren-i-Nazar\u00e9-2.jpg?v=1591810758 1800w\" sizes=\"(max-width: 1024px) 100vw, 1024px\" \/><\/figure><\/li><li class=\"blocks-gallery-item\"><figure><img decoding=\"async\" loading=\"lazy\" width=\"1024\" height=\"768\" src=\"https:\/\/portugalagent.com\/wp-content\/uploads\/2020\/06\/Praia-do-Norte-sedd-fr\u00e5n-trappan-norrut-1-1024x768.jpg?v=1591810767\" alt=\"\" data-id=\"56077\" data-link=\"https:\/\/portugalagent.com\/sv\/?attachment_id=56077\" class=\"wp-image-56077\" srcset=\"https:\/\/portugalagent.com\/wp-content\/uploads\/2020\/06\/Praia-do-Norte-sedd-fr\u00e5n-trappan-norrut-1-1024x768.jpg?v=1591810767 1024w, https:\/\/portugalagent.com\/wp-content\/uploads\/2020\/06\/Praia-do-Norte-sedd-fr\u00e5n-trappan-norrut-1-300x225.jpg?v=1591810767 300w, https:\/\/portugalagent.com\/wp-content\/uploads\/2020\/06\/Praia-do-Norte-sedd-fr\u00e5n-trappan-norrut-1-768x576.jpg?v=1591810767 768w, https:\/\/portugalagent.com\/wp-content\/uploads\/2020\/06\/Praia-do-Norte-sedd-fr\u00e5n-trappan-norrut-1-1536x1152.jpg?v=1591810767 1536w, https:\/\/portugalagent.com\/wp-content\/uploads\/2020\/06\/Praia-do-Norte-sedd-fr\u00e5n-trappan-norrut-1.jpg?v=1591810767 1800w\" sizes=\"(max-width: 1024px) 100vw, 1024px\" \/><\/figure><\/li><li class=\"blocks-gallery-item\"><figure><img decoding=\"async\" loading=\"lazy\" width=\"1024\" height=\"768\" src=\"https:\/\/portugalagent.com\/wp-content\/uploads\/2020\/06\/Praia-do-Norte-horses-1024x768.jpg?v=1591810782\" alt=\"\" data-id=\"56081\" data-full-url=\"https:\/\/portugalagent.com\/wp-content\/uploads\/2020\/06\/Praia-do-Norte-horses.jpg?v=1591810782\" data-link=\"https:\/\/portugalagent.com\/sv\/?attachment_id=56081\" class=\"wp-image-56081\" srcset=\"https:\/\/portugalagent.com\/wp-content\/uploads\/2020\/06\/Praia-do-Norte-horses-1024x768.jpg?v=1591810782 1024w, https:\/\/portugalagent.com\/wp-content\/uploads\/2020\/06\/Praia-do-Norte-horses-300x225.jpg?v=1591810782 300w, https:\/\/portugalagent.com\/wp-content\/uploads\/2020\/06\/Praia-do-Norte-horses-768x576.jpg?v=1591810782 768w, https:\/\/portugalagent.com\/wp-content\/uploads\/2020\/06\/Praia-do-Norte-horses.jpg?v=1591810782 1400w\" sizes=\"(max-width: 1024px) 100vw, 1024px\" \/><\/figure><\/li><\/ul><figcaption class=\"blocks-gallery-caption\">Fyrudden: Forte de S\u00e3o Miguel Arcanjo, trappan ner till Praia do Norte och stranden i norr.<br><\/figcaption><\/figure>\n<\/div><\/div>\n\n\n\n<p><\/p>\n\n\n\n<p>S\u00e5 har det inte alltid varit. De enorma v\u00e5gorna som bildas utanf\u00f6r fyrudden i den s\u00f6dra delen av stranden under vinterhalv\u00e5ret har f\u00f6rst\u00e5s funnits d\u00e4r i alla tider. L\u00e5ngt innan m\u00e4nniskor befolkade Nazar\u00e9 och mycket l\u00e5ngt innan n\u00e5gon surfare kom till Nazar\u00e9. Men n\u00e4r jakten p\u00e5 att f\u00f6rs\u00f6ka surfa s\u00e5 stora v\u00e5gor som m\u00f6jligt tog amerikanen Garret McNamara till Praia do Norte och Nazar\u00e9 f\u00f6r\u00e4ndrades allt. <\/p>\n\n\n\n<h2>V\u00e4rldens st\u00f6rsta v\u00e5g<\/h2>\n\n\n\n<p>I november 2011 satte han ett nytt v\u00e4rldsrekord d\u00e5 han surfade en v\u00e5g som var n\u00e4stan 24 m h\u00f6g. S\u00e5 stor v\u00e5g hade ingen surfat n\u00e5gonstans i v\u00e4lden innan dess. Med Garrett McNamara kom andra surfare f\u00f6r att f\u00f6rs\u00f6ka sl\u00e5 rekordet. De flesta av dem, inklusive Garrett McNamara, hade bra sponsorer och kompetenta mediateam med sig som dokumenterade allt. Filmer, intervjuer och otroliga foton lades ut p\u00e5 alla sociala medier samt p\u00e5 sponsorernas hemsidor och i deras reklamfilmer. Ganska snart hakade de stora internationelle TV-kanalerna och mediahusen p\u00e5 och n\u00e5got \u00e5r senare var Nazar\u00e9 och Pria do Norte k\u00e4nt f\u00f6r v\u00e4rldens st\u00f6rsta v\u00e5g.<\/p>\n\n\n\n<p>I dag forts\u00e4tter v\u00e5gen att fascinera. Det kommer surfare fr\u00e5n hela v\u00e4rlden till Nazar\u00e9 f\u00f6r att f\u00f6rs\u00f6ka ge sig ut i vad som inte bara \u00e4r de st\u00f6rsta v\u00e5gorna man surfar i utan ocks\u00e5 de mest kraftfulla man k\u00e4nner till. Med dem kommer turister, faktiskt fr\u00e5n hela v\u00e4rlden, f\u00f6r att sk\u00e5da v\u00e5gor. Har de tur f\u00e5r de \u00e4ven se n\u00e5gra surfare ute bland de gigantiska v\u00e5gorna.<\/p>\n\n\n\n<p>Sommartid \u00e4r det oftast mindre v\u00e5gor och en finfin strand att vistas p\u00e5 f\u00f6r picknick och solnedg\u00e5ng i havet. Det \u00e4r p\u00e5 vinterhalv\u00e5ret som v\u00e5gorna \u00e4r grymma.<\/p>\n\n\n\n<h2>Surfer Wall &#8211; Forte de S\u00e3o Miguel Arcanjo<\/h2>\n\n\n\n<p>Sedan 2016 har Nazar\u00e9 kommun satsat lite extra p\u00e5 surfturism. Bland annat har man renoverat fyrbyggnaden och installerat ett litet museum \u00f6ppet f\u00f6r allm\u00e4nheten inuti fortet som fyren st\u00e5r p\u00e5: Forte de S\u00e3o Miguel Arcanjo. D\u00e4r kan du se en hydrologisk utst\u00e4llning om djuphavsgraven Canh\u00e3o da Nazar\u00e9 som p\u00e5 djupaste punkten \u00e4r n\u00e4stan 5.000 meter. Den g\u00e5r som en kil in mot fyrudden utanf\u00f6r Nazar\u00e9. Det \u00e4r n\u00e4r dyningen fr\u00e5n havet grundar upp och m\u00f6ter str\u00f6mmen fr\u00e5n den s\u00f6derg\u00e5ende str\u00f6mmen som pressas mot klippan som det ibland uppst\u00e5r gigantiska v\u00e5gor.<\/p>\n\n\n\n<p>H\u00e4r finns ocks\u00e5 en \u201dSurfer Wall\u201d med utst\u00e4llning av surfbr\u00e4dor och ber\u00e4ttelser om surfare som gjort avtryck p\u00e5 v\u00e5gorna utanf\u00f6r Nazar\u00e9. Dessutom en installation med filmer och bilder fr\u00e5n de riktigt stora dagarna med surfare fr\u00e5n hela v\u00e4lden p\u00e5 plats i lilla Nazar\u00e9 p\u00e5 <a href=\"https:\/\/portugalagent.com\/sv\/destination-silverkusten\/silverkusten\/\">Silverkusten<\/a> i Portugal.<\/p>\n\n\n\n<h2>Tv\u00e5 saker bidrar ytterligare till att marknadsf\u00f6ra v\u00e5gen, Praia do Norte och Nazar\u00e9<\/h2>\n\n\n\n<p><strong>Den perfekta l\u00e4ktaren<\/strong><br>Fyrklippan str\u00e4cker sig som en smal, h\u00f6g, liten halv\u00f6 i v\u00e4ster ut i Atlanten. Stranden, Praia do Norte, har sin s\u00f6dra begr\u00e4nsning mot klippan och de st\u00f6rsta v\u00e5gorna bildas d\u00e4r den sydliga str\u00f6mmen trycks mot klippan och pressas ut p\u00e5 havet d\u00e4r den m\u00f6ter den gigantiska dyningen. S\u00e5 bildas de stora v\u00e5gorna och som en extra bonus kan publiken st\u00e5 p\u00e5 klippan, ute i havet samt p\u00e5 fyrbyggnadens tak och se spektaklet uppifr\u00e5n!<\/p>\n\n\n\n<p><strong>Sociala medier<\/strong><br>Alla som kommer ut p\u00e5 klippan blir fascinerade av havet, v\u00e5gorna och den stora och ofta helt \u00f6de stranden i norr. Med smartphones, bra digitala kameror och dr\u00f6nare sprids filmer och bilder av v\u00e5gen dagligen \u00f6ver hela v\u00e4rlden.<\/p>\n\n\n\n<p><strong>L\u00e4nkar till mer om v\u00e5gorna i Nazar\u00e9 samt Praia do Norte<\/strong><\/p>\n\n\n\n<p>Fyrudden: <a href=\"https:\/\/praiadonorte.com.pt\/sobre\/forte-s-miguel-arcanjo\/\">Forte de S\u00e3o Miguel Arcanjo<\/a><\/p>\n\n\n\n<p>Visit Portugal: <a href=\"https:\/\/www.visitportugal.com\/en\/content\/praia-do-norte-nazare\">Praia do Norte &#8211; Nazar\u00e9<\/a><\/p>\n\n\n\n<p><a href=\"https:\/\/www.worldsurfleague.com\/events\/2019\/mbwt\/3129\/nazare-tow-surfing-challenge\">Nazar\u00e9 tow surfing challenge<\/a><\/p>\n","protected":false},"excerpt":{"rendered":"<p>Det \u00e4r ingen \u00f6verdrift n\u00e4r vi p\u00e5st\u00e5r att Praia do Norte i Nazar\u00e9 \u00e4r en mycket k\u00e4nd strand b\u00e5de i Portugal och internationellt. F\u00f6r den surfintresserade \u00e4r Praia do Norte en av de mest omtalade och mer k\u00e4nda str\u00e4nderna i hela v\u00e4lden. S\u00e5 har det inte alltid varit. De enorma v\u00e5gorna som bildas utanf\u00f6r fyrudden [&hellip;]<\/p>\n","protected":false},"author":2,"featured_media":56069,"parent":38903,"menu_order":2,"comment_status":"closed","ping_status":"closed","template":"layoutSidebar.php","meta":{"om_disable_all_campaigns":false,"_monsterinsights_skip_tracking":false,"_monsterinsights_sitenote_active":false,"_monsterinsights_sitenote_note":"","_monsterinsights_sitenote_category":0},"aioseo_notices":[],"yoast_head":"<!-- This site is optimized with the Yoast SEO plugin v19.10 - https:\/\/yoast.com\/wordpress\/plugins\/seo\/ -->\n<title>Praia do Norte - Portugal Agent Nazar\u00e9 Praia do Norte<\/title>\n<meta name=\"description\" content=\"Praia do Norte i Nazar\u00e9 en av de mest omtalade och mer k\u00e4nda str\u00e4nderna i hela v\u00e4lden. V\u00e4rldens st\u00f6rsta v\u00e5g som n\u00e5gonsin surfats.\" \/>\n<meta name=\"robots\" content=\"index, follow, max-snippet:-1, max-image-preview:large, max-video-preview:-1\" \/>\n<link rel=\"canonical\" href=\"https:\/\/portugalagent.com\/sv\/destination-silverkusten\/praia-do-norte\/\" \/>\n<meta property=\"og:locale\" content=\"sv_SE\" \/>\n<meta property=\"og:type\" content=\"article\" \/>\n<meta property=\"og:title\" content=\"Praia do Norte - Portugal Agent Nazar\u00e9 Praia do Norte\" \/>\n<meta property=\"og:description\" content=\"Praia do Norte i Nazar\u00e9 en av de mest omtalade och mer k\u00e4nda str\u00e4nderna i hela v\u00e4lden. V\u00e4rldens st\u00f6rsta v\u00e5g som n\u00e5gonsin surfats.\" \/>\n<meta property=\"og:url\" content=\"https:\/\/portugalagent.com\/sv\/destination-silverkusten\/praia-do-norte\/\" \/>\n<meta property=\"og:site_name\" content=\"Portugal Agent\" \/>\n<meta property=\"article:modified_time\" content=\"2020-06-10T18:06:40+00:00\" \/>\n<meta property=\"og:image\" content=\"https:\/\/portugalagent.com\/wp-content\/uploads\/2020\/06\/Praia-do-Norte-sedd-fr\u00e5n-trappan-norrut.jpg?v=1591810522\" \/>\n\t<meta property=\"og:image:width\" content=\"1800\" \/>\n\t<meta property=\"og:image:height\" content=\"1350\" \/>\n\t<meta property=\"og:image:type\" content=\"image\/jpeg\" \/>\n<meta name=\"twitter:card\" content=\"summary_large_image\" \/>\n<meta name=\"twitter:label1\" content=\"Ber\u00e4knad l\u00e4stid\" \/>\n\t<meta name=\"twitter:data1\" content=\"4 minuter\" \/>\n<script type=\"application\/ld+json\" class=\"yoast-schema-graph\">{\"@context\":\"https:\/\/schema.org\",\"@graph\":[{\"@type\":\"WebPage\",\"@id\":\"https:\/\/portugalagent.com\/sv\/destination-silverkusten\/praia-do-norte\/\",\"url\":\"https:\/\/portugalagent.com\/sv\/destination-silverkusten\/praia-do-norte\/\",\"name\":\"Praia do Norte - Portugal Agent Nazar\u00e9 Praia do Norte\",\"isPartOf\":{\"@id\":\"https:\/\/portugalagent.com\/sv\/#website\"},\"datePublished\":\"2020-06-10T17:45:39+00:00\",\"dateModified\":\"2020-06-10T18:06:40+00:00\",\"description\":\"Praia do Norte i Nazar\u00e9 en av de mest omtalade och mer k\u00e4nda str\u00e4nderna i hela v\u00e4lden. V\u00e4rldens st\u00f6rsta v\u00e5g som n\u00e5gonsin surfats.\",\"breadcrumb\":{\"@id\":\"https:\/\/portugalagent.com\/sv\/destination-silverkusten\/praia-do-norte\/#breadcrumb\"},\"inLanguage\":\"sv-SE\",\"potentialAction\":[{\"@type\":\"ReadAction\",\"target\":[\"https:\/\/portugalagent.com\/sv\/destination-silverkusten\/praia-do-norte\/\"]}]},{\"@type\":\"BreadcrumbList\",\"@id\":\"https:\/\/portugalagent.com\/sv\/destination-silverkusten\/praia-do-norte\/#breadcrumb\",\"itemListElement\":[{\"@type\":\"ListItem\",\"position\":1,\"name\":\"Home\",\"item\":\"https:\/\/portugalagent.com\/sv\/\"},{\"@type\":\"ListItem\",\"position\":2,\"name\":\"Destination Silverkusten\",\"item\":\"https:\/\/portugalagent.com\/sv\/destination-silverkusten\/\"},{\"@type\":\"ListItem\",\"position\":3,\"name\":\"Praia do Norte\"}]},{\"@type\":\"WebSite\",\"@id\":\"https:\/\/portugalagent.com\/sv\/#website\",\"url\":\"https:\/\/portugalagent.com\/sv\/\",\"name\":\"Portugal Agent\",\"description\":\"\",\"publisher\":{\"@id\":\"https:\/\/portugalagent.com\/sv\/#organization\"},\"potentialAction\":[{\"@type\":\"SearchAction\",\"target\":{\"@type\":\"EntryPoint\",\"urlTemplate\":\"https:\/\/portugalagent.com\/sv\/?s={search_term_string}\"},\"query-input\":\"required name=search_term_string\"}],\"inLanguage\":\"sv-SE\"},{\"@type\":\"Organization\",\"@id\":\"https:\/\/portugalagent.com\/sv\/#organization\",\"name\":\"Portugal Agent\",\"url\":\"https:\/\/portugalagent.com\/sv\/\",\"logo\":{\"@type\":\"ImageObject\",\"inLanguage\":\"sv-SE\",\"@id\":\"https:\/\/portugalagent.com\/sv\/#\/schema\/logo\/image\/\",\"url\":\"https:\/\/portugalagent.com\/wp-content\/uploads\/2020\/11\/portugalagent.svg\",\"contentUrl\":\"https:\/\/portugalagent.com\/wp-content\/uploads\/2020\/11\/portugalagent.svg\",\"caption\":\"Portugal Agent\"},\"image\":{\"@id\":\"https:\/\/portugalagent.com\/sv\/#\/schema\/logo\/image\/\"}}]}<\/script>\n<!-- \/ Yoast SEO plugin. -->","yoast_head_json":{"title":"Praia do Norte - Portugal Agent Nazar\u00e9 Praia do Norte","description":"Praia do Norte i Nazar\u00e9 en av de mest omtalade och mer k\u00e4nda str\u00e4nderna i hela v\u00e4lden. V\u00e4rldens st\u00f6rsta v\u00e5g som n\u00e5gonsin surfats.","robots":{"index":"index","follow":"follow","max-snippet":"max-snippet:-1","max-image-preview":"max-image-preview:large","max-video-preview":"max-video-preview:-1"},"canonical":"https:\/\/portugalagent.com\/sv\/destination-silverkusten\/praia-do-norte\/","og_locale":"sv_SE","og_type":"article","og_title":"Praia do Norte - Portugal Agent Nazar\u00e9 Praia do Norte","og_description":"Praia do Norte i Nazar\u00e9 en av de mest omtalade och mer k\u00e4nda str\u00e4nderna i hela v\u00e4lden. V\u00e4rldens st\u00f6rsta v\u00e5g som n\u00e5gonsin surfats.","og_url":"https:\/\/portugalagent.com\/sv\/destination-silverkusten\/praia-do-norte\/","og_site_name":"Portugal Agent","article_modified_time":"2020-06-10T18:06:40+00:00","og_image":[{"width":1800,"height":1350,"url":"https:\/\/portugalagent.com\/wp-content\/uploads\/2020\/06\/Praia-do-Norte-sedd-fr\u00e5n-trappan-norrut.jpg?v=1591810522","type":"image\/jpeg"}],"twitter_card":"summary_large_image","twitter_misc":{"Ber\u00e4knad l\u00e4stid":"4 minuter"},"schema":{"@context":"https:\/\/schema.org","@graph":[{"@type":"WebPage","@id":"https:\/\/portugalagent.com\/sv\/destination-silverkusten\/praia-do-norte\/","url":"https:\/\/portugalagent.com\/sv\/destination-silverkusten\/praia-do-norte\/","name":"Praia do Norte - Portugal Agent Nazar\u00e9 Praia do Norte","isPartOf":{"@id":"https:\/\/portugalagent.com\/sv\/#website"},"datePublished":"2020-06-10T17:45:39+00:00","dateModified":"2020-06-10T18:06:40+00:00","description":"Praia do Norte i Nazar\u00e9 en av de mest omtalade och mer k\u00e4nda str\u00e4nderna i hela v\u00e4lden. V\u00e4rldens st\u00f6rsta v\u00e5g som n\u00e5gonsin surfats.","breadcrumb":{"@id":"https:\/\/portugalagent.com\/sv\/destination-silverkusten\/praia-do-norte\/#breadcrumb"},"inLanguage":"sv-SE","potentialAction":[{"@type":"ReadAction","target":["https:\/\/portugalagent.com\/sv\/destination-silverkusten\/praia-do-norte\/"]}]},{"@type":"BreadcrumbList","@id":"https:\/\/portugalagent.com\/sv\/destination-silverkusten\/praia-do-norte\/#breadcrumb","itemListElement":[{"@type":"ListItem","position":1,"name":"Home","item":"https:\/\/portugalagent.com\/sv\/"},{"@type":"ListItem","position":2,"name":"Destination Silverkusten","item":"https:\/\/portugalagent.com\/sv\/destination-silverkusten\/"},{"@type":"ListItem","position":3,"name":"Praia do Norte"}]},{"@type":"WebSite","@id":"https:\/\/portugalagent.com\/sv\/#website","url":"https:\/\/portugalagent.com\/sv\/","name":"Portugal Agent","description":"","publisher":{"@id":"https:\/\/portugalagent.com\/sv\/#organization"},"potentialAction":[{"@type":"SearchAction","target":{"@type":"EntryPoint","urlTemplate":"https:\/\/portugalagent.com\/sv\/?s={search_term_string}"},"query-input":"required name=search_term_string"}],"inLanguage":"sv-SE"},{"@type":"Organization","@id":"https:\/\/portugalagent.com\/sv\/#organization","name":"Portugal Agent","url":"https:\/\/portugalagent.com\/sv\/","logo":{"@type":"ImageObject","inLanguage":"sv-SE","@id":"https:\/\/portugalagent.com\/sv\/#\/schema\/logo\/image\/","url":"https:\/\/portugalagent.com\/wp-content\/uploads\/2020\/11\/portugalagent.svg","contentUrl":"https:\/\/portugalagent.com\/wp-content\/uploads\/2020\/11\/portugalagent.svg","caption":"Portugal Agent"},"image":{"@id":"https:\/\/portugalagent.com\/sv\/#\/schema\/logo\/image\/"}}]}},"_links":{"self":[{"href":"https:\/\/portugalagent.com\/sv\/wp-json\/wp\/v2\/pages\/56058"}],"collection":[{"href":"https:\/\/portugalagent.com\/sv\/wp-json\/wp\/v2\/pages"}],"about":[{"href":"https:\/\/portugalagent.com\/sv\/wp-json\/wp\/v2\/types\/page"}],"author":[{"embeddable":true,"href":"https:\/\/portugalagent.com\/sv\/wp-json\/wp\/v2\/users\/2"}],"replies":[{"embeddable":true,"href":"https:\/\/portugalagent.com\/sv\/wp-json\/wp\/v2\/comments?post=56058"}],"version-history":[{"count":14,"href":"https:\/\/portugalagent.com\/sv\/wp-json\/wp\/v2\/pages\/56058\/revisions"}],"predecessor-version":[{"id":56140,"href":"https:\/\/portugalagent.com\/sv\/wp-json\/wp\/v2\/pages\/56058\/revisions\/56140"}],"up":[{"embeddable":true,"href":"https:\/\/portugalagent.com\/sv\/wp-json\/wp\/v2\/pages\/38903"}],"wp:featuredmedia":[{"embeddable":true,"href":"https:\/\/portugalagent.com\/sv\/wp-json\/wp\/v2\/media\/56069"}],"wp:attachment":[{"href":"https:\/\/portugalagent.com\/sv\/wp-json\/wp\/v2\/media?parent=56058"}],"curies":[{"name":"wp","href":"https:\/\/api.w.org\/{rel}","templated":true}]}}