{"id":42938,"date":"2020-02-25T16:34:42","date_gmt":"2020-02-25T16:34:42","guid":{"rendered":"https:\/\/portugalagent.com\/?page_id=42938"},"modified":"2022-09-28T17:56:28","modified_gmt":"2022-09-28T17:56:28","slug":"skatteseminarier","status":"publish","type":"page","link":"https:\/\/portugalagent.com\/sv\/vara-tjanster\/skatteseminarier\/","title":{"rendered":"Skatteseminarium Portugal"},"content":{"rendered":"\n<p>Pensions- och skatteseminarium &#8211; tema Portugal<\/p>\n\n\n\n<p>Portugalagent \u00e4r medarrang\u00f6r till flera olika skatteseminarier \u00e5rligen med fokus p\u00e5 Portugal, NHR-reglerna, pension i Portugal, f\u00f6retags exit och flytt till Portugal. Detta b\u00e5de i Sverige och i Portugal.<\/p>\n\n\n\n<p>I Sverige samarbetar vi just nu med <a href=\"https:\/\/www.globaltax.se\/\">Global Tax Sweden<\/a> vad g\u00e4ller skattedelen och utflyttning fr\u00e5n Sverige. <\/p>\n\n\n\n<p>Tag chansen att bli uppdaterad med det senaste g\u00e4llande flytt, f\u00f6retagsexit eller k\u00f6p av bostad i Portugal. Vi har \u00e4ven bra kontakt med en lokal skatter\u00e5dgivare samt advokat h\u00e4r i Portugal. De kan hj\u00e4lpa till med fr\u00e5gor som r\u00f6r skatt, redovisning och juridik i Portugal. <\/p>\n\n\n\n<h3><strong>Portugalseminarier 2022<\/strong><\/h3>\n\n\n\n<p>Portugal \u00e4r m\u00f6jligheternas land; L\u00e4tt att tycka om, mycket l\u00e5g prisniv\u00e5, f\u00f6rh\u00e5llandevis varmt p\u00e5 vintern samtidigt som det inte \u00e4r tokvarmt p\u00e5 sommaren. Dessutom med en fungerande infrastruktur, l\u00e5g kriminalitet, bra sjukv\u00e5rd och trevlig inst\u00e4llning till utl\u00e4nningar.<\/p>\n\n\n\n<h3><strong>Starta f\u00f6retag i Portugal<\/strong><\/h3>\n\n\n\n<p>Flera svenskar startar ocks\u00e5 f\u00f6retag i Portugal. N\u00e5gra driver dem fr\u00e5n Sverige andra flyttar ner med hela familjen och ser klara f\u00f6rdelar som f\u00f6retagare och entrepren\u00f6rer i Portugal j\u00e4mf\u00f6rt med Sverige. <br>Portugalagents konsultservice kring att starta f\u00f6retag i Portugal finner du mer om h\u00e4r: <a href=\"https:\/\/portugalagent.com\/sv\/starta-foretag-i-portugal-fran-sverige\/\">Starta f\u00f6retag i Portugal.<\/a><\/p>\n\n\n\n<h3><strong>Fortsatta f\u00f6rdelar i Portugal<\/strong><\/h3>\n\n\n\n<p>Fr\u00e5n och med januari 2022 inf\u00f6rdes nya regler (samma regler som f\u00f6r t.ex. Spanien) vad g\u00e4ller skatt p\u00e5 pension; sk SINK-skatt om 25%. Men det finns fortfarande skattef\u00f6rdelar vad g\u00e4ller arvsskatt, f\u00f6rm\u00f6genhetsskatt och i vissa fall f\u00f6retagsexit. Som f\u00f6retagare finns m\u00e5nga f\u00f6rdelar d\u00e4r redovisningsprinciper skiljer sig j\u00e4mf\u00f6rt med Sverige &#8211; till f\u00f6retagarens f\u00f6rdel.<\/p>\n\n\n\n<p>Tag chansen att bli uppdaterad med det senaste g\u00e4llande flytt, f\u00f6retagsexit, f\u00f6retagsamhet i Portugal eller k\u00f6p av fritidsbostad. Tillsammans med Stefan Thomsson p\u00e5 <a href=\"https:\/\/www.globaltax.se\/\">Global Tax Sweden<\/a> arrangerar vi ett kostnadsfritt seminarium med Portugal i fokus.<\/p>\n\n\n\n<p>Under seminariet bjuder vi p\u00e5 enklare mat och dryck, samt lite vin och \u00f6l f\u00f6r den som vill.<br>Detta tar totalt ca tv\u00e5 timmar. Efter\u00e5t finns tid f\u00f6r fr\u00e5gor. Stanna g\u00e4rna kvar och tag chansen att st\u00e4lla dina fr\u00e5gor i en informell och liten grupp. Seminariet \u00e4r kostnadsfritt.<\/p>\n\n\n\n<h2><strong>Skatteseminarium om Portugal i Stockholm 24 oktober<\/strong><\/h2>\n\n\n\n<p><strong>N\u00e4r:<\/strong> M\u00e5ndag 24 oktober, 2022 Tid: 17.30 \u2013 19.30 ca. <br>Kom g\u00e4rna i god tid. Seminariet b\u00f6rjar p\u00e5 utsatt tid och vi sl\u00e4pper in 15 min innan. Efter\u00e5t finns tid f\u00f6r enskilda fr\u00e5gor med respektive seminarieh\u00e5llare.<br><strong>Var:<\/strong>\u00a0Kungsgatan i centrala Stockholm. Adress erh\u00e5lles via mejl n\u00e4r du anm\u00e4lt dig.<\/p>\n\n\n\n<h3><strong>Anm\u00e4lan till Portugalseminarium<\/strong><\/h3>\n\n\n\n<p>Skicka ett mejl till:<br><strong>Kari Fors\u00e9n<\/strong>,&nbsp;<a href=\"mailto:kari@portugalagent.com\">kari@portugalagent.com<\/a> eller ring +46-70-910 95 60.<br>Vi beh\u00f6ver fullst\u00e4ndigt namn p\u00e5 samtliga delatagare, telefonnummer och en fungerande mejladress.<\/p>\n\n\n\n<p>Viktigt att vi f\u00e5r in din anm\u00e4lan <strong>senast<\/strong> <strong>fredag 21 oktober kl.<\/strong> <strong>16.00<\/strong><\/p>\n\n\n\n<p><strong>Seminarierna \u00e4r helt utan avgift \u2013 Varmt V\u00e4lkommen!<\/strong><\/p>\n\n\n\n<p><strong>Notera:<\/strong>&nbsp; Endast anm\u00e4lningar via mejl och vi beh\u00f6ver namn, telefonnummer och mejladress till samtliga som deltar i n\u00e5got av seminarierna. Genom att anm\u00e4la dig godk\u00e4nner du att l\u00e4mnade kontaktuppgifter delas med Global Tax Sweden samt Portugalagent.  <\/p>\n","protected":false},"excerpt":{"rendered":"<p>Pensions- och skatteseminarium &#8211; tema Portugal Portugalagent \u00e4r medarrang\u00f6r till flera olika skatteseminarier \u00e5rligen med fokus p\u00e5 Portugal, NHR-reglerna, pension i Portugal, f\u00f6retags exit och flytt till Portugal. Detta b\u00e5de i Sverige och i Portugal. I Sverige samarbetar vi just nu med Global Tax Sweden vad g\u00e4ller skattedelen och utflyttning fr\u00e5n Sverige. Tag chansen att [&hellip;]<\/p>\n","protected":false},"author":2,"featured_media":42940,"parent":38939,"menu_order":3,"comment_status":"closed","ping_status":"closed","template":"layoutSidebar.php","meta":{"om_disable_all_campaigns":false,"_monsterinsights_skip_tracking":false,"_monsterinsights_sitenote_active":false,"_monsterinsights_sitenote_note":"","_monsterinsights_sitenote_category":0},"aioseo_notices":[],"yoast_head":"<!-- This site is optimized with the Yoast SEO plugin v19.10 - https:\/\/yoast.com\/wordpress\/plugins\/seo\/ -->\n<title>Skatteseminarium Portugal - Portugal Agent<\/title>\n<meta name=\"robots\" content=\"index, follow, max-snippet:-1, max-image-preview:large, max-video-preview:-1\" \/>\n<link rel=\"canonical\" href=\"https:\/\/portugalagent.com\/sv\/vara-tjanster\/skatteseminarier\/\" \/>\n<meta property=\"og:locale\" content=\"sv_SE\" \/>\n<meta property=\"og:type\" content=\"article\" \/>\n<meta property=\"og:title\" content=\"Skatteseminarium Portugal - Portugal Agent\" \/>\n<meta property=\"og:description\" content=\"Pensions- och skatteseminarium &#8211; tema Portugal Portugalagent \u00e4r medarrang\u00f6r till flera olika skatteseminarier \u00e5rligen med fokus p\u00e5 Portugal, NHR-reglerna, pension i Portugal, f\u00f6retags exit och flytt till Portugal. Detta b\u00e5de i Sverige och i Portugal. I Sverige samarbetar vi just nu med Global Tax Sweden vad g\u00e4ller skattedelen och utflyttning fr\u00e5n Sverige. Tag chansen att [&hellip;]\" \/>\n<meta property=\"og:url\" content=\"https:\/\/portugalagent.com\/sv\/vara-tjanster\/skatteseminarier\/\" \/>\n<meta property=\"og:site_name\" content=\"Portugal Agent\" \/>\n<meta property=\"article:modified_time\" content=\"2022-09-28T17:56:28+00:00\" \/>\n<meta property=\"og:image\" content=\"https:\/\/portugalagent.com\/wp-content\/uploads\/2020\/02\/IMG_7532NET.jpg?v=1582648341\" \/>\n\t<meta property=\"og:image:width\" content=\"1800\" \/>\n\t<meta property=\"og:image:height\" content=\"1350\" \/>\n\t<meta property=\"og:image:type\" content=\"image\/jpeg\" \/>\n<meta name=\"twitter:card\" content=\"summary_large_image\" \/>\n<meta name=\"twitter:label1\" content=\"Ber\u00e4knad l\u00e4stid\" \/>\n\t<meta name=\"twitter:data1\" content=\"3 minuter\" \/>\n<script type=\"application\/ld+json\" class=\"yoast-schema-graph\">{\"@context\":\"https:\/\/schema.org\",\"@graph\":[{\"@type\":\"WebPage\",\"@id\":\"https:\/\/portugalagent.com\/sv\/vara-tjanster\/skatteseminarier\/\",\"url\":\"https:\/\/portugalagent.com\/sv\/vara-tjanster\/skatteseminarier\/\",\"name\":\"Skatteseminarium Portugal - Portugal Agent\",\"isPartOf\":{\"@id\":\"https:\/\/portugalagent.com\/sv\/#website\"},\"datePublished\":\"2020-02-25T16:34:42+00:00\",\"dateModified\":\"2022-09-28T17:56:28+00:00\",\"breadcrumb\":{\"@id\":\"https:\/\/portugalagent.com\/sv\/vara-tjanster\/skatteseminarier\/#breadcrumb\"},\"inLanguage\":\"sv-SE\",\"potentialAction\":[{\"@type\":\"ReadAction\",\"target\":[\"https:\/\/portugalagent.com\/sv\/vara-tjanster\/skatteseminarier\/\"]}]},{\"@type\":\"BreadcrumbList\",\"@id\":\"https:\/\/portugalagent.com\/sv\/vara-tjanster\/skatteseminarier\/#breadcrumb\",\"itemListElement\":[{\"@type\":\"ListItem\",\"position\":1,\"name\":\"Home\",\"item\":\"https:\/\/portugalagent.com\/sv\/\"},{\"@type\":\"ListItem\",\"position\":2,\"name\":\"V\u00e5ra tj\u00e4nster\",\"item\":\"https:\/\/portugalagent.com\/sv\/vara-tjanster\/\"},{\"@type\":\"ListItem\",\"position\":3,\"name\":\"Skatteseminarium Portugal\"}]},{\"@type\":\"WebSite\",\"@id\":\"https:\/\/portugalagent.com\/sv\/#website\",\"url\":\"https:\/\/portugalagent.com\/sv\/\",\"name\":\"Portugal Agent\",\"description\":\"\",\"publisher\":{\"@id\":\"https:\/\/portugalagent.com\/sv\/#organization\"},\"potentialAction\":[{\"@type\":\"SearchAction\",\"target\":{\"@type\":\"EntryPoint\",\"urlTemplate\":\"https:\/\/portugalagent.com\/sv\/?s={search_term_string}\"},\"query-input\":\"required name=search_term_string\"}],\"inLanguage\":\"sv-SE\"},{\"@type\":\"Organization\",\"@id\":\"https:\/\/portugalagent.com\/sv\/#organization\",\"name\":\"Portugal Agent\",\"url\":\"https:\/\/portugalagent.com\/sv\/\",\"logo\":{\"@type\":\"ImageObject\",\"inLanguage\":\"sv-SE\",\"@id\":\"https:\/\/portugalagent.com\/sv\/#\/schema\/logo\/image\/\",\"url\":\"https:\/\/portugalagent.com\/wp-content\/uploads\/2020\/11\/portugalagent.svg\",\"contentUrl\":\"https:\/\/portugalagent.com\/wp-content\/uploads\/2020\/11\/portugalagent.svg\",\"caption\":\"Portugal Agent\"},\"image\":{\"@id\":\"https:\/\/portugalagent.com\/sv\/#\/schema\/logo\/image\/\"}}]}<\/script>\n<!-- \/ Yoast SEO plugin. -->","yoast_head_json":{"title":"Skatteseminarium Portugal - Portugal Agent","robots":{"index":"index","follow":"follow","max-snippet":"max-snippet:-1","max-image-preview":"max-image-preview:large","max-video-preview":"max-video-preview:-1"},"canonical":"https:\/\/portugalagent.com\/sv\/vara-tjanster\/skatteseminarier\/","og_locale":"sv_SE","og_type":"article","og_title":"Skatteseminarium Portugal - Portugal Agent","og_description":"Pensions- och skatteseminarium &#8211; tema Portugal Portugalagent \u00e4r medarrang\u00f6r till flera olika skatteseminarier \u00e5rligen med fokus p\u00e5 Portugal, NHR-reglerna, pension i Portugal, f\u00f6retags exit och flytt till Portugal. Detta b\u00e5de i Sverige och i Portugal. I Sverige samarbetar vi just nu med Global Tax Sweden vad g\u00e4ller skattedelen och utflyttning fr\u00e5n Sverige. Tag chansen att [&hellip;]","og_url":"https:\/\/portugalagent.com\/sv\/vara-tjanster\/skatteseminarier\/","og_site_name":"Portugal Agent","article_modified_time":"2022-09-28T17:56:28+00:00","og_image":[{"width":1800,"height":1350,"url":"https:\/\/portugalagent.com\/wp-content\/uploads\/2020\/02\/IMG_7532NET.jpg?v=1582648341","type":"image\/jpeg"}],"twitter_card":"summary_large_image","twitter_misc":{"Ber\u00e4knad l\u00e4stid":"3 minuter"},"schema":{"@context":"https:\/\/schema.org","@graph":[{"@type":"WebPage","@id":"https:\/\/portugalagent.com\/sv\/vara-tjanster\/skatteseminarier\/","url":"https:\/\/portugalagent.com\/sv\/vara-tjanster\/skatteseminarier\/","name":"Skatteseminarium Portugal - Portugal Agent","isPartOf":{"@id":"https:\/\/portugalagent.com\/sv\/#website"},"datePublished":"2020-02-25T16:34:42+00:00","dateModified":"2022-09-28T17:56:28+00:00","breadcrumb":{"@id":"https:\/\/portugalagent.com\/sv\/vara-tjanster\/skatteseminarier\/#breadcrumb"},"inLanguage":"sv-SE","potentialAction":[{"@type":"ReadAction","target":["https:\/\/portugalagent.com\/sv\/vara-tjanster\/skatteseminarier\/"]}]},{"@type":"BreadcrumbList","@id":"https:\/\/portugalagent.com\/sv\/vara-tjanster\/skatteseminarier\/#breadcrumb","itemListElement":[{"@type":"ListItem","position":1,"name":"Home","item":"https:\/\/portugalagent.com\/sv\/"},{"@type":"ListItem","position":2,"name":"V\u00e5ra tj\u00e4nster","item":"https:\/\/portugalagent.com\/sv\/vara-tjanster\/"},{"@type":"ListItem","position":3,"name":"Skatteseminarium Portugal"}]},{"@type":"WebSite","@id":"https:\/\/portugalagent.com\/sv\/#website","url":"https:\/\/portugalagent.com\/sv\/","name":"Portugal Agent","description":"","publisher":{"@id":"https:\/\/portugalagent.com\/sv\/#organization"},"potentialAction":[{"@type":"SearchAction","target":{"@type":"EntryPoint","urlTemplate":"https:\/\/portugalagent.com\/sv\/?s={search_term_string}"},"query-input":"required name=search_term_string"}],"inLanguage":"sv-SE"},{"@type":"Organization","@id":"https:\/\/portugalagent.com\/sv\/#organization","name":"Portugal Agent","url":"https:\/\/portugalagent.com\/sv\/","logo":{"@type":"ImageObject","inLanguage":"sv-SE","@id":"https:\/\/portugalagent.com\/sv\/#\/schema\/logo\/image\/","url":"https:\/\/portugalagent.com\/wp-content\/uploads\/2020\/11\/portugalagent.svg","contentUrl":"https:\/\/portugalagent.com\/wp-content\/uploads\/2020\/11\/portugalagent.svg","caption":"Portugal Agent"},"image":{"@id":"https:\/\/portugalagent.com\/sv\/#\/schema\/logo\/image\/"}}]}},"_links":{"self":[{"href":"https:\/\/portugalagent.com\/sv\/wp-json\/wp\/v2\/pages\/42938"}],"collection":[{"href":"https:\/\/portugalagent.com\/sv\/wp-json\/wp\/v2\/pages"}],"about":[{"href":"https:\/\/portugalagent.com\/sv\/wp-json\/wp\/v2\/types\/page"}],"author":[{"embeddable":true,"href":"https:\/\/portugalagent.com\/sv\/wp-json\/wp\/v2\/users\/2"}],"replies":[{"embeddable":true,"href":"https:\/\/portugalagent.com\/sv\/wp-json\/wp\/v2\/comments?post=42938"}],"version-history":[{"count":43,"href":"https:\/\/portugalagent.com\/sv\/wp-json\/wp\/v2\/pages\/42938\/revisions"}],"predecessor-version":[{"id":64960,"href":"https:\/\/portugalagent.com\/sv\/wp-json\/wp\/v2\/pages\/42938\/revisions\/64960"}],"up":[{"embeddable":true,"href":"https:\/\/portugalagent.com\/sv\/wp-json\/wp\/v2\/pages\/38939"}],"wp:featuredmedia":[{"embeddable":true,"href":"https:\/\/portugalagent.com\/sv\/wp-json\/wp\/v2\/media\/42940"}],"wp:attachment":[{"href":"https:\/\/portugalagent.com\/sv\/wp-json\/wp\/v2\/media?parent=42938"}],"curies":[{"name":"wp","href":"https:\/\/api.w.org\/{rel}","templated":true}]}}