{"id":42674,"date":"2020-02-10T15:31:07","date_gmt":"2020-02-10T15:31:07","guid":{"rendered":"https:\/\/www.go4digital-web.pt\/dev\/portugalagent\/?page_id=42674"},"modified":"2020-02-12T16:44:35","modified_gmt":"2020-02-12T16:44:35","slug":"bra-investering","status":"publish","type":"page","link":"https:\/\/portugalagent.com\/sv\/destination-silverkusten\/bra-investering\/","title":{"rendered":"Bra Investering"},"content":{"rendered":"\n<p>Att k\u00f6pa boende i Nazar\u00e9 och p\u00e5 Silverkusten ger synnerligen \u201dmycket hus f\u00f6r pengarna\u201d j\u00e4mf\u00f6rt med Algarve och Cascaisomr\u00e5det men ocks\u00e5 j\u00e4mf\u00f6rt med m\u00e5nga andra l\u00e4nder. Framf\u00f6rallt om du vill ha havsutsikt. Och givetvis g\u00e4ller samma stora skattef\u00f6rdelar som f\u00f6r \u00f6vrig utflyttning till Portugal. F\u00f6rdel Nazar\u00e9:<\/p>\n\n\n\n<ul><li>L\u00e4gre kvadratmeterpris j\u00e4mf\u00f6rt med Algarve och Cascais-Estoril<\/li><li>L\u00e4tt hitta boende med havsutsikt och solnedg\u00e5ng i havet till \u00f6verkomliga priser<\/li><li>Bra utbud och mycket h\u00f6g byggkvalitet vid nyproduktion<\/li><li>L\u00e5ga instegspriser ger en m\u00f6jlig v\u00e4rde\u00f6kning i framtiden<\/li><li>B\u00e5de befintligt boende och nyproduktion<\/li><li>Alltmer fokus p\u00e5 natur, sport och kultur ger ett \u00f6kat intresse f\u00f6r Nazar\u00e9 och Silverkusten<\/li><li>Den rena solsemestern \u00e4r p\u00e5 tillbakag\u00e5ng vilket talar starkt f\u00f6r den sportiga och aktiva delen av Portugal<\/li><li>Fastland ger t\u00e5g-, bil och bussf\u00f6rbindelse till grannl\u00e4nderna och \u00f6vriga Europa.<\/li><li>Undvik \u00f6ar. Vad h\u00e4nder med flygskatten och milj\u00f6avgifterna p\u00e5 sikt?<\/li><li>De stora skattel\u00e4ttnaderna f\u00f6r pension i Portugal kommer driva upp efterfr\u00e5gan p\u00e5 boenden p\u00e5 sikt.<\/li><li>Mycket att se och att g\u00f6ra i n\u00e4romr\u00e5det ger en stabil marknad och en \u00f6kande efterfr\u00e5gan.<\/li><li>Inga semesterbyar som \u00e4r \u201dd\u00f6da\u201d p\u00e5 vintern i Nazar\u00e9 eller i st\u00f6rre delen av Silverkusten<\/li><\/ul>\n","protected":false},"excerpt":{"rendered":"<p>Att k\u00f6pa boende i Nazar\u00e9 och p\u00e5 Silverkusten ger synnerligen \u201dmycket hus f\u00f6r pengarna\u201d j\u00e4mf\u00f6rt med Algarve och Cascaisomr\u00e5det men ocks\u00e5 j\u00e4mf\u00f6rt med m\u00e5nga andra l\u00e4nder. Framf\u00f6rallt om du vill ha havsutsikt. Och givetvis g\u00e4ller samma stora skattef\u00f6rdelar som f\u00f6r \u00f6vrig utflyttning till Portugal. F\u00f6rdel Nazar\u00e9: L\u00e4gre kvadratmeterpris j\u00e4mf\u00f6rt med Algarve och Cascais-Estoril L\u00e4tt hitta [&hellip;]<\/p>\n","protected":false},"author":6,"featured_media":0,"parent":38903,"menu_order":5,"comment_status":"closed","ping_status":"closed","template":"layoutSidebar.php","meta":{"om_disable_all_campaigns":false,"_monsterinsights_skip_tracking":false,"_monsterinsights_sitenote_active":false,"_monsterinsights_sitenote_note":"","_monsterinsights_sitenote_category":0},"aioseo_notices":[],"yoast_head":"<!-- This site is optimized with the Yoast SEO plugin v19.10 - https:\/\/yoast.com\/wordpress\/plugins\/seo\/ -->\n<title>Bra Investering - Portugal Agent<\/title>\n<meta name=\"robots\" content=\"index, follow, max-snippet:-1, max-image-preview:large, max-video-preview:-1\" \/>\n<link rel=\"canonical\" href=\"https:\/\/portugalagent.com\/sv\/destination-silverkusten\/bra-investering\/\" \/>\n<meta property=\"og:locale\" content=\"sv_SE\" \/>\n<meta property=\"og:type\" content=\"article\" \/>\n<meta property=\"og:title\" content=\"Bra Investering - Portugal Agent\" \/>\n<meta property=\"og:description\" content=\"Att k\u00f6pa boende i Nazar\u00e9 och p\u00e5 Silverkusten ger synnerligen \u201dmycket hus f\u00f6r pengarna\u201d j\u00e4mf\u00f6rt med Algarve och Cascaisomr\u00e5det men ocks\u00e5 j\u00e4mf\u00f6rt med m\u00e5nga andra l\u00e4nder. Framf\u00f6rallt om du vill ha havsutsikt. Och givetvis g\u00e4ller samma stora skattef\u00f6rdelar som f\u00f6r \u00f6vrig utflyttning till Portugal. F\u00f6rdel Nazar\u00e9: L\u00e4gre kvadratmeterpris j\u00e4mf\u00f6rt med Algarve och Cascais-Estoril L\u00e4tt hitta [&hellip;]\" \/>\n<meta property=\"og:url\" content=\"https:\/\/portugalagent.com\/sv\/destination-silverkusten\/bra-investering\/\" \/>\n<meta property=\"og:site_name\" content=\"Portugal Agent\" \/>\n<meta property=\"article:modified_time\" content=\"2020-02-12T16:44:35+00:00\" \/>\n<meta name=\"twitter:card\" content=\"summary_large_image\" \/>\n<meta name=\"twitter:label1\" content=\"Ber\u00e4knad l\u00e4stid\" \/>\n\t<meta name=\"twitter:data1\" content=\"1 minut\" \/>\n<script type=\"application\/ld+json\" class=\"yoast-schema-graph\">{\"@context\":\"https:\/\/schema.org\",\"@graph\":[{\"@type\":\"WebPage\",\"@id\":\"https:\/\/portugalagent.com\/sv\/destination-silverkusten\/bra-investering\/\",\"url\":\"https:\/\/portugalagent.com\/sv\/destination-silverkusten\/bra-investering\/\",\"name\":\"Bra Investering - Portugal Agent\",\"isPartOf\":{\"@id\":\"https:\/\/portugalagent.com\/sv\/#website\"},\"datePublished\":\"2020-02-10T15:31:07+00:00\",\"dateModified\":\"2020-02-12T16:44:35+00:00\",\"breadcrumb\":{\"@id\":\"https:\/\/portugalagent.com\/sv\/destination-silverkusten\/bra-investering\/#breadcrumb\"},\"inLanguage\":\"sv-SE\",\"potentialAction\":[{\"@type\":\"ReadAction\",\"target\":[\"https:\/\/portugalagent.com\/sv\/destination-silverkusten\/bra-investering\/\"]}]},{\"@type\":\"BreadcrumbList\",\"@id\":\"https:\/\/portugalagent.com\/sv\/destination-silverkusten\/bra-investering\/#breadcrumb\",\"itemListElement\":[{\"@type\":\"ListItem\",\"position\":1,\"name\":\"Home\",\"item\":\"https:\/\/portugalagent.com\/sv\/\"},{\"@type\":\"ListItem\",\"position\":2,\"name\":\"Destination Silverkusten\",\"item\":\"https:\/\/portugalagent.com\/sv\/destination-silverkusten\/\"},{\"@type\":\"ListItem\",\"position\":3,\"name\":\"Bra Investering\"}]},{\"@type\":\"WebSite\",\"@id\":\"https:\/\/portugalagent.com\/sv\/#website\",\"url\":\"https:\/\/portugalagent.com\/sv\/\",\"name\":\"Portugal Agent\",\"description\":\"\",\"publisher\":{\"@id\":\"https:\/\/portugalagent.com\/sv\/#organization\"},\"potentialAction\":[{\"@type\":\"SearchAction\",\"target\":{\"@type\":\"EntryPoint\",\"urlTemplate\":\"https:\/\/portugalagent.com\/sv\/?s={search_term_string}\"},\"query-input\":\"required name=search_term_string\"}],\"inLanguage\":\"sv-SE\"},{\"@type\":\"Organization\",\"@id\":\"https:\/\/portugalagent.com\/sv\/#organization\",\"name\":\"Portugal Agent\",\"url\":\"https:\/\/portugalagent.com\/sv\/\",\"logo\":{\"@type\":\"ImageObject\",\"inLanguage\":\"sv-SE\",\"@id\":\"https:\/\/portugalagent.com\/sv\/#\/schema\/logo\/image\/\",\"url\":\"https:\/\/portugalagent.com\/wp-content\/uploads\/2020\/11\/portugalagent.svg\",\"contentUrl\":\"https:\/\/portugalagent.com\/wp-content\/uploads\/2020\/11\/portugalagent.svg\",\"caption\":\"Portugal Agent\"},\"image\":{\"@id\":\"https:\/\/portugalagent.com\/sv\/#\/schema\/logo\/image\/\"}}]}<\/script>\n<!-- \/ Yoast SEO plugin. -->","yoast_head_json":{"title":"Bra Investering - Portugal Agent","robots":{"index":"index","follow":"follow","max-snippet":"max-snippet:-1","max-image-preview":"max-image-preview:large","max-video-preview":"max-video-preview:-1"},"canonical":"https:\/\/portugalagent.com\/sv\/destination-silverkusten\/bra-investering\/","og_locale":"sv_SE","og_type":"article","og_title":"Bra Investering - Portugal Agent","og_description":"Att k\u00f6pa boende i Nazar\u00e9 och p\u00e5 Silverkusten ger synnerligen \u201dmycket hus f\u00f6r pengarna\u201d j\u00e4mf\u00f6rt med Algarve och Cascaisomr\u00e5det men ocks\u00e5 j\u00e4mf\u00f6rt med m\u00e5nga andra l\u00e4nder. Framf\u00f6rallt om du vill ha havsutsikt. Och givetvis g\u00e4ller samma stora skattef\u00f6rdelar som f\u00f6r \u00f6vrig utflyttning till Portugal. F\u00f6rdel Nazar\u00e9: L\u00e4gre kvadratmeterpris j\u00e4mf\u00f6rt med Algarve och Cascais-Estoril L\u00e4tt hitta [&hellip;]","og_url":"https:\/\/portugalagent.com\/sv\/destination-silverkusten\/bra-investering\/","og_site_name":"Portugal Agent","article_modified_time":"2020-02-12T16:44:35+00:00","twitter_card":"summary_large_image","twitter_misc":{"Ber\u00e4knad l\u00e4stid":"1 minut"},"schema":{"@context":"https:\/\/schema.org","@graph":[{"@type":"WebPage","@id":"https:\/\/portugalagent.com\/sv\/destination-silverkusten\/bra-investering\/","url":"https:\/\/portugalagent.com\/sv\/destination-silverkusten\/bra-investering\/","name":"Bra Investering - Portugal Agent","isPartOf":{"@id":"https:\/\/portugalagent.com\/sv\/#website"},"datePublished":"2020-02-10T15:31:07+00:00","dateModified":"2020-02-12T16:44:35+00:00","breadcrumb":{"@id":"https:\/\/portugalagent.com\/sv\/destination-silverkusten\/bra-investering\/#breadcrumb"},"inLanguage":"sv-SE","potentialAction":[{"@type":"ReadAction","target":["https:\/\/portugalagent.com\/sv\/destination-silverkusten\/bra-investering\/"]}]},{"@type":"BreadcrumbList","@id":"https:\/\/portugalagent.com\/sv\/destination-silverkusten\/bra-investering\/#breadcrumb","itemListElement":[{"@type":"ListItem","position":1,"name":"Home","item":"https:\/\/portugalagent.com\/sv\/"},{"@type":"ListItem","position":2,"name":"Destination Silverkusten","item":"https:\/\/portugalagent.com\/sv\/destination-silverkusten\/"},{"@type":"ListItem","position":3,"name":"Bra Investering"}]},{"@type":"WebSite","@id":"https:\/\/portugalagent.com\/sv\/#website","url":"https:\/\/portugalagent.com\/sv\/","name":"Portugal Agent","description":"","publisher":{"@id":"https:\/\/portugalagent.com\/sv\/#organization"},"potentialAction":[{"@type":"SearchAction","target":{"@type":"EntryPoint","urlTemplate":"https:\/\/portugalagent.com\/sv\/?s={search_term_string}"},"query-input":"required name=search_term_string"}],"inLanguage":"sv-SE"},{"@type":"Organization","@id":"https:\/\/portugalagent.com\/sv\/#organization","name":"Portugal Agent","url":"https:\/\/portugalagent.com\/sv\/","logo":{"@type":"ImageObject","inLanguage":"sv-SE","@id":"https:\/\/portugalagent.com\/sv\/#\/schema\/logo\/image\/","url":"https:\/\/portugalagent.com\/wp-content\/uploads\/2020\/11\/portugalagent.svg","contentUrl":"https:\/\/portugalagent.com\/wp-content\/uploads\/2020\/11\/portugalagent.svg","caption":"Portugal Agent"},"image":{"@id":"https:\/\/portugalagent.com\/sv\/#\/schema\/logo\/image\/"}}]}},"_links":{"self":[{"href":"https:\/\/portugalagent.com\/sv\/wp-json\/wp\/v2\/pages\/42674"}],"collection":[{"href":"https:\/\/portugalagent.com\/sv\/wp-json\/wp\/v2\/pages"}],"about":[{"href":"https:\/\/portugalagent.com\/sv\/wp-json\/wp\/v2\/types\/page"}],"author":[{"embeddable":true,"href":"https:\/\/portugalagent.com\/sv\/wp-json\/wp\/v2\/users\/6"}],"replies":[{"embeddable":true,"href":"https:\/\/portugalagent.com\/sv\/wp-json\/wp\/v2\/comments?post=42674"}],"version-history":[{"count":1,"href":"https:\/\/portugalagent.com\/sv\/wp-json\/wp\/v2\/pages\/42674\/revisions"}],"predecessor-version":[{"id":42675,"href":"https:\/\/portugalagent.com\/sv\/wp-json\/wp\/v2\/pages\/42674\/revisions\/42675"}],"up":[{"embeddable":true,"href":"https:\/\/portugalagent.com\/sv\/wp-json\/wp\/v2\/pages\/38903"}],"wp:attachment":[{"href":"https:\/\/portugalagent.com\/sv\/wp-json\/wp\/v2\/media?parent=42674"}],"curies":[{"name":"wp","href":"https:\/\/api.w.org\/{rel}","templated":true}]}}