{"id":42628,"date":"2020-02-10T14:12:26","date_gmt":"2020-02-10T14:12:26","guid":{"rendered":"https:\/\/www.go4digital-web.pt\/dev\/portugalagent\/?page_id=42628"},"modified":"2020-02-10T14:12:26","modified_gmt":"2020-02-10T14:12:26","slug":"vattenland","status":"publish","type":"page","link":"https:\/\/portugalagent.com\/sv\/destination-silverkusten\/aktiviteter\/vattenland\/","title":{"rendered":"Vattenland"},"content":{"rendered":"\n<p>I sluttningen norr om Sitio do Nazar\u00e9, p\u00e5 v\u00e4gen ner mot Praia do Norte ligger ett stort vattenland, Norpark, med allt det d\u00e4r vanliga: rutschbanor, pooler, gr\u00e4smattor, glass och kaffe. De har \u00e4ven ett gym. V\u00e4lbes\u00f6kt p\u00e5 sommaren.<\/p>\n\n\n\n<p><a href=\"http:\/\/norparkevents.wix.com\/parque-nazare\">http:\/\/norparkevents.wix.com\/parque-nazare<\/a><\/p>\n","protected":false},"excerpt":{"rendered":"<p>I sluttningen norr om Sitio do Nazar\u00e9, p\u00e5 v\u00e4gen ner mot Praia do Norte ligger ett stort vattenland, Norpark, med allt det d\u00e4r vanliga: rutschbanor, pooler, gr\u00e4smattor, glass och kaffe. De har \u00e4ven ett gym. V\u00e4lbes\u00f6kt p\u00e5 sommaren. http:\/\/norparkevents.wix.com\/parque-nazare<\/p>\n","protected":false},"author":6,"featured_media":0,"parent":42058,"menu_order":0,"comment_status":"closed","ping_status":"closed","template":"layoutSidebar.php","meta":{"om_disable_all_campaigns":false,"_monsterinsights_skip_tracking":false,"_monsterinsights_sitenote_active":false,"_monsterinsights_sitenote_note":"","_monsterinsights_sitenote_category":0},"aioseo_notices":[],"yoast_head":"<!-- This site is optimized with the Yoast SEO plugin v19.10 - https:\/\/yoast.com\/wordpress\/plugins\/seo\/ -->\n<title>Vattenland - Portugal Agent<\/title>\n<meta name=\"robots\" content=\"index, follow, max-snippet:-1, max-image-preview:large, max-video-preview:-1\" \/>\n<link rel=\"canonical\" href=\"https:\/\/portugalagent.com\/sv\/destination-silverkusten\/aktiviteter\/vattenland\/\" \/>\n<meta property=\"og:locale\" content=\"sv_SE\" \/>\n<meta property=\"og:type\" content=\"article\" \/>\n<meta property=\"og:title\" content=\"Vattenland - Portugal Agent\" \/>\n<meta property=\"og:description\" content=\"I sluttningen norr om Sitio do Nazar\u00e9, p\u00e5 v\u00e4gen ner mot Praia do Norte ligger ett stort vattenland, Norpark, med allt det d\u00e4r vanliga: rutschbanor, pooler, gr\u00e4smattor, glass och kaffe. De har \u00e4ven ett gym. V\u00e4lbes\u00f6kt p\u00e5 sommaren. http:\/\/norparkevents.wix.com\/parque-nazare\" \/>\n<meta property=\"og:url\" content=\"https:\/\/portugalagent.com\/sv\/destination-silverkusten\/aktiviteter\/vattenland\/\" \/>\n<meta property=\"og:site_name\" content=\"Portugal Agent\" \/>\n<meta name=\"twitter:card\" content=\"summary_large_image\" \/>\n<script type=\"application\/ld+json\" class=\"yoast-schema-graph\">{\"@context\":\"https:\/\/schema.org\",\"@graph\":[{\"@type\":\"WebPage\",\"@id\":\"https:\/\/portugalagent.com\/sv\/destination-silverkusten\/aktiviteter\/vattenland\/\",\"url\":\"https:\/\/portugalagent.com\/sv\/destination-silverkusten\/aktiviteter\/vattenland\/\",\"name\":\"Vattenland - Portugal Agent\",\"isPartOf\":{\"@id\":\"https:\/\/portugalagent.com\/sv\/#website\"},\"datePublished\":\"2020-02-10T14:12:26+00:00\",\"dateModified\":\"2020-02-10T14:12:26+00:00\",\"breadcrumb\":{\"@id\":\"https:\/\/portugalagent.com\/sv\/destination-silverkusten\/aktiviteter\/vattenland\/#breadcrumb\"},\"inLanguage\":\"sv-SE\",\"potentialAction\":[{\"@type\":\"ReadAction\",\"target\":[\"https:\/\/portugalagent.com\/sv\/destination-silverkusten\/aktiviteter\/vattenland\/\"]}]},{\"@type\":\"BreadcrumbList\",\"@id\":\"https:\/\/portugalagent.com\/sv\/destination-silverkusten\/aktiviteter\/vattenland\/#breadcrumb\",\"itemListElement\":[{\"@type\":\"ListItem\",\"position\":1,\"name\":\"Home\",\"item\":\"https:\/\/portugalagent.com\/sv\/\"},{\"@type\":\"ListItem\",\"position\":2,\"name\":\"Destination Silverkusten\",\"item\":\"https:\/\/portugalagent.com\/sv\/destination-silverkusten\/\"},{\"@type\":\"ListItem\",\"position\":3,\"name\":\"Aktiviteter\",\"item\":\"https:\/\/portugalagent.com\/sv\/destination-silverkusten\/aktiviteter\/\"},{\"@type\":\"ListItem\",\"position\":4,\"name\":\"Vattenland\"}]},{\"@type\":\"WebSite\",\"@id\":\"https:\/\/portugalagent.com\/sv\/#website\",\"url\":\"https:\/\/portugalagent.com\/sv\/\",\"name\":\"Portugal Agent\",\"description\":\"\",\"publisher\":{\"@id\":\"https:\/\/portugalagent.com\/sv\/#organization\"},\"potentialAction\":[{\"@type\":\"SearchAction\",\"target\":{\"@type\":\"EntryPoint\",\"urlTemplate\":\"https:\/\/portugalagent.com\/sv\/?s={search_term_string}\"},\"query-input\":\"required name=search_term_string\"}],\"inLanguage\":\"sv-SE\"},{\"@type\":\"Organization\",\"@id\":\"https:\/\/portugalagent.com\/sv\/#organization\",\"name\":\"Portugal Agent\",\"url\":\"https:\/\/portugalagent.com\/sv\/\",\"logo\":{\"@type\":\"ImageObject\",\"inLanguage\":\"sv-SE\",\"@id\":\"https:\/\/portugalagent.com\/sv\/#\/schema\/logo\/image\/\",\"url\":\"https:\/\/portugalagent.com\/wp-content\/uploads\/2020\/11\/portugalagent.svg\",\"contentUrl\":\"https:\/\/portugalagent.com\/wp-content\/uploads\/2020\/11\/portugalagent.svg\",\"caption\":\"Portugal Agent\"},\"image\":{\"@id\":\"https:\/\/portugalagent.com\/sv\/#\/schema\/logo\/image\/\"}}]}<\/script>\n<!-- \/ Yoast SEO plugin. -->","yoast_head_json":{"title":"Vattenland - Portugal Agent","robots":{"index":"index","follow":"follow","max-snippet":"max-snippet:-1","max-image-preview":"max-image-preview:large","max-video-preview":"max-video-preview:-1"},"canonical":"https:\/\/portugalagent.com\/sv\/destination-silverkusten\/aktiviteter\/vattenland\/","og_locale":"sv_SE","og_type":"article","og_title":"Vattenland - Portugal Agent","og_description":"I sluttningen norr om Sitio do Nazar\u00e9, p\u00e5 v\u00e4gen ner mot Praia do Norte ligger ett stort vattenland, Norpark, med allt det d\u00e4r vanliga: rutschbanor, pooler, gr\u00e4smattor, glass och kaffe. De har \u00e4ven ett gym. V\u00e4lbes\u00f6kt p\u00e5 sommaren. http:\/\/norparkevents.wix.com\/parque-nazare","og_url":"https:\/\/portugalagent.com\/sv\/destination-silverkusten\/aktiviteter\/vattenland\/","og_site_name":"Portugal Agent","twitter_card":"summary_large_image","schema":{"@context":"https:\/\/schema.org","@graph":[{"@type":"WebPage","@id":"https:\/\/portugalagent.com\/sv\/destination-silverkusten\/aktiviteter\/vattenland\/","url":"https:\/\/portugalagent.com\/sv\/destination-silverkusten\/aktiviteter\/vattenland\/","name":"Vattenland - Portugal Agent","isPartOf":{"@id":"https:\/\/portugalagent.com\/sv\/#website"},"datePublished":"2020-02-10T14:12:26+00:00","dateModified":"2020-02-10T14:12:26+00:00","breadcrumb":{"@id":"https:\/\/portugalagent.com\/sv\/destination-silverkusten\/aktiviteter\/vattenland\/#breadcrumb"},"inLanguage":"sv-SE","potentialAction":[{"@type":"ReadAction","target":["https:\/\/portugalagent.com\/sv\/destination-silverkusten\/aktiviteter\/vattenland\/"]}]},{"@type":"BreadcrumbList","@id":"https:\/\/portugalagent.com\/sv\/destination-silverkusten\/aktiviteter\/vattenland\/#breadcrumb","itemListElement":[{"@type":"ListItem","position":1,"name":"Home","item":"https:\/\/portugalagent.com\/sv\/"},{"@type":"ListItem","position":2,"name":"Destination Silverkusten","item":"https:\/\/portugalagent.com\/sv\/destination-silverkusten\/"},{"@type":"ListItem","position":3,"name":"Aktiviteter","item":"https:\/\/portugalagent.com\/sv\/destination-silverkusten\/aktiviteter\/"},{"@type":"ListItem","position":4,"name":"Vattenland"}]},{"@type":"WebSite","@id":"https:\/\/portugalagent.com\/sv\/#website","url":"https:\/\/portugalagent.com\/sv\/","name":"Portugal Agent","description":"","publisher":{"@id":"https:\/\/portugalagent.com\/sv\/#organization"},"potentialAction":[{"@type":"SearchAction","target":{"@type":"EntryPoint","urlTemplate":"https:\/\/portugalagent.com\/sv\/?s={search_term_string}"},"query-input":"required name=search_term_string"}],"inLanguage":"sv-SE"},{"@type":"Organization","@id":"https:\/\/portugalagent.com\/sv\/#organization","name":"Portugal Agent","url":"https:\/\/portugalagent.com\/sv\/","logo":{"@type":"ImageObject","inLanguage":"sv-SE","@id":"https:\/\/portugalagent.com\/sv\/#\/schema\/logo\/image\/","url":"https:\/\/portugalagent.com\/wp-content\/uploads\/2020\/11\/portugalagent.svg","contentUrl":"https:\/\/portugalagent.com\/wp-content\/uploads\/2020\/11\/portugalagent.svg","caption":"Portugal Agent"},"image":{"@id":"https:\/\/portugalagent.com\/sv\/#\/schema\/logo\/image\/"}}]}},"_links":{"self":[{"href":"https:\/\/portugalagent.com\/sv\/wp-json\/wp\/v2\/pages\/42628"}],"collection":[{"href":"https:\/\/portugalagent.com\/sv\/wp-json\/wp\/v2\/pages"}],"about":[{"href":"https:\/\/portugalagent.com\/sv\/wp-json\/wp\/v2\/types\/page"}],"author":[{"embeddable":true,"href":"https:\/\/portugalagent.com\/sv\/wp-json\/wp\/v2\/users\/6"}],"replies":[{"embeddable":true,"href":"https:\/\/portugalagent.com\/sv\/wp-json\/wp\/v2\/comments?post=42628"}],"version-history":[{"count":1,"href":"https:\/\/portugalagent.com\/sv\/wp-json\/wp\/v2\/pages\/42628\/revisions"}],"predecessor-version":[{"id":42633,"href":"https:\/\/portugalagent.com\/sv\/wp-json\/wp\/v2\/pages\/42628\/revisions\/42633"}],"up":[{"embeddable":true,"href":"https:\/\/portugalagent.com\/sv\/wp-json\/wp\/v2\/pages\/42058"}],"wp:attachment":[{"href":"https:\/\/portugalagent.com\/sv\/wp-json\/wp\/v2\/media?parent=42628"}],"curies":[{"name":"wp","href":"https:\/\/api.w.org\/{rel}","templated":true}]}}