{"id":42086,"date":"2020-02-10T10:18:58","date_gmt":"2020-02-10T10:18:58","guid":{"rendered":"https:\/\/www.go4digital-web.pt\/dev\/portugalagent\/?page_id=42086"},"modified":"2020-02-10T14:10:26","modified_gmt":"2020-02-10T14:10:26","slug":"utsiktsberg","status":"publish","type":"page","link":"https:\/\/portugalagent.com\/sv\/destination-silverkusten\/aktiviteter\/utsiktsberg\/","title":{"rendered":"Utsiktsberg"},"content":{"rendered":"\n<p>Det lilla berget Monte de Sao Bartolomeu ligger n\u00e5gra kilometer \u00f6ster om Nazar\u00e9 helt n\u00e4ra campingen och \u00e4r v\u00e4rt ett bes\u00f6k. Det finns tv\u00e5 v\u00e4gar upp och den som ger b\u00e4sta upplevelsen \u00e4r om du tar in p\u00e5 den lite mindre stigen in bland buskarna till v\u00e4nster om den st\u00f6rre v\u00e4gen. D\u00e5 g\u00e5r du uppf\u00f6r berget p\u00e5 en stig med vissa inslag av klippor och trappor men p\u00e5 \u201dbaksidan\u201d. Allts\u00e5 den \u00f6stra sidan. N\u00e4r du v\u00e4l kommer upp ser du ett litet st\u00e4ngt kapell. Passera genom porten i muren och: Wow! Vilken utsikt som sl\u00e5r emot dig d\u00e4r. Hemv\u00e4gen \u00e4r enklare med trappor p\u00e5 v\u00e4stra sidan och med storslagen utsikt \u00f6ver Nazar\u00e9 och Atlanten. V\u00e4lj en klar och solig dag f\u00f6r den h\u00e4r turen!<\/p>\n","protected":false},"excerpt":{"rendered":"<p>Det lilla berget Monte de Sao Bartolomeu ligger n\u00e5gra kilometer \u00f6ster om Nazar\u00e9 helt n\u00e4ra campingen och \u00e4r v\u00e4rt ett bes\u00f6k. Det finns tv\u00e5 v\u00e4gar upp och den som ger b\u00e4sta upplevelsen \u00e4r om du tar in p\u00e5 den lite mindre stigen in bland buskarna till v\u00e4nster om den st\u00f6rre v\u00e4gen. D\u00e5 g\u00e5r du uppf\u00f6r [&hellip;]<\/p>\n","protected":false},"author":6,"featured_media":0,"parent":42058,"menu_order":0,"comment_status":"closed","ping_status":"closed","template":"layoutSidebar.php","meta":{"om_disable_all_campaigns":false,"_monsterinsights_skip_tracking":false,"_monsterinsights_sitenote_active":false,"_monsterinsights_sitenote_note":"","_monsterinsights_sitenote_category":0},"aioseo_notices":[],"yoast_head":"<!-- This site is optimized with the Yoast SEO plugin v19.10 - https:\/\/yoast.com\/wordpress\/plugins\/seo\/ -->\n<title>Utsiktsberg - Portugal Agent<\/title>\n<meta name=\"robots\" content=\"index, follow, max-snippet:-1, max-image-preview:large, max-video-preview:-1\" \/>\n<link rel=\"canonical\" href=\"https:\/\/portugalagent.com\/sv\/destination-silverkusten\/aktiviteter\/utsiktsberg\/\" \/>\n<meta property=\"og:locale\" content=\"sv_SE\" \/>\n<meta property=\"og:type\" content=\"article\" \/>\n<meta property=\"og:title\" content=\"Utsiktsberg - Portugal Agent\" \/>\n<meta property=\"og:description\" content=\"Det lilla berget Monte de Sao Bartolomeu ligger n\u00e5gra kilometer \u00f6ster om Nazar\u00e9 helt n\u00e4ra campingen och \u00e4r v\u00e4rt ett bes\u00f6k. Det finns tv\u00e5 v\u00e4gar upp och den som ger b\u00e4sta upplevelsen \u00e4r om du tar in p\u00e5 den lite mindre stigen in bland buskarna till v\u00e4nster om den st\u00f6rre v\u00e4gen. D\u00e5 g\u00e5r du uppf\u00f6r [&hellip;]\" \/>\n<meta property=\"og:url\" content=\"https:\/\/portugalagent.com\/sv\/destination-silverkusten\/aktiviteter\/utsiktsberg\/\" \/>\n<meta property=\"og:site_name\" content=\"Portugal Agent\" \/>\n<meta property=\"article:modified_time\" content=\"2020-02-10T14:10:26+00:00\" \/>\n<meta name=\"twitter:card\" content=\"summary_large_image\" \/>\n<meta name=\"twitter:label1\" content=\"Ber\u00e4knad l\u00e4stid\" \/>\n\t<meta name=\"twitter:data1\" content=\"1 minut\" \/>\n<script type=\"application\/ld+json\" class=\"yoast-schema-graph\">{\"@context\":\"https:\/\/schema.org\",\"@graph\":[{\"@type\":\"WebPage\",\"@id\":\"https:\/\/portugalagent.com\/sv\/destination-silverkusten\/aktiviteter\/utsiktsberg\/\",\"url\":\"https:\/\/portugalagent.com\/sv\/destination-silverkusten\/aktiviteter\/utsiktsberg\/\",\"name\":\"Utsiktsberg - Portugal Agent\",\"isPartOf\":{\"@id\":\"https:\/\/portugalagent.com\/sv\/#website\"},\"datePublished\":\"2020-02-10T10:18:58+00:00\",\"dateModified\":\"2020-02-10T14:10:26+00:00\",\"breadcrumb\":{\"@id\":\"https:\/\/portugalagent.com\/sv\/destination-silverkusten\/aktiviteter\/utsiktsberg\/#breadcrumb\"},\"inLanguage\":\"sv-SE\",\"potentialAction\":[{\"@type\":\"ReadAction\",\"target\":[\"https:\/\/portugalagent.com\/sv\/destination-silverkusten\/aktiviteter\/utsiktsberg\/\"]}]},{\"@type\":\"BreadcrumbList\",\"@id\":\"https:\/\/portugalagent.com\/sv\/destination-silverkusten\/aktiviteter\/utsiktsberg\/#breadcrumb\",\"itemListElement\":[{\"@type\":\"ListItem\",\"position\":1,\"name\":\"Home\",\"item\":\"https:\/\/portugalagent.com\/sv\/\"},{\"@type\":\"ListItem\",\"position\":2,\"name\":\"Destination Silverkusten\",\"item\":\"https:\/\/portugalagent.com\/sv\/destination-silverkusten\/\"},{\"@type\":\"ListItem\",\"position\":3,\"name\":\"Aktiviteter\",\"item\":\"https:\/\/portugalagent.com\/sv\/destination-silverkusten\/aktiviteter\/\"},{\"@type\":\"ListItem\",\"position\":4,\"name\":\"Utsiktsberg\"}]},{\"@type\":\"WebSite\",\"@id\":\"https:\/\/portugalagent.com\/sv\/#website\",\"url\":\"https:\/\/portugalagent.com\/sv\/\",\"name\":\"Portugal Agent\",\"description\":\"\",\"publisher\":{\"@id\":\"https:\/\/portugalagent.com\/sv\/#organization\"},\"potentialAction\":[{\"@type\":\"SearchAction\",\"target\":{\"@type\":\"EntryPoint\",\"urlTemplate\":\"https:\/\/portugalagent.com\/sv\/?s={search_term_string}\"},\"query-input\":\"required name=search_term_string\"}],\"inLanguage\":\"sv-SE\"},{\"@type\":\"Organization\",\"@id\":\"https:\/\/portugalagent.com\/sv\/#organization\",\"name\":\"Portugal Agent\",\"url\":\"https:\/\/portugalagent.com\/sv\/\",\"logo\":{\"@type\":\"ImageObject\",\"inLanguage\":\"sv-SE\",\"@id\":\"https:\/\/portugalagent.com\/sv\/#\/schema\/logo\/image\/\",\"url\":\"https:\/\/portugalagent.com\/wp-content\/uploads\/2020\/11\/portugalagent.svg\",\"contentUrl\":\"https:\/\/portugalagent.com\/wp-content\/uploads\/2020\/11\/portugalagent.svg\",\"caption\":\"Portugal Agent\"},\"image\":{\"@id\":\"https:\/\/portugalagent.com\/sv\/#\/schema\/logo\/image\/\"}}]}<\/script>\n<!-- \/ Yoast SEO plugin. -->","yoast_head_json":{"title":"Utsiktsberg - Portugal Agent","robots":{"index":"index","follow":"follow","max-snippet":"max-snippet:-1","max-image-preview":"max-image-preview:large","max-video-preview":"max-video-preview:-1"},"canonical":"https:\/\/portugalagent.com\/sv\/destination-silverkusten\/aktiviteter\/utsiktsberg\/","og_locale":"sv_SE","og_type":"article","og_title":"Utsiktsberg - Portugal Agent","og_description":"Det lilla berget Monte de Sao Bartolomeu ligger n\u00e5gra kilometer \u00f6ster om Nazar\u00e9 helt n\u00e4ra campingen och \u00e4r v\u00e4rt ett bes\u00f6k. Det finns tv\u00e5 v\u00e4gar upp och den som ger b\u00e4sta upplevelsen \u00e4r om du tar in p\u00e5 den lite mindre stigen in bland buskarna till v\u00e4nster om den st\u00f6rre v\u00e4gen. D\u00e5 g\u00e5r du uppf\u00f6r [&hellip;]","og_url":"https:\/\/portugalagent.com\/sv\/destination-silverkusten\/aktiviteter\/utsiktsberg\/","og_site_name":"Portugal Agent","article_modified_time":"2020-02-10T14:10:26+00:00","twitter_card":"summary_large_image","twitter_misc":{"Ber\u00e4knad l\u00e4stid":"1 minut"},"schema":{"@context":"https:\/\/schema.org","@graph":[{"@type":"WebPage","@id":"https:\/\/portugalagent.com\/sv\/destination-silverkusten\/aktiviteter\/utsiktsberg\/","url":"https:\/\/portugalagent.com\/sv\/destination-silverkusten\/aktiviteter\/utsiktsberg\/","name":"Utsiktsberg - Portugal Agent","isPartOf":{"@id":"https:\/\/portugalagent.com\/sv\/#website"},"datePublished":"2020-02-10T10:18:58+00:00","dateModified":"2020-02-10T14:10:26+00:00","breadcrumb":{"@id":"https:\/\/portugalagent.com\/sv\/destination-silverkusten\/aktiviteter\/utsiktsberg\/#breadcrumb"},"inLanguage":"sv-SE","potentialAction":[{"@type":"ReadAction","target":["https:\/\/portugalagent.com\/sv\/destination-silverkusten\/aktiviteter\/utsiktsberg\/"]}]},{"@type":"BreadcrumbList","@id":"https:\/\/portugalagent.com\/sv\/destination-silverkusten\/aktiviteter\/utsiktsberg\/#breadcrumb","itemListElement":[{"@type":"ListItem","position":1,"name":"Home","item":"https:\/\/portugalagent.com\/sv\/"},{"@type":"ListItem","position":2,"name":"Destination Silverkusten","item":"https:\/\/portugalagent.com\/sv\/destination-silverkusten\/"},{"@type":"ListItem","position":3,"name":"Aktiviteter","item":"https:\/\/portugalagent.com\/sv\/destination-silverkusten\/aktiviteter\/"},{"@type":"ListItem","position":4,"name":"Utsiktsberg"}]},{"@type":"WebSite","@id":"https:\/\/portugalagent.com\/sv\/#website","url":"https:\/\/portugalagent.com\/sv\/","name":"Portugal Agent","description":"","publisher":{"@id":"https:\/\/portugalagent.com\/sv\/#organization"},"potentialAction":[{"@type":"SearchAction","target":{"@type":"EntryPoint","urlTemplate":"https:\/\/portugalagent.com\/sv\/?s={search_term_string}"},"query-input":"required name=search_term_string"}],"inLanguage":"sv-SE"},{"@type":"Organization","@id":"https:\/\/portugalagent.com\/sv\/#organization","name":"Portugal Agent","url":"https:\/\/portugalagent.com\/sv\/","logo":{"@type":"ImageObject","inLanguage":"sv-SE","@id":"https:\/\/portugalagent.com\/sv\/#\/schema\/logo\/image\/","url":"https:\/\/portugalagent.com\/wp-content\/uploads\/2020\/11\/portugalagent.svg","contentUrl":"https:\/\/portugalagent.com\/wp-content\/uploads\/2020\/11\/portugalagent.svg","caption":"Portugal Agent"},"image":{"@id":"https:\/\/portugalagent.com\/sv\/#\/schema\/logo\/image\/"}}]}},"_links":{"self":[{"href":"https:\/\/portugalagent.com\/sv\/wp-json\/wp\/v2\/pages\/42086"}],"collection":[{"href":"https:\/\/portugalagent.com\/sv\/wp-json\/wp\/v2\/pages"}],"about":[{"href":"https:\/\/portugalagent.com\/sv\/wp-json\/wp\/v2\/types\/page"}],"author":[{"embeddable":true,"href":"https:\/\/portugalagent.com\/sv\/wp-json\/wp\/v2\/users\/6"}],"replies":[{"embeddable":true,"href":"https:\/\/portugalagent.com\/sv\/wp-json\/wp\/v2\/comments?post=42086"}],"version-history":[{"count":1,"href":"https:\/\/portugalagent.com\/sv\/wp-json\/wp\/v2\/pages\/42086\/revisions"}],"predecessor-version":[{"id":42087,"href":"https:\/\/portugalagent.com\/sv\/wp-json\/wp\/v2\/pages\/42086\/revisions\/42087"}],"up":[{"embeddable":true,"href":"https:\/\/portugalagent.com\/sv\/wp-json\/wp\/v2\/pages\/42058"}],"wp:attachment":[{"href":"https:\/\/portugalagent.com\/sv\/wp-json\/wp\/v2\/media?parent=42086"}],"curies":[{"name":"wp","href":"https:\/\/api.w.org\/{rel}","templated":true}]}}