{"id":42084,"date":"2020-02-10T10:17:09","date_gmt":"2020-02-10T10:17:09","guid":{"rendered":"https:\/\/www.go4digital-web.pt\/dev\/portugalagent\/?page_id=42084"},"modified":"2020-06-10T18:32:00","modified_gmt":"2020-06-10T18:32:00","slug":"surf-och-bodyboard","status":"publish","type":"page","link":"https:\/\/portugalagent.com\/sv\/destination-silverkusten\/aktiviteter\/surf-och-bodyboard\/","title":{"rendered":"Surf och Bodyboard"},"content":{"rendered":"\n<h3>Surfing p\u00e5 Silverkusten, Portugal<\/h3>\n\n\n\n<p>H\u00e4r finns det hur mycket som helst att v\u00e4lja mellan. Omr\u00e5det f\u00e5r anses som ett av de b\u00e4sta i hela Europa f\u00f6r surf och bodyboard. M\u00e5nga h\u00e4vdar att det h\u00e5ller v\u00e4rldsklass. P\u00e5 en kuststr\u00e4cka om ca 40 km mellan Peniche och Nazar\u00e9 finner du allt fr\u00e5n enklare nyb\u00f6rjarv\u00e5gor via bra surfing till extrema v\u00e5gor som bara f\u00e5 specialister surfar p\u00e5 (Praia do Norte, Nazar\u00e9). Det \u00e4r n\u00e4stan helt otroligt att ett s\u00e5 pass litet omr\u00e5de kan erbjuda s\u00e5 m\u00e5nga olika f\u00f6rh\u00e5llanden b\u00e5de f\u00f6r surfare och bodyboardare. Det \u00e4r d\u00e4rf\u00f6r m\u00e5nga anser att kustremsan \u00e4r den b\u00e4sta surfkusten i hela Europa.<\/p>\n\n\n\n<p>H\u00e4r plockar vi bara n\u00e5gra exempel p\u00e5 webbsidor, uthyrningar, boenden och surfskolor. N\u00e4r det g\u00e4ller att hitta r\u00e4tt strand f\u00f6r r\u00e4tt dag har det ju mycket att g\u00f6ra med de aktuella f\u00f6rh\u00e5llandena och den informationen finner du p\u00e5 n\u00e4tet \u2013 eller fr\u00e5gar p\u00e5 n\u00e5got av etablissemangen nedan.<\/p>\n\n\n\n<h4>Surfers Lodge Peniche<\/h4>\n\n\n\n<p>Ligger i Baleal och drivs av svensken Johan Malmqvist. Ett mycket p\u00e5kostat designhotell med god mat och en fantastisk takterrass med bar, musik och solnedg\u00e5ngskv\u00e4llar.&nbsp;De har \u00e4ven surfskola och surfuthyrning.<br><a rel=\"noreferrer noopener\" href=\"http:\/\/surferslodgepeniche.com\/\" target=\"_blank\">http:\/\/surferslodgepeniche.com<\/a><\/p>\n\n\n\n<h4>58 surf shop Peniche<\/h4>\n\n\n\n<p>En mycket stor och v\u00e4lsorterad surfshop utefter v\u00e4gen mellan Baleal och Peniche. Granne med Rip Curl butiken. De har uthyrning och surfskola samt en fin konfektionsdel med fina surfkl\u00e4der.<br><a rel=\"noreferrer noopener\" href=\"https:\/\/www.facebook.com\/58surfshop\" target=\"_blank\">https:\/\/www.facebook.com\/58surfshop<br><\/a><a rel=\"noreferrer noopener\" href=\"http:\/\/www.58surf.com\/\" target=\"_blank\">http:\/\/www.58surf.com\/<\/a><\/p>\n\n\n\n<h4>Tribo do Mar<\/h4>\n\n\n\n<p>Ligger strax sydv\u00e4st om Peniche. De k\u00f6r runt och tar eleverna till den strand som har b\u00e4st f\u00f6rh\u00e5llanden f\u00f6r tillf\u00e4llet. Trevliga instrukt\u00f6rer som talar bra engelska.<br><a rel=\"noreferrer noopener\" href=\"http:\/\/www.surfschooltribodomar.com\/\" target=\"_blank\">http:\/\/www.surfschooltribodomar.com<\/a><\/p>\n\n\n\n<h4>The Surf Spot<\/h4>\n\n\n\n<p>Ligger centralt i Nazar\u00e9. Mindre surfbutik som drivs av en mycket duktig bodyboardsurfare. Fin konfektionsavdelning.<br><a rel=\"noreferrer noopener\" href=\"https:\/\/www.facebook.com\/thesurfspotnazare?fref=ts\" target=\"_blank\">https:\/\/www.facebook.com\/thesurfspotnazare<\/a><\/p>\n\n\n\n<h4>Nazar\u00e9 surf school<\/h4>\n\n\n\n<p>Ligger vid stranden n\u00e4ra berget upp mot Sitio. Endast sommars\u00e4song.<br><a rel=\"noreferrer noopener\" href=\"http:\/\/www.nazaresurfschool.pt\/\" target=\"_blank\">http:\/\/www.nazaresurfschool.pt<\/a><\/p>\n\n\n\n<h4>Big-Wave-surfing: Praia do Norte Nazar\u00e9<\/h4>\n\n\n\n<p><\/p>\n\n\n\n<p>Vill du se spektakul\u00e4ra v\u00e5gor och om du har tur spektakul\u00e4ra surfare i absolut v\u00e4rldsklass \u00e4r Nazar\u00e9 och klippan med fyren mellan den sn\u00e4lla stranden inne i Nazar\u00e9 och Praia do Norte ett \u201dm\u00e5ste\u201d, dock mest vintertid.&nbsp;Praia do Norte \u00e4r annars mest v\u00e4lbes\u00f6kt av bodyboarders \u00e5ret runt. V\u00e5gorna h\u00e4r anses vara de kraftigaste och \u201dtyngsta\u201d i hela Europa men ocks\u00e5 ganska flacka varf\u00f6r det blir enklare att komma ig\u00e5ng med bodyboard. Men \u00e4ven att komma ut. Det \u00e4r bra med fenor ibland\u2026 Sommartid fungerar den h\u00e4r stranden ofta bra \u00e4ven f\u00f6r \u201dnormala\u201d surfare. Vi har sj\u00e4lva varit ute flera g\u00e5nger i v\u00e5gorna d\u00e4r. Ligger p\u00e5 g\u00e5ngavst\u00e5nd fr\u00e5n Sitio do Nazar\u00e9.<\/p>\n\n\n\n<p><a href=\"http:\/\/praiadonorte.com.pt\/\">http:\/\/praiadonorte.com.pt\/<\/a><\/p>\n\n\n\n<p>Garret McNamaras Facebooksida. Garret \u00e4r mannen fr\u00e5n Hawaii som satt fyrudden utanf\u00f6r Nazar\u00e9 p\u00e5 v\u00e4rldskartan bland surfare. Vintertid, dagar d\u00e5 f\u00f6rh\u00e5llandena \u00e4r de r\u00e4tta kan han och hans utmanare ses utanf\u00f6r fyren i Nazar\u00e9. D\u00e5 drar de storpublik.<br><a href=\"https:\/\/www.facebook.com\/pages\/Garrett-McNamara\/163839373642847?fref=ts\" target=\"_blank\" rel=\"noreferrer noopener\">https:\/\/www.facebook.com\/pages\/Garrett-McNamara\/163839373642847?fref=ts<br><\/a><a href=\"http:\/\/www.zonnorthcanyon.com\/\" target=\"_blank\" rel=\"noreferrer noopener\">http:\/\/www.zonnorthcanyon.com\/<br><\/a><a href=\"https:\/\/www.facebook.com\/praiadonortenazare?fref=ts\" target=\"_blank\" rel=\"noreferrer noopener\">https:\/\/www.facebook.com\/praiadonortenazare?fref=ts<\/a><\/p>\n","protected":false},"excerpt":{"rendered":"<p>Surfing p\u00e5 Silverkusten, Portugal H\u00e4r finns det hur mycket som helst att v\u00e4lja mellan. Omr\u00e5det f\u00e5r anses som ett av de b\u00e4sta i hela Europa f\u00f6r surf och bodyboard. M\u00e5nga h\u00e4vdar att det h\u00e5ller v\u00e4rldsklass. P\u00e5 en kuststr\u00e4cka om ca 40 km mellan Peniche och Nazar\u00e9 finner du allt fr\u00e5n enklare nyb\u00f6rjarv\u00e5gor via bra surfing [&hellip;]<\/p>\n","protected":false},"author":6,"featured_media":0,"parent":42058,"menu_order":0,"comment_status":"closed","ping_status":"closed","template":"layoutSidebar.php","meta":{"om_disable_all_campaigns":false,"_monsterinsights_skip_tracking":false,"_monsterinsights_sitenote_active":false,"_monsterinsights_sitenote_note":"","_monsterinsights_sitenote_category":0},"aioseo_notices":[],"yoast_head":"<!-- This site is optimized with the Yoast SEO plugin v19.10 - https:\/\/yoast.com\/wordpress\/plugins\/seo\/ -->\n<title>Surf och Bodyboard - Portugal Agent<\/title>\n<meta name=\"robots\" content=\"index, follow, max-snippet:-1, max-image-preview:large, max-video-preview:-1\" \/>\n<link rel=\"canonical\" href=\"https:\/\/portugalagent.com\/sv\/destination-silverkusten\/aktiviteter\/surf-och-bodyboard\/\" \/>\n<meta property=\"og:locale\" content=\"sv_SE\" \/>\n<meta property=\"og:type\" content=\"article\" \/>\n<meta property=\"og:title\" content=\"Surf och Bodyboard - Portugal Agent\" \/>\n<meta property=\"og:description\" content=\"Surfing p\u00e5 Silverkusten, Portugal H\u00e4r finns det hur mycket som helst att v\u00e4lja mellan. Omr\u00e5det f\u00e5r anses som ett av de b\u00e4sta i hela Europa f\u00f6r surf och bodyboard. M\u00e5nga h\u00e4vdar att det h\u00e5ller v\u00e4rldsklass. P\u00e5 en kuststr\u00e4cka om ca 40 km mellan Peniche och Nazar\u00e9 finner du allt fr\u00e5n enklare nyb\u00f6rjarv\u00e5gor via bra surfing [&hellip;]\" \/>\n<meta property=\"og:url\" content=\"https:\/\/portugalagent.com\/sv\/destination-silverkusten\/aktiviteter\/surf-och-bodyboard\/\" \/>\n<meta property=\"og:site_name\" content=\"Portugal Agent\" \/>\n<meta property=\"article:modified_time\" content=\"2020-06-10T18:32:00+00:00\" \/>\n<meta name=\"twitter:card\" content=\"summary_large_image\" \/>\n<meta name=\"twitter:label1\" content=\"Ber\u00e4knad l\u00e4stid\" \/>\n\t<meta name=\"twitter:data1\" content=\"3 minuter\" \/>\n<script type=\"application\/ld+json\" class=\"yoast-schema-graph\">{\"@context\":\"https:\/\/schema.org\",\"@graph\":[{\"@type\":\"WebPage\",\"@id\":\"https:\/\/portugalagent.com\/sv\/destination-silverkusten\/aktiviteter\/surf-och-bodyboard\/\",\"url\":\"https:\/\/portugalagent.com\/sv\/destination-silverkusten\/aktiviteter\/surf-och-bodyboard\/\",\"name\":\"Surf och Bodyboard - Portugal Agent\",\"isPartOf\":{\"@id\":\"https:\/\/portugalagent.com\/sv\/#website\"},\"datePublished\":\"2020-02-10T10:17:09+00:00\",\"dateModified\":\"2020-06-10T18:32:00+00:00\",\"breadcrumb\":{\"@id\":\"https:\/\/portugalagent.com\/sv\/destination-silverkusten\/aktiviteter\/surf-och-bodyboard\/#breadcrumb\"},\"inLanguage\":\"sv-SE\",\"potentialAction\":[{\"@type\":\"ReadAction\",\"target\":[\"https:\/\/portugalagent.com\/sv\/destination-silverkusten\/aktiviteter\/surf-och-bodyboard\/\"]}]},{\"@type\":\"BreadcrumbList\",\"@id\":\"https:\/\/portugalagent.com\/sv\/destination-silverkusten\/aktiviteter\/surf-och-bodyboard\/#breadcrumb\",\"itemListElement\":[{\"@type\":\"ListItem\",\"position\":1,\"name\":\"Home\",\"item\":\"https:\/\/portugalagent.com\/sv\/\"},{\"@type\":\"ListItem\",\"position\":2,\"name\":\"Destination Silverkusten\",\"item\":\"https:\/\/portugalagent.com\/sv\/destination-silverkusten\/\"},{\"@type\":\"ListItem\",\"position\":3,\"name\":\"Aktiviteter\",\"item\":\"https:\/\/portugalagent.com\/sv\/destination-silverkusten\/aktiviteter\/\"},{\"@type\":\"ListItem\",\"position\":4,\"name\":\"Surf och Bodyboard\"}]},{\"@type\":\"WebSite\",\"@id\":\"https:\/\/portugalagent.com\/sv\/#website\",\"url\":\"https:\/\/portugalagent.com\/sv\/\",\"name\":\"Portugal Agent\",\"description\":\"\",\"publisher\":{\"@id\":\"https:\/\/portugalagent.com\/sv\/#organization\"},\"potentialAction\":[{\"@type\":\"SearchAction\",\"target\":{\"@type\":\"EntryPoint\",\"urlTemplate\":\"https:\/\/portugalagent.com\/sv\/?s={search_term_string}\"},\"query-input\":\"required name=search_term_string\"}],\"inLanguage\":\"sv-SE\"},{\"@type\":\"Organization\",\"@id\":\"https:\/\/portugalagent.com\/sv\/#organization\",\"name\":\"Portugal Agent\",\"url\":\"https:\/\/portugalagent.com\/sv\/\",\"logo\":{\"@type\":\"ImageObject\",\"inLanguage\":\"sv-SE\",\"@id\":\"https:\/\/portugalagent.com\/sv\/#\/schema\/logo\/image\/\",\"url\":\"https:\/\/portugalagent.com\/wp-content\/uploads\/2020\/11\/portugalagent.svg\",\"contentUrl\":\"https:\/\/portugalagent.com\/wp-content\/uploads\/2020\/11\/portugalagent.svg\",\"caption\":\"Portugal Agent\"},\"image\":{\"@id\":\"https:\/\/portugalagent.com\/sv\/#\/schema\/logo\/image\/\"}}]}<\/script>\n<!-- \/ Yoast SEO plugin. -->","yoast_head_json":{"title":"Surf och Bodyboard - Portugal Agent","robots":{"index":"index","follow":"follow","max-snippet":"max-snippet:-1","max-image-preview":"max-image-preview:large","max-video-preview":"max-video-preview:-1"},"canonical":"https:\/\/portugalagent.com\/sv\/destination-silverkusten\/aktiviteter\/surf-och-bodyboard\/","og_locale":"sv_SE","og_type":"article","og_title":"Surf och Bodyboard - Portugal Agent","og_description":"Surfing p\u00e5 Silverkusten, Portugal H\u00e4r finns det hur mycket som helst att v\u00e4lja mellan. Omr\u00e5det f\u00e5r anses som ett av de b\u00e4sta i hela Europa f\u00f6r surf och bodyboard. M\u00e5nga h\u00e4vdar att det h\u00e5ller v\u00e4rldsklass. P\u00e5 en kuststr\u00e4cka om ca 40 km mellan Peniche och Nazar\u00e9 finner du allt fr\u00e5n enklare nyb\u00f6rjarv\u00e5gor via bra surfing [&hellip;]","og_url":"https:\/\/portugalagent.com\/sv\/destination-silverkusten\/aktiviteter\/surf-och-bodyboard\/","og_site_name":"Portugal Agent","article_modified_time":"2020-06-10T18:32:00+00:00","twitter_card":"summary_large_image","twitter_misc":{"Ber\u00e4knad l\u00e4stid":"3 minuter"},"schema":{"@context":"https:\/\/schema.org","@graph":[{"@type":"WebPage","@id":"https:\/\/portugalagent.com\/sv\/destination-silverkusten\/aktiviteter\/surf-och-bodyboard\/","url":"https:\/\/portugalagent.com\/sv\/destination-silverkusten\/aktiviteter\/surf-och-bodyboard\/","name":"Surf och Bodyboard - Portugal Agent","isPartOf":{"@id":"https:\/\/portugalagent.com\/sv\/#website"},"datePublished":"2020-02-10T10:17:09+00:00","dateModified":"2020-06-10T18:32:00+00:00","breadcrumb":{"@id":"https:\/\/portugalagent.com\/sv\/destination-silverkusten\/aktiviteter\/surf-och-bodyboard\/#breadcrumb"},"inLanguage":"sv-SE","potentialAction":[{"@type":"ReadAction","target":["https:\/\/portugalagent.com\/sv\/destination-silverkusten\/aktiviteter\/surf-och-bodyboard\/"]}]},{"@type":"BreadcrumbList","@id":"https:\/\/portugalagent.com\/sv\/destination-silverkusten\/aktiviteter\/surf-och-bodyboard\/#breadcrumb","itemListElement":[{"@type":"ListItem","position":1,"name":"Home","item":"https:\/\/portugalagent.com\/sv\/"},{"@type":"ListItem","position":2,"name":"Destination Silverkusten","item":"https:\/\/portugalagent.com\/sv\/destination-silverkusten\/"},{"@type":"ListItem","position":3,"name":"Aktiviteter","item":"https:\/\/portugalagent.com\/sv\/destination-silverkusten\/aktiviteter\/"},{"@type":"ListItem","position":4,"name":"Surf och Bodyboard"}]},{"@type":"WebSite","@id":"https:\/\/portugalagent.com\/sv\/#website","url":"https:\/\/portugalagent.com\/sv\/","name":"Portugal Agent","description":"","publisher":{"@id":"https:\/\/portugalagent.com\/sv\/#organization"},"potentialAction":[{"@type":"SearchAction","target":{"@type":"EntryPoint","urlTemplate":"https:\/\/portugalagent.com\/sv\/?s={search_term_string}"},"query-input":"required name=search_term_string"}],"inLanguage":"sv-SE"},{"@type":"Organization","@id":"https:\/\/portugalagent.com\/sv\/#organization","name":"Portugal Agent","url":"https:\/\/portugalagent.com\/sv\/","logo":{"@type":"ImageObject","inLanguage":"sv-SE","@id":"https:\/\/portugalagent.com\/sv\/#\/schema\/logo\/image\/","url":"https:\/\/portugalagent.com\/wp-content\/uploads\/2020\/11\/portugalagent.svg","contentUrl":"https:\/\/portugalagent.com\/wp-content\/uploads\/2020\/11\/portugalagent.svg","caption":"Portugal Agent"},"image":{"@id":"https:\/\/portugalagent.com\/sv\/#\/schema\/logo\/image\/"}}]}},"_links":{"self":[{"href":"https:\/\/portugalagent.com\/sv\/wp-json\/wp\/v2\/pages\/42084"}],"collection":[{"href":"https:\/\/portugalagent.com\/sv\/wp-json\/wp\/v2\/pages"}],"about":[{"href":"https:\/\/portugalagent.com\/sv\/wp-json\/wp\/v2\/types\/page"}],"author":[{"embeddable":true,"href":"https:\/\/portugalagent.com\/sv\/wp-json\/wp\/v2\/users\/6"}],"replies":[{"embeddable":true,"href":"https:\/\/portugalagent.com\/sv\/wp-json\/wp\/v2\/comments?post=42084"}],"version-history":[{"count":4,"href":"https:\/\/portugalagent.com\/sv\/wp-json\/wp\/v2\/pages\/42084\/revisions"}],"predecessor-version":[{"id":56146,"href":"https:\/\/portugalagent.com\/sv\/wp-json\/wp\/v2\/pages\/42084\/revisions\/56146"}],"up":[{"embeddable":true,"href":"https:\/\/portugalagent.com\/sv\/wp-json\/wp\/v2\/pages\/42058"}],"wp:attachment":[{"href":"https:\/\/portugalagent.com\/sv\/wp-json\/wp\/v2\/media?parent=42084"}],"curies":[{"name":"wp","href":"https:\/\/api.w.org\/{rel}","templated":true}]}}