{"id":42078,"date":"2020-02-10T10:09:40","date_gmt":"2020-02-10T10:09:40","guid":{"rendered":"https:\/\/www.go4digital-web.pt\/dev\/portugalagent\/?page_id=42078"},"modified":"2020-02-10T12:30:10","modified_gmt":"2020-02-10T12:30:10","slug":"spa-i-nazare-portugal","status":"publish","type":"page","link":"https:\/\/portugalagent.com\/sv\/destination-silverkusten\/aktiviteter\/spa-i-nazare-portugal\/","title":{"rendered":"Spa i Nazar\u00e9, Portugal"},"content":{"rendered":"\n<h5>Nazar\u00e9 har ett sk Thalasso SPA som ligger p\u00e5 strandpromenaden,&nbsp;Av. Manuel Rem\u00edgio, eller Marginalen som den kallas,&nbsp;mot hamnen till. Allt vatten de anv\u00e4nder i behandlingar och i pooler kommer fr\u00e5n havet.<\/h5>\n\n\n\n<p><a href=\"http:\/\/www.thalassoportugal.com\/en\/\" target=\"_blank\" rel=\"noreferrer noopener\">http:\/\/www.thalassoportugal.com\/en\/<br><\/a>SPA p\u00e5 hotell Miramar i Penedeiria ovanf\u00f6r Nazar\u00e9<br><a href=\"http:\/\/www.miramarnazarehotels.com\/en\/\" target=\"_blank\" rel=\"noreferrer noopener\">http:\/\/www.miramarnazarehotels.com\/en\/<\/a><\/p>\n\n\n\n<p>Ordet \u201dThalassa\u201d kommer fr\u00e5n grekiska och betyder \u201dhav\u201d. Thalassonkonceptet bygger p\u00e5 anv\u00e4ndning av havsvatten, havssalt, alger och leror i kurerande och\/eller f\u00f6rebyggande syfte. Den h\u00e4r inr\u00e4ttningen har en mycket fin utsikt \u00f6ver stranden och Atlanten.<\/p>\n","protected":false},"excerpt":{"rendered":"<p>Nazar\u00e9 har ett sk Thalasso SPA som ligger p\u00e5 strandpromenaden,&nbsp;Av. Manuel Rem\u00edgio, eller Marginalen som den kallas,&nbsp;mot hamnen till. Allt vatten de anv\u00e4nder i behandlingar och i pooler kommer fr\u00e5n havet. http:\/\/www.thalassoportugal.com\/en\/SPA p\u00e5 hotell Miramar i Penedeiria ovanf\u00f6r Nazar\u00e9http:\/\/www.miramarnazarehotels.com\/en\/ Ordet \u201dThalassa\u201d kommer fr\u00e5n grekiska och betyder \u201dhav\u201d. Thalassonkonceptet bygger p\u00e5 anv\u00e4ndning av havsvatten, havssalt, alger [&hellip;]<\/p>\n","protected":false},"author":6,"featured_media":0,"parent":42058,"menu_order":0,"comment_status":"closed","ping_status":"closed","template":"layoutSidebar.php","meta":{"om_disable_all_campaigns":false,"_monsterinsights_skip_tracking":false,"_monsterinsights_sitenote_active":false,"_monsterinsights_sitenote_note":"","_monsterinsights_sitenote_category":0},"aioseo_notices":[],"yoast_head":"<!-- This site is optimized with the Yoast SEO plugin v19.10 - https:\/\/yoast.com\/wordpress\/plugins\/seo\/ -->\n<title>Spa i Nazar\u00e9, Portugal - Portugal Agent<\/title>\n<meta name=\"robots\" content=\"index, follow, max-snippet:-1, max-image-preview:large, max-video-preview:-1\" \/>\n<link rel=\"canonical\" href=\"https:\/\/portugalagent.com\/sv\/destination-silverkusten\/aktiviteter\/spa-i-nazare-portugal\/\" \/>\n<meta property=\"og:locale\" content=\"sv_SE\" \/>\n<meta property=\"og:type\" content=\"article\" \/>\n<meta property=\"og:title\" content=\"Spa i Nazar\u00e9, Portugal - Portugal Agent\" \/>\n<meta property=\"og:description\" content=\"Nazar\u00e9 har ett sk Thalasso SPA som ligger p\u00e5 strandpromenaden,&nbsp;Av. Manuel Rem\u00edgio, eller Marginalen som den kallas,&nbsp;mot hamnen till. Allt vatten de anv\u00e4nder i behandlingar och i pooler kommer fr\u00e5n havet. http:\/\/www.thalassoportugal.com\/en\/SPA p\u00e5 hotell Miramar i Penedeiria ovanf\u00f6r Nazar\u00e9http:\/\/www.miramarnazarehotels.com\/en\/ Ordet \u201dThalassa\u201d kommer fr\u00e5n grekiska och betyder \u201dhav\u201d. Thalassonkonceptet bygger p\u00e5 anv\u00e4ndning av havsvatten, havssalt, alger [&hellip;]\" \/>\n<meta property=\"og:url\" content=\"https:\/\/portugalagent.com\/sv\/destination-silverkusten\/aktiviteter\/spa-i-nazare-portugal\/\" \/>\n<meta property=\"og:site_name\" content=\"Portugal Agent\" \/>\n<meta property=\"article:modified_time\" content=\"2020-02-10T12:30:10+00:00\" \/>\n<meta name=\"twitter:card\" content=\"summary_large_image\" \/>\n<script type=\"application\/ld+json\" class=\"yoast-schema-graph\">{\"@context\":\"https:\/\/schema.org\",\"@graph\":[{\"@type\":\"WebPage\",\"@id\":\"https:\/\/portugalagent.com\/sv\/destination-silverkusten\/aktiviteter\/spa-i-nazare-portugal\/\",\"url\":\"https:\/\/portugalagent.com\/sv\/destination-silverkusten\/aktiviteter\/spa-i-nazare-portugal\/\",\"name\":\"Spa i Nazar\u00e9, Portugal - Portugal Agent\",\"isPartOf\":{\"@id\":\"https:\/\/portugalagent.com\/sv\/#website\"},\"datePublished\":\"2020-02-10T10:09:40+00:00\",\"dateModified\":\"2020-02-10T12:30:10+00:00\",\"breadcrumb\":{\"@id\":\"https:\/\/portugalagent.com\/sv\/destination-silverkusten\/aktiviteter\/spa-i-nazare-portugal\/#breadcrumb\"},\"inLanguage\":\"sv-SE\",\"potentialAction\":[{\"@type\":\"ReadAction\",\"target\":[\"https:\/\/portugalagent.com\/sv\/destination-silverkusten\/aktiviteter\/spa-i-nazare-portugal\/\"]}]},{\"@type\":\"BreadcrumbList\",\"@id\":\"https:\/\/portugalagent.com\/sv\/destination-silverkusten\/aktiviteter\/spa-i-nazare-portugal\/#breadcrumb\",\"itemListElement\":[{\"@type\":\"ListItem\",\"position\":1,\"name\":\"Home\",\"item\":\"https:\/\/portugalagent.com\/sv\/\"},{\"@type\":\"ListItem\",\"position\":2,\"name\":\"Destination Silverkusten\",\"item\":\"https:\/\/portugalagent.com\/sv\/destination-silverkusten\/\"},{\"@type\":\"ListItem\",\"position\":3,\"name\":\"Aktiviteter\",\"item\":\"https:\/\/portugalagent.com\/sv\/destination-silverkusten\/aktiviteter\/\"},{\"@type\":\"ListItem\",\"position\":4,\"name\":\"Spa i Nazar\u00e9, Portugal\"}]},{\"@type\":\"WebSite\",\"@id\":\"https:\/\/portugalagent.com\/sv\/#website\",\"url\":\"https:\/\/portugalagent.com\/sv\/\",\"name\":\"Portugal Agent\",\"description\":\"\",\"publisher\":{\"@id\":\"https:\/\/portugalagent.com\/sv\/#organization\"},\"potentialAction\":[{\"@type\":\"SearchAction\",\"target\":{\"@type\":\"EntryPoint\",\"urlTemplate\":\"https:\/\/portugalagent.com\/sv\/?s={search_term_string}\"},\"query-input\":\"required name=search_term_string\"}],\"inLanguage\":\"sv-SE\"},{\"@type\":\"Organization\",\"@id\":\"https:\/\/portugalagent.com\/sv\/#organization\",\"name\":\"Portugal Agent\",\"url\":\"https:\/\/portugalagent.com\/sv\/\",\"logo\":{\"@type\":\"ImageObject\",\"inLanguage\":\"sv-SE\",\"@id\":\"https:\/\/portugalagent.com\/sv\/#\/schema\/logo\/image\/\",\"url\":\"https:\/\/portugalagent.com\/wp-content\/uploads\/2020\/11\/portugalagent.svg\",\"contentUrl\":\"https:\/\/portugalagent.com\/wp-content\/uploads\/2020\/11\/portugalagent.svg\",\"caption\":\"Portugal Agent\"},\"image\":{\"@id\":\"https:\/\/portugalagent.com\/sv\/#\/schema\/logo\/image\/\"}}]}<\/script>\n<!-- \/ Yoast SEO plugin. -->","yoast_head_json":{"title":"Spa i Nazar\u00e9, Portugal - Portugal Agent","robots":{"index":"index","follow":"follow","max-snippet":"max-snippet:-1","max-image-preview":"max-image-preview:large","max-video-preview":"max-video-preview:-1"},"canonical":"https:\/\/portugalagent.com\/sv\/destination-silverkusten\/aktiviteter\/spa-i-nazare-portugal\/","og_locale":"sv_SE","og_type":"article","og_title":"Spa i Nazar\u00e9, Portugal - Portugal Agent","og_description":"Nazar\u00e9 har ett sk Thalasso SPA som ligger p\u00e5 strandpromenaden,&nbsp;Av. Manuel Rem\u00edgio, eller Marginalen som den kallas,&nbsp;mot hamnen till. Allt vatten de anv\u00e4nder i behandlingar och i pooler kommer fr\u00e5n havet. http:\/\/www.thalassoportugal.com\/en\/SPA p\u00e5 hotell Miramar i Penedeiria ovanf\u00f6r Nazar\u00e9http:\/\/www.miramarnazarehotels.com\/en\/ Ordet \u201dThalassa\u201d kommer fr\u00e5n grekiska och betyder \u201dhav\u201d. Thalassonkonceptet bygger p\u00e5 anv\u00e4ndning av havsvatten, havssalt, alger [&hellip;]","og_url":"https:\/\/portugalagent.com\/sv\/destination-silverkusten\/aktiviteter\/spa-i-nazare-portugal\/","og_site_name":"Portugal Agent","article_modified_time":"2020-02-10T12:30:10+00:00","twitter_card":"summary_large_image","schema":{"@context":"https:\/\/schema.org","@graph":[{"@type":"WebPage","@id":"https:\/\/portugalagent.com\/sv\/destination-silverkusten\/aktiviteter\/spa-i-nazare-portugal\/","url":"https:\/\/portugalagent.com\/sv\/destination-silverkusten\/aktiviteter\/spa-i-nazare-portugal\/","name":"Spa i Nazar\u00e9, Portugal - Portugal Agent","isPartOf":{"@id":"https:\/\/portugalagent.com\/sv\/#website"},"datePublished":"2020-02-10T10:09:40+00:00","dateModified":"2020-02-10T12:30:10+00:00","breadcrumb":{"@id":"https:\/\/portugalagent.com\/sv\/destination-silverkusten\/aktiviteter\/spa-i-nazare-portugal\/#breadcrumb"},"inLanguage":"sv-SE","potentialAction":[{"@type":"ReadAction","target":["https:\/\/portugalagent.com\/sv\/destination-silverkusten\/aktiviteter\/spa-i-nazare-portugal\/"]}]},{"@type":"BreadcrumbList","@id":"https:\/\/portugalagent.com\/sv\/destination-silverkusten\/aktiviteter\/spa-i-nazare-portugal\/#breadcrumb","itemListElement":[{"@type":"ListItem","position":1,"name":"Home","item":"https:\/\/portugalagent.com\/sv\/"},{"@type":"ListItem","position":2,"name":"Destination Silverkusten","item":"https:\/\/portugalagent.com\/sv\/destination-silverkusten\/"},{"@type":"ListItem","position":3,"name":"Aktiviteter","item":"https:\/\/portugalagent.com\/sv\/destination-silverkusten\/aktiviteter\/"},{"@type":"ListItem","position":4,"name":"Spa i Nazar\u00e9, Portugal"}]},{"@type":"WebSite","@id":"https:\/\/portugalagent.com\/sv\/#website","url":"https:\/\/portugalagent.com\/sv\/","name":"Portugal Agent","description":"","publisher":{"@id":"https:\/\/portugalagent.com\/sv\/#organization"},"potentialAction":[{"@type":"SearchAction","target":{"@type":"EntryPoint","urlTemplate":"https:\/\/portugalagent.com\/sv\/?s={search_term_string}"},"query-input":"required name=search_term_string"}],"inLanguage":"sv-SE"},{"@type":"Organization","@id":"https:\/\/portugalagent.com\/sv\/#organization","name":"Portugal Agent","url":"https:\/\/portugalagent.com\/sv\/","logo":{"@type":"ImageObject","inLanguage":"sv-SE","@id":"https:\/\/portugalagent.com\/sv\/#\/schema\/logo\/image\/","url":"https:\/\/portugalagent.com\/wp-content\/uploads\/2020\/11\/portugalagent.svg","contentUrl":"https:\/\/portugalagent.com\/wp-content\/uploads\/2020\/11\/portugalagent.svg","caption":"Portugal Agent"},"image":{"@id":"https:\/\/portugalagent.com\/sv\/#\/schema\/logo\/image\/"}}]}},"_links":{"self":[{"href":"https:\/\/portugalagent.com\/sv\/wp-json\/wp\/v2\/pages\/42078"}],"collection":[{"href":"https:\/\/portugalagent.com\/sv\/wp-json\/wp\/v2\/pages"}],"about":[{"href":"https:\/\/portugalagent.com\/sv\/wp-json\/wp\/v2\/types\/page"}],"author":[{"embeddable":true,"href":"https:\/\/portugalagent.com\/sv\/wp-json\/wp\/v2\/users\/6"}],"replies":[{"embeddable":true,"href":"https:\/\/portugalagent.com\/sv\/wp-json\/wp\/v2\/comments?post=42078"}],"version-history":[{"count":1,"href":"https:\/\/portugalagent.com\/sv\/wp-json\/wp\/v2\/pages\/42078\/revisions"}],"predecessor-version":[{"id":42079,"href":"https:\/\/portugalagent.com\/sv\/wp-json\/wp\/v2\/pages\/42078\/revisions\/42079"}],"up":[{"embeddable":true,"href":"https:\/\/portugalagent.com\/sv\/wp-json\/wp\/v2\/pages\/42058"}],"wp:attachment":[{"href":"https:\/\/portugalagent.com\/sv\/wp-json\/wp\/v2\/media?parent=42078"}],"curies":[{"name":"wp","href":"https:\/\/api.w.org\/{rel}","templated":true}]}}