{"id":42074,"date":"2020-02-10T10:08:20","date_gmt":"2020-02-10T10:08:20","guid":{"rendered":"https:\/\/www.go4digital-web.pt\/dev\/portugalagent\/?page_id=42074"},"modified":"2020-02-10T12:28:04","modified_gmt":"2020-02-10T12:28:04","slug":"rua-bartolomeu-dias","status":"publish","type":"page","link":"https:\/\/portugalagent.com\/sv\/destination-silverkusten\/aktiviteter\/rua-bartolomeu-dias\/","title":{"rendered":"Rua Bartolomeu Dias"},"content":{"rendered":"\n<p>Det h\u00e4r \u00e4r den lilla v\u00e4gen som g\u00e5r fr\u00e5n S\u00e3o Marthino do Porto till Nazar\u00e9. Vackrast \u00e4r den just i riktningen fr\u00e5n S\u00e3o Marthino do Porto och mot Nazar\u00e9, allts\u00e5 riktning norrut. D\u00e5 ser du fantastiska vyer p\u00e5 b\u00e4gge sidor om v\u00e4gen som g\u00e5r h\u00f6gt upp p\u00e5 en \u00e5s. Atlanten till v\u00e4nster och en b\u00f6rdig dal till h\u00f6ger.<\/p>\n","protected":false},"excerpt":{"rendered":"<p>Det h\u00e4r \u00e4r den lilla v\u00e4gen som g\u00e5r fr\u00e5n S\u00e3o Marthino do Porto till Nazar\u00e9. Vackrast \u00e4r den just i riktningen fr\u00e5n S\u00e3o Marthino do Porto och mot Nazar\u00e9, allts\u00e5 riktning norrut. D\u00e5 ser du fantastiska vyer p\u00e5 b\u00e4gge sidor om v\u00e4gen som g\u00e5r h\u00f6gt upp p\u00e5 en \u00e5s. Atlanten till v\u00e4nster och en b\u00f6rdig [&hellip;]<\/p>\n","protected":false},"author":6,"featured_media":0,"parent":42058,"menu_order":0,"comment_status":"closed","ping_status":"closed","template":"layoutSidebar.php","meta":{"om_disable_all_campaigns":false,"_monsterinsights_skip_tracking":false,"_monsterinsights_sitenote_active":false,"_monsterinsights_sitenote_note":"","_monsterinsights_sitenote_category":0},"aioseo_notices":[],"yoast_head":"<!-- This site is optimized with the Yoast SEO plugin v19.10 - https:\/\/yoast.com\/wordpress\/plugins\/seo\/ -->\n<title>Rua Bartolomeu Dias - Portugal Agent<\/title>\n<meta name=\"robots\" content=\"index, follow, max-snippet:-1, max-image-preview:large, max-video-preview:-1\" \/>\n<link rel=\"canonical\" href=\"https:\/\/portugalagent.com\/sv\/destination-silverkusten\/aktiviteter\/rua-bartolomeu-dias\/\" \/>\n<meta property=\"og:locale\" content=\"sv_SE\" \/>\n<meta property=\"og:type\" content=\"article\" \/>\n<meta property=\"og:title\" content=\"Rua Bartolomeu Dias - Portugal Agent\" \/>\n<meta property=\"og:description\" content=\"Det h\u00e4r \u00e4r den lilla v\u00e4gen som g\u00e5r fr\u00e5n S\u00e3o Marthino do Porto till Nazar\u00e9. Vackrast \u00e4r den just i riktningen fr\u00e5n S\u00e3o Marthino do Porto och mot Nazar\u00e9, allts\u00e5 riktning norrut. D\u00e5 ser du fantastiska vyer p\u00e5 b\u00e4gge sidor om v\u00e4gen som g\u00e5r h\u00f6gt upp p\u00e5 en \u00e5s. Atlanten till v\u00e4nster och en b\u00f6rdig [&hellip;]\" \/>\n<meta property=\"og:url\" content=\"https:\/\/portugalagent.com\/sv\/destination-silverkusten\/aktiviteter\/rua-bartolomeu-dias\/\" \/>\n<meta property=\"og:site_name\" content=\"Portugal Agent\" \/>\n<meta property=\"article:modified_time\" content=\"2020-02-10T12:28:04+00:00\" \/>\n<meta name=\"twitter:card\" content=\"summary_large_image\" \/>\n<script type=\"application\/ld+json\" class=\"yoast-schema-graph\">{\"@context\":\"https:\/\/schema.org\",\"@graph\":[{\"@type\":\"WebPage\",\"@id\":\"https:\/\/portugalagent.com\/sv\/destination-silverkusten\/aktiviteter\/rua-bartolomeu-dias\/\",\"url\":\"https:\/\/portugalagent.com\/sv\/destination-silverkusten\/aktiviteter\/rua-bartolomeu-dias\/\",\"name\":\"Rua Bartolomeu Dias - Portugal Agent\",\"isPartOf\":{\"@id\":\"https:\/\/portugalagent.com\/sv\/#website\"},\"datePublished\":\"2020-02-10T10:08:20+00:00\",\"dateModified\":\"2020-02-10T12:28:04+00:00\",\"breadcrumb\":{\"@id\":\"https:\/\/portugalagent.com\/sv\/destination-silverkusten\/aktiviteter\/rua-bartolomeu-dias\/#breadcrumb\"},\"inLanguage\":\"sv-SE\",\"potentialAction\":[{\"@type\":\"ReadAction\",\"target\":[\"https:\/\/portugalagent.com\/sv\/destination-silverkusten\/aktiviteter\/rua-bartolomeu-dias\/\"]}]},{\"@type\":\"BreadcrumbList\",\"@id\":\"https:\/\/portugalagent.com\/sv\/destination-silverkusten\/aktiviteter\/rua-bartolomeu-dias\/#breadcrumb\",\"itemListElement\":[{\"@type\":\"ListItem\",\"position\":1,\"name\":\"Home\",\"item\":\"https:\/\/portugalagent.com\/sv\/\"},{\"@type\":\"ListItem\",\"position\":2,\"name\":\"Destination Silverkusten\",\"item\":\"https:\/\/portugalagent.com\/sv\/destination-silverkusten\/\"},{\"@type\":\"ListItem\",\"position\":3,\"name\":\"Aktiviteter\",\"item\":\"https:\/\/portugalagent.com\/sv\/destination-silverkusten\/aktiviteter\/\"},{\"@type\":\"ListItem\",\"position\":4,\"name\":\"Rua Bartolomeu Dias\"}]},{\"@type\":\"WebSite\",\"@id\":\"https:\/\/portugalagent.com\/sv\/#website\",\"url\":\"https:\/\/portugalagent.com\/sv\/\",\"name\":\"Portugal Agent\",\"description\":\"\",\"publisher\":{\"@id\":\"https:\/\/portugalagent.com\/sv\/#organization\"},\"potentialAction\":[{\"@type\":\"SearchAction\",\"target\":{\"@type\":\"EntryPoint\",\"urlTemplate\":\"https:\/\/portugalagent.com\/sv\/?s={search_term_string}\"},\"query-input\":\"required name=search_term_string\"}],\"inLanguage\":\"sv-SE\"},{\"@type\":\"Organization\",\"@id\":\"https:\/\/portugalagent.com\/sv\/#organization\",\"name\":\"Portugal Agent\",\"url\":\"https:\/\/portugalagent.com\/sv\/\",\"logo\":{\"@type\":\"ImageObject\",\"inLanguage\":\"sv-SE\",\"@id\":\"https:\/\/portugalagent.com\/sv\/#\/schema\/logo\/image\/\",\"url\":\"https:\/\/portugalagent.com\/wp-content\/uploads\/2020\/11\/portugalagent.svg\",\"contentUrl\":\"https:\/\/portugalagent.com\/wp-content\/uploads\/2020\/11\/portugalagent.svg\",\"caption\":\"Portugal Agent\"},\"image\":{\"@id\":\"https:\/\/portugalagent.com\/sv\/#\/schema\/logo\/image\/\"}}]}<\/script>\n<!-- \/ Yoast SEO plugin. -->","yoast_head_json":{"title":"Rua Bartolomeu Dias - Portugal Agent","robots":{"index":"index","follow":"follow","max-snippet":"max-snippet:-1","max-image-preview":"max-image-preview:large","max-video-preview":"max-video-preview:-1"},"canonical":"https:\/\/portugalagent.com\/sv\/destination-silverkusten\/aktiviteter\/rua-bartolomeu-dias\/","og_locale":"sv_SE","og_type":"article","og_title":"Rua Bartolomeu Dias - Portugal Agent","og_description":"Det h\u00e4r \u00e4r den lilla v\u00e4gen som g\u00e5r fr\u00e5n S\u00e3o Marthino do Porto till Nazar\u00e9. Vackrast \u00e4r den just i riktningen fr\u00e5n S\u00e3o Marthino do Porto och mot Nazar\u00e9, allts\u00e5 riktning norrut. D\u00e5 ser du fantastiska vyer p\u00e5 b\u00e4gge sidor om v\u00e4gen som g\u00e5r h\u00f6gt upp p\u00e5 en \u00e5s. Atlanten till v\u00e4nster och en b\u00f6rdig [&hellip;]","og_url":"https:\/\/portugalagent.com\/sv\/destination-silverkusten\/aktiviteter\/rua-bartolomeu-dias\/","og_site_name":"Portugal Agent","article_modified_time":"2020-02-10T12:28:04+00:00","twitter_card":"summary_large_image","schema":{"@context":"https:\/\/schema.org","@graph":[{"@type":"WebPage","@id":"https:\/\/portugalagent.com\/sv\/destination-silverkusten\/aktiviteter\/rua-bartolomeu-dias\/","url":"https:\/\/portugalagent.com\/sv\/destination-silverkusten\/aktiviteter\/rua-bartolomeu-dias\/","name":"Rua Bartolomeu Dias - Portugal Agent","isPartOf":{"@id":"https:\/\/portugalagent.com\/sv\/#website"},"datePublished":"2020-02-10T10:08:20+00:00","dateModified":"2020-02-10T12:28:04+00:00","breadcrumb":{"@id":"https:\/\/portugalagent.com\/sv\/destination-silverkusten\/aktiviteter\/rua-bartolomeu-dias\/#breadcrumb"},"inLanguage":"sv-SE","potentialAction":[{"@type":"ReadAction","target":["https:\/\/portugalagent.com\/sv\/destination-silverkusten\/aktiviteter\/rua-bartolomeu-dias\/"]}]},{"@type":"BreadcrumbList","@id":"https:\/\/portugalagent.com\/sv\/destination-silverkusten\/aktiviteter\/rua-bartolomeu-dias\/#breadcrumb","itemListElement":[{"@type":"ListItem","position":1,"name":"Home","item":"https:\/\/portugalagent.com\/sv\/"},{"@type":"ListItem","position":2,"name":"Destination Silverkusten","item":"https:\/\/portugalagent.com\/sv\/destination-silverkusten\/"},{"@type":"ListItem","position":3,"name":"Aktiviteter","item":"https:\/\/portugalagent.com\/sv\/destination-silverkusten\/aktiviteter\/"},{"@type":"ListItem","position":4,"name":"Rua Bartolomeu Dias"}]},{"@type":"WebSite","@id":"https:\/\/portugalagent.com\/sv\/#website","url":"https:\/\/portugalagent.com\/sv\/","name":"Portugal Agent","description":"","publisher":{"@id":"https:\/\/portugalagent.com\/sv\/#organization"},"potentialAction":[{"@type":"SearchAction","target":{"@type":"EntryPoint","urlTemplate":"https:\/\/portugalagent.com\/sv\/?s={search_term_string}"},"query-input":"required name=search_term_string"}],"inLanguage":"sv-SE"},{"@type":"Organization","@id":"https:\/\/portugalagent.com\/sv\/#organization","name":"Portugal Agent","url":"https:\/\/portugalagent.com\/sv\/","logo":{"@type":"ImageObject","inLanguage":"sv-SE","@id":"https:\/\/portugalagent.com\/sv\/#\/schema\/logo\/image\/","url":"https:\/\/portugalagent.com\/wp-content\/uploads\/2020\/11\/portugalagent.svg","contentUrl":"https:\/\/portugalagent.com\/wp-content\/uploads\/2020\/11\/portugalagent.svg","caption":"Portugal Agent"},"image":{"@id":"https:\/\/portugalagent.com\/sv\/#\/schema\/logo\/image\/"}}]}},"_links":{"self":[{"href":"https:\/\/portugalagent.com\/sv\/wp-json\/wp\/v2\/pages\/42074"}],"collection":[{"href":"https:\/\/portugalagent.com\/sv\/wp-json\/wp\/v2\/pages"}],"about":[{"href":"https:\/\/portugalagent.com\/sv\/wp-json\/wp\/v2\/types\/page"}],"author":[{"embeddable":true,"href":"https:\/\/portugalagent.com\/sv\/wp-json\/wp\/v2\/users\/6"}],"replies":[{"embeddable":true,"href":"https:\/\/portugalagent.com\/sv\/wp-json\/wp\/v2\/comments?post=42074"}],"version-history":[{"count":1,"href":"https:\/\/portugalagent.com\/sv\/wp-json\/wp\/v2\/pages\/42074\/revisions"}],"predecessor-version":[{"id":42075,"href":"https:\/\/portugalagent.com\/sv\/wp-json\/wp\/v2\/pages\/42074\/revisions\/42075"}],"up":[{"embeddable":true,"href":"https:\/\/portugalagent.com\/sv\/wp-json\/wp\/v2\/pages\/42058"}],"wp:attachment":[{"href":"https:\/\/portugalagent.com\/sv\/wp-json\/wp\/v2\/media?parent=42074"}],"curies":[{"name":"wp","href":"https:\/\/api.w.org\/{rel}","templated":true}]}}