{"id":42070,"date":"2020-02-10T10:02:57","date_gmt":"2020-02-10T10:02:57","guid":{"rendered":"https:\/\/www.go4digital-web.pt\/dev\/portugalagent\/?page_id=42070"},"modified":"2020-06-10T18:28:33","modified_gmt":"2020-06-10T18:28:33","slug":"mtb-portugal","status":"publish","type":"page","link":"https:\/\/portugalagent.com\/sv\/destination-silverkusten\/aktiviteter\/mtb-portugal\/","title":{"rendered":"Mtb Portugal och Nazar\u00e9"},"content":{"rendered":"\n<p>Cykla mtb i Portugal \u00e4r toppen! Centro de BTT i Pia do Urso \u2013 en mtb-anl\u00e4ggning av h\u00f6gsta klass.<br>MTB-anl\u00e4ggningen \u00e4r helt fantastisk. F\u00f6rutom m\u00e5nga bra leder erbjuder man fina omkl\u00e4dningsrum, fina toaletter, duschar och tom mekst\u00e4ll med verktyg f\u00f6r bes\u00f6karen. Allt utan avgift!<\/p>\n\n\n\n<p><a href=\"http:\/\/www.cyclinportugal.pt\/pt\/2-centros\/49-batalha\">BTT Pia do Urso<\/a><\/p>\n\n\n\n<p>Total l\u00e4ngd: 264 km med fyra olika niv\u00e5er av sv\u00e5righetsgrad. Totalt har man sju olika mtb-leder.<br>1 Gr\u00f6n, 1 bl\u00e5, 3 r\u00f6da och 2 svarta d\u00e4r svart \u00e4r sv\u00e5rast. Se deras hemsida. D\u00e4r finns varje led beskriven i detalj med h\u00f6jdskillnader, l\u00e4ngd, sv\u00e5righetsgrad samt karta.<br>Det finns flera Centros de BTT i Portugal. Kolla hemsidan. BTT = Bicicleta Todo Terreno.<\/p>\n\n\n\n<p>Kolla \u00e4ven: <a href=\"https:\/\/bikezone.pt\/pt\/?it=loja&amp;mop=3&amp;co=986\">Portugal BTT<\/a><a rel=\"noreferrer noopener\" href=\"http:\/\/portugalbtt.com\/\" target=\"_blank\"><br><\/a>Bra mtb-shop i Leiria:&nbsp;<a href=\"https:\/\/bikezone.pt\/pt\/?it=loja&amp;mop=3&amp;co=986\">Bike Zone<\/a><\/p>\n\n\n\n<p>Enklast blir det att ta med egen mtb.<\/p>\n\n\n\n<p><strong>Aktuella l\u00e4nkar fr\u00e5n nyhetsarkivet:<\/strong><br><a href=\"https:\/\/portugalagent.com\/sv\/mtb-och-vandring-i-varldsklass-alcobaca\/\">Mtb och vandring i v\u00e4rldsklass \u2013 Alcoba\u00e7a<\/a><br><a href=\"Vandring: Sitio till Vale Furado\">Vandring: Sitio till Vale Furado<\/a><br><a href=\"https:\/\/portugalagent.com\/sv\/en-vandring-pa-silverkusten\/\">En vandring p\u00e5 Silverkusten<\/a><br><a href=\"https:\/\/portugalagent.com\/sv\/vintervandringar-i-nazare\/\">Vintervandringar i Nazar\u00e9<\/a><\/p>\n\n\n\n<h2><strong>Mtb Portugal \u2013 Nazar\u00e9 och Alcoba\u00e7a<\/strong><br><\/h2>\n\n\n\n<figure class=\"wp-block-image size-large\"><img decoding=\"async\" loading=\"lazy\" width=\"960\" height=\"745\" src=\"https:\/\/portugalagent.com\/wp-content\/uploads\/2020\/04\/IMG_5557NET-2.jpg\" alt=\"\" class=\"wp-image-54845\" srcset=\"https:\/\/portugalagent.com\/wp-content\/uploads\/2020\/04\/IMG_5557NET-2.jpg?v=1587998537 960w, https:\/\/portugalagent.com\/wp-content\/uploads\/2020\/04\/IMG_5557NET-2-300x233.jpg?v=1587998537 300w, https:\/\/portugalagent.com\/wp-content\/uploads\/2020\/04\/IMG_5557NET-2-768x596.jpg?v=1587998537 768w\" sizes=\"(max-width: 960px) 100vw, 960px\" \/><\/figure>\n\n\n\n<p>Skrivet 2020-04-27<\/p>\n\n\n\n<p>Med utg\u00e5ngspunkt fr\u00e5n Nazar\u00e9 p\u00e5 Silverkusten finns det flera bra mountainbikeslingor att v\u00e4lja mellan. Vill du ha en varierad och kuperad slinga cyklar du med f\u00f6rdel s\u00f6derut fr\u00e5n Nazar\u00e9 utefter \u00e5sen ner mot S\u00e3o Martinho do Porto. En annan variant \u00e4r att cykla \u00f6sterut via flodb\u00e4dden vid jorbrukslandskapet \u00f6ster om Casal Mota och sedan \u00f6ver motorv\u00e4gen och brant uppf\u00f6r p\u00e5 traktorstigar till Barrio. Valfri v\u00e4g ner igen.<br>En tredje \u00e4r att ta med cykeln i bilen och starta i \u00f6stra delarna av Alcoba\u00e7a. H\u00e4r finns olika singletracks och vandringsleder som ger en mycket bra mtb-upplevelse.<\/p>\n\n\n\n<p>Nedan finner du tre exempel p\u00e5 mtb-turer med Nazar\u00e9 som utg\u00e5ngspunkt. J\u00e4mf\u00f6r med Google maps och satellit s\u00e5 hittar du nog vad vi menar i beskrivningarna nedan.<\/p>\n\n\n\n<h2><strong>Serra da Pescaria<\/strong><\/h2>\n\n\n\n<p>Den h\u00e4r slingan kan varieras p\u00e5 m\u00e5nga s\u00e4tt. Med start\/stopp i Sitio da Nazar\u00e9 blir den allt fr\u00e5n ca 20 km till kanske 35 \u2013 40 eller 50 km l\u00e5ng beroende p\u00e5 hur m\u00e5nga extra loopar du l\u00e4gger in. Uppe p\u00e5 \u00e5sen \u00e4r det ca 140 mh\u00f6 s\u00e5 om du vill kan du kl\u00e4ttra till den h\u00f6jden flera ggr p\u00e5 en slinga. D\u00e5 blir det ganska jobbigt.<\/p>\n\n\n\n<p>B\u00f6rja med att cykla igenom Pederneira och s\u00f6derut p\u00e5 \u00e5sen. Passera Hotel Miramar Sul och sedan grusbacken (brant) ner till N242. \u00d6ver bron och sedan upp till Casal Mota p\u00e5 asfalt d\u00e4r du sv\u00e4nger in v\u00e4nster och passerar alla husen och ut p\u00e5 en grusv\u00e4g\/vandringsstig som g\u00e5r p\u00e5 skr\u00e5 upp och ner f\u00f6r \u00f6stra sluttningarna. Leta dig fram till Estrada Serra da Pescaria och ta den n\u00e5gra 100m v\u00e4nster, ner\u00e5t, f\u00f6r att sedan hitta en smal traktorv\u00e4g som g\u00e5r upp\u00e5t p\u00e5 andra sidan asfaltsv\u00e4gen.<br>F\u00f6lj stigen och v\u00e4gen vidare s\u00f6derut mot S\u00e3o Martinho do Porto. V\u00e4l p\u00e5 Estrada de Bom Jesus kan du v\u00e4lja att ta dig \u00f6ver \u00e5sen och ut p\u00e5 Atlantsidan via Travessa do Rio, sedan en kort bit norrut p\u00e5 R. Bartolomeu Dias, direkt v\u00e4nster p\u00e5 grusv\u00e4gen som g\u00e5r sv och v\u00e4l framme vid R. Praia do Salgado tar du h\u00f6 mot havet. Titta noga p\u00e5 kartan s\u00e5 ser du en smal stig som g\u00e5r p\u00e5 skr\u00e5 mot Salgado. F\u00f6lj den norrut fram till det lilla samh\u00e4llet ovan Salgadostranden. Ta dig vidare parallellt med stranden norrut genom jordbrukslandskapet. Bitvis sandigt men det \u00e4r korta partier som du m\u00e5ste leda cykeln och du har k\u00f6rt r\u00e4tt v\u00e4g. Tll slut kommer du fram vid bron \u00f6ver Rio Alcobaca och kan h\u00e4r v\u00e4lja att cykla via hamnen tillbaka till Nazar\u00e9 eller g\u00f6ra kl\u00e4ttringen via grusbacken upp till Pederneira och k\u00f6ra den v\u00e4gen tillbaka.<\/p>\n\n\n\n<p>Vill du k\u00f6ra l\u00e4gre forts\u00e4tter du bara s\u00f6derut mot S\u00e3o Martinho do Porto vid Estrada de Bom Jesus. Snirklar du dig in i stan kan du ta till h\u00f6ger mot Miradouro de Facho och sedan norrut igen p\u00e5 Atlantsidan tills du kommer fram till Miradouro do Salgado och du hittar stigen som g\u00e5r p\u00e5 skr\u00e5 mot Nazar\u00e9. Vill du cykla \u00e4nnu l\u00e4ngre s\u00e5 passerar du lagunen och s\u00f6ker dig ut p\u00e5 stigarna s\u00f6der\u00f6ver och ut mot Atlanten.<\/p>\n\n\n\n<h2>Barrio<\/h2>\n\n\n\n<p>Samma start som Serra da Pescaria som beskrivet ovan. Men v\u00e4l \u00f6ver bron \u00f6ver Rioa Alcobaca ska du inte ta den branta backen upp utan forts\u00e4tta under v\u00e4gbron, under N242. Sedan genom en liten industribyggnad vid en vattendamm. Hitta stigen som g\u00e5r utefter floden p\u00e5 flodens s\u00f6dra sida. Den g\u00e5r att cykla n\u00e4stan fram till motorv\u00e4gen, A8. Orientera dig till Estrada do Campo. K\u00f6r en bit s\u00f6derut och passera A8 p\u00e5 bron \u00f6sterut. Direkt d\u00f6r bron slutar finner du en grusv\u00e4g som g\u00e5r norrut parallellt med A8. Efter n\u00e5gra hundra meter sv\u00e4nger den av in i en dal och sedan brutalt brant upp\u00e5t p\u00e5 en traktorv\u00e4g som till slut tar dig till Barrio uppe p\u00e5 berget. H\u00e4r kan du ta en asfaltsv\u00e4g tillbaka till Rio Alcobaca och \u00e5terv\u00e4nda via flodb\u00e4dden till Nazar\u00e9. Du kan ocks\u00e5 ta en sydlig loop och ta dig sedan ner mot A8 vid Cela Vela t.ex. H\u00e4rifr\u00e5n kan du hitta till slingan vid Serra da Pescaria. D\u00e5 blir det m\u00e5nga hundra h\u00f6jdmeters stigning totalt och minst 40 km beroende p\u00e5 hur du v\u00e4ljer att g\u00f6ra uppe p\u00e5 \u00e5sen vid Serra da Pescari<\/p>\n\n\n\n<h2><strong>\u00d6stra Alcoba\u00e7a<\/strong><br><\/h2>\n\n\n\n<p>F\u00f6rslagsvis parkerar du utanf\u00f6r Parque dos Monges. Dit \u00e4r det skyltat och de har toaletter f\u00f6r allm\u00e4nheten. H\u00e4rifr\u00e5n cyklar man sedan R. da Esperanca, det blir v\u00e4st, syd, sydost i en moturs r\u00f6relse sedan \u00f6sterut uppf\u00f6r grusv\u00e4garna till rondellen i Carrascal. En jobbigare v\u00e4g hit \u00e4r att i st\u00e4llet k\u00f6ra medurs i b\u00f6rjan, \u00f6ver bron vid Chiqueda, Ria Alcoa, sedan h\u00f6 in p\u00e5 R. dos Valinhos. H\u00e4r kan du forts\u00e4tta p\u00e5 en smal stig brant uppf\u00f6r och ansluta p\u00e5 grusv\u00e4gen som beskriven ovan. V\u00e4l vid grusv\u00e4gen tar du v\u00e4 och forts\u00e4tter till rondellen i Carrascal. Sv\u00e4ng v\u00e4 vid Parque de Mendes. Leta r\u00e4tt p\u00e5 grusv\u00e4gen och stigen so tar dig ner till R. Principal norrut. Kul singeltrack! Sv\u00e4ng h\u00f6 p\u00e5 asfaltsv\u00e4gen och efter bara n\u00e5gra 100m v\u00e4 in p\u00e5 stigen som du ser p\u00e5 Google Maps. F\u00f6lj den h\u00f6 sedan v\u00e4 p\u00e5 grusv\u00e4gen. H\u00f6 innan stenbrottet och sedan \u00e4r det \u201dbara\u201d att leta sig runt moturs tills du kommer tillbaka till startpunkten.<br><strong>Missa inte:<\/strong> En mycket kul del (singletrack svagt nerf\u00f6r hela v\u00e4gen) av denna slinga g\u00e5r fr\u00e5n den enkla fotbollsplanen vid R. Principal, vid v\u00e4stra kortsidan av planen hittar du en stig. F\u00f6lj den. Det finns inga v\u00e4gsk\u00e4l tills du \u00e4r framme vid en parkering och en fin liten damm strax \u00f6ster om R. do Nascente.<\/p>\n\n\n\n<p>H\u00f6r g\u00e4rna av dig om du vill ha tips och r\u00e5d. Eller om vi ska s\u00e4tta ihop en tr\u00e4ningsgrupp f\u00f6r mtb i Nazar\u00e9-omr\u00e5det.<\/p>\n\n\n\n<p>Niklas Fors\u00e9n<br><a href=\"mailto:niklas@portugalagent.com\">niklas@portugalagent.com<\/a><br>+46-70-592 60 76<\/p>\n\n\n\n<p>Se mer i bildarkivet nedan!<\/p>\n\n\n\n<p><\/p>\n","protected":false},"excerpt":{"rendered":"<p>Cykla mtb i Portugal \u00e4r toppen! Centro de BTT i Pia do Urso \u2013 en mtb-anl\u00e4ggning av h\u00f6gsta klass.MTB-anl\u00e4ggningen \u00e4r helt fantastisk. F\u00f6rutom m\u00e5nga bra leder erbjuder man fina omkl\u00e4dningsrum, fina toaletter, duschar och tom mekst\u00e4ll med verktyg f\u00f6r bes\u00f6karen. Allt utan avgift! BTT Pia do Urso Total l\u00e4ngd: 264 km med fyra olika niv\u00e5er [&hellip;]<\/p>\n","protected":false},"author":6,"featured_media":0,"parent":42058,"menu_order":0,"comment_status":"closed","ping_status":"closed","template":"layoutSidebar.php","meta":{"om_disable_all_campaigns":false,"_monsterinsights_skip_tracking":false,"_monsterinsights_sitenote_active":false,"_monsterinsights_sitenote_note":"","_monsterinsights_sitenote_category":0},"aioseo_notices":[],"yoast_head":"<!-- This site is optimized with the Yoast SEO plugin v19.10 - https:\/\/yoast.com\/wordpress\/plugins\/seo\/ -->\n<title>Mtb Portugal och Nazar\u00e9 - Portugal Agent<\/title>\n<meta name=\"description\" content=\"mtb Portugal och Nazar\u00e9. Centro de BTT i Pia do Urso \u2013 en mtb-anl\u00e4ggning av h\u00f6gsta klass.\" \/>\n<meta name=\"robots\" content=\"index, follow, max-snippet:-1, max-image-preview:large, max-video-preview:-1\" \/>\n<link rel=\"canonical\" href=\"https:\/\/portugalagent.com\/sv\/destination-silverkusten\/aktiviteter\/mtb-portugal\/\" \/>\n<meta property=\"og:locale\" content=\"sv_SE\" \/>\n<meta property=\"og:type\" content=\"article\" \/>\n<meta property=\"og:title\" content=\"Mtb Portugal och Nazar\u00e9 - Portugal Agent\" \/>\n<meta property=\"og:description\" content=\"mtb Portugal och Nazar\u00e9. Centro de BTT i Pia do Urso \u2013 en mtb-anl\u00e4ggning av h\u00f6gsta klass.\" \/>\n<meta property=\"og:url\" content=\"https:\/\/portugalagent.com\/sv\/destination-silverkusten\/aktiviteter\/mtb-portugal\/\" \/>\n<meta property=\"og:site_name\" content=\"Portugal Agent\" \/>\n<meta property=\"article:modified_time\" content=\"2020-06-10T18:28:33+00:00\" \/>\n<meta property=\"og:image\" content=\"https:\/\/portugalagent.com\/wp-content\/uploads\/2020\/04\/IMG_5557NET-2.jpg\" \/>\n<meta name=\"twitter:card\" content=\"summary_large_image\" \/>\n<meta name=\"twitter:label1\" content=\"Ber\u00e4knad l\u00e4stid\" \/>\n\t<meta name=\"twitter:data1\" content=\"6 minuter\" \/>\n<script type=\"application\/ld+json\" class=\"yoast-schema-graph\">{\"@context\":\"https:\/\/schema.org\",\"@graph\":[{\"@type\":\"WebPage\",\"@id\":\"https:\/\/portugalagent.com\/sv\/destination-silverkusten\/aktiviteter\/mtb-portugal\/\",\"url\":\"https:\/\/portugalagent.com\/sv\/destination-silverkusten\/aktiviteter\/mtb-portugal\/\",\"name\":\"Mtb Portugal och Nazar\u00e9 - Portugal Agent\",\"isPartOf\":{\"@id\":\"https:\/\/portugalagent.com\/sv\/#website\"},\"datePublished\":\"2020-02-10T10:02:57+00:00\",\"dateModified\":\"2020-06-10T18:28:33+00:00\",\"description\":\"mtb Portugal och Nazar\u00e9. Centro de BTT i Pia do Urso \u2013 en mtb-anl\u00e4ggning av h\u00f6gsta klass.\",\"breadcrumb\":{\"@id\":\"https:\/\/portugalagent.com\/sv\/destination-silverkusten\/aktiviteter\/mtb-portugal\/#breadcrumb\"},\"inLanguage\":\"sv-SE\",\"potentialAction\":[{\"@type\":\"ReadAction\",\"target\":[\"https:\/\/portugalagent.com\/sv\/destination-silverkusten\/aktiviteter\/mtb-portugal\/\"]}]},{\"@type\":\"BreadcrumbList\",\"@id\":\"https:\/\/portugalagent.com\/sv\/destination-silverkusten\/aktiviteter\/mtb-portugal\/#breadcrumb\",\"itemListElement\":[{\"@type\":\"ListItem\",\"position\":1,\"name\":\"Home\",\"item\":\"https:\/\/portugalagent.com\/sv\/\"},{\"@type\":\"ListItem\",\"position\":2,\"name\":\"Destination Silverkusten\",\"item\":\"https:\/\/portugalagent.com\/sv\/destination-silverkusten\/\"},{\"@type\":\"ListItem\",\"position\":3,\"name\":\"Aktiviteter\",\"item\":\"https:\/\/portugalagent.com\/sv\/destination-silverkusten\/aktiviteter\/\"},{\"@type\":\"ListItem\",\"position\":4,\"name\":\"Mtb Portugal och Nazar\u00e9\"}]},{\"@type\":\"WebSite\",\"@id\":\"https:\/\/portugalagent.com\/sv\/#website\",\"url\":\"https:\/\/portugalagent.com\/sv\/\",\"name\":\"Portugal Agent\",\"description\":\"\",\"publisher\":{\"@id\":\"https:\/\/portugalagent.com\/sv\/#organization\"},\"potentialAction\":[{\"@type\":\"SearchAction\",\"target\":{\"@type\":\"EntryPoint\",\"urlTemplate\":\"https:\/\/portugalagent.com\/sv\/?s={search_term_string}\"},\"query-input\":\"required name=search_term_string\"}],\"inLanguage\":\"sv-SE\"},{\"@type\":\"Organization\",\"@id\":\"https:\/\/portugalagent.com\/sv\/#organization\",\"name\":\"Portugal Agent\",\"url\":\"https:\/\/portugalagent.com\/sv\/\",\"logo\":{\"@type\":\"ImageObject\",\"inLanguage\":\"sv-SE\",\"@id\":\"https:\/\/portugalagent.com\/sv\/#\/schema\/logo\/image\/\",\"url\":\"https:\/\/portugalagent.com\/wp-content\/uploads\/2020\/11\/portugalagent.svg\",\"contentUrl\":\"https:\/\/portugalagent.com\/wp-content\/uploads\/2020\/11\/portugalagent.svg\",\"caption\":\"Portugal Agent\"},\"image\":{\"@id\":\"https:\/\/portugalagent.com\/sv\/#\/schema\/logo\/image\/\"}}]}<\/script>\n<!-- \/ Yoast SEO plugin. -->","yoast_head_json":{"title":"Mtb Portugal och Nazar\u00e9 - Portugal Agent","description":"mtb Portugal och Nazar\u00e9. Centro de BTT i Pia do Urso \u2013 en mtb-anl\u00e4ggning av h\u00f6gsta klass.","robots":{"index":"index","follow":"follow","max-snippet":"max-snippet:-1","max-image-preview":"max-image-preview:large","max-video-preview":"max-video-preview:-1"},"canonical":"https:\/\/portugalagent.com\/sv\/destination-silverkusten\/aktiviteter\/mtb-portugal\/","og_locale":"sv_SE","og_type":"article","og_title":"Mtb Portugal och Nazar\u00e9 - Portugal Agent","og_description":"mtb Portugal och Nazar\u00e9. Centro de BTT i Pia do Urso \u2013 en mtb-anl\u00e4ggning av h\u00f6gsta klass.","og_url":"https:\/\/portugalagent.com\/sv\/destination-silverkusten\/aktiviteter\/mtb-portugal\/","og_site_name":"Portugal Agent","article_modified_time":"2020-06-10T18:28:33+00:00","og_image":[{"url":"https:\/\/portugalagent.com\/wp-content\/uploads\/2020\/04\/IMG_5557NET-2.jpg"}],"twitter_card":"summary_large_image","twitter_misc":{"Ber\u00e4knad l\u00e4stid":"6 minuter"},"schema":{"@context":"https:\/\/schema.org","@graph":[{"@type":"WebPage","@id":"https:\/\/portugalagent.com\/sv\/destination-silverkusten\/aktiviteter\/mtb-portugal\/","url":"https:\/\/portugalagent.com\/sv\/destination-silverkusten\/aktiviteter\/mtb-portugal\/","name":"Mtb Portugal och Nazar\u00e9 - Portugal Agent","isPartOf":{"@id":"https:\/\/portugalagent.com\/sv\/#website"},"datePublished":"2020-02-10T10:02:57+00:00","dateModified":"2020-06-10T18:28:33+00:00","description":"mtb Portugal och Nazar\u00e9. Centro de BTT i Pia do Urso \u2013 en mtb-anl\u00e4ggning av h\u00f6gsta klass.","breadcrumb":{"@id":"https:\/\/portugalagent.com\/sv\/destination-silverkusten\/aktiviteter\/mtb-portugal\/#breadcrumb"},"inLanguage":"sv-SE","potentialAction":[{"@type":"ReadAction","target":["https:\/\/portugalagent.com\/sv\/destination-silverkusten\/aktiviteter\/mtb-portugal\/"]}]},{"@type":"BreadcrumbList","@id":"https:\/\/portugalagent.com\/sv\/destination-silverkusten\/aktiviteter\/mtb-portugal\/#breadcrumb","itemListElement":[{"@type":"ListItem","position":1,"name":"Home","item":"https:\/\/portugalagent.com\/sv\/"},{"@type":"ListItem","position":2,"name":"Destination Silverkusten","item":"https:\/\/portugalagent.com\/sv\/destination-silverkusten\/"},{"@type":"ListItem","position":3,"name":"Aktiviteter","item":"https:\/\/portugalagent.com\/sv\/destination-silverkusten\/aktiviteter\/"},{"@type":"ListItem","position":4,"name":"Mtb Portugal och Nazar\u00e9"}]},{"@type":"WebSite","@id":"https:\/\/portugalagent.com\/sv\/#website","url":"https:\/\/portugalagent.com\/sv\/","name":"Portugal Agent","description":"","publisher":{"@id":"https:\/\/portugalagent.com\/sv\/#organization"},"potentialAction":[{"@type":"SearchAction","target":{"@type":"EntryPoint","urlTemplate":"https:\/\/portugalagent.com\/sv\/?s={search_term_string}"},"query-input":"required name=search_term_string"}],"inLanguage":"sv-SE"},{"@type":"Organization","@id":"https:\/\/portugalagent.com\/sv\/#organization","name":"Portugal Agent","url":"https:\/\/portugalagent.com\/sv\/","logo":{"@type":"ImageObject","inLanguage":"sv-SE","@id":"https:\/\/portugalagent.com\/sv\/#\/schema\/logo\/image\/","url":"https:\/\/portugalagent.com\/wp-content\/uploads\/2020\/11\/portugalagent.svg","contentUrl":"https:\/\/portugalagent.com\/wp-content\/uploads\/2020\/11\/portugalagent.svg","caption":"Portugal Agent"},"image":{"@id":"https:\/\/portugalagent.com\/sv\/#\/schema\/logo\/image\/"}}]}},"_links":{"self":[{"href":"https:\/\/portugalagent.com\/sv\/wp-json\/wp\/v2\/pages\/42070"}],"collection":[{"href":"https:\/\/portugalagent.com\/sv\/wp-json\/wp\/v2\/pages"}],"about":[{"href":"https:\/\/portugalagent.com\/sv\/wp-json\/wp\/v2\/types\/page"}],"author":[{"embeddable":true,"href":"https:\/\/portugalagent.com\/sv\/wp-json\/wp\/v2\/users\/6"}],"replies":[{"embeddable":true,"href":"https:\/\/portugalagent.com\/sv\/wp-json\/wp\/v2\/comments?post=42070"}],"version-history":[{"count":15,"href":"https:\/\/portugalagent.com\/sv\/wp-json\/wp\/v2\/pages\/42070\/revisions"}],"predecessor-version":[{"id":56144,"href":"https:\/\/portugalagent.com\/sv\/wp-json\/wp\/v2\/pages\/42070\/revisions\/56144"}],"up":[{"embeddable":true,"href":"https:\/\/portugalagent.com\/sv\/wp-json\/wp\/v2\/pages\/42058"}],"wp:attachment":[{"href":"https:\/\/portugalagent.com\/sv\/wp-json\/wp\/v2\/media?parent=42070"}],"curies":[{"name":"wp","href":"https:\/\/api.w.org\/{rel}","templated":true}]}}