{"id":42066,"date":"2020-02-10T10:01:36","date_gmt":"2020-02-10T10:01:36","guid":{"rendered":"https:\/\/www.go4digital-web.pt\/dev\/portugalagent\/?page_id=42066"},"modified":"2021-06-03T14:09:40","modified_gmt":"2021-06-03T14:09:40","slug":"golf","status":"publish","type":"page","link":"https:\/\/portugalagent.com\/sv\/destination-silverkusten\/aktiviteter\/golf\/","title":{"rendered":"Golf"},"content":{"rendered":"\n<h5>I regionen finns flera bra golfbanor d\u00e4r Praia del Rei strax v\u00e4ster om Obidos f\u00e5r anses vara den b\u00e4sta och mest k\u00e4nda.<\/h5>\n\n\n\n<h2>4 golfbanor i n\u00e4rheten av Nazar\u00e9 <\/h2>\n\n\n\n<p><strong>Praia <a>d\u2019el Rey<\/a>,<\/strong> designed av Cabell B. Robinsson, invigd juni 1997. Ca 50 km fr\u00e5n Nazar\u00e9<br><a href=\"http:\/\/www.praia-del-rey.com\/en\/golf\/golf-club.html\" target=\"_blank\" rel=\"noreferrer noopener\"><u>Praia D&#8217;el Rey Golf Course &#8211; West Cliffs<\/u><br><strong><br><\/strong><\/a><strong>West Cliffs,<\/strong> designad av Cynthia Dye, invigd juni 2017, ca 40 km<br><a href=\"https:\/\/westcliffs.com\/en\/west-cliffs-golf-course\/\">West Cliffs Golf Course &#8211; West Cliffs<\/a><\/p>\n\n\n\n<p><strong>Royal Obidos<\/strong>, designad av Seve Ballesteros, invigd 2012, ca 40 km <a href=\"https:\/\/www.royalobidos.com\/golf.html\">Royal \u00d3bidos Golf Course | Royal \u00d3bidos Spa &amp; Golf Resort (royalobidos.com)<\/a><\/p>\n\n\n\n<p><strong>Bom Sucesso<\/strong>, designad av Donald Steel, invigd 2008, ca 40 km<br><a href=\"http:\/\/www.bomsucesso.net\/en\/golf\/\">Bom Sucesso Resort | Golf<\/a><br><br><\/p>\n\n\n\n<h2>Bokning av golftider <\/h2>\n\n\n\n<p>Sidor att boka golftider, alla banor:<br><a href=\"https:\/\/golfinportugal.com\/\">Golf in Portugal &#8211; Lowest green fees &amp; deals<\/a><\/p>\n\n\n\n<h2>Boende<\/h2>\n\n\n\n<p>Exempel p\u00e5 boenden n\u00e4ra golbanor<br><br>Marriot vid Praia d\u2019el rei<br><a href=\"https:\/\/www.marriott.com\/hotels\/travel\/lisdr-praia-del-rey-marriott-golf-and-beach-resort\/\">Hotel in Obidos | Praia D&#8217;El Rey Marriott Golf &amp; Beach Resort<\/a><\/p>\n\n\n\n<p>Royal Obidos har boende direkt vid banan<br><a href=\"https:\/\/www.royalobidos.com\/Accommodation.html\">Accommodation | Royal \u00d3bidos Spa &amp; Golf Resort (royalobidos.com)<\/a><\/p>\n","protected":false},"excerpt":{"rendered":"<p>I regionen finns flera bra golfbanor d\u00e4r Praia del Rei strax v\u00e4ster om Obidos f\u00e5r anses vara den b\u00e4sta och mest k\u00e4nda. 4 golfbanor i n\u00e4rheten av Nazar\u00e9 Praia d\u2019el Rey, designed av Cabell B. Robinsson, invigd juni 1997. Ca 50 km fr\u00e5n Nazar\u00e9Praia D&#8217;el Rey Golf Course &#8211; West CliffsWest Cliffs, designad av Cynthia [&hellip;]<\/p>\n","protected":false},"author":6,"featured_media":0,"parent":42058,"menu_order":0,"comment_status":"closed","ping_status":"closed","template":"layoutSidebar.php","meta":{"om_disable_all_campaigns":false,"_monsterinsights_skip_tracking":false,"_monsterinsights_sitenote_active":false,"_monsterinsights_sitenote_note":"","_monsterinsights_sitenote_category":0},"aioseo_notices":[],"yoast_head":"<!-- This site is optimized with the Yoast SEO plugin v19.10 - https:\/\/yoast.com\/wordpress\/plugins\/seo\/ -->\n<title>Golf - Portugal Agent<\/title>\n<meta name=\"robots\" content=\"index, follow, max-snippet:-1, max-image-preview:large, max-video-preview:-1\" \/>\n<link rel=\"canonical\" href=\"https:\/\/portugalagent.com\/sv\/destination-silverkusten\/aktiviteter\/golf\/\" \/>\n<meta property=\"og:locale\" content=\"sv_SE\" \/>\n<meta property=\"og:type\" content=\"article\" \/>\n<meta property=\"og:title\" content=\"Golf - Portugal Agent\" \/>\n<meta property=\"og:description\" content=\"I regionen finns flera bra golfbanor d\u00e4r Praia del Rei strax v\u00e4ster om Obidos f\u00e5r anses vara den b\u00e4sta och mest k\u00e4nda. 4 golfbanor i n\u00e4rheten av Nazar\u00e9 Praia d\u2019el Rey, designed av Cabell B. Robinsson, invigd juni 1997. Ca 50 km fr\u00e5n Nazar\u00e9Praia D&#8217;el Rey Golf Course &#8211; West CliffsWest Cliffs, designad av Cynthia [&hellip;]\" \/>\n<meta property=\"og:url\" content=\"https:\/\/portugalagent.com\/sv\/destination-silverkusten\/aktiviteter\/golf\/\" \/>\n<meta property=\"og:site_name\" content=\"Portugal Agent\" \/>\n<meta property=\"article:modified_time\" content=\"2021-06-03T14:09:40+00:00\" \/>\n<meta name=\"twitter:card\" content=\"summary_large_image\" \/>\n<meta name=\"twitter:label1\" content=\"Ber\u00e4knad l\u00e4stid\" \/>\n\t<meta name=\"twitter:data1\" content=\"1 minut\" \/>\n<script type=\"application\/ld+json\" class=\"yoast-schema-graph\">{\"@context\":\"https:\/\/schema.org\",\"@graph\":[{\"@type\":\"WebPage\",\"@id\":\"https:\/\/portugalagent.com\/sv\/destination-silverkusten\/aktiviteter\/golf\/\",\"url\":\"https:\/\/portugalagent.com\/sv\/destination-silverkusten\/aktiviteter\/golf\/\",\"name\":\"Golf - Portugal Agent\",\"isPartOf\":{\"@id\":\"https:\/\/portugalagent.com\/sv\/#website\"},\"datePublished\":\"2020-02-10T10:01:36+00:00\",\"dateModified\":\"2021-06-03T14:09:40+00:00\",\"breadcrumb\":{\"@id\":\"https:\/\/portugalagent.com\/sv\/destination-silverkusten\/aktiviteter\/golf\/#breadcrumb\"},\"inLanguage\":\"sv-SE\",\"potentialAction\":[{\"@type\":\"ReadAction\",\"target\":[\"https:\/\/portugalagent.com\/sv\/destination-silverkusten\/aktiviteter\/golf\/\"]}]},{\"@type\":\"BreadcrumbList\",\"@id\":\"https:\/\/portugalagent.com\/sv\/destination-silverkusten\/aktiviteter\/golf\/#breadcrumb\",\"itemListElement\":[{\"@type\":\"ListItem\",\"position\":1,\"name\":\"Home\",\"item\":\"https:\/\/portugalagent.com\/sv\/\"},{\"@type\":\"ListItem\",\"position\":2,\"name\":\"Destination Silverkusten\",\"item\":\"https:\/\/portugalagent.com\/sv\/destination-silverkusten\/\"},{\"@type\":\"ListItem\",\"position\":3,\"name\":\"Aktiviteter\",\"item\":\"https:\/\/portugalagent.com\/sv\/destination-silverkusten\/aktiviteter\/\"},{\"@type\":\"ListItem\",\"position\":4,\"name\":\"Golf\"}]},{\"@type\":\"WebSite\",\"@id\":\"https:\/\/portugalagent.com\/sv\/#website\",\"url\":\"https:\/\/portugalagent.com\/sv\/\",\"name\":\"Portugal Agent\",\"description\":\"\",\"publisher\":{\"@id\":\"https:\/\/portugalagent.com\/sv\/#organization\"},\"potentialAction\":[{\"@type\":\"SearchAction\",\"target\":{\"@type\":\"EntryPoint\",\"urlTemplate\":\"https:\/\/portugalagent.com\/sv\/?s={search_term_string}\"},\"query-input\":\"required name=search_term_string\"}],\"inLanguage\":\"sv-SE\"},{\"@type\":\"Organization\",\"@id\":\"https:\/\/portugalagent.com\/sv\/#organization\",\"name\":\"Portugal Agent\",\"url\":\"https:\/\/portugalagent.com\/sv\/\",\"logo\":{\"@type\":\"ImageObject\",\"inLanguage\":\"sv-SE\",\"@id\":\"https:\/\/portugalagent.com\/sv\/#\/schema\/logo\/image\/\",\"url\":\"https:\/\/portugalagent.com\/wp-content\/uploads\/2020\/11\/portugalagent.svg\",\"contentUrl\":\"https:\/\/portugalagent.com\/wp-content\/uploads\/2020\/11\/portugalagent.svg\",\"caption\":\"Portugal Agent\"},\"image\":{\"@id\":\"https:\/\/portugalagent.com\/sv\/#\/schema\/logo\/image\/\"}}]}<\/script>\n<!-- \/ Yoast SEO plugin. -->","yoast_head_json":{"title":"Golf - Portugal Agent","robots":{"index":"index","follow":"follow","max-snippet":"max-snippet:-1","max-image-preview":"max-image-preview:large","max-video-preview":"max-video-preview:-1"},"canonical":"https:\/\/portugalagent.com\/sv\/destination-silverkusten\/aktiviteter\/golf\/","og_locale":"sv_SE","og_type":"article","og_title":"Golf - Portugal Agent","og_description":"I regionen finns flera bra golfbanor d\u00e4r Praia del Rei strax v\u00e4ster om Obidos f\u00e5r anses vara den b\u00e4sta och mest k\u00e4nda. 4 golfbanor i n\u00e4rheten av Nazar\u00e9 Praia d\u2019el Rey, designed av Cabell B. Robinsson, invigd juni 1997. Ca 50 km fr\u00e5n Nazar\u00e9Praia D&#8217;el Rey Golf Course &#8211; West CliffsWest Cliffs, designad av Cynthia [&hellip;]","og_url":"https:\/\/portugalagent.com\/sv\/destination-silverkusten\/aktiviteter\/golf\/","og_site_name":"Portugal Agent","article_modified_time":"2021-06-03T14:09:40+00:00","twitter_card":"summary_large_image","twitter_misc":{"Ber\u00e4knad l\u00e4stid":"1 minut"},"schema":{"@context":"https:\/\/schema.org","@graph":[{"@type":"WebPage","@id":"https:\/\/portugalagent.com\/sv\/destination-silverkusten\/aktiviteter\/golf\/","url":"https:\/\/portugalagent.com\/sv\/destination-silverkusten\/aktiviteter\/golf\/","name":"Golf - Portugal Agent","isPartOf":{"@id":"https:\/\/portugalagent.com\/sv\/#website"},"datePublished":"2020-02-10T10:01:36+00:00","dateModified":"2021-06-03T14:09:40+00:00","breadcrumb":{"@id":"https:\/\/portugalagent.com\/sv\/destination-silverkusten\/aktiviteter\/golf\/#breadcrumb"},"inLanguage":"sv-SE","potentialAction":[{"@type":"ReadAction","target":["https:\/\/portugalagent.com\/sv\/destination-silverkusten\/aktiviteter\/golf\/"]}]},{"@type":"BreadcrumbList","@id":"https:\/\/portugalagent.com\/sv\/destination-silverkusten\/aktiviteter\/golf\/#breadcrumb","itemListElement":[{"@type":"ListItem","position":1,"name":"Home","item":"https:\/\/portugalagent.com\/sv\/"},{"@type":"ListItem","position":2,"name":"Destination Silverkusten","item":"https:\/\/portugalagent.com\/sv\/destination-silverkusten\/"},{"@type":"ListItem","position":3,"name":"Aktiviteter","item":"https:\/\/portugalagent.com\/sv\/destination-silverkusten\/aktiviteter\/"},{"@type":"ListItem","position":4,"name":"Golf"}]},{"@type":"WebSite","@id":"https:\/\/portugalagent.com\/sv\/#website","url":"https:\/\/portugalagent.com\/sv\/","name":"Portugal Agent","description":"","publisher":{"@id":"https:\/\/portugalagent.com\/sv\/#organization"},"potentialAction":[{"@type":"SearchAction","target":{"@type":"EntryPoint","urlTemplate":"https:\/\/portugalagent.com\/sv\/?s={search_term_string}"},"query-input":"required name=search_term_string"}],"inLanguage":"sv-SE"},{"@type":"Organization","@id":"https:\/\/portugalagent.com\/sv\/#organization","name":"Portugal Agent","url":"https:\/\/portugalagent.com\/sv\/","logo":{"@type":"ImageObject","inLanguage":"sv-SE","@id":"https:\/\/portugalagent.com\/sv\/#\/schema\/logo\/image\/","url":"https:\/\/portugalagent.com\/wp-content\/uploads\/2020\/11\/portugalagent.svg","contentUrl":"https:\/\/portugalagent.com\/wp-content\/uploads\/2020\/11\/portugalagent.svg","caption":"Portugal Agent"},"image":{"@id":"https:\/\/portugalagent.com\/sv\/#\/schema\/logo\/image\/"}}]}},"_links":{"self":[{"href":"https:\/\/portugalagent.com\/sv\/wp-json\/wp\/v2\/pages\/42066"}],"collection":[{"href":"https:\/\/portugalagent.com\/sv\/wp-json\/wp\/v2\/pages"}],"about":[{"href":"https:\/\/portugalagent.com\/sv\/wp-json\/wp\/v2\/types\/page"}],"author":[{"embeddable":true,"href":"https:\/\/portugalagent.com\/sv\/wp-json\/wp\/v2\/users\/6"}],"replies":[{"embeddable":true,"href":"https:\/\/portugalagent.com\/sv\/wp-json\/wp\/v2\/comments?post=42066"}],"version-history":[{"count":2,"href":"https:\/\/portugalagent.com\/sv\/wp-json\/wp\/v2\/pages\/42066\/revisions"}],"predecessor-version":[{"id":62037,"href":"https:\/\/portugalagent.com\/sv\/wp-json\/wp\/v2\/pages\/42066\/revisions\/62037"}],"up":[{"embeddable":true,"href":"https:\/\/portugalagent.com\/sv\/wp-json\/wp\/v2\/pages\/42058"}],"wp:attachment":[{"href":"https:\/\/portugalagent.com\/sv\/wp-json\/wp\/v2\/media?parent=42066"}],"curies":[{"name":"wp","href":"https:\/\/api.w.org\/{rel}","templated":true}]}}