{"id":42064,"date":"2020-02-10T10:00:15","date_gmt":"2020-02-10T10:00:15","guid":{"rendered":"https:\/\/www.go4digital-web.pt\/dev\/portugalagent\/?page_id=42064"},"modified":"2020-02-10T11:34:39","modified_gmt":"2020-02-10T11:34:39","slug":"cykel","status":"publish","type":"page","link":"https:\/\/portugalagent.com\/sv\/destination-silverkusten\/aktiviteter\/cykel\/","title":{"rendered":"Cykel"},"content":{"rendered":"\n<p>Portugal \u00e4r ett cykelland p\u00e5 samma s\u00e4tt som \u00f6vriga sydeuropeiska l\u00e4nder. P\u00e5 s\u00f6ndagarna ser man m\u00e5nga klungor med landsv\u00e4gscyklister utefter v\u00e4garna. Runt Nazar\u00e9 med omnejd finns det gott om bra, mindre asfaltsv\u00e4gar att v\u00e4lja mellan. Det \u00e4r egentligen den egna fantasin som s\u00e4tter gr\u00e4nsen. Antingen cyklar du utefter kusten p\u00e5 den lilla v\u00e4gen som l\u00f6per n\u00e4ra havet b\u00e5de norrut (flackt och enkelt) och s\u00f6derut (kuperat). Eller s\u00e5 v\u00e4ljer du redan fr\u00e5n b\u00f6rjan att dra in\u00e5t landet.<\/p>\n\n\n\n<p>Mest varierad och med fler stigningar \u00e4r v\u00e4gen s\u00f6derut ner mot S\u00e3o Martinho do Porto. D\u00e4r kan man enkelt l\u00e4gga in avstickare in\u00e5t landet och f\u00e5 ihop en varierad tur p\u00e5 m\u00e5nga mil med havsutsikt, jordbrukslandkap samt med stigningar upp och ner fr\u00e5n den h\u00f6ga \u00e5sen vid havet.<\/p>\n\n\n\n<p>Enklast blir det om du tar med egen landsv\u00e4gshoj.<\/p>\n","protected":false},"excerpt":{"rendered":"<p>Portugal \u00e4r ett cykelland p\u00e5 samma s\u00e4tt som \u00f6vriga sydeuropeiska l\u00e4nder. P\u00e5 s\u00f6ndagarna ser man m\u00e5nga klungor med landsv\u00e4gscyklister utefter v\u00e4garna. Runt Nazar\u00e9 med omnejd finns det gott om bra, mindre asfaltsv\u00e4gar att v\u00e4lja mellan. Det \u00e4r egentligen den egna fantasin som s\u00e4tter gr\u00e4nsen. Antingen cyklar du utefter kusten p\u00e5 den lilla v\u00e4gen som l\u00f6per [&hellip;]<\/p>\n","protected":false},"author":6,"featured_media":0,"parent":42058,"menu_order":0,"comment_status":"closed","ping_status":"closed","template":"layoutSidebar.php","meta":{"om_disable_all_campaigns":false,"_monsterinsights_skip_tracking":false,"_monsterinsights_sitenote_active":false,"_monsterinsights_sitenote_note":"","_monsterinsights_sitenote_category":0},"aioseo_notices":[],"yoast_head":"<!-- This site is optimized with the Yoast SEO plugin v19.10 - https:\/\/yoast.com\/wordpress\/plugins\/seo\/ -->\n<title>Cykel - Portugal Agent<\/title>\n<meta name=\"robots\" content=\"index, follow, max-snippet:-1, max-image-preview:large, max-video-preview:-1\" \/>\n<link rel=\"canonical\" href=\"https:\/\/portugalagent.com\/sv\/destination-silverkusten\/aktiviteter\/cykel\/\" \/>\n<meta property=\"og:locale\" content=\"sv_SE\" \/>\n<meta property=\"og:type\" content=\"article\" \/>\n<meta property=\"og:title\" content=\"Cykel - Portugal Agent\" \/>\n<meta property=\"og:description\" content=\"Portugal \u00e4r ett cykelland p\u00e5 samma s\u00e4tt som \u00f6vriga sydeuropeiska l\u00e4nder. P\u00e5 s\u00f6ndagarna ser man m\u00e5nga klungor med landsv\u00e4gscyklister utefter v\u00e4garna. Runt Nazar\u00e9 med omnejd finns det gott om bra, mindre asfaltsv\u00e4gar att v\u00e4lja mellan. Det \u00e4r egentligen den egna fantasin som s\u00e4tter gr\u00e4nsen. Antingen cyklar du utefter kusten p\u00e5 den lilla v\u00e4gen som l\u00f6per [&hellip;]\" \/>\n<meta property=\"og:url\" content=\"https:\/\/portugalagent.com\/sv\/destination-silverkusten\/aktiviteter\/cykel\/\" \/>\n<meta property=\"og:site_name\" content=\"Portugal Agent\" \/>\n<meta property=\"article:modified_time\" content=\"2020-02-10T11:34:39+00:00\" \/>\n<meta name=\"twitter:card\" content=\"summary_large_image\" \/>\n<meta name=\"twitter:label1\" content=\"Ber\u00e4knad l\u00e4stid\" \/>\n\t<meta name=\"twitter:data1\" content=\"1 minut\" \/>\n<script type=\"application\/ld+json\" class=\"yoast-schema-graph\">{\"@context\":\"https:\/\/schema.org\",\"@graph\":[{\"@type\":\"WebPage\",\"@id\":\"https:\/\/portugalagent.com\/sv\/destination-silverkusten\/aktiviteter\/cykel\/\",\"url\":\"https:\/\/portugalagent.com\/sv\/destination-silverkusten\/aktiviteter\/cykel\/\",\"name\":\"Cykel - Portugal Agent\",\"isPartOf\":{\"@id\":\"https:\/\/portugalagent.com\/sv\/#website\"},\"datePublished\":\"2020-02-10T10:00:15+00:00\",\"dateModified\":\"2020-02-10T11:34:39+00:00\",\"breadcrumb\":{\"@id\":\"https:\/\/portugalagent.com\/sv\/destination-silverkusten\/aktiviteter\/cykel\/#breadcrumb\"},\"inLanguage\":\"sv-SE\",\"potentialAction\":[{\"@type\":\"ReadAction\",\"target\":[\"https:\/\/portugalagent.com\/sv\/destination-silverkusten\/aktiviteter\/cykel\/\"]}]},{\"@type\":\"BreadcrumbList\",\"@id\":\"https:\/\/portugalagent.com\/sv\/destination-silverkusten\/aktiviteter\/cykel\/#breadcrumb\",\"itemListElement\":[{\"@type\":\"ListItem\",\"position\":1,\"name\":\"Home\",\"item\":\"https:\/\/portugalagent.com\/sv\/\"},{\"@type\":\"ListItem\",\"position\":2,\"name\":\"Destination Silverkusten\",\"item\":\"https:\/\/portugalagent.com\/sv\/destination-silverkusten\/\"},{\"@type\":\"ListItem\",\"position\":3,\"name\":\"Aktiviteter\",\"item\":\"https:\/\/portugalagent.com\/sv\/destination-silverkusten\/aktiviteter\/\"},{\"@type\":\"ListItem\",\"position\":4,\"name\":\"Cykel\"}]},{\"@type\":\"WebSite\",\"@id\":\"https:\/\/portugalagent.com\/sv\/#website\",\"url\":\"https:\/\/portugalagent.com\/sv\/\",\"name\":\"Portugal Agent\",\"description\":\"\",\"publisher\":{\"@id\":\"https:\/\/portugalagent.com\/sv\/#organization\"},\"potentialAction\":[{\"@type\":\"SearchAction\",\"target\":{\"@type\":\"EntryPoint\",\"urlTemplate\":\"https:\/\/portugalagent.com\/sv\/?s={search_term_string}\"},\"query-input\":\"required name=search_term_string\"}],\"inLanguage\":\"sv-SE\"},{\"@type\":\"Organization\",\"@id\":\"https:\/\/portugalagent.com\/sv\/#organization\",\"name\":\"Portugal Agent\",\"url\":\"https:\/\/portugalagent.com\/sv\/\",\"logo\":{\"@type\":\"ImageObject\",\"inLanguage\":\"sv-SE\",\"@id\":\"https:\/\/portugalagent.com\/sv\/#\/schema\/logo\/image\/\",\"url\":\"https:\/\/portugalagent.com\/wp-content\/uploads\/2020\/11\/portugalagent.svg\",\"contentUrl\":\"https:\/\/portugalagent.com\/wp-content\/uploads\/2020\/11\/portugalagent.svg\",\"caption\":\"Portugal Agent\"},\"image\":{\"@id\":\"https:\/\/portugalagent.com\/sv\/#\/schema\/logo\/image\/\"}}]}<\/script>\n<!-- \/ Yoast SEO plugin. -->","yoast_head_json":{"title":"Cykel - Portugal Agent","robots":{"index":"index","follow":"follow","max-snippet":"max-snippet:-1","max-image-preview":"max-image-preview:large","max-video-preview":"max-video-preview:-1"},"canonical":"https:\/\/portugalagent.com\/sv\/destination-silverkusten\/aktiviteter\/cykel\/","og_locale":"sv_SE","og_type":"article","og_title":"Cykel - Portugal Agent","og_description":"Portugal \u00e4r ett cykelland p\u00e5 samma s\u00e4tt som \u00f6vriga sydeuropeiska l\u00e4nder. P\u00e5 s\u00f6ndagarna ser man m\u00e5nga klungor med landsv\u00e4gscyklister utefter v\u00e4garna. Runt Nazar\u00e9 med omnejd finns det gott om bra, mindre asfaltsv\u00e4gar att v\u00e4lja mellan. Det \u00e4r egentligen den egna fantasin som s\u00e4tter gr\u00e4nsen. Antingen cyklar du utefter kusten p\u00e5 den lilla v\u00e4gen som l\u00f6per [&hellip;]","og_url":"https:\/\/portugalagent.com\/sv\/destination-silverkusten\/aktiviteter\/cykel\/","og_site_name":"Portugal Agent","article_modified_time":"2020-02-10T11:34:39+00:00","twitter_card":"summary_large_image","twitter_misc":{"Ber\u00e4knad l\u00e4stid":"1 minut"},"schema":{"@context":"https:\/\/schema.org","@graph":[{"@type":"WebPage","@id":"https:\/\/portugalagent.com\/sv\/destination-silverkusten\/aktiviteter\/cykel\/","url":"https:\/\/portugalagent.com\/sv\/destination-silverkusten\/aktiviteter\/cykel\/","name":"Cykel - Portugal Agent","isPartOf":{"@id":"https:\/\/portugalagent.com\/sv\/#website"},"datePublished":"2020-02-10T10:00:15+00:00","dateModified":"2020-02-10T11:34:39+00:00","breadcrumb":{"@id":"https:\/\/portugalagent.com\/sv\/destination-silverkusten\/aktiviteter\/cykel\/#breadcrumb"},"inLanguage":"sv-SE","potentialAction":[{"@type":"ReadAction","target":["https:\/\/portugalagent.com\/sv\/destination-silverkusten\/aktiviteter\/cykel\/"]}]},{"@type":"BreadcrumbList","@id":"https:\/\/portugalagent.com\/sv\/destination-silverkusten\/aktiviteter\/cykel\/#breadcrumb","itemListElement":[{"@type":"ListItem","position":1,"name":"Home","item":"https:\/\/portugalagent.com\/sv\/"},{"@type":"ListItem","position":2,"name":"Destination Silverkusten","item":"https:\/\/portugalagent.com\/sv\/destination-silverkusten\/"},{"@type":"ListItem","position":3,"name":"Aktiviteter","item":"https:\/\/portugalagent.com\/sv\/destination-silverkusten\/aktiviteter\/"},{"@type":"ListItem","position":4,"name":"Cykel"}]},{"@type":"WebSite","@id":"https:\/\/portugalagent.com\/sv\/#website","url":"https:\/\/portugalagent.com\/sv\/","name":"Portugal Agent","description":"","publisher":{"@id":"https:\/\/portugalagent.com\/sv\/#organization"},"potentialAction":[{"@type":"SearchAction","target":{"@type":"EntryPoint","urlTemplate":"https:\/\/portugalagent.com\/sv\/?s={search_term_string}"},"query-input":"required name=search_term_string"}],"inLanguage":"sv-SE"},{"@type":"Organization","@id":"https:\/\/portugalagent.com\/sv\/#organization","name":"Portugal Agent","url":"https:\/\/portugalagent.com\/sv\/","logo":{"@type":"ImageObject","inLanguage":"sv-SE","@id":"https:\/\/portugalagent.com\/sv\/#\/schema\/logo\/image\/","url":"https:\/\/portugalagent.com\/wp-content\/uploads\/2020\/11\/portugalagent.svg","contentUrl":"https:\/\/portugalagent.com\/wp-content\/uploads\/2020\/11\/portugalagent.svg","caption":"Portugal Agent"},"image":{"@id":"https:\/\/portugalagent.com\/sv\/#\/schema\/logo\/image\/"}}]}},"_links":{"self":[{"href":"https:\/\/portugalagent.com\/sv\/wp-json\/wp\/v2\/pages\/42064"}],"collection":[{"href":"https:\/\/portugalagent.com\/sv\/wp-json\/wp\/v2\/pages"}],"about":[{"href":"https:\/\/portugalagent.com\/sv\/wp-json\/wp\/v2\/types\/page"}],"author":[{"embeddable":true,"href":"https:\/\/portugalagent.com\/sv\/wp-json\/wp\/v2\/users\/6"}],"replies":[{"embeddable":true,"href":"https:\/\/portugalagent.com\/sv\/wp-json\/wp\/v2\/comments?post=42064"}],"version-history":[{"count":1,"href":"https:\/\/portugalagent.com\/sv\/wp-json\/wp\/v2\/pages\/42064\/revisions"}],"predecessor-version":[{"id":42065,"href":"https:\/\/portugalagent.com\/sv\/wp-json\/wp\/v2\/pages\/42064\/revisions\/42065"}],"up":[{"embeddable":true,"href":"https:\/\/portugalagent.com\/sv\/wp-json\/wp\/v2\/pages\/42058"}],"wp:attachment":[{"href":"https:\/\/portugalagent.com\/sv\/wp-json\/wp\/v2\/media?parent=42064"}],"curies":[{"name":"wp","href":"https:\/\/api.w.org\/{rel}","templated":true}]}}