{"id":42060,"date":"2020-02-10T09:56:52","date_gmt":"2020-02-10T09:56:52","guid":{"rendered":"https:\/\/www.go4digital-web.pt\/dev\/portugalagent\/?page_id=42060"},"modified":"2020-05-15T15:48:14","modified_gmt":"2020-05-15T15:48:14","slug":"alcobaca","status":"publish","type":"page","link":"https:\/\/portugalagent.com\/sv\/destination-silverkusten\/aktiviteter\/alcobaca\/","title":{"rendered":"Alcoba\u00e7a"},"content":{"rendered":"\n<p>Alcoba\u00e7a ligger bara 12 km \u00f6ster om Nazar\u00e9 in\u00e5t landet och \u00e4r den n\u00e4rmaste st\u00f6rre staden. D\u00e4r finns det mesta man kan beh\u00f6va k\u00f6pa som byggvaror, verktyg och annat som man kan beh\u00f6va n\u00e4r man k\u00f6pt en bostad i ett annat land.<\/p>\n\n\n\n<p>I Alcoba\u00e7a ligger ocks\u00e5 Portugals st\u00f6rsta kloster vid ett stort och vackert torg mitt i staden. Klostret \u00e4r med p\u00e5 UNESCOs v\u00e4rldsarvslista och en given turistattraktion i Nazar\u00e9omr\u00e5det.<\/p>\n\n\n\n<p><a href=\"http:\/\/www.mosteiroalcobaca.pt\/pt\/index.php\">www.mosteiroalcobaca.pt<\/a><\/p>\n","protected":false},"excerpt":{"rendered":"<p>Alcoba\u00e7a ligger bara 12 km \u00f6ster om Nazar\u00e9 in\u00e5t landet och \u00e4r den n\u00e4rmaste st\u00f6rre staden. D\u00e4r finns det mesta man kan beh\u00f6va k\u00f6pa som byggvaror, verktyg och annat som man kan beh\u00f6va n\u00e4r man k\u00f6pt en bostad i ett annat land. I Alcoba\u00e7a ligger ocks\u00e5 Portugals st\u00f6rsta kloster vid ett stort och vackert torg [&hellip;]<\/p>\n","protected":false},"author":6,"featured_media":0,"parent":42058,"menu_order":0,"comment_status":"closed","ping_status":"closed","template":"layoutSidebar.php","meta":{"om_disable_all_campaigns":false,"_monsterinsights_skip_tracking":false,"_monsterinsights_sitenote_active":false,"_monsterinsights_sitenote_note":"","_monsterinsights_sitenote_category":0},"aioseo_notices":[],"yoast_head":"<!-- This site is optimized with the Yoast SEO plugin v19.10 - https:\/\/yoast.com\/wordpress\/plugins\/seo\/ -->\n<title>Alcoba\u00e7a - Portugal Agent<\/title>\n<meta name=\"robots\" content=\"index, follow, max-snippet:-1, max-image-preview:large, max-video-preview:-1\" \/>\n<link rel=\"canonical\" href=\"https:\/\/portugalagent.com\/sv\/destination-silverkusten\/aktiviteter\/alcobaca\/\" \/>\n<meta property=\"og:locale\" content=\"sv_SE\" \/>\n<meta property=\"og:type\" content=\"article\" \/>\n<meta property=\"og:title\" content=\"Alcoba\u00e7a - Portugal Agent\" \/>\n<meta property=\"og:description\" content=\"Alcoba\u00e7a ligger bara 12 km \u00f6ster om Nazar\u00e9 in\u00e5t landet och \u00e4r den n\u00e4rmaste st\u00f6rre staden. D\u00e4r finns det mesta man kan beh\u00f6va k\u00f6pa som byggvaror, verktyg och annat som man kan beh\u00f6va n\u00e4r man k\u00f6pt en bostad i ett annat land. I Alcoba\u00e7a ligger ocks\u00e5 Portugals st\u00f6rsta kloster vid ett stort och vackert torg [&hellip;]\" \/>\n<meta property=\"og:url\" content=\"https:\/\/portugalagent.com\/sv\/destination-silverkusten\/aktiviteter\/alcobaca\/\" \/>\n<meta property=\"og:site_name\" content=\"Portugal Agent\" \/>\n<meta property=\"article:modified_time\" content=\"2020-05-15T15:48:14+00:00\" \/>\n<meta name=\"twitter:card\" content=\"summary_large_image\" \/>\n<script type=\"application\/ld+json\" class=\"yoast-schema-graph\">{\"@context\":\"https:\/\/schema.org\",\"@graph\":[{\"@type\":\"WebPage\",\"@id\":\"https:\/\/portugalagent.com\/sv\/destination-silverkusten\/aktiviteter\/alcobaca\/\",\"url\":\"https:\/\/portugalagent.com\/sv\/destination-silverkusten\/aktiviteter\/alcobaca\/\",\"name\":\"Alcoba\u00e7a - Portugal Agent\",\"isPartOf\":{\"@id\":\"https:\/\/portugalagent.com\/sv\/#website\"},\"datePublished\":\"2020-02-10T09:56:52+00:00\",\"dateModified\":\"2020-05-15T15:48:14+00:00\",\"breadcrumb\":{\"@id\":\"https:\/\/portugalagent.com\/sv\/destination-silverkusten\/aktiviteter\/alcobaca\/#breadcrumb\"},\"inLanguage\":\"sv-SE\",\"potentialAction\":[{\"@type\":\"ReadAction\",\"target\":[\"https:\/\/portugalagent.com\/sv\/destination-silverkusten\/aktiviteter\/alcobaca\/\"]}]},{\"@type\":\"BreadcrumbList\",\"@id\":\"https:\/\/portugalagent.com\/sv\/destination-silverkusten\/aktiviteter\/alcobaca\/#breadcrumb\",\"itemListElement\":[{\"@type\":\"ListItem\",\"position\":1,\"name\":\"Home\",\"item\":\"https:\/\/portugalagent.com\/sv\/\"},{\"@type\":\"ListItem\",\"position\":2,\"name\":\"Destination Silverkusten\",\"item\":\"https:\/\/portugalagent.com\/sv\/destination-silverkusten\/\"},{\"@type\":\"ListItem\",\"position\":3,\"name\":\"Aktiviteter\",\"item\":\"https:\/\/portugalagent.com\/sv\/destination-silverkusten\/aktiviteter\/\"},{\"@type\":\"ListItem\",\"position\":4,\"name\":\"Alcoba\u00e7a\"}]},{\"@type\":\"WebSite\",\"@id\":\"https:\/\/portugalagent.com\/sv\/#website\",\"url\":\"https:\/\/portugalagent.com\/sv\/\",\"name\":\"Portugal Agent\",\"description\":\"\",\"publisher\":{\"@id\":\"https:\/\/portugalagent.com\/sv\/#organization\"},\"potentialAction\":[{\"@type\":\"SearchAction\",\"target\":{\"@type\":\"EntryPoint\",\"urlTemplate\":\"https:\/\/portugalagent.com\/sv\/?s={search_term_string}\"},\"query-input\":\"required name=search_term_string\"}],\"inLanguage\":\"sv-SE\"},{\"@type\":\"Organization\",\"@id\":\"https:\/\/portugalagent.com\/sv\/#organization\",\"name\":\"Portugal Agent\",\"url\":\"https:\/\/portugalagent.com\/sv\/\",\"logo\":{\"@type\":\"ImageObject\",\"inLanguage\":\"sv-SE\",\"@id\":\"https:\/\/portugalagent.com\/sv\/#\/schema\/logo\/image\/\",\"url\":\"https:\/\/portugalagent.com\/wp-content\/uploads\/2020\/11\/portugalagent.svg\",\"contentUrl\":\"https:\/\/portugalagent.com\/wp-content\/uploads\/2020\/11\/portugalagent.svg\",\"caption\":\"Portugal Agent\"},\"image\":{\"@id\":\"https:\/\/portugalagent.com\/sv\/#\/schema\/logo\/image\/\"}}]}<\/script>\n<!-- \/ Yoast SEO plugin. -->","yoast_head_json":{"title":"Alcoba\u00e7a - Portugal Agent","robots":{"index":"index","follow":"follow","max-snippet":"max-snippet:-1","max-image-preview":"max-image-preview:large","max-video-preview":"max-video-preview:-1"},"canonical":"https:\/\/portugalagent.com\/sv\/destination-silverkusten\/aktiviteter\/alcobaca\/","og_locale":"sv_SE","og_type":"article","og_title":"Alcoba\u00e7a - Portugal Agent","og_description":"Alcoba\u00e7a ligger bara 12 km \u00f6ster om Nazar\u00e9 in\u00e5t landet och \u00e4r den n\u00e4rmaste st\u00f6rre staden. D\u00e4r finns det mesta man kan beh\u00f6va k\u00f6pa som byggvaror, verktyg och annat som man kan beh\u00f6va n\u00e4r man k\u00f6pt en bostad i ett annat land. I Alcoba\u00e7a ligger ocks\u00e5 Portugals st\u00f6rsta kloster vid ett stort och vackert torg [&hellip;]","og_url":"https:\/\/portugalagent.com\/sv\/destination-silverkusten\/aktiviteter\/alcobaca\/","og_site_name":"Portugal Agent","article_modified_time":"2020-05-15T15:48:14+00:00","twitter_card":"summary_large_image","schema":{"@context":"https:\/\/schema.org","@graph":[{"@type":"WebPage","@id":"https:\/\/portugalagent.com\/sv\/destination-silverkusten\/aktiviteter\/alcobaca\/","url":"https:\/\/portugalagent.com\/sv\/destination-silverkusten\/aktiviteter\/alcobaca\/","name":"Alcoba\u00e7a - Portugal Agent","isPartOf":{"@id":"https:\/\/portugalagent.com\/sv\/#website"},"datePublished":"2020-02-10T09:56:52+00:00","dateModified":"2020-05-15T15:48:14+00:00","breadcrumb":{"@id":"https:\/\/portugalagent.com\/sv\/destination-silverkusten\/aktiviteter\/alcobaca\/#breadcrumb"},"inLanguage":"sv-SE","potentialAction":[{"@type":"ReadAction","target":["https:\/\/portugalagent.com\/sv\/destination-silverkusten\/aktiviteter\/alcobaca\/"]}]},{"@type":"BreadcrumbList","@id":"https:\/\/portugalagent.com\/sv\/destination-silverkusten\/aktiviteter\/alcobaca\/#breadcrumb","itemListElement":[{"@type":"ListItem","position":1,"name":"Home","item":"https:\/\/portugalagent.com\/sv\/"},{"@type":"ListItem","position":2,"name":"Destination Silverkusten","item":"https:\/\/portugalagent.com\/sv\/destination-silverkusten\/"},{"@type":"ListItem","position":3,"name":"Aktiviteter","item":"https:\/\/portugalagent.com\/sv\/destination-silverkusten\/aktiviteter\/"},{"@type":"ListItem","position":4,"name":"Alcoba\u00e7a"}]},{"@type":"WebSite","@id":"https:\/\/portugalagent.com\/sv\/#website","url":"https:\/\/portugalagent.com\/sv\/","name":"Portugal Agent","description":"","publisher":{"@id":"https:\/\/portugalagent.com\/sv\/#organization"},"potentialAction":[{"@type":"SearchAction","target":{"@type":"EntryPoint","urlTemplate":"https:\/\/portugalagent.com\/sv\/?s={search_term_string}"},"query-input":"required name=search_term_string"}],"inLanguage":"sv-SE"},{"@type":"Organization","@id":"https:\/\/portugalagent.com\/sv\/#organization","name":"Portugal Agent","url":"https:\/\/portugalagent.com\/sv\/","logo":{"@type":"ImageObject","inLanguage":"sv-SE","@id":"https:\/\/portugalagent.com\/sv\/#\/schema\/logo\/image\/","url":"https:\/\/portugalagent.com\/wp-content\/uploads\/2020\/11\/portugalagent.svg","contentUrl":"https:\/\/portugalagent.com\/wp-content\/uploads\/2020\/11\/portugalagent.svg","caption":"Portugal Agent"},"image":{"@id":"https:\/\/portugalagent.com\/sv\/#\/schema\/logo\/image\/"}}]}},"_links":{"self":[{"href":"https:\/\/portugalagent.com\/sv\/wp-json\/wp\/v2\/pages\/42060"}],"collection":[{"href":"https:\/\/portugalagent.com\/sv\/wp-json\/wp\/v2\/pages"}],"about":[{"href":"https:\/\/portugalagent.com\/sv\/wp-json\/wp\/v2\/types\/page"}],"author":[{"embeddable":true,"href":"https:\/\/portugalagent.com\/sv\/wp-json\/wp\/v2\/users\/6"}],"replies":[{"embeddable":true,"href":"https:\/\/portugalagent.com\/sv\/wp-json\/wp\/v2\/comments?post=42060"}],"version-history":[{"count":1,"href":"https:\/\/portugalagent.com\/sv\/wp-json\/wp\/v2\/pages\/42060\/revisions"}],"predecessor-version":[{"id":42061,"href":"https:\/\/portugalagent.com\/sv\/wp-json\/wp\/v2\/pages\/42060\/revisions\/42061"}],"up":[{"embeddable":true,"href":"https:\/\/portugalagent.com\/sv\/wp-json\/wp\/v2\/pages\/42058"}],"wp:attachment":[{"href":"https:\/\/portugalagent.com\/sv\/wp-json\/wp\/v2\/media?parent=42060"}],"curies":[{"name":"wp","href":"https:\/\/api.w.org\/{rel}","templated":true}]}}