{"id":42058,"date":"2020-02-10T09:54:19","date_gmt":"2020-02-10T09:54:19","guid":{"rendered":"https:\/\/www.go4digital-web.pt\/dev\/portugalagent\/?page_id=42058"},"modified":"2021-01-26T15:00:13","modified_gmt":"2021-01-26T15:00:13","slug":"aktiviteter","status":"publish","type":"page","link":"https:\/\/portugalagent.com\/sv\/destination-silverkusten\/aktiviteter\/","title":{"rendered":"Aktiviteter"},"content":{"rendered":"\n<p>H\u00e4r tipsar vi om n\u00e5gra av alla aktiviteter som finns i omr\u00e5det mellan Peniche i s\u00f6der och Nazar\u00e9 i norr. Allts\u00e5 den s\u00f6dra delen av Silverkusten. Alla v\u00e4gstr\u00e4ckor i km utg\u00e5r fr\u00e5n Nazar\u00e9.<\/p>\n\n\n\n<p>Sj\u00e4lvfallet \u00e4r det h\u00e4r bara en liten, liten, del av utbudet. Dessutom \u00e4r det givetvis f\u00e4rgat av v\u00e5ra intressen. Men det kan bli b\u00e4ttre! S\u00e5 fort vi tr\u00e4ffar p\u00e5 n\u00e5got nytt kommer denna sida att uppdateras. Om du har n\u00e5got f\u00f6rslag p\u00e5 bra aktivitet i omr\u00e5det skickar du en kort beskrivning och en l\u00e4nk p\u00e5 mejl till:&nbsp;<a href=\"mailto:info@portugalagent.com\">info@portugalagent.com<\/a>&nbsp;Vi l\u00e4gger upp det vi tycker \u00e4r relevant f\u00f6r PortugalAgents bes\u00f6kare.<\/p>\n","protected":false},"excerpt":{"rendered":"<p>H\u00e4r tipsar vi om n\u00e5gra av alla aktiviteter som finns i omr\u00e5det mellan Peniche i s\u00f6der och Nazar\u00e9 i norr. Allts\u00e5 den s\u00f6dra delen av Silverkusten. Alla v\u00e4gstr\u00e4ckor i km utg\u00e5r fr\u00e5n Nazar\u00e9. Sj\u00e4lvfallet \u00e4r det h\u00e4r bara en liten, liten, del av utbudet. Dessutom \u00e4r det givetvis f\u00e4rgat av v\u00e5ra intressen. Men det kan [&hellip;]<\/p>\n","protected":false},"author":2,"featured_media":0,"parent":38903,"menu_order":3,"comment_status":"closed","ping_status":"closed","template":"layoutSidebar.php","meta":{"om_disable_all_campaigns":false,"_monsterinsights_skip_tracking":false,"_monsterinsights_sitenote_active":false,"_monsterinsights_sitenote_note":"","_monsterinsights_sitenote_category":0},"aioseo_notices":[],"yoast_head":"<!-- This site is optimized with the Yoast SEO plugin v19.10 - https:\/\/yoast.com\/wordpress\/plugins\/seo\/ -->\n<title>Aktiviteter - Portugal Agent<\/title>\n<meta name=\"robots\" content=\"index, follow, max-snippet:-1, max-image-preview:large, max-video-preview:-1\" \/>\n<link rel=\"canonical\" href=\"https:\/\/portugalagent.com\/sv\/destination-silverkusten\/aktiviteter\/\" \/>\n<meta property=\"og:locale\" content=\"sv_SE\" \/>\n<meta property=\"og:type\" content=\"article\" \/>\n<meta property=\"og:title\" content=\"Aktiviteter - Portugal Agent\" \/>\n<meta property=\"og:description\" content=\"H\u00e4r tipsar vi om n\u00e5gra av alla aktiviteter som finns i omr\u00e5det mellan Peniche i s\u00f6der och Nazar\u00e9 i norr. Allts\u00e5 den s\u00f6dra delen av Silverkusten. Alla v\u00e4gstr\u00e4ckor i km utg\u00e5r fr\u00e5n Nazar\u00e9. Sj\u00e4lvfallet \u00e4r det h\u00e4r bara en liten, liten, del av utbudet. Dessutom \u00e4r det givetvis f\u00e4rgat av v\u00e5ra intressen. Men det kan [&hellip;]\" \/>\n<meta property=\"og:url\" content=\"https:\/\/portugalagent.com\/sv\/destination-silverkusten\/aktiviteter\/\" \/>\n<meta property=\"og:site_name\" content=\"Portugal Agent\" \/>\n<meta property=\"article:modified_time\" content=\"2021-01-26T15:00:13+00:00\" \/>\n<meta name=\"twitter:card\" content=\"summary_large_image\" \/>\n<meta name=\"twitter:label1\" content=\"Ber\u00e4knad l\u00e4stid\" \/>\n\t<meta name=\"twitter:data1\" content=\"1 minut\" \/>\n<script type=\"application\/ld+json\" class=\"yoast-schema-graph\">{\"@context\":\"https:\/\/schema.org\",\"@graph\":[{\"@type\":\"WebPage\",\"@id\":\"https:\/\/portugalagent.com\/sv\/destination-silverkusten\/aktiviteter\/\",\"url\":\"https:\/\/portugalagent.com\/sv\/destination-silverkusten\/aktiviteter\/\",\"name\":\"Aktiviteter - Portugal Agent\",\"isPartOf\":{\"@id\":\"https:\/\/portugalagent.com\/sv\/#website\"},\"datePublished\":\"2020-02-10T09:54:19+00:00\",\"dateModified\":\"2021-01-26T15:00:13+00:00\",\"breadcrumb\":{\"@id\":\"https:\/\/portugalagent.com\/sv\/destination-silverkusten\/aktiviteter\/#breadcrumb\"},\"inLanguage\":\"sv-SE\",\"potentialAction\":[{\"@type\":\"ReadAction\",\"target\":[\"https:\/\/portugalagent.com\/sv\/destination-silverkusten\/aktiviteter\/\"]}]},{\"@type\":\"BreadcrumbList\",\"@id\":\"https:\/\/portugalagent.com\/sv\/destination-silverkusten\/aktiviteter\/#breadcrumb\",\"itemListElement\":[{\"@type\":\"ListItem\",\"position\":1,\"name\":\"Home\",\"item\":\"https:\/\/portugalagent.com\/sv\/\"},{\"@type\":\"ListItem\",\"position\":2,\"name\":\"Destination Silverkusten\",\"item\":\"https:\/\/portugalagent.com\/sv\/destination-silverkusten\/\"},{\"@type\":\"ListItem\",\"position\":3,\"name\":\"Aktiviteter\"}]},{\"@type\":\"WebSite\",\"@id\":\"https:\/\/portugalagent.com\/sv\/#website\",\"url\":\"https:\/\/portugalagent.com\/sv\/\",\"name\":\"Portugal Agent\",\"description\":\"\",\"publisher\":{\"@id\":\"https:\/\/portugalagent.com\/sv\/#organization\"},\"potentialAction\":[{\"@type\":\"SearchAction\",\"target\":{\"@type\":\"EntryPoint\",\"urlTemplate\":\"https:\/\/portugalagent.com\/sv\/?s={search_term_string}\"},\"query-input\":\"required name=search_term_string\"}],\"inLanguage\":\"sv-SE\"},{\"@type\":\"Organization\",\"@id\":\"https:\/\/portugalagent.com\/sv\/#organization\",\"name\":\"Portugal Agent\",\"url\":\"https:\/\/portugalagent.com\/sv\/\",\"logo\":{\"@type\":\"ImageObject\",\"inLanguage\":\"sv-SE\",\"@id\":\"https:\/\/portugalagent.com\/sv\/#\/schema\/logo\/image\/\",\"url\":\"https:\/\/portugalagent.com\/wp-content\/uploads\/2020\/11\/portugalagent.svg\",\"contentUrl\":\"https:\/\/portugalagent.com\/wp-content\/uploads\/2020\/11\/portugalagent.svg\",\"caption\":\"Portugal Agent\"},\"image\":{\"@id\":\"https:\/\/portugalagent.com\/sv\/#\/schema\/logo\/image\/\"}}]}<\/script>\n<!-- \/ Yoast SEO plugin. -->","yoast_head_json":{"title":"Aktiviteter - Portugal Agent","robots":{"index":"index","follow":"follow","max-snippet":"max-snippet:-1","max-image-preview":"max-image-preview:large","max-video-preview":"max-video-preview:-1"},"canonical":"https:\/\/portugalagent.com\/sv\/destination-silverkusten\/aktiviteter\/","og_locale":"sv_SE","og_type":"article","og_title":"Aktiviteter - Portugal Agent","og_description":"H\u00e4r tipsar vi om n\u00e5gra av alla aktiviteter som finns i omr\u00e5det mellan Peniche i s\u00f6der och Nazar\u00e9 i norr. Allts\u00e5 den s\u00f6dra delen av Silverkusten. Alla v\u00e4gstr\u00e4ckor i km utg\u00e5r fr\u00e5n Nazar\u00e9. Sj\u00e4lvfallet \u00e4r det h\u00e4r bara en liten, liten, del av utbudet. Dessutom \u00e4r det givetvis f\u00e4rgat av v\u00e5ra intressen. Men det kan [&hellip;]","og_url":"https:\/\/portugalagent.com\/sv\/destination-silverkusten\/aktiviteter\/","og_site_name":"Portugal Agent","article_modified_time":"2021-01-26T15:00:13+00:00","twitter_card":"summary_large_image","twitter_misc":{"Ber\u00e4knad l\u00e4stid":"1 minut"},"schema":{"@context":"https:\/\/schema.org","@graph":[{"@type":"WebPage","@id":"https:\/\/portugalagent.com\/sv\/destination-silverkusten\/aktiviteter\/","url":"https:\/\/portugalagent.com\/sv\/destination-silverkusten\/aktiviteter\/","name":"Aktiviteter - Portugal Agent","isPartOf":{"@id":"https:\/\/portugalagent.com\/sv\/#website"},"datePublished":"2020-02-10T09:54:19+00:00","dateModified":"2021-01-26T15:00:13+00:00","breadcrumb":{"@id":"https:\/\/portugalagent.com\/sv\/destination-silverkusten\/aktiviteter\/#breadcrumb"},"inLanguage":"sv-SE","potentialAction":[{"@type":"ReadAction","target":["https:\/\/portugalagent.com\/sv\/destination-silverkusten\/aktiviteter\/"]}]},{"@type":"BreadcrumbList","@id":"https:\/\/portugalagent.com\/sv\/destination-silverkusten\/aktiviteter\/#breadcrumb","itemListElement":[{"@type":"ListItem","position":1,"name":"Home","item":"https:\/\/portugalagent.com\/sv\/"},{"@type":"ListItem","position":2,"name":"Destination Silverkusten","item":"https:\/\/portugalagent.com\/sv\/destination-silverkusten\/"},{"@type":"ListItem","position":3,"name":"Aktiviteter"}]},{"@type":"WebSite","@id":"https:\/\/portugalagent.com\/sv\/#website","url":"https:\/\/portugalagent.com\/sv\/","name":"Portugal Agent","description":"","publisher":{"@id":"https:\/\/portugalagent.com\/sv\/#organization"},"potentialAction":[{"@type":"SearchAction","target":{"@type":"EntryPoint","urlTemplate":"https:\/\/portugalagent.com\/sv\/?s={search_term_string}"},"query-input":"required name=search_term_string"}],"inLanguage":"sv-SE"},{"@type":"Organization","@id":"https:\/\/portugalagent.com\/sv\/#organization","name":"Portugal Agent","url":"https:\/\/portugalagent.com\/sv\/","logo":{"@type":"ImageObject","inLanguage":"sv-SE","@id":"https:\/\/portugalagent.com\/sv\/#\/schema\/logo\/image\/","url":"https:\/\/portugalagent.com\/wp-content\/uploads\/2020\/11\/portugalagent.svg","contentUrl":"https:\/\/portugalagent.com\/wp-content\/uploads\/2020\/11\/portugalagent.svg","caption":"Portugal Agent"},"image":{"@id":"https:\/\/portugalagent.com\/sv\/#\/schema\/logo\/image\/"}}]}},"_links":{"self":[{"href":"https:\/\/portugalagent.com\/sv\/wp-json\/wp\/v2\/pages\/42058"}],"collection":[{"href":"https:\/\/portugalagent.com\/sv\/wp-json\/wp\/v2\/pages"}],"about":[{"href":"https:\/\/portugalagent.com\/sv\/wp-json\/wp\/v2\/types\/page"}],"author":[{"embeddable":true,"href":"https:\/\/portugalagent.com\/sv\/wp-json\/wp\/v2\/users\/2"}],"replies":[{"embeddable":true,"href":"https:\/\/portugalagent.com\/sv\/wp-json\/wp\/v2\/comments?post=42058"}],"version-history":[{"count":4,"href":"https:\/\/portugalagent.com\/sv\/wp-json\/wp\/v2\/pages\/42058\/revisions"}],"predecessor-version":[{"id":55270,"href":"https:\/\/portugalagent.com\/sv\/wp-json\/wp\/v2\/pages\/42058\/revisions\/55270"}],"up":[{"embeddable":true,"href":"https:\/\/portugalagent.com\/sv\/wp-json\/wp\/v2\/pages\/38903"}],"wp:attachment":[{"href":"https:\/\/portugalagent.com\/sv\/wp-json\/wp\/v2\/media?parent=42058"}],"curies":[{"name":"wp","href":"https:\/\/api.w.org\/{rel}","templated":true}]}}