{"id":42049,"date":"2020-02-07T16:01:57","date_gmt":"2020-02-07T16:01:57","guid":{"rendered":"https:\/\/www.go4digital-web.pt\/dev\/portugalagent\/?page_id=42049"},"modified":"2020-06-10T18:42:19","modified_gmt":"2020-06-10T18:42:19","slug":"flytta-till-portugal","status":"publish","type":"page","link":"https:\/\/portugalagent.com\/sv\/destination-silverkusten\/flytta-till-portugal\/","title":{"rendered":"Flytta till Portugal"},"content":{"rendered":"\n<p><strong>Portugal har sedan 2009 inf\u00f6rt en skattereform som m\u00f6jligg\u00f6r att utl\u00e4ndska pensioner kan tas ut med endast 10% skatt i Portugal och ingen skatt alls i Sverige. Syftet med reformen \u00e4r att g\u00f6ra Portugal intressant ur ett internationellt perspektiv som bos\u00e4ttningsland f\u00f6r h\u00f6gt kvalificerad arbetskraft och f\u00f6r pension\u00e4rer och andra personer med passiva inkomster som exempelvis kapitalinkomster. Reformen f\u00f6rv\u00e4ntas ocks\u00e5 uppmuntra portugiser med gott om pengar och som \u00e4r bosatta utomlands att \u00e5terv\u00e4nda till Portugal. Det finns ocks\u00e5 goda m\u00f6jligheter f\u00f6r svenska f\u00f6retagare att s\u00e4lja f\u00f6retaget och ta ut vinsten i Portugal p\u00e5 ett mycket gynnsamt s\u00e4tt skattem\u00e4ssigt.<\/strong><\/p>\n\n\n\n<p>Portugal erbjuder en mycket l\u00e5g skatt om 10% p\u00e5 privat tj\u00e4nstepension varf\u00f6r det kan vara v\u00e4rt att fundera p\u00e5 en flytt dit n\u00e4r pensionen n\u00e4rmar sig. Skattel\u00e4ttnaden inneb\u00e4r att du har r\u00e5d att pensionera dig i tidigare \u00e5lder om du vill!<\/p>\n\n\n\n<p>Nedan f\u00f6ljer v\u00e5ra tips n\u00e4r det g\u00e4ller flytt, pension och skatter. Grundtipset \u00e4r att du m\u00e5ste gilla l\u00e4get i Portugal! Sedan kan du dessutom spara stora skattesummor men undvik att trixa och att t\u00e4nja p\u00e5 gr\u00e4nserna i on\u00f6dan.<\/p>\n\n\n\n<div class=\"is-layout-flex wp-container-3 wp-block-columns\">\n<div class=\"is-layout-flow wp-block-column\" style=\"flex-basis:12%\">\n<figure class=\"wp-block-image size-large\"><img decoding=\"async\" src=\"\/wp-content\/uploads\/2020\/01\/Path-6396.svg\" alt=\"\" class=\"wp-image-39703\"\/><\/figure>\n<\/div>\n\n\n\n<div class=\"is-layout-flow wp-block-column\" style=\"flex-basis:88%\">\n<p><strong>Portugal erbjuder en mycket l\u00e5g skatt om 10% p\u00e5 privat tj\u00e4nstepension<\/strong>.<strong>..\u201d<\/strong><\/p>\n<\/div>\n<\/div>\n\n\n\n<p>Den som vill ha utf\u00f6rligare text om skattereglerna, pensioner, siffror och diagram h\u00e4nvisar vi till v\u00e5rt l\u00e4nkarkiv. Det finns mycket att l\u00e4sa p\u00e5 internet om detta!<\/p>\n\n\n\n<p>Vill du ha kvalificerad skatter\u00e5dgivning h\u00e4nvisar vi till n\u00e5gon av alla skatter\u00e5dgivare som finns p\u00e5 marknaden. N\u00e4r det g\u00e4ller den Portugisiska delen samarbetar vi med flera olika r\u00e5dgivare och experter. De beh\u00e4rskar b\u00e5de skatteregler, NHR och fastighetsaff\u00e4rer i Portugal. H\u00f6r av dig om du vill ha tips p\u00e5 vilka r\u00e5dgivare som vi tror kan passa just din situation.<\/p>\n\n\n\n<p>Grundarna av Portugalagent Kari och Niklas Fors\u00e9n flyttade sj\u00e4lva till Portugal i december 2017. P\u00e5 l\u00e4nkarna nedan kan du l\u00e4sa mer om hur det gick till:<\/p>\n\n\n\n<ul><li><a href=\"https:\/\/portugalagent.com\/kari-niklas-flyttar-till-nazare\/?lang=sv\">Kari och Niklas flyttar till Portugal<\/a><\/li><li><a href=\"https:\/\/portugalagent.com\/flytta-bohag-fran-sverige-till-portugal\/?lang=sv\">Flytta till Portugal med bohag och allt<\/a><\/li><li><a href=\"https:\/\/portugalagent.com\/nu-ar-vi-framme-i-nazare\/?lang=sv\">Nu \u00e4r vi framme i Portugal\u00a0<\/a><\/li><li><a href=\"https:\/\/portugalagent.com\/sv\/importera-bil-till-portugal\/\">Importera bil till Portugal<\/a><\/li><\/ul>\n\n\n\n<h4>Tre grundtips f\u00f6r lyckad utflytt fr\u00e5n Sverige och skattesparande i Portugal<\/h4>\n\n\n\n<ul><li>Gilla l\u00e4get i Portugal<\/li><li>Inse att det tar tid innan du bor i Portugal<\/li><li>Undvik v\u00e4sentlig anknytning till Sverige n\u00e4r du flyttat<\/li><\/ul>\n\n\n\n<h4>Flytt och NHR<\/h4>\n\n\n\n<p>F\u00f6r att flytta till Portugal beh\u00f6vs egentligen ingen s\u00e4rskild planering. Portugal \u00e4r ett EU-land och med i Schengenavtalet. Kan du bara f\u00f6rs\u00f6rja dig d\u00e4r, eller jobba fr\u00e5n Portugal eller rent av i Portugal \u00e4r det bara att flytta. Men d\u00e5 betalar du vanlig Portugisisk skatt p\u00e5 inkomst d\u00e4r, och svensk skatt om du har inkomst i Sverige.<\/p>\n\n\n\n<p>Det \u00e4r n\u00e4r du vill komma \u00e5t de stora skattel\u00e4ttnaderna p\u00e5 pension och kapital, eller vid en f\u00f6retagsflytt, som det blir viktigt att ha koll p\u00e5 reglerna samt att g\u00f6ra utflytten p\u00e5 r\u00e4tt s\u00e4tt och i r\u00e4tt ordning.<\/p>\n\n\n\n<p>Som villkor f\u00f6r att erh\u00e5lla skattef\u00f6rdelarna m\u00e5ste du ans\u00f6ka om att bli s\u00e5 kallad Non-Habitual Resident (NHR). N\u00e4r du f\u00e5tt ans\u00f6kan godk\u00e4nd erh\u00e5ller du NHR-status vilket kvalificerar dig till att slippa skatt p\u00e5 pension och kapitalinkomster som kommer fr\u00e5n annat land \u00e4n Portugal i upp till 10 \u00e5r. Villkoret f\u00f6r NHR-status \u00e4r att du inte haft inkomst i Portugal eller varit bosatt d\u00e4r under den senaste fem\u00e5rsperioden som f\u00f6reg\u00e5tt bos\u00e4ttningen i Portugal. Du kan d\u00e4remot \u00e4ga ett andra boende i Portugal innan, men allts\u00e5 inte skriva dig d\u00e4r, eller ha ett extrajobb d\u00e4r, innan du flyttar.<\/p>\n\n\n\n<p>Observera att NHR-statusen endast ger dig frihet fr\u00e5n skatt i Portugal. F\u00f6r att slippa svensk skatt p\u00e5 privat tj\u00e4nstepension och kapital m\u00e5ste du flytta ut fr\u00e5n Sverige och vara utflyttad i minst fem \u00e5r.<\/p>\n\n\n\n<h4>Utflyttning fr\u00e5n Sverige och v\u00e4sentlig anknytning<\/h4>\n\n\n\n<p>F\u00f6r att Sverige ska sl\u00e4ppa beskattningen p\u00e5 tj\u00e4nstepension fr\u00e5n privat sektor m\u00e5ste du flytta ut fr\u00e5n Sverige och efter det sakna sk \u201dv\u00e4sentlig anknytning\u201d. Detta g\u00e4ller \u00e4ven om du flyttar och s\u00e4ljer ett svenskt bolag. Sedan m\u00e5ste du vara utanf\u00f6r Sverige i minst fem \u00e5r innan du kan flytta tillbaka.<\/p>\n\n\n\n<p>Det h\u00e4r med v\u00e4sentlig anknytning till Sverige \u00e4r mycket viktigt. Tyv\u00e4rr ser vi ibland information som p\u00e5st\u00e5r att man kan vistas ganska mycket i Sverige \u00e4ven efter en utflyttning, eller att man kan ha sommarstuga och kanske fj\u00e4llstugan kvar. Det rekommenderar vi inte!<\/p>\n\n\n\n<p>Att sakna v\u00e4sentlig anknytning till Sverige inneb\u00e4r bland annat:<\/p>\n\n\n\n<ul><li>Inget fast boende i Sverige av n\u00e5got slag<\/li><li>Inget jobb och ingen inkomst i Sverige<\/li><li>Ej del\u00e4gare, eller \u00e4gare av f\u00f6retag i Sverige<\/li><li>Ej styrelseuppdrag i svenskt bolag<\/li><li>Du&nbsp;b\u00f6r inte \u00e4ga fastighet eller mark i Sverige<\/li><li>Ej mantalsskriven eller skattskyldig i Sverige<\/li><\/ul>\n\n\n\n<p>Du kan ha barn \u00f6ver 18 \u00e5r som bor kvar i Sverige och du kan resa p\u00e5 semester till Sverige. Det g\u00e4ller bara att inte stanna f\u00f6r l\u00e4nge eller att resa f\u00f6r ofta. M\u00e5nga s\u00e4ger att 6 m\u00e5nader per \u00e5r g\u00e5r bra, andra att det \u00e4r alldeles f\u00f6r mycket tid i Sverige f\u00f6r att sakna v\u00e4sentlig anknytning. Vi menar att det \u00e4r f\u00f6r stora pengar p\u00e5 spel f\u00f6r att ta risken att bli av med hela f\u00f6rm\u00e5nen \u2013 dessutom i eterhand! D\u00e4rf\u00f6r b\u00f6r du vara sparsam med Sverigebes\u00f6ken och med andra \u00e5taganden i Sverige.<\/p>\n\n\n\n<p>Portugal kr\u00e4ver ocks\u00e5 viss n\u00e4rvaro d\u00e4r men verkar inte lika tuffa p\u00e5 det som Sverige. Detta \u00f6ppnar upp f\u00f6r Alpresor med barnen, kanske Florida eller Thailand ibland tillsammans med sl\u00e4kt och v\u00e4nner?<\/p>\n\n\n\n<h4>Skattef\u00f6rdelar vid bos\u00e4ttning i Portugal:<\/h4>\n\n\n\n<p>F\u00f6ruts\u00e4tter att du har NHR-status, \u00e4r utflyttad fr\u00e5n Sverige och saknar v\u00e4sentlig anknytning till Sverige<\/p>\n\n\n\n<ul><li>10% skatt p\u00e5 tj\u00e4nstepension fr\u00e5n privat sektor<\/li><li>\u00d6vriga pensionsinkomster beskattas med 25% (SINK)<\/li><li>Kapitalskatten kan ofta elimineras<\/li><li>Ingen g\u00e5voskatt<\/li><li>Ingen arvsskatt<\/li><li>Ingen f\u00f6rm\u00f6genhetsskatt<\/li><li>Reavinst p\u00e5 permanentbostad \u00e4r skattefri om \u00e4garen \u00e5terinvesterar i ny bostad inom Portugal\/EU\/EEA under f\u00f6ruts\u00e4ttning att den f\u00f6rra, och den nya bostaden \u00e4r din permanenta bostad.<\/li><li>Stora f\u00f6rdelar vid bolagsexit. Med r\u00e4tt planering kan skatt undvikas helt.<\/li><\/ul>\n\n\n\n<p>SINK: S\u00e4rskild inkomstskatt f\u00f6r personer bosatta utomlands.<\/p>\n\n\n\n<h4>Planera i tid!<\/h4>\n\n\n\n<p>N\u00e4r du best\u00e4mt dig f\u00f6r att kanske flytta till Portugal n\u00e5gon g\u00e5ng i framtiden f\u00f6r att pensionera dig d\u00e4r m\u00e5ste du inse att det tar dit innan det kan genomf\u00f6ras fullt ut! R\u00e4kna med minst tv\u00e5 \u00e5r fr\u00e5n det att du b\u00f6rjat fundera p\u00e5 pension i Portugal till att du faktiskt \u00e4r utflyttad fr\u00e5n Sverige och inflyttad i Portugal. Du ska ju dessutom sakna v\u00e4sentlig anknytning till Sverige n\u00e4r du flyttat. I Sverige inneb\u00e4r det att du m\u00e5ste s\u00e4lja din bostad, bilen och annat. I Portugal inneb\u00e4r det att du m\u00e5ste ha ett boende att flytta till.<\/p>\n\n\n\n<div class=\"is-layout-flex wp-container-6 wp-block-columns\">\n<div class=\"is-layout-flow wp-block-column\" style=\"flex-basis:12%\">\n<figure class=\"wp-block-image size-large\"><img decoding=\"async\" src=\"\/wp-content\/uploads\/2020\/01\/Path-6396.svg\" alt=\"\" class=\"wp-image-39703\"\/><\/figure>\n<\/div>\n\n\n\n<div class=\"is-layout-flow wp-block-column\" style=\"flex-basis:88%\">\n<p><strong>Skattel\u00e4ttnaden inneb\u00e4r att du har r\u00e5d att pensionera dig i tidigare \u00e5lder om du vill!<\/strong><\/p>\n<\/div>\n<\/div>\n\n\n\n<p>Ett bra s\u00e4tt att komma ig\u00e5ng och att f\u00e5 mer kunskap om Portugal innan man verkligen best\u00e4mmer sig f\u00f6r att flytta \u00e4r att k\u00f6pa en bostad d\u00e4r en ganska l\u00e5ng tid innan pensioneringen. Allts\u00e5 ett andra boende som du de f\u00f6rsta \u00e5ren har som semesterhus. D\u00e5 kan du vara d\u00e4r flera veckor i rad p\u00e5 semestern och k\u00e4nna dig f\u00f6r. Du kan ta ner barn, sl\u00e4kt och v\u00e4nner och se vad de tycker. Kommer de att h\u00e4lsa p\u00e5 dig om du flyttar ner permanent? Mycket bra att veta innan du tar det stora steget och flyttar p\u00e5 riktigt. T\u00e4nk p\u00e5 att det \u00e4r ganska enkelt att finansiera k\u00f6pet till stora delar genom att hyra ut huset eller l\u00e4genheten, speciellt fr\u00e5n slutet av juli och till slutet av augusti d\u00e5 s\u00f6dra Europa har semester. Du kan r\u00e4kna med fem veckor med int\u00e4kt, eller mer per \u00e5r, om bostaden ligger trevligt till n\u00e4ra n\u00e5gon strand. T\u00e4nk ocks\u00e5 p\u00e5 att bostaden g\u00e5r att s\u00e4lja om du \u00e5ngrar dig i ett senare l\u00e4ge! Bostadsmarknaden i kustn\u00e4ra omr\u00e5den \u00e4r svagt \u00f6kande och v\u00e5r bed\u00f6mning \u00e4r att den kommer forts\u00e4tta att \u00f6ka \u00e5r fr\u00e5n \u00e5r i framtiden varf\u00f6r du inte tar n\u00e5gon stor risk om du \u201dk\u00f6per f\u00f6rst och best\u00e4mmer dig sen\u201d.<\/p>\n\n\n\n<p>Portugalagent hj\u00e4lper dig b\u00e5de med k\u00f6p och s\u00e4lj!<\/p>\n\n\n\n<h4>Flytt och f\u00f6rs\u00e4ljning av svenskt aktiebolag<\/h4>\n\n\n\n<p>\u00c4ger du ett svenskt AB med gott om pengar eller andra tillg\u00e5ngar kan du genom att bos\u00e4tta dig i Portugal vid en f\u00f6retagsavyttring reducera din skatt med stora belopp. Ofta genomf\u00f6rs f\u00f6rs\u00e4ljningarna av bolag med ingen skatt alls om det sk\u00f6ts p\u00e5 r\u00e4tt s\u00e4tt!<\/p>\n\n\n\n<p>Detta g\u00e4ller om du avyttrar ditt svenska bolag med beskattade medel till ett utl\u00e4ndskt holdingbolag i t.ex. Malta. Sedan, med viss eftersl\u00e4pning, f\u00f6r du \u00f6ver medel fr\u00e5n Malta till Portugal, ofta utan skatt.<\/p>\n\n\n\n<p>Att g\u00f6ra en s\u00e5dan f\u00f6retagsexit kr\u00e4ver kvalificerad specialisthj\u00e4lp. Det kostar ocks\u00e5 en hel del varf\u00f6r det inte passar alla som vill likvidera ett bolag och g\u00e5 i pension. Det finns flera skattexperter som kan vara behj\u00e4lpliga med detta. Se mer i v\u00e5rt l\u00e4nkarkiv.<\/p>\n\n\n\n<p>Portugalagent hj\u00e4lper dig att finna r\u00e4tt boende p\u00e5 r\u00e4tt plats i Portugal!<\/p>\n\n\n\n<h4>Kvalificerad skatter\u00e5dgivning<\/h4>\n\n\n\n<p>Ska du pensionera dig i Portugal i avsikt att spara skattepengar rekommenderar vi starkt att du anlitar en expert p\u00e5 respektive omr\u00e5de. H\u00f6r av dig till oss. Vi har de r\u00e4tta kontakterna beroende p\u00e5 dina fr\u00e5gor och dina behov.<\/p>\n","protected":false},"excerpt":{"rendered":"<p>Portugal har sedan 2009 inf\u00f6rt en skattereform som m\u00f6jligg\u00f6r att utl\u00e4ndska pensioner kan tas ut med endast 10% skatt i Portugal och ingen skatt alls i Sverige. Syftet med reformen \u00e4r att g\u00f6ra Portugal intressant ur ett internationellt perspektiv som bos\u00e4ttningsland f\u00f6r h\u00f6gt kvalificerad arbetskraft och f\u00f6r pension\u00e4rer och andra personer med passiva inkomster som [&hellip;]<\/p>\n","protected":false},"author":6,"featured_media":0,"parent":38903,"menu_order":6,"comment_status":"closed","ping_status":"closed","template":"layoutSidebar.php","meta":{"om_disable_all_campaigns":false,"_monsterinsights_skip_tracking":false,"_monsterinsights_sitenote_active":false,"_monsterinsights_sitenote_note":"","_monsterinsights_sitenote_category":0},"aioseo_notices":[],"yoast_head":"<!-- This site is optimized with the Yoast SEO plugin v19.10 - https:\/\/yoast.com\/wordpress\/plugins\/seo\/ -->\n<title>Flytta till Portugal - Portugal Agent<\/title>\n<meta name=\"robots\" content=\"index, follow, max-snippet:-1, max-image-preview:large, max-video-preview:-1\" \/>\n<link rel=\"canonical\" href=\"https:\/\/portugalagent.com\/sv\/destination-silverkusten\/flytta-till-portugal\/\" \/>\n<meta property=\"og:locale\" content=\"sv_SE\" \/>\n<meta property=\"og:type\" content=\"article\" \/>\n<meta property=\"og:title\" content=\"Flytta till Portugal - Portugal Agent\" \/>\n<meta property=\"og:description\" content=\"Portugal har sedan 2009 inf\u00f6rt en skattereform som m\u00f6jligg\u00f6r att utl\u00e4ndska pensioner kan tas ut med endast 10% skatt i Portugal och ingen skatt alls i Sverige. Syftet med reformen \u00e4r att g\u00f6ra Portugal intressant ur ett internationellt perspektiv som bos\u00e4ttningsland f\u00f6r h\u00f6gt kvalificerad arbetskraft och f\u00f6r pension\u00e4rer och andra personer med passiva inkomster som [&hellip;]\" \/>\n<meta property=\"og:url\" content=\"https:\/\/portugalagent.com\/sv\/destination-silverkusten\/flytta-till-portugal\/\" \/>\n<meta property=\"og:site_name\" content=\"Portugal Agent\" \/>\n<meta property=\"article:modified_time\" content=\"2020-06-10T18:42:19+00:00\" \/>\n<meta name=\"twitter:card\" content=\"summary_large_image\" \/>\n<meta name=\"twitter:label1\" content=\"Ber\u00e4knad l\u00e4stid\" \/>\n\t<meta name=\"twitter:data1\" content=\"9 minuter\" \/>\n<script type=\"application\/ld+json\" class=\"yoast-schema-graph\">{\"@context\":\"https:\/\/schema.org\",\"@graph\":[{\"@type\":\"WebPage\",\"@id\":\"https:\/\/portugalagent.com\/sv\/destination-silverkusten\/flytta-till-portugal\/\",\"url\":\"https:\/\/portugalagent.com\/sv\/destination-silverkusten\/flytta-till-portugal\/\",\"name\":\"Flytta till Portugal - Portugal Agent\",\"isPartOf\":{\"@id\":\"https:\/\/portugalagent.com\/sv\/#website\"},\"datePublished\":\"2020-02-07T16:01:57+00:00\",\"dateModified\":\"2020-06-10T18:42:19+00:00\",\"breadcrumb\":{\"@id\":\"https:\/\/portugalagent.com\/sv\/destination-silverkusten\/flytta-till-portugal\/#breadcrumb\"},\"inLanguage\":\"sv-SE\",\"potentialAction\":[{\"@type\":\"ReadAction\",\"target\":[\"https:\/\/portugalagent.com\/sv\/destination-silverkusten\/flytta-till-portugal\/\"]}]},{\"@type\":\"BreadcrumbList\",\"@id\":\"https:\/\/portugalagent.com\/sv\/destination-silverkusten\/flytta-till-portugal\/#breadcrumb\",\"itemListElement\":[{\"@type\":\"ListItem\",\"position\":1,\"name\":\"Home\",\"item\":\"https:\/\/portugalagent.com\/sv\/\"},{\"@type\":\"ListItem\",\"position\":2,\"name\":\"Destination Silverkusten\",\"item\":\"https:\/\/portugalagent.com\/sv\/destination-silverkusten\/\"},{\"@type\":\"ListItem\",\"position\":3,\"name\":\"Flytta till Portugal\"}]},{\"@type\":\"WebSite\",\"@id\":\"https:\/\/portugalagent.com\/sv\/#website\",\"url\":\"https:\/\/portugalagent.com\/sv\/\",\"name\":\"Portugal Agent\",\"description\":\"\",\"publisher\":{\"@id\":\"https:\/\/portugalagent.com\/sv\/#organization\"},\"potentialAction\":[{\"@type\":\"SearchAction\",\"target\":{\"@type\":\"EntryPoint\",\"urlTemplate\":\"https:\/\/portugalagent.com\/sv\/?s={search_term_string}\"},\"query-input\":\"required name=search_term_string\"}],\"inLanguage\":\"sv-SE\"},{\"@type\":\"Organization\",\"@id\":\"https:\/\/portugalagent.com\/sv\/#organization\",\"name\":\"Portugal Agent\",\"url\":\"https:\/\/portugalagent.com\/sv\/\",\"logo\":{\"@type\":\"ImageObject\",\"inLanguage\":\"sv-SE\",\"@id\":\"https:\/\/portugalagent.com\/sv\/#\/schema\/logo\/image\/\",\"url\":\"https:\/\/portugalagent.com\/wp-content\/uploads\/2020\/11\/portugalagent.svg\",\"contentUrl\":\"https:\/\/portugalagent.com\/wp-content\/uploads\/2020\/11\/portugalagent.svg\",\"caption\":\"Portugal Agent\"},\"image\":{\"@id\":\"https:\/\/portugalagent.com\/sv\/#\/schema\/logo\/image\/\"}}]}<\/script>\n<!-- \/ Yoast SEO plugin. -->","yoast_head_json":{"title":"Flytta till Portugal - Portugal Agent","robots":{"index":"index","follow":"follow","max-snippet":"max-snippet:-1","max-image-preview":"max-image-preview:large","max-video-preview":"max-video-preview:-1"},"canonical":"https:\/\/portugalagent.com\/sv\/destination-silverkusten\/flytta-till-portugal\/","og_locale":"sv_SE","og_type":"article","og_title":"Flytta till Portugal - Portugal Agent","og_description":"Portugal har sedan 2009 inf\u00f6rt en skattereform som m\u00f6jligg\u00f6r att utl\u00e4ndska pensioner kan tas ut med endast 10% skatt i Portugal och ingen skatt alls i Sverige. Syftet med reformen \u00e4r att g\u00f6ra Portugal intressant ur ett internationellt perspektiv som bos\u00e4ttningsland f\u00f6r h\u00f6gt kvalificerad arbetskraft och f\u00f6r pension\u00e4rer och andra personer med passiva inkomster som [&hellip;]","og_url":"https:\/\/portugalagent.com\/sv\/destination-silverkusten\/flytta-till-portugal\/","og_site_name":"Portugal Agent","article_modified_time":"2020-06-10T18:42:19+00:00","twitter_card":"summary_large_image","twitter_misc":{"Ber\u00e4knad l\u00e4stid":"9 minuter"},"schema":{"@context":"https:\/\/schema.org","@graph":[{"@type":"WebPage","@id":"https:\/\/portugalagent.com\/sv\/destination-silverkusten\/flytta-till-portugal\/","url":"https:\/\/portugalagent.com\/sv\/destination-silverkusten\/flytta-till-portugal\/","name":"Flytta till Portugal - Portugal Agent","isPartOf":{"@id":"https:\/\/portugalagent.com\/sv\/#website"},"datePublished":"2020-02-07T16:01:57+00:00","dateModified":"2020-06-10T18:42:19+00:00","breadcrumb":{"@id":"https:\/\/portugalagent.com\/sv\/destination-silverkusten\/flytta-till-portugal\/#breadcrumb"},"inLanguage":"sv-SE","potentialAction":[{"@type":"ReadAction","target":["https:\/\/portugalagent.com\/sv\/destination-silverkusten\/flytta-till-portugal\/"]}]},{"@type":"BreadcrumbList","@id":"https:\/\/portugalagent.com\/sv\/destination-silverkusten\/flytta-till-portugal\/#breadcrumb","itemListElement":[{"@type":"ListItem","position":1,"name":"Home","item":"https:\/\/portugalagent.com\/sv\/"},{"@type":"ListItem","position":2,"name":"Destination Silverkusten","item":"https:\/\/portugalagent.com\/sv\/destination-silverkusten\/"},{"@type":"ListItem","position":3,"name":"Flytta till Portugal"}]},{"@type":"WebSite","@id":"https:\/\/portugalagent.com\/sv\/#website","url":"https:\/\/portugalagent.com\/sv\/","name":"Portugal Agent","description":"","publisher":{"@id":"https:\/\/portugalagent.com\/sv\/#organization"},"potentialAction":[{"@type":"SearchAction","target":{"@type":"EntryPoint","urlTemplate":"https:\/\/portugalagent.com\/sv\/?s={search_term_string}"},"query-input":"required name=search_term_string"}],"inLanguage":"sv-SE"},{"@type":"Organization","@id":"https:\/\/portugalagent.com\/sv\/#organization","name":"Portugal Agent","url":"https:\/\/portugalagent.com\/sv\/","logo":{"@type":"ImageObject","inLanguage":"sv-SE","@id":"https:\/\/portugalagent.com\/sv\/#\/schema\/logo\/image\/","url":"https:\/\/portugalagent.com\/wp-content\/uploads\/2020\/11\/portugalagent.svg","contentUrl":"https:\/\/portugalagent.com\/wp-content\/uploads\/2020\/11\/portugalagent.svg","caption":"Portugal Agent"},"image":{"@id":"https:\/\/portugalagent.com\/sv\/#\/schema\/logo\/image\/"}}]}},"_links":{"self":[{"href":"https:\/\/portugalagent.com\/sv\/wp-json\/wp\/v2\/pages\/42049"}],"collection":[{"href":"https:\/\/portugalagent.com\/sv\/wp-json\/wp\/v2\/pages"}],"about":[{"href":"https:\/\/portugalagent.com\/sv\/wp-json\/wp\/v2\/types\/page"}],"author":[{"embeddable":true,"href":"https:\/\/portugalagent.com\/sv\/wp-json\/wp\/v2\/users\/6"}],"replies":[{"embeddable":true,"href":"https:\/\/portugalagent.com\/sv\/wp-json\/wp\/v2\/comments?post=42049"}],"version-history":[{"count":13,"href":"https:\/\/portugalagent.com\/sv\/wp-json\/wp\/v2\/pages\/42049\/revisions"}],"predecessor-version":[{"id":56147,"href":"https:\/\/portugalagent.com\/sv\/wp-json\/wp\/v2\/pages\/42049\/revisions\/56147"}],"up":[{"embeddable":true,"href":"https:\/\/portugalagent.com\/sv\/wp-json\/wp\/v2\/pages\/38903"}],"wp:attachment":[{"href":"https:\/\/portugalagent.com\/sv\/wp-json\/wp\/v2\/media?parent=42049"}],"curies":[{"name":"wp","href":"https:\/\/api.w.org\/{rel}","templated":true}]}}