{"id":42041,"date":"2020-02-06T12:20:27","date_gmt":"2020-02-06T12:20:27","guid":{"rendered":"https:\/\/www.go4digital-web.pt\/dev\/portugalagent\/?page_id=42041"},"modified":"2020-06-04T16:56:58","modified_gmt":"2020-06-04T16:56:58","slug":"resa-till-portugal","status":"publish","type":"page","link":"https:\/\/portugalagent.com\/sv\/destination-silverkusten\/resa-till-portugal\/","title":{"rendered":"Resa till Portugal"},"content":{"rendered":"\n<h3>Resa till Portugal &#8211; resa till Silverkusten<\/h3>\n\n\n\n<p>F\u00f6r att ta dig till Nazar\u00e9 och Silverkusten \u00e4r det enklast att flyga till Lissabon. Det g\u00e5r \u00e4ven via Porto men d\u00e5 blir det en l\u00e4ngre transfer. Tap flyger direkt fr\u00e5n K\u00f6penhamn och Stockholm. \u00c4ven SAS och vissa av charterbolagen har direktflyg. <br>Hyrbil fr\u00e5n Lissabons (ca 11 mil) eller Portos (ca 23 mil) flygplatser. Fin 120-motorv\u00e4g. <br>Buss med Rede Expressos: Fr\u00e5n Lissabon ca 1 tim 45 min. M\u00e5nga avg\u00e5ngar per dag. Fr\u00e5n Porto ca 3,5 \u2013 4 timmar beroende p\u00e5 vilken busslinje du v\u00e4ljer. Busstationen ligger centralt i Nazar\u00e9. T\u00e5g fr\u00e5n Lissabon eller Porto till Valado dos Frades, ca 6 km \u00f6ster om Nazar\u00e9.<\/p>\n\n\n\n<p>L\u00e4nkar till dessa operat\u00f6rer:<br>Buss:&nbsp;<a rel=\"noreferrer noopener\" href=\"http:\/\/www.rede-expressos.pt\/\" target=\"_blank\">Rede Espressos<\/a><br>T\u00e5g:&nbsp;<a rel=\"noreferrer noopener\" href=\"http:\/\/www.cp.pt\/passengers\/en\/\" target=\"_blank\">Comboios de Portugal<\/a><br>Tunnelbanan i Lissabon:&nbsp;<a rel=\"noreferrer noopener\" href=\"http:\/\/www.metrolisboa.pt\/\" target=\"_blank\">Metro Lisboa<\/a><br>Flyg: Vi rekommenderar&nbsp;<a rel=\"noreferrer noopener\" href=\"http:\/\/www.flygresor.se\/\" target=\"_blank\">www.flygresor.se<\/a>&nbsp;f\u00f6r en samlad bild \u00f6ver utbudet.<br>Annars&nbsp;<a rel=\"noreferrer noopener\" href=\"http:\/\/www.flytap.com\/\" target=\"_blank\">www.flytap.com<\/a><\/p>\n","protected":false},"excerpt":{"rendered":"<p>Resa till Portugal &#8211; resa till Silverkusten F\u00f6r att ta dig till Nazar\u00e9 och Silverkusten \u00e4r det enklast att flyga till Lissabon. Det g\u00e5r \u00e4ven via Porto men d\u00e5 blir det en l\u00e4ngre transfer. Tap flyger direkt fr\u00e5n K\u00f6penhamn och Stockholm. \u00c4ven SAS och vissa av charterbolagen har direktflyg. Hyrbil fr\u00e5n Lissabons (ca 11 mil) [&hellip;]<\/p>\n","protected":false},"author":6,"featured_media":0,"parent":38903,"menu_order":4,"comment_status":"closed","ping_status":"closed","template":"layoutSidebar.php","meta":{"om_disable_all_campaigns":false,"_monsterinsights_skip_tracking":false,"_monsterinsights_sitenote_active":false,"_monsterinsights_sitenote_note":"","_monsterinsights_sitenote_category":0},"aioseo_notices":[],"yoast_head":"<!-- This site is optimized with the Yoast SEO plugin v19.10 - https:\/\/yoast.com\/wordpress\/plugins\/seo\/ -->\n<title>Resa till Portugal - Portugal Agent resa till Portugal Silverkusten<\/title>\n<meta name=\"description\" content=\"Resa till Portugal Silverkusten\" \/>\n<meta name=\"robots\" content=\"index, follow, max-snippet:-1, max-image-preview:large, max-video-preview:-1\" \/>\n<link rel=\"canonical\" href=\"https:\/\/portugalagent.com\/sv\/destination-silverkusten\/resa-till-portugal\/\" \/>\n<meta property=\"og:locale\" content=\"sv_SE\" \/>\n<meta property=\"og:type\" content=\"article\" \/>\n<meta property=\"og:title\" content=\"Resa till Portugal - Portugal Agent resa till Portugal Silverkusten\" \/>\n<meta property=\"og:description\" content=\"Resa till Portugal Silverkusten\" \/>\n<meta property=\"og:url\" content=\"https:\/\/portugalagent.com\/sv\/destination-silverkusten\/resa-till-portugal\/\" \/>\n<meta property=\"og:site_name\" content=\"Portugal Agent\" \/>\n<meta property=\"article:modified_time\" content=\"2020-06-04T16:56:58+00:00\" \/>\n<meta name=\"twitter:card\" content=\"summary_large_image\" \/>\n<meta name=\"twitter:label1\" content=\"Ber\u00e4knad l\u00e4stid\" \/>\n\t<meta name=\"twitter:data1\" content=\"1 minut\" \/>\n<script type=\"application\/ld+json\" class=\"yoast-schema-graph\">{\"@context\":\"https:\/\/schema.org\",\"@graph\":[{\"@type\":\"WebPage\",\"@id\":\"https:\/\/portugalagent.com\/sv\/destination-silverkusten\/resa-till-portugal\/\",\"url\":\"https:\/\/portugalagent.com\/sv\/destination-silverkusten\/resa-till-portugal\/\",\"name\":\"Resa till Portugal - Portugal Agent resa till Portugal Silverkusten\",\"isPartOf\":{\"@id\":\"https:\/\/portugalagent.com\/sv\/#website\"},\"datePublished\":\"2020-02-06T12:20:27+00:00\",\"dateModified\":\"2020-06-04T16:56:58+00:00\",\"description\":\"Resa till Portugal Silverkusten\",\"breadcrumb\":{\"@id\":\"https:\/\/portugalagent.com\/sv\/destination-silverkusten\/resa-till-portugal\/#breadcrumb\"},\"inLanguage\":\"sv-SE\",\"potentialAction\":[{\"@type\":\"ReadAction\",\"target\":[\"https:\/\/portugalagent.com\/sv\/destination-silverkusten\/resa-till-portugal\/\"]}]},{\"@type\":\"BreadcrumbList\",\"@id\":\"https:\/\/portugalagent.com\/sv\/destination-silverkusten\/resa-till-portugal\/#breadcrumb\",\"itemListElement\":[{\"@type\":\"ListItem\",\"position\":1,\"name\":\"Home\",\"item\":\"https:\/\/portugalagent.com\/sv\/\"},{\"@type\":\"ListItem\",\"position\":2,\"name\":\"Destination Silverkusten\",\"item\":\"https:\/\/portugalagent.com\/sv\/destination-silverkusten\/\"},{\"@type\":\"ListItem\",\"position\":3,\"name\":\"Resa till Portugal\"}]},{\"@type\":\"WebSite\",\"@id\":\"https:\/\/portugalagent.com\/sv\/#website\",\"url\":\"https:\/\/portugalagent.com\/sv\/\",\"name\":\"Portugal Agent\",\"description\":\"\",\"publisher\":{\"@id\":\"https:\/\/portugalagent.com\/sv\/#organization\"},\"potentialAction\":[{\"@type\":\"SearchAction\",\"target\":{\"@type\":\"EntryPoint\",\"urlTemplate\":\"https:\/\/portugalagent.com\/sv\/?s={search_term_string}\"},\"query-input\":\"required name=search_term_string\"}],\"inLanguage\":\"sv-SE\"},{\"@type\":\"Organization\",\"@id\":\"https:\/\/portugalagent.com\/sv\/#organization\",\"name\":\"Portugal Agent\",\"url\":\"https:\/\/portugalagent.com\/sv\/\",\"logo\":{\"@type\":\"ImageObject\",\"inLanguage\":\"sv-SE\",\"@id\":\"https:\/\/portugalagent.com\/sv\/#\/schema\/logo\/image\/\",\"url\":\"https:\/\/portugalagent.com\/wp-content\/uploads\/2020\/11\/portugalagent.svg\",\"contentUrl\":\"https:\/\/portugalagent.com\/wp-content\/uploads\/2020\/11\/portugalagent.svg\",\"caption\":\"Portugal Agent\"},\"image\":{\"@id\":\"https:\/\/portugalagent.com\/sv\/#\/schema\/logo\/image\/\"}}]}<\/script>\n<!-- \/ Yoast SEO plugin. -->","yoast_head_json":{"title":"Resa till Portugal - Portugal Agent resa till Portugal Silverkusten","description":"Resa till Portugal Silverkusten","robots":{"index":"index","follow":"follow","max-snippet":"max-snippet:-1","max-image-preview":"max-image-preview:large","max-video-preview":"max-video-preview:-1"},"canonical":"https:\/\/portugalagent.com\/sv\/destination-silverkusten\/resa-till-portugal\/","og_locale":"sv_SE","og_type":"article","og_title":"Resa till Portugal - Portugal Agent resa till Portugal Silverkusten","og_description":"Resa till Portugal Silverkusten","og_url":"https:\/\/portugalagent.com\/sv\/destination-silverkusten\/resa-till-portugal\/","og_site_name":"Portugal Agent","article_modified_time":"2020-06-04T16:56:58+00:00","twitter_card":"summary_large_image","twitter_misc":{"Ber\u00e4knad l\u00e4stid":"1 minut"},"schema":{"@context":"https:\/\/schema.org","@graph":[{"@type":"WebPage","@id":"https:\/\/portugalagent.com\/sv\/destination-silverkusten\/resa-till-portugal\/","url":"https:\/\/portugalagent.com\/sv\/destination-silverkusten\/resa-till-portugal\/","name":"Resa till Portugal - Portugal Agent resa till Portugal Silverkusten","isPartOf":{"@id":"https:\/\/portugalagent.com\/sv\/#website"},"datePublished":"2020-02-06T12:20:27+00:00","dateModified":"2020-06-04T16:56:58+00:00","description":"Resa till Portugal Silverkusten","breadcrumb":{"@id":"https:\/\/portugalagent.com\/sv\/destination-silverkusten\/resa-till-portugal\/#breadcrumb"},"inLanguage":"sv-SE","potentialAction":[{"@type":"ReadAction","target":["https:\/\/portugalagent.com\/sv\/destination-silverkusten\/resa-till-portugal\/"]}]},{"@type":"BreadcrumbList","@id":"https:\/\/portugalagent.com\/sv\/destination-silverkusten\/resa-till-portugal\/#breadcrumb","itemListElement":[{"@type":"ListItem","position":1,"name":"Home","item":"https:\/\/portugalagent.com\/sv\/"},{"@type":"ListItem","position":2,"name":"Destination Silverkusten","item":"https:\/\/portugalagent.com\/sv\/destination-silverkusten\/"},{"@type":"ListItem","position":3,"name":"Resa till Portugal"}]},{"@type":"WebSite","@id":"https:\/\/portugalagent.com\/sv\/#website","url":"https:\/\/portugalagent.com\/sv\/","name":"Portugal Agent","description":"","publisher":{"@id":"https:\/\/portugalagent.com\/sv\/#organization"},"potentialAction":[{"@type":"SearchAction","target":{"@type":"EntryPoint","urlTemplate":"https:\/\/portugalagent.com\/sv\/?s={search_term_string}"},"query-input":"required name=search_term_string"}],"inLanguage":"sv-SE"},{"@type":"Organization","@id":"https:\/\/portugalagent.com\/sv\/#organization","name":"Portugal Agent","url":"https:\/\/portugalagent.com\/sv\/","logo":{"@type":"ImageObject","inLanguage":"sv-SE","@id":"https:\/\/portugalagent.com\/sv\/#\/schema\/logo\/image\/","url":"https:\/\/portugalagent.com\/wp-content\/uploads\/2020\/11\/portugalagent.svg","contentUrl":"https:\/\/portugalagent.com\/wp-content\/uploads\/2020\/11\/portugalagent.svg","caption":"Portugal Agent"},"image":{"@id":"https:\/\/portugalagent.com\/sv\/#\/schema\/logo\/image\/"}}]}},"_links":{"self":[{"href":"https:\/\/portugalagent.com\/sv\/wp-json\/wp\/v2\/pages\/42041"}],"collection":[{"href":"https:\/\/portugalagent.com\/sv\/wp-json\/wp\/v2\/pages"}],"about":[{"href":"https:\/\/portugalagent.com\/sv\/wp-json\/wp\/v2\/types\/page"}],"author":[{"embeddable":true,"href":"https:\/\/portugalagent.com\/sv\/wp-json\/wp\/v2\/users\/6"}],"replies":[{"embeddable":true,"href":"https:\/\/portugalagent.com\/sv\/wp-json\/wp\/v2\/comments?post=42041"}],"version-history":[{"count":8,"href":"https:\/\/portugalagent.com\/sv\/wp-json\/wp\/v2\/pages\/42041\/revisions"}],"predecessor-version":[{"id":55856,"href":"https:\/\/portugalagent.com\/sv\/wp-json\/wp\/v2\/pages\/42041\/revisions\/55856"}],"up":[{"embeddable":true,"href":"https:\/\/portugalagent.com\/sv\/wp-json\/wp\/v2\/pages\/38903"}],"wp:attachment":[{"href":"https:\/\/portugalagent.com\/sv\/wp-json\/wp\/v2\/media?parent=42041"}],"curies":[{"name":"wp","href":"https:\/\/api.w.org\/{rel}","templated":true}]}}