{"id":41761,"date":"2020-01-29T11:54:55","date_gmt":"2020-01-29T11:54:55","guid":{"rendered":"https:\/\/www.go4digital-web.pt\/dev\/portugalagent\/?page_id=41761"},"modified":"2021-01-21T16:44:49","modified_gmt":"2021-01-21T16:44:49","slug":"referenser","status":"publish","type":"page","link":"https:\/\/portugalagent.com\/sv\/vara-tjanster\/referenser\/","title":{"rendered":"Referenser"},"content":{"rendered":"\n<div class=\"row references\"><div class=\"col-12 col-md-6 boxreferences\">\n                        <div class=\"row\">\n                            <div class=\"col-2\">\n                                <img src=\"https:\/\/portugalagent.com\/wp-content\/uploads\/2020\/01\/Group-619-1.png\" alt=\"\">\n\n                            <\/div>\n                            <div class=\"col-10\">\n                                <h1>Vi \u00e4lskar Nazar\u00e9<\/h1>\n                                <p class=\"refereceP\">Familjen Drevenlid<\/p>\n                                \n                                \n                            <\/div>\n                            <div class=\"col-12\"><p class=\"referecePM\">\"Vi \u00e4lskar verkligen allt med Nazar\u00e9. De trevliga m\u00e4nniskorna, de fina str\u00e4nderna och den dramatiska kustlinjen\u201d<\/p><\/div>\n                        <\/div>\n                    <\/div><div class=\"col-12 col-md-6 boxreferences\">\n                        <div class=\"row\">\n                            <div class=\"col-2\">\n                                <img src=\"https:\/\/portugalagent.com\/wp-content\/uploads\/2020\/02\/IMG_8648.jpg\" alt=\"\">\n\n                            <\/div>\n                            <div class=\"col-10\">\n                                <h1>PortugalAgent fann det jag s\u00f6kte<\/h1>\n                                <p class=\"refereceP\">Gary - Canada<\/p>\n                                \n                                \n                            <\/div>\n                            <div class=\"col-12\"><p class=\"referecePM\">''Jag fr\u00e5gade de fantastiska medarbetarna p\u00e5 PortugalAgent om de kunde hj\u00e4lpa mig att hitta en l\u00e4genhet med havsutsikt och min dr\u00f6m gick i uppfyllelse!''<\/p><\/div>\n                        <\/div>\n                    <\/div><div class=\"col-12 col-md-6 boxreferences\">\n                        <div class=\"row\">\n                            <div class=\"col-2\">\n                                <img src=\"https:\/\/portugalagent.com\/wp-content\/uploads\/2020\/02\/Foto-2020-02-02-12-40-57.jpg\" alt=\"\">\n\n                            <\/div>\n                            <div class=\"col-10\">\n                                <h1>Vi best\u00e4mde oss direkt &#8211; h\u00e4r ska vi bo!<\/h1>\n                                <p class=\"refereceP\">Anette Arvfors och Jan Str\u00f6m<\/p>\n                                \n                                \n                            <\/div>\n                            <div class=\"col-12\"><p class=\"referecePM\">''Vi \u00e5kte till Portugal f\u00f6r att bes\u00f6ka Nazar\u00e9 och n\u00e5gra andra m\u00f6jliga platser att flytta till. N\u00e4r vi stod p\u00e5 taket till det som nu \u00e4r v\u00e5rt hus ins\u00e5g vi direkt: h\u00e4r ska vi bo! Senare samma dag avbokade vi de andra st\u00e4llena. Kombinationen av m\u00e4klarna p\u00e5 Portugalagent; Niklas som f\u00f6rst\u00e5r svenskars behov tillsammans med den portugisiska m\u00e4klaren med lokala f\u00f6rankringen gjorde att vi k\u00e4nde oss trygga med att g\u00e5 in i ett husprojekt i ett nytt land.''<\/p><\/div>\n                        <\/div>\n                    <\/div><div class=\"col-12 col-md-6 boxreferences\">\n                        <div class=\"row\">\n                            <div class=\"col-2\">\n                                <img src=\"https:\/\/portugalagent.com\/wp-content\/uploads\/2020\/04\/Nuno-Round.jpg?v=1587755548\" alt=\"\">\n\n                            <\/div>\n                            <div class=\"col-10\">\n                                <h1>Jag uppskattar v\u00e5rt samarbete<\/h1>\n                                <p class=\"refereceP\">Nuno Gameiro - Constru\u00e7\u00f5es Gameiro Lda<\/p>\n                                \n                                \n                            <\/div>\n                            <div class=\"col-12\"><p class=\"referecePM\">Jag gillar att jobba med medarbetarna p\u00e5 Portugal Agent. Vi vet hur man bygger hem med h\u00f6g kvalitet. De \u00e4r den hj\u00e4lpande handen f\u00f6r sina kunder under hela byggfasen. En bra kombination f\u00f6r alla inblandande!<\/p><\/div>\n                        <\/div>\n                    <\/div><\/div>\n","protected":false},"excerpt":{"rendered":"","protected":false},"author":6,"featured_media":0,"parent":38939,"menu_order":5,"comment_status":"closed","ping_status":"closed","template":"layoutSidebar.php","meta":{"om_disable_all_campaigns":false,"_monsterinsights_skip_tracking":false,"_monsterinsights_sitenote_active":false,"_monsterinsights_sitenote_note":"","_monsterinsights_sitenote_category":0},"aioseo_notices":[],"yoast_head":"<!-- This site is optimized with the Yoast SEO plugin v19.10 - https:\/\/yoast.com\/wordpress\/plugins\/seo\/ -->\n<title>Referenser - Portugal Agent<\/title>\n<meta name=\"robots\" content=\"index, follow, max-snippet:-1, max-image-preview:large, max-video-preview:-1\" \/>\n<link rel=\"canonical\" href=\"https:\/\/portugalagent.com\/sv\/vara-tjanster\/referenser\/\" \/>\n<meta property=\"og:locale\" content=\"sv_SE\" \/>\n<meta property=\"og:type\" content=\"article\" \/>\n<meta property=\"og:title\" content=\"Referenser - Portugal Agent\" \/>\n<meta property=\"og:url\" content=\"https:\/\/portugalagent.com\/sv\/vara-tjanster\/referenser\/\" \/>\n<meta property=\"og:site_name\" content=\"Portugal Agent\" \/>\n<meta property=\"article:modified_time\" content=\"2021-01-21T16:44:49+00:00\" \/>\n<meta name=\"twitter:card\" content=\"summary_large_image\" \/>\n<script type=\"application\/ld+json\" class=\"yoast-schema-graph\">{\"@context\":\"https:\/\/schema.org\",\"@graph\":[{\"@type\":\"WebPage\",\"@id\":\"https:\/\/portugalagent.com\/sv\/vara-tjanster\/referenser\/\",\"url\":\"https:\/\/portugalagent.com\/sv\/vara-tjanster\/referenser\/\",\"name\":\"Referenser - Portugal Agent\",\"isPartOf\":{\"@id\":\"https:\/\/portugalagent.com\/sv\/#website\"},\"datePublished\":\"2020-01-29T11:54:55+00:00\",\"dateModified\":\"2021-01-21T16:44:49+00:00\",\"breadcrumb\":{\"@id\":\"https:\/\/portugalagent.com\/sv\/vara-tjanster\/referenser\/#breadcrumb\"},\"inLanguage\":\"sv-SE\",\"potentialAction\":[{\"@type\":\"ReadAction\",\"target\":[\"https:\/\/portugalagent.com\/sv\/vara-tjanster\/referenser\/\"]}]},{\"@type\":\"BreadcrumbList\",\"@id\":\"https:\/\/portugalagent.com\/sv\/vara-tjanster\/referenser\/#breadcrumb\",\"itemListElement\":[{\"@type\":\"ListItem\",\"position\":1,\"name\":\"Home\",\"item\":\"https:\/\/portugalagent.com\/sv\/\"},{\"@type\":\"ListItem\",\"position\":2,\"name\":\"V\u00e5ra tj\u00e4nster\",\"item\":\"https:\/\/portugalagent.com\/sv\/vara-tjanster\/\"},{\"@type\":\"ListItem\",\"position\":3,\"name\":\"Referenser\"}]},{\"@type\":\"WebSite\",\"@id\":\"https:\/\/portugalagent.com\/sv\/#website\",\"url\":\"https:\/\/portugalagent.com\/sv\/\",\"name\":\"Portugal Agent\",\"description\":\"\",\"publisher\":{\"@id\":\"https:\/\/portugalagent.com\/sv\/#organization\"},\"potentialAction\":[{\"@type\":\"SearchAction\",\"target\":{\"@type\":\"EntryPoint\",\"urlTemplate\":\"https:\/\/portugalagent.com\/sv\/?s={search_term_string}\"},\"query-input\":\"required name=search_term_string\"}],\"inLanguage\":\"sv-SE\"},{\"@type\":\"Organization\",\"@id\":\"https:\/\/portugalagent.com\/sv\/#organization\",\"name\":\"Portugal Agent\",\"url\":\"https:\/\/portugalagent.com\/sv\/\",\"logo\":{\"@type\":\"ImageObject\",\"inLanguage\":\"sv-SE\",\"@id\":\"https:\/\/portugalagent.com\/sv\/#\/schema\/logo\/image\/\",\"url\":\"https:\/\/portugalagent.com\/wp-content\/uploads\/2020\/11\/portugalagent.svg\",\"contentUrl\":\"https:\/\/portugalagent.com\/wp-content\/uploads\/2020\/11\/portugalagent.svg\",\"caption\":\"Portugal Agent\"},\"image\":{\"@id\":\"https:\/\/portugalagent.com\/sv\/#\/schema\/logo\/image\/\"}}]}<\/script>\n<!-- \/ Yoast SEO plugin. -->","yoast_head_json":{"title":"Referenser - Portugal Agent","robots":{"index":"index","follow":"follow","max-snippet":"max-snippet:-1","max-image-preview":"max-image-preview:large","max-video-preview":"max-video-preview:-1"},"canonical":"https:\/\/portugalagent.com\/sv\/vara-tjanster\/referenser\/","og_locale":"sv_SE","og_type":"article","og_title":"Referenser - Portugal Agent","og_url":"https:\/\/portugalagent.com\/sv\/vara-tjanster\/referenser\/","og_site_name":"Portugal Agent","article_modified_time":"2021-01-21T16:44:49+00:00","twitter_card":"summary_large_image","schema":{"@context":"https:\/\/schema.org","@graph":[{"@type":"WebPage","@id":"https:\/\/portugalagent.com\/sv\/vara-tjanster\/referenser\/","url":"https:\/\/portugalagent.com\/sv\/vara-tjanster\/referenser\/","name":"Referenser - Portugal Agent","isPartOf":{"@id":"https:\/\/portugalagent.com\/sv\/#website"},"datePublished":"2020-01-29T11:54:55+00:00","dateModified":"2021-01-21T16:44:49+00:00","breadcrumb":{"@id":"https:\/\/portugalagent.com\/sv\/vara-tjanster\/referenser\/#breadcrumb"},"inLanguage":"sv-SE","potentialAction":[{"@type":"ReadAction","target":["https:\/\/portugalagent.com\/sv\/vara-tjanster\/referenser\/"]}]},{"@type":"BreadcrumbList","@id":"https:\/\/portugalagent.com\/sv\/vara-tjanster\/referenser\/#breadcrumb","itemListElement":[{"@type":"ListItem","position":1,"name":"Home","item":"https:\/\/portugalagent.com\/sv\/"},{"@type":"ListItem","position":2,"name":"V\u00e5ra tj\u00e4nster","item":"https:\/\/portugalagent.com\/sv\/vara-tjanster\/"},{"@type":"ListItem","position":3,"name":"Referenser"}]},{"@type":"WebSite","@id":"https:\/\/portugalagent.com\/sv\/#website","url":"https:\/\/portugalagent.com\/sv\/","name":"Portugal Agent","description":"","publisher":{"@id":"https:\/\/portugalagent.com\/sv\/#organization"},"potentialAction":[{"@type":"SearchAction","target":{"@type":"EntryPoint","urlTemplate":"https:\/\/portugalagent.com\/sv\/?s={search_term_string}"},"query-input":"required name=search_term_string"}],"inLanguage":"sv-SE"},{"@type":"Organization","@id":"https:\/\/portugalagent.com\/sv\/#organization","name":"Portugal Agent","url":"https:\/\/portugalagent.com\/sv\/","logo":{"@type":"ImageObject","inLanguage":"sv-SE","@id":"https:\/\/portugalagent.com\/sv\/#\/schema\/logo\/image\/","url":"https:\/\/portugalagent.com\/wp-content\/uploads\/2020\/11\/portugalagent.svg","contentUrl":"https:\/\/portugalagent.com\/wp-content\/uploads\/2020\/11\/portugalagent.svg","caption":"Portugal Agent"},"image":{"@id":"https:\/\/portugalagent.com\/sv\/#\/schema\/logo\/image\/"}}]}},"_links":{"self":[{"href":"https:\/\/portugalagent.com\/sv\/wp-json\/wp\/v2\/pages\/41761"}],"collection":[{"href":"https:\/\/portugalagent.com\/sv\/wp-json\/wp\/v2\/pages"}],"about":[{"href":"https:\/\/portugalagent.com\/sv\/wp-json\/wp\/v2\/types\/page"}],"author":[{"embeddable":true,"href":"https:\/\/portugalagent.com\/sv\/wp-json\/wp\/v2\/users\/6"}],"replies":[{"embeddable":true,"href":"https:\/\/portugalagent.com\/sv\/wp-json\/wp\/v2\/comments?post=41761"}],"version-history":[{"count":2,"href":"https:\/\/portugalagent.com\/sv\/wp-json\/wp\/v2\/pages\/41761\/revisions"}],"predecessor-version":[{"id":42730,"href":"https:\/\/portugalagent.com\/sv\/wp-json\/wp\/v2\/pages\/41761\/revisions\/42730"}],"up":[{"embeddable":true,"href":"https:\/\/portugalagent.com\/sv\/wp-json\/wp\/v2\/pages\/38939"}],"wp:attachment":[{"href":"https:\/\/portugalagent.com\/sv\/wp-json\/wp\/v2\/media?parent=41761"}],"curies":[{"name":"wp","href":"https:\/\/api.w.org\/{rel}","templated":true}]}}