{"id":41712,"date":"2020-01-29T10:51:17","date_gmt":"2020-01-29T10:51:17","guid":{"rendered":"https:\/\/www.go4digital-web.pt\/dev\/portugalagent\/?page_id=41712"},"modified":"2021-01-26T15:01:37","modified_gmt":"2021-01-26T15:01:37","slug":"medarbetare","status":"publish","type":"page","link":"https:\/\/portugalagent.com\/sv\/kontakta-oss\/medarbetare\/","title":{"rendered":"Medarbetare"},"content":{"rendered":"\n<h1>V\u00e5ra m\u00e4klare och medarbetare<\/h1>\n\n\n\n<div class=\"row references\"><div class=\"col-12 col-sm-6 col-md-6 col-xl-4\">\n\t\t\t\t\t\t\t\t<div class=\"cardTeam text-center\">\n \t\t\t\t\t\t\t\t\t\t<img class=\"perfilfoto\" src=\"https:\/\/portugalagent.com\/wp-content\/uploads\/2020\/01\/Mask-Group-40-12.png\" alt=\"41718\" title=\"Kari Fors\u00e9n\">\n\t\t\t\t\t\t\t\t\t\t<h6>Kari Fors\u00e9n<\/h6>\n\t\t\t\t\t\t\t\t\t\t<!-- wp:paragraph {\"align\":\"center\"} -->\n<p class=\"has-text-align-center\">Del\u00e4gare och m\u00e4klare<\/p>\n<!-- \/wp:paragraph -->\n\n<!-- wp:paragraph {\"align\":\"center\"} -->\n<p class=\"has-text-align-center\">+46 70 910 95 60<\/p>\n<!-- \/wp:paragraph -->\n\t\t\t\t\t\t\t\t\t\t\n\t\t\t\t\t\t\t\t\t\t\n\t\t\t\t\t\t\t\t\t\t<a  class=\"openOverlay\" id=\"41718\" href=\"#\">L\u00e4s mer<\/a>\n\t\t\t\t\t\t\t\t<\/div>\n\n\t\t\t\t\t\t\t<\/div>\n\t\t\t\t\t\t\t\n\t\t\t\t\t\t\t<div class=\"overlayTeam 41718\">\n\t\t\t\t\t\t\t\t\n\t\t\t\t\t\t\t\t<div class=\"cardOverlay\">\n\t\t\t\t\t\t\t\t<span class=\"closeOverlay\"><i class=\"fas fa-times\">X<\/i><\/span>\n\t\t\t\t\t\t\t\t<div class=\"col-12 heightMobile1\" style=\"height: 80px; \"><\/div>\n\t\t\t\t\t\t\t\t<div class=\"row\">\n\t\t\t\t\t\t\t\t\t<div class=\"col-12 col-md-12 col-xl-2\"><\/div>\n\t\t\t\t\t\t\t\t\t<div class=\"col-12  col-md-6 col-xl-3 text-center  text-xl-left\">\n\t\t\t\t\t\t\t\t\t\t\t<div class=\"col-12 wrappImageBox\">\n\t\t\t\t\t\t\t\t\t\t\t\t<img class=\"perfilfotoCard\" src=\"https:\/\/portugalagent.com\/wp-content\/uploads\/2020\/01\/Mask-Group-40-12.png\" alt=\"41718\" title=\"Kari Fors\u00e9n\">\n\t\t\t\t\t\t\t\t\t\t\t\n\t\t\t\t\t\t\t\t\t\t\t<\/div>\n\t\t\t\t\t\t\t\t\t\t\n\t\t\t\t\t\t\t\t\t<\/div>\n\t\t\t\t\t\t\t\t\t<div class=\"col-12 col-md-6 col-xl-4\">\n\t\t\t\t\t\t\t\t\t\t<h6>Kari Fors\u00e9n<\/h6>\n\t\t\t\t\t\t\t\t\t\t<!-- wp:paragraph {\"align\":\"center\"} -->\n<p class=\"has-text-align-center\">Del\u00e4gare och m\u00e4klare<\/p>\n<!-- \/wp:paragraph -->\n\n<!-- wp:paragraph {\"align\":\"center\"} -->\n<p class=\"has-text-align-center\">+46 70 910 95 60<\/p>\n<!-- \/wp:paragraph -->\n\t\t\t\t\t\t\t\t\t\t<a class=\"emailCard\" href=\"#\">kari@portugalagent.com<\/a>\t\n\t\t\t\t\t\t\t\t\t<\/div>\n\t\t\t\t\t\t\t\t\t<div class=\"col-12 col-md-12 col-xl-2\"><\/div>\n\t\t\t\t\t\t\t\t<\/div>\n\t\t\t\t\t\t\t\t<div class=\"col-12 heightMobile2\" style=\"height: 35px; \"><\/div>\n\t\t\t\t\t\t\t\t<div class=\"row\">\n\t\t\t\t\t\t\t\t<div class=\"col-12 col-md-2 col-xl-2\"><\/div>\n\t\t\t\t\t\t\t\t<div class=\"col-12 col-md-8 col-xl-8\">\n\t\t\t\t\t\t\t\t\t\t<p>Med mer \u00e4n 30 \u00e5rs erfarenhet av olika ledande befattningar inom multinationella Management och IT-f\u00f6retag, \u00e4r jag van att m\u00f6ta kunder, leverera resultat och h\u00e5lla m\u00e5nga bollar i luften. 2017 b\u00f6rjande jag att jobba med Portugal Agent d\u00e4r jag varit del\u00e4gare sedan start. Jag vill att mina kunder ska k\u00e4nna att de kan lita p\u00e5 mig och att jag lyssnar p\u00e5 deras behov. <\/p>\n\t\t\t\t\t\t\t\t<\/div>\n\t\t\t\t\t\t\t\t<\/div>\n\t\t\t\t\t\t\t<\/div>\n\t\t\t\t\t\t\t<\/div><div class=\"col-12 col-sm-6 col-md-6 col-xl-4\">\n\t\t\t\t\t\t\t\t<div class=\"cardTeam text-center\">\n \t\t\t\t\t\t\t\t\t\t<img class=\"perfilfoto\" src=\"https:\/\/portugalagent.com\/wp-content\/uploads\/2020\/01\/Mask-Group-40-11.png\" alt=\"41725\" title=\"Niklas Fors\u00e9n\">\n\t\t\t\t\t\t\t\t\t\t<h6>Niklas Fors\u00e9n<\/h6>\n\t\t\t\t\t\t\t\t\t\t<!-- wp:paragraph {\"align\":\"right\"} -->\n<p class=\"has-text-align-right\">        Del\u00e4gare och m\u00e4klare<\/p>\n<!-- \/wp:paragraph -->\n\n<!-- wp:paragraph {\"align\":\"right\"} -->\n<p class=\"has-text-align-right\">    +46 70 592 60 76<\/p>\n<!-- \/wp:paragraph -->\n\t\t\t\t\t\t\t\t\t\t\n\t\t\t\t\t\t\t\t\t\t\n\t\t\t\t\t\t\t\t\t\t<a  class=\"openOverlay\" id=\"41725\" href=\"#\">L\u00e4s mer<\/a>\n\t\t\t\t\t\t\t\t<\/div>\n\n\t\t\t\t\t\t\t<\/div>\n\t\t\t\t\t\t\t\n\t\t\t\t\t\t\t<div class=\"overlayTeam 41725\">\n\t\t\t\t\t\t\t\t\n\t\t\t\t\t\t\t\t<div class=\"cardOverlay\">\n\t\t\t\t\t\t\t\t<span class=\"closeOverlay\"><i class=\"fas fa-times\">X<\/i><\/span>\n\t\t\t\t\t\t\t\t<div class=\"col-12 heightMobile1\" style=\"height: 80px; \"><\/div>\n\t\t\t\t\t\t\t\t<div class=\"row\">\n\t\t\t\t\t\t\t\t\t<div class=\"col-12 col-md-12 col-xl-2\"><\/div>\n\t\t\t\t\t\t\t\t\t<div class=\"col-12  col-md-6 col-xl-3 text-center  text-xl-left\">\n\t\t\t\t\t\t\t\t\t\t\t<div class=\"col-12 wrappImageBox\">\n\t\t\t\t\t\t\t\t\t\t\t\t<img class=\"perfilfotoCard\" src=\"https:\/\/portugalagent.com\/wp-content\/uploads\/2020\/01\/Mask-Group-40-11.png\" alt=\"41725\" title=\"Niklas Fors\u00e9n\">\n\t\t\t\t\t\t\t\t\t\t\t\n\t\t\t\t\t\t\t\t\t\t\t<\/div>\n\t\t\t\t\t\t\t\t\t\t\n\t\t\t\t\t\t\t\t\t<\/div>\n\t\t\t\t\t\t\t\t\t<div class=\"col-12 col-md-6 col-xl-4\">\n\t\t\t\t\t\t\t\t\t\t<h6>Niklas Fors\u00e9n<\/h6>\n\t\t\t\t\t\t\t\t\t\t<!-- wp:paragraph {\"align\":\"right\"} -->\n<p class=\"has-text-align-right\">        Del\u00e4gare och m\u00e4klare<\/p>\n<!-- \/wp:paragraph -->\n\n<!-- wp:paragraph {\"align\":\"right\"} -->\n<p class=\"has-text-align-right\">    +46 70 592 60 76<\/p>\n<!-- \/wp:paragraph -->\n\t\t\t\t\t\t\t\t\t\t<a class=\"emailCard\" href=\"#\">niklas@portugalagent.com<\/a>\t\n\t\t\t\t\t\t\t\t\t<\/div>\n\t\t\t\t\t\t\t\t\t<div class=\"col-12 col-md-12 col-xl-2\"><\/div>\n\t\t\t\t\t\t\t\t<\/div>\n\t\t\t\t\t\t\t\t<div class=\"col-12 heightMobile2\" style=\"height: 35px; \"><\/div>\n\t\t\t\t\t\t\t\t<div class=\"row\">\n\t\t\t\t\t\t\t\t<div class=\"col-12 col-md-2 col-xl-2\"><\/div>\n\t\t\t\t\t\t\t\t<div class=\"col-12 col-md-8 col-xl-8\">\n\t\t\t\t\t\t\t\t\t\t<p>Bor i Nazar\u00e9 sedan december 2017. Var med och startade upp m\u00e4kleriet och webbsidan h\u00f6sten 2014. Har en bakgrund som entrepren\u00f6r och egenf\u00f6retagare inom b\u00e5tm\u00e4kleri, media och marknadsf\u00f6ring.<\/p>\n\t\t\t\t\t\t\t\t<\/div>\n\t\t\t\t\t\t\t\t<\/div>\n\t\t\t\t\t\t\t<\/div>\n\t\t\t\t\t\t\t<\/div><div class=\"col-12 col-sm-6 col-md-6 col-xl-4\">\n\t\t\t\t\t\t\t\t<div class=\"cardTeam text-center\">\n \t\t\t\t\t\t\t\t\t\t<img class=\"perfilfoto\" src=\"https:\/\/portugalagent.com\/wp-content\/uploads\/2021\/05\/Torsten-Henke-cirkular.jpg?v=1621620657\" alt=\"61970\" title=\"Torsten Henke\">\n\t\t\t\t\t\t\t\t\t\t<h6>Torsten Henke<\/h6>\n\t\t\t\t\t\t\t\t\t\t<!-- wp:paragraph -->\n<p>M\u00e4klare, tyska, svenska och engelska<\/p>\n<!-- \/wp:paragraph -->\n\n<!-- wp:paragraph -->\n<p>+49-151-7283 0700 \/ +351\u00a0912\u00a0923\u00a0594<\/p>\n<!-- \/wp:paragraph -->\n\t\t\t\t\t\t\t\t\t\t\n\t\t\t\t\t\t\t\t\t\t\n\t\t\t\t\t\t\t\t\t\t<a  class=\"openOverlay\" id=\"61970\" href=\"#\">L\u00e4s mer<\/a>\n\t\t\t\t\t\t\t\t<\/div>\n\n\t\t\t\t\t\t\t<\/div>\n\t\t\t\t\t\t\t\n\t\t\t\t\t\t\t<div class=\"overlayTeam 61970\">\n\t\t\t\t\t\t\t\t\n\t\t\t\t\t\t\t\t<div class=\"cardOverlay\">\n\t\t\t\t\t\t\t\t<span class=\"closeOverlay\"><i class=\"fas fa-times\">X<\/i><\/span>\n\t\t\t\t\t\t\t\t<div class=\"col-12 heightMobile1\" style=\"height: 80px; \"><\/div>\n\t\t\t\t\t\t\t\t<div class=\"row\">\n\t\t\t\t\t\t\t\t\t<div class=\"col-12 col-md-12 col-xl-2\"><\/div>\n\t\t\t\t\t\t\t\t\t<div class=\"col-12  col-md-6 col-xl-3 text-center  text-xl-left\">\n\t\t\t\t\t\t\t\t\t\t\t<div class=\"col-12 wrappImageBox\">\n\t\t\t\t\t\t\t\t\t\t\t\t<img class=\"perfilfotoCard\" src=\"https:\/\/portugalagent.com\/wp-content\/uploads\/2021\/05\/Torsten-Henke-cirkular.jpg?v=1621620657\" alt=\"61970\" title=\"Torsten Henke\">\n\t\t\t\t\t\t\t\t\t\t\t\n\t\t\t\t\t\t\t\t\t\t\t<\/div>\n\t\t\t\t\t\t\t\t\t\t\n\t\t\t\t\t\t\t\t\t<\/div>\n\t\t\t\t\t\t\t\t\t<div class=\"col-12 col-md-6 col-xl-4\">\n\t\t\t\t\t\t\t\t\t\t<h6>Torsten Henke<\/h6>\n\t\t\t\t\t\t\t\t\t\t<!-- wp:paragraph -->\n<p>M\u00e4klare, tyska, svenska och engelska<\/p>\n<!-- \/wp:paragraph -->\n\n<!-- wp:paragraph -->\n<p>+49-151-7283 0700 \/ +351\u00a0912\u00a0923\u00a0594<\/p>\n<!-- \/wp:paragraph -->\n\t\t\t\t\t\t\t\t\t\t<a class=\"emailCard\" href=\"#\">torsten@portugalagent.com<\/a>\t\n\t\t\t\t\t\t\t\t\t<\/div>\n\t\t\t\t\t\t\t\t\t<div class=\"col-12 col-md-12 col-xl-2\"><\/div>\n\t\t\t\t\t\t\t\t<\/div>\n\t\t\t\t\t\t\t\t<div class=\"col-12 heightMobile2\" style=\"height: 35px; \"><\/div>\n\t\t\t\t\t\t\t\t<div class=\"row\">\n\t\t\t\t\t\t\t\t<div class=\"col-12 col-md-2 col-xl-2\"><\/div>\n\t\t\t\t\t\t\t\t<div class=\"col-12 col-md-8 col-xl-8\">\n\t\t\t\t\t\t\t\t\t\t<p>Internationellt verksam ekonom med starkt fokus p\u00e5 service och kundn\u00f6jdhet. Jag k\u00e4nner mig som utpr\u00e4glad europ\u00e9, som kallar b\u00e5de Sverige och Tyskland \u201dmitt hemland\u201d.\nI \u00e5r valde jag att utvidga mitt perspektiv och kallar numera Nazar\u00e9 och Portugal f\u00f6r hemma.\nMina kunder skall m\u00e4rka att de hos mig kan f\u00e5 hj\u00e4lp att etablera sig i ett nytt land, oavsett vilka \nfr\u00e5gor som dyker upp.\n<\/p>\n\t\t\t\t\t\t\t\t<\/div>\n\t\t\t\t\t\t\t\t<\/div>\n\t\t\t\t\t\t\t<\/div>\n\t\t\t\t\t\t\t<\/div><\/div>\n","protected":false},"excerpt":{"rendered":"<p>V\u00e5ra m\u00e4klare och medarbetare<\/p>\n","protected":false},"author":5,"featured_media":0,"parent":38893,"menu_order":1,"comment_status":"closed","ping_status":"closed","template":"template-standardsubpage.php","meta":{"om_disable_all_campaigns":false,"_monsterinsights_skip_tracking":false,"_monsterinsights_sitenote_active":false,"_monsterinsights_sitenote_note":"","_monsterinsights_sitenote_category":0},"aioseo_notices":[],"yoast_head":"<!-- This site is optimized with the Yoast SEO plugin v19.10 - https:\/\/yoast.com\/wordpress\/plugins\/seo\/ -->\n<title>V\u00e5rt team av Portugiska och Svenska m\u00e4klare - Portugal Agent<\/title>\n<meta name=\"robots\" content=\"index, follow, max-snippet:-1, max-image-preview:large, max-video-preview:-1\" \/>\n<link rel=\"canonical\" href=\"https:\/\/portugalagent.com\/sv\/kontakta-oss\/medarbetare\/\" \/>\n<meta property=\"og:locale\" content=\"sv_SE\" \/>\n<meta property=\"og:type\" content=\"article\" \/>\n<meta property=\"og:title\" content=\"V\u00e5rt team av Portugiska och Svenska m\u00e4klare - Portugal Agent\" \/>\n<meta property=\"og:description\" content=\"V\u00e5ra m\u00e4klare och medarbetare\" \/>\n<meta property=\"og:url\" content=\"https:\/\/portugalagent.com\/sv\/kontakta-oss\/medarbetare\/\" \/>\n<meta property=\"og:site_name\" content=\"Portugal Agent\" \/>\n<meta property=\"article:modified_time\" content=\"2021-01-26T15:01:37+00:00\" \/>\n<meta name=\"twitter:card\" content=\"summary_large_image\" \/>\n<script type=\"application\/ld+json\" class=\"yoast-schema-graph\">{\"@context\":\"https:\/\/schema.org\",\"@graph\":[{\"@type\":\"WebPage\",\"@id\":\"https:\/\/portugalagent.com\/sv\/kontakta-oss\/medarbetare\/\",\"url\":\"https:\/\/portugalagent.com\/sv\/kontakta-oss\/medarbetare\/\",\"name\":\"V\u00e5rt team av Portugiska och Svenska m\u00e4klare - Portugal Agent\",\"isPartOf\":{\"@id\":\"https:\/\/portugalagent.com\/sv\/#website\"},\"datePublished\":\"2020-01-29T10:51:17+00:00\",\"dateModified\":\"2021-01-26T15:01:37+00:00\",\"breadcrumb\":{\"@id\":\"https:\/\/portugalagent.com\/sv\/kontakta-oss\/medarbetare\/#breadcrumb\"},\"inLanguage\":\"sv-SE\",\"potentialAction\":[{\"@type\":\"ReadAction\",\"target\":[\"https:\/\/portugalagent.com\/sv\/kontakta-oss\/medarbetare\/\"]}]},{\"@type\":\"BreadcrumbList\",\"@id\":\"https:\/\/portugalagent.com\/sv\/kontakta-oss\/medarbetare\/#breadcrumb\",\"itemListElement\":[{\"@type\":\"ListItem\",\"position\":1,\"name\":\"Home\",\"item\":\"https:\/\/portugalagent.com\/sv\/\"},{\"@type\":\"ListItem\",\"position\":2,\"name\":\"Kontakt\",\"item\":\"https:\/\/portugalagent.com\/sv\/kontakta-oss\/\"},{\"@type\":\"ListItem\",\"position\":3,\"name\":\"Medarbetare\"}]},{\"@type\":\"WebSite\",\"@id\":\"https:\/\/portugalagent.com\/sv\/#website\",\"url\":\"https:\/\/portugalagent.com\/sv\/\",\"name\":\"Portugal Agent\",\"description\":\"\",\"publisher\":{\"@id\":\"https:\/\/portugalagent.com\/sv\/#organization\"},\"potentialAction\":[{\"@type\":\"SearchAction\",\"target\":{\"@type\":\"EntryPoint\",\"urlTemplate\":\"https:\/\/portugalagent.com\/sv\/?s={search_term_string}\"},\"query-input\":\"required name=search_term_string\"}],\"inLanguage\":\"sv-SE\"},{\"@type\":\"Organization\",\"@id\":\"https:\/\/portugalagent.com\/sv\/#organization\",\"name\":\"Portugal Agent\",\"url\":\"https:\/\/portugalagent.com\/sv\/\",\"logo\":{\"@type\":\"ImageObject\",\"inLanguage\":\"sv-SE\",\"@id\":\"https:\/\/portugalagent.com\/sv\/#\/schema\/logo\/image\/\",\"url\":\"https:\/\/portugalagent.com\/wp-content\/uploads\/2020\/11\/portugalagent.svg\",\"contentUrl\":\"https:\/\/portugalagent.com\/wp-content\/uploads\/2020\/11\/portugalagent.svg\",\"caption\":\"Portugal Agent\"},\"image\":{\"@id\":\"https:\/\/portugalagent.com\/sv\/#\/schema\/logo\/image\/\"}}]}<\/script>\n<!-- \/ Yoast SEO plugin. -->","yoast_head_json":{"title":"V\u00e5rt team av Portugiska och Svenska m\u00e4klare - Portugal Agent","robots":{"index":"index","follow":"follow","max-snippet":"max-snippet:-1","max-image-preview":"max-image-preview:large","max-video-preview":"max-video-preview:-1"},"canonical":"https:\/\/portugalagent.com\/sv\/kontakta-oss\/medarbetare\/","og_locale":"sv_SE","og_type":"article","og_title":"V\u00e5rt team av Portugiska och Svenska m\u00e4klare - Portugal Agent","og_description":"V\u00e5ra m\u00e4klare och medarbetare","og_url":"https:\/\/portugalagent.com\/sv\/kontakta-oss\/medarbetare\/","og_site_name":"Portugal Agent","article_modified_time":"2021-01-26T15:01:37+00:00","twitter_card":"summary_large_image","schema":{"@context":"https:\/\/schema.org","@graph":[{"@type":"WebPage","@id":"https:\/\/portugalagent.com\/sv\/kontakta-oss\/medarbetare\/","url":"https:\/\/portugalagent.com\/sv\/kontakta-oss\/medarbetare\/","name":"V\u00e5rt team av Portugiska och Svenska m\u00e4klare - Portugal Agent","isPartOf":{"@id":"https:\/\/portugalagent.com\/sv\/#website"},"datePublished":"2020-01-29T10:51:17+00:00","dateModified":"2021-01-26T15:01:37+00:00","breadcrumb":{"@id":"https:\/\/portugalagent.com\/sv\/kontakta-oss\/medarbetare\/#breadcrumb"},"inLanguage":"sv-SE","potentialAction":[{"@type":"ReadAction","target":["https:\/\/portugalagent.com\/sv\/kontakta-oss\/medarbetare\/"]}]},{"@type":"BreadcrumbList","@id":"https:\/\/portugalagent.com\/sv\/kontakta-oss\/medarbetare\/#breadcrumb","itemListElement":[{"@type":"ListItem","position":1,"name":"Home","item":"https:\/\/portugalagent.com\/sv\/"},{"@type":"ListItem","position":2,"name":"Kontakt","item":"https:\/\/portugalagent.com\/sv\/kontakta-oss\/"},{"@type":"ListItem","position":3,"name":"Medarbetare"}]},{"@type":"WebSite","@id":"https:\/\/portugalagent.com\/sv\/#website","url":"https:\/\/portugalagent.com\/sv\/","name":"Portugal Agent","description":"","publisher":{"@id":"https:\/\/portugalagent.com\/sv\/#organization"},"potentialAction":[{"@type":"SearchAction","target":{"@type":"EntryPoint","urlTemplate":"https:\/\/portugalagent.com\/sv\/?s={search_term_string}"},"query-input":"required name=search_term_string"}],"inLanguage":"sv-SE"},{"@type":"Organization","@id":"https:\/\/portugalagent.com\/sv\/#organization","name":"Portugal Agent","url":"https:\/\/portugalagent.com\/sv\/","logo":{"@type":"ImageObject","inLanguage":"sv-SE","@id":"https:\/\/portugalagent.com\/sv\/#\/schema\/logo\/image\/","url":"https:\/\/portugalagent.com\/wp-content\/uploads\/2020\/11\/portugalagent.svg","contentUrl":"https:\/\/portugalagent.com\/wp-content\/uploads\/2020\/11\/portugalagent.svg","caption":"Portugal Agent"},"image":{"@id":"https:\/\/portugalagent.com\/sv\/#\/schema\/logo\/image\/"}}]}},"_links":{"self":[{"href":"https:\/\/portugalagent.com\/sv\/wp-json\/wp\/v2\/pages\/41712"}],"collection":[{"href":"https:\/\/portugalagent.com\/sv\/wp-json\/wp\/v2\/pages"}],"about":[{"href":"https:\/\/portugalagent.com\/sv\/wp-json\/wp\/v2\/types\/page"}],"author":[{"embeddable":true,"href":"https:\/\/portugalagent.com\/sv\/wp-json\/wp\/v2\/users\/5"}],"replies":[{"embeddable":true,"href":"https:\/\/portugalagent.com\/sv\/wp-json\/wp\/v2\/comments?post=41712"}],"version-history":[{"count":2,"href":"https:\/\/portugalagent.com\/sv\/wp-json\/wp\/v2\/pages\/41712\/revisions"}],"predecessor-version":[{"id":54631,"href":"https:\/\/portugalagent.com\/sv\/wp-json\/wp\/v2\/pages\/41712\/revisions\/54631"}],"up":[{"embeddable":true,"href":"https:\/\/portugalagent.com\/sv\/wp-json\/wp\/v2\/pages\/38893"}],"wp:attachment":[{"href":"https:\/\/portugalagent.com\/sv\/wp-json\/wp\/v2\/media?parent=41712"}],"curies":[{"name":"wp","href":"https:\/\/api.w.org\/{rel}","templated":true}]}}