{"id":38990,"date":"2020-01-17T16:31:36","date_gmt":"2020-01-17T16:31:36","guid":{"rendered":"https:\/\/www.go4digital-web.pt\/dev\/portugalagent\/?page_id=38990"},"modified":"2022-02-22T18:02:41","modified_gmt":"2022-02-22T18:02:41","slug":"visningsresa-till-nazare-och-silverkusten-i-portugal","status":"publish","type":"page","link":"https:\/\/portugalagent.com\/sv\/vara-tjanster\/visningsresa-till-nazare-och-silverkusten-i-portugal\/","title":{"rendered":"Visningsresor"},"content":{"rendered":"\n<h4>Visningsresorna har varit inst\u00e4llda under hela 2020 och v\u00e5ren 2021 p\u00e5 grund av pandemin. Men, under v\u00e5ren 2022 hoppas vi kunna \u00e5teruppta v\u00e5ra popul\u00e4ra visningsresor till Portugal, Silverkusten och Nazar\u00e9. Nu ut\u00f6kade \u00e4ven med <a href=\"https:\/\/portugalagent.com\/sv\/madeira-och-funchal-med-portugalagent\/\">Madeira<\/a>!<br>Det blir tre dagar med rundresor p\u00e5 Silverkusten (eller Madeira) seminarier och m\u00f6ten p\u00e5 v\u00e5rt kontor i Nazar\u00e9. Dessutom vissa gemensamma luncher samt givetvis visningar av de objekt just du \u00f6nskar se.<\/h4>\n\n\n\n<p>V\u00e5ra visningsresor sker i sm\u00e5, personliga grupper. Max antal \u00e4r 8 deltagande personer. Detta f\u00f6r att s\u00e4kerst\u00e4lla att just du f\u00e5r ut det du vill fr\u00e5n visningsresan. Vi \u00e4r tv\u00e5 till tre m\u00e4klare som tar hand om er s\u00e5 alla hinner st\u00e4lla sina fr\u00e5gor och ni hinner se det ni \u00f6nskar utan stress i dagarna tre.<\/p>\n\n\n\n<h3><strong>Visningsresa till Silverkusten och Nazar\u00e9 v\u00e5ren 2022<\/strong><\/h3>\n\n\n\n<ul><li>30 april &#8211; 4 maj, 2022. <\/li><\/ul>\n\n\n\n<p><strong>Egen agenda och egna tider<\/strong><br>Vill du komma tidigare eller resa hem senare g\u00e5r det bra men d\u00e5 f\u00e5r du ordna med transfer sj\u00e4lv.<br>Nazar\u00e9 \u00e4r basen under resan men vi visar ocks\u00e5 upp S\u00e3o Martinho do Porto, Salir do Porto, Foz do Arelho, Praia del Rei och Baleal\/Ferrel strax utanf\u00f6r Peniche.<\/p>\n\n\n\n<h3>Visningsresa till Funchal och Madeira v\u00e5ren 2022<\/h3>\n\n\n\n<ul><li>2 april &#8211; 6 eller 7 april<\/li><\/ul>\n\n\n\n<p>Visningsresan \u00e4r tre dagar; 3, 4 och 5 april. 2 april och 6 eller 7 april \u00e4r t\u00e4nkta resdagar. Regulj\u00e4rt kan du hitta flyg varje dag. Med t.ex. Fritidsresor kan du boka resa med hotell i perioden 2 &#8211; 7 april.<\/p>\n\n\n\n<p><strong>Vad g\u00f6r man p\u00e5 en visningsresa? \u00c4r det en f\u00f6rs\u00e4ljningsf\u00e4lla?<\/strong>Nej, det \u00e4r verkligen ingen \u201ds\u00e4ljresa\u201d i den meningen att vi f\u00f6rs\u00f6ker f\u00e5 v\u00e5ra bes\u00f6kare att skriva p\u00e5 n\u00e5gonting eller att best\u00e4mma sig p\u00e5 plats f\u00f6r n\u00e5got under resans g\u00e5ng. Vi kommer heller inte ha n\u00e5gra obligatoriska visningar av bost\u00e4der.<br>D\u00e4remot \u00e4r det en s\u00e4ljresa i den meningen att vi kommer g\u00f6ra v\u00e5rt yttersta f\u00f6r att visa upp s\u00e5 m\u00e5nga sidor som m\u00f6jligt av den delen av Silverkusten som ligger runtomkring Nazar\u00e9. Vi \u00e4r n\u00e4mligen \u00f6vertygade om att Nazar\u00e9 och Silverkusten sedan s\u00e4ljer sig sj\u00e4lvt. Vill du sedan se olika objekt som vi har till salu p\u00e5 <a href=\"https:\/\/www.portugalagent.pt\/sv-se\/\">Portugal Agent<\/a> kommer vi givetvis hj\u00e4lpa till med detta under visningsresan. Fokus kommer dock vara p\u00e5 Silverkusten ur alla dess aspekter: Str\u00e4nder, kultur, olika sm\u00e5st\u00e4der, fina vandringar, surfing, hus och l\u00e4genheter, restauranger, golf, \u00f6vriga aktiviteter och mycket annat.<\/p>\n\n\n\n<p>Samma resonemang som ovan g\u00e4ller givetvis \u00e4ven visningsresan till Madeira.<\/p>\n\n\n\n<p><strong>Vad kostar det?<\/strong><br>Kostnaden \u00e4r 140\u20ac per person och betalas p\u00e5 plats. D\u00e5 ing\u00e5r transfer till och fr\u00e5n flygplatsen i Lissabon respektive Funchal. I priset ing\u00e5r v\u00e5r personals medverkan i tre heldagar med allt fr\u00e5n rundvisningar av Silverkusten, middagar, enklare seminarier och visningar av objekt till salu f\u00f6r den som \u00f6nskar det. Ibland \u00e4ven transferdagarna &#8211; d\u00e5 blir det fem.<\/p>\n\n\n\n<p><strong>Hur reser jag?<\/strong><br>Flygresan och boendet bekostas av deltagarna sj\u00e4lva. Vill du flyga direkt fr\u00e5n Stockholm eller K\u00f6penhamn \u00e4r det bra att veta att TAP flyger direkt alla dagar i veckan.&nbsp;<a href=\"http:\/\/www.flytap.com\/\"><strong>www.flytap.com\/<\/strong><\/a>&nbsp;&nbsp;Det brukar dock inte bli det billigaste alternativet. Vill du f\u00e5 ner priset rekommenderar vi&nbsp;<a href=\"http:\/\/www.flygresor.se\/\"><strong>www.flygresor.se<\/strong><\/a>&nbsp;De erbjuder b\u00e5de direktflyg och flyg med ett byte vilket n\u00e4stan alltid blir det billigaste alternativet. G\u00e4ller det Madeira och Funchal kan du \u00e4ven kolla med de st\u00f6rre charterbolagen. <\/p>\n\n\n\n<p><strong>Hur bor jag?<\/strong><br>Hotell eller airbnb bokar du sj\u00e4lv p\u00e5 respektive ort. Vill du ha tips och r\u00e5d med detta &#8211; h\u00f6r av dig s\u00e5 hj\u00e4lper vi g\u00e4rna till!<\/p>\n\n\n\n<p><strong>M\u00e5ste jag \u00e5ka just dessa datum?<\/strong><br>Nej inte alls, men det \u00e4r bara inom respektive period som vi erbjuder transfer till och fr\u00e5n flyget i Lissabon. Du kan komma tidigare eller resa tillbaka senare om du vill men f\u00e5r d\u00e5 bekosta en eller b\u00e5da v\u00e4garna till flygplatsen i Lissabon sj\u00e4lv. Vill du hyra bil rekommenderar vi:&nbsp;<a href=\"http:\/\/www.autoeurope.se\/\"><strong>http:\/\/www.autoeurope.se\/<\/strong><\/a>&nbsp;Vill du ta bussen fr\u00e5n Sete Rios i Lissabon till Nazar\u00e9:&nbsp;<a href=\"http:\/\/www.rede-expressos.pt\/\"><strong>http:\/\/www.rede-expressos.pt\/<br><\/strong><\/a>Sj\u00e4lvklart kan vi visa fler bost\u00e4der och mycket annat mer privat om du stannar n\u00e5gra dagar efter den planerade gruppresan.<\/p>\n\n\n\n<p>Beroende av pandemin och de restriktioner EU har inf\u00f6rt g\u00e4llande resor mellan olika l\u00e4nder inom Europa och \u00f6vriga v\u00e4rlden f\u00f6rst\u00e5r vi om det \u00e4r sv\u00e5rt att resa till Portugal just nu. D\u00e4rf\u00f6r erbjuder vi som alternativ \u00e4ven live Streaming &#8211; se mer nedan. <\/p>\n\n\n\n<p><strong>Live Stream och FaceTime<\/strong><br>Vi kan hj\u00e4lpa dig att se Nazar\u00e9 och bost\u00e4der till salu h\u00e4r p\u00e5 Silverkusten med hj\u00e4lp av mobilkamera. H\u00f6r av dig direkt till oss s\u00e5 arrangerar vi en live-streaming d\u00e4r du kan f\u00f6lja med direkt p\u00e5 din sk\u00e4rm samtidigt som v\u00e5r m\u00e4klare filmar och beskriver det du \u00e4r intresserad av. <\/p>\n\n\n\n<p><strong>\u00d6vriga fr\u00e5gor<\/strong><br>Ring eller skriv ett mejl till Kari Fors\u00e9n <br>Tel (Kari): +46-70-910 95 60. Mejl:&nbsp;<a href=\"mailto:kari@portugalagent.com\">kari@portugalagent.com&nbsp;<\/a><\/p>\n\n\n\n<p><strong>Hur anm\u00e4ler jag mig?<\/strong><br>Anm\u00e4lan sker enklast via mejl till Kari Fors\u00e9n. (inte bindande). Mejl:&nbsp;<a href=\"mailto:kari@portugalagent.com\">kari@portugalagent.com&nbsp;<\/a><br>Skriv g\u00e4rna fullst\u00e4ndigt namn samt telefonnummer till samtliga som \u00e4r intresserade. Meddela ocks\u00e5 om vi ska boka hotell.<\/p>\n\n\n\n<p><strong>Viktigt att veta<\/strong> <br>I Portugal kan vi som m\u00e4klare visa vilket som helst boende som \u00e4r till salu. Detta oavsett om det objekt du \u00e4r intresserad av ligger till f\u00f6rs\u00e4ljning hos en annan m\u00e4klare. F\u00f6ljer du med p\u00e5 v\u00e5r visningsresa och blir f\u00f6rtjust i ett omr\u00e5de eller stad kan vi med v\u00e5ra kontakter ta fram m\u00e5nga olika objekt att visa d\u00e4r alldeles oavsett om vi har dem inne eller inte. F\u00f6rdelen att g\u00f6ra det genom oss \u00e4r att du f\u00e5r b\u00e5de den svenska och den portugisiska kompetensen och kontakten i samma fastighetsm\u00e4klare.<\/p>\n\n\n\n<p><strong>Tv\u00e5 svensktalande m\u00e4klare p\u00e5 plats<\/strong><br>Har du inte m\u00f6jlighet att medverka p\u00e5 visningsresan s\u00e5 \u00e4r du v\u00e4lkommen n\u00e4r du vill. Boka d\u00e5 ett m\u00f6te i god tid innan du anl\u00e4nder med n\u00e5gon av oss.<br>Kari Fors\u00e9n och Niklas Fors\u00e9n \u00e4r fast bosatta i Nazar\u00e9. Detta betyder att du har tillg\u00e5ng till tv\u00e5 svensktalande m\u00e4klare en stor del av \u00e5ret. Men f\u00f6r att vara s\u00e4ker p\u00e5 att de har tid och att de \u00e4r p\u00e5 plats; h\u00f6r av dig i god tid innan f\u00f6r att boka ett m\u00f6te.<\/p>\n\n\n\n<p>Vi uppfyller villkoren f\u00f6r&nbsp;<strong>GDPR<\/strong>. Mer om v\u00e5r policy h\u00e4r:&nbsp;<a href=\"https:\/\/portugalagent.com\/sv\/gdpr-och-portugalagent\/\">Portugal Agent och GDPR<\/a><\/p>\n","protected":false},"excerpt":{"rendered":"<p>Visningsresorna har varit inst\u00e4llda under hela 2020 och v\u00e5ren 2021 p\u00e5 grund av pandemin. Men, under v\u00e5ren 2022 hoppas vi kunna \u00e5teruppta v\u00e5ra popul\u00e4ra visningsresor till Portugal, Silverkusten och Nazar\u00e9. Nu ut\u00f6kade \u00e4ven med Madeira!Det blir tre dagar med rundresor p\u00e5 Silverkusten (eller Madeira) seminarier och m\u00f6ten p\u00e5 v\u00e5rt kontor i Nazar\u00e9. Dessutom vissa gemensamma [&hellip;]<\/p>\n","protected":false},"author":6,"featured_media":0,"parent":38939,"menu_order":4,"comment_status":"closed","ping_status":"closed","template":"layoutSidebar.php","meta":{"om_disable_all_campaigns":false,"_monsterinsights_skip_tracking":false,"_monsterinsights_sitenote_active":false,"_monsterinsights_sitenote_note":"","_monsterinsights_sitenote_category":0},"aioseo_notices":[],"yoast_head":"<!-- This site is optimized with the Yoast SEO plugin v19.10 - https:\/\/yoast.com\/wordpress\/plugins\/seo\/ -->\n<title>Visningsresor - Portugal Agent<\/title>\n<meta name=\"robots\" content=\"index, follow, max-snippet:-1, max-image-preview:large, max-video-preview:-1\" \/>\n<link rel=\"canonical\" href=\"https:\/\/portugalagent.com\/sv\/vara-tjanster\/visningsresa-till-nazare-och-silverkusten-i-portugal\/\" \/>\n<meta property=\"og:locale\" content=\"sv_SE\" \/>\n<meta property=\"og:type\" content=\"article\" \/>\n<meta property=\"og:title\" content=\"Visningsresor - Portugal Agent\" \/>\n<meta property=\"og:description\" content=\"Visningsresorna har varit inst\u00e4llda under hela 2020 och v\u00e5ren 2021 p\u00e5 grund av pandemin. Men, under v\u00e5ren 2022 hoppas vi kunna \u00e5teruppta v\u00e5ra popul\u00e4ra visningsresor till Portugal, Silverkusten och Nazar\u00e9. Nu ut\u00f6kade \u00e4ven med Madeira!Det blir tre dagar med rundresor p\u00e5 Silverkusten (eller Madeira) seminarier och m\u00f6ten p\u00e5 v\u00e5rt kontor i Nazar\u00e9. Dessutom vissa gemensamma [&hellip;]\" \/>\n<meta property=\"og:url\" content=\"https:\/\/portugalagent.com\/sv\/vara-tjanster\/visningsresa-till-nazare-och-silverkusten-i-portugal\/\" \/>\n<meta property=\"og:site_name\" content=\"Portugal Agent\" \/>\n<meta property=\"article:modified_time\" content=\"2022-02-22T18:02:41+00:00\" \/>\n<meta name=\"twitter:card\" content=\"summary_large_image\" \/>\n<meta name=\"twitter:label1\" content=\"Ber\u00e4knad l\u00e4stid\" \/>\n\t<meta name=\"twitter:data1\" content=\"5 minuter\" \/>\n<script type=\"application\/ld+json\" class=\"yoast-schema-graph\">{\"@context\":\"https:\/\/schema.org\",\"@graph\":[{\"@type\":\"WebPage\",\"@id\":\"https:\/\/portugalagent.com\/sv\/vara-tjanster\/visningsresa-till-nazare-och-silverkusten-i-portugal\/\",\"url\":\"https:\/\/portugalagent.com\/sv\/vara-tjanster\/visningsresa-till-nazare-och-silverkusten-i-portugal\/\",\"name\":\"Visningsresor - Portugal Agent\",\"isPartOf\":{\"@id\":\"https:\/\/portugalagent.com\/sv\/#website\"},\"datePublished\":\"2020-01-17T16:31:36+00:00\",\"dateModified\":\"2022-02-22T18:02:41+00:00\",\"breadcrumb\":{\"@id\":\"https:\/\/portugalagent.com\/sv\/vara-tjanster\/visningsresa-till-nazare-och-silverkusten-i-portugal\/#breadcrumb\"},\"inLanguage\":\"sv-SE\",\"potentialAction\":[{\"@type\":\"ReadAction\",\"target\":[\"https:\/\/portugalagent.com\/sv\/vara-tjanster\/visningsresa-till-nazare-och-silverkusten-i-portugal\/\"]}]},{\"@type\":\"BreadcrumbList\",\"@id\":\"https:\/\/portugalagent.com\/sv\/vara-tjanster\/visningsresa-till-nazare-och-silverkusten-i-portugal\/#breadcrumb\",\"itemListElement\":[{\"@type\":\"ListItem\",\"position\":1,\"name\":\"Home\",\"item\":\"https:\/\/portugalagent.com\/sv\/\"},{\"@type\":\"ListItem\",\"position\":2,\"name\":\"V\u00e5ra tj\u00e4nster\",\"item\":\"https:\/\/portugalagent.com\/sv\/vara-tjanster\/\"},{\"@type\":\"ListItem\",\"position\":3,\"name\":\"Visningsresor\"}]},{\"@type\":\"WebSite\",\"@id\":\"https:\/\/portugalagent.com\/sv\/#website\",\"url\":\"https:\/\/portugalagent.com\/sv\/\",\"name\":\"Portugal Agent\",\"description\":\"\",\"publisher\":{\"@id\":\"https:\/\/portugalagent.com\/sv\/#organization\"},\"potentialAction\":[{\"@type\":\"SearchAction\",\"target\":{\"@type\":\"EntryPoint\",\"urlTemplate\":\"https:\/\/portugalagent.com\/sv\/?s={search_term_string}\"},\"query-input\":\"required name=search_term_string\"}],\"inLanguage\":\"sv-SE\"},{\"@type\":\"Organization\",\"@id\":\"https:\/\/portugalagent.com\/sv\/#organization\",\"name\":\"Portugal Agent\",\"url\":\"https:\/\/portugalagent.com\/sv\/\",\"logo\":{\"@type\":\"ImageObject\",\"inLanguage\":\"sv-SE\",\"@id\":\"https:\/\/portugalagent.com\/sv\/#\/schema\/logo\/image\/\",\"url\":\"https:\/\/portugalagent.com\/wp-content\/uploads\/2020\/11\/portugalagent.svg\",\"contentUrl\":\"https:\/\/portugalagent.com\/wp-content\/uploads\/2020\/11\/portugalagent.svg\",\"caption\":\"Portugal Agent\"},\"image\":{\"@id\":\"https:\/\/portugalagent.com\/sv\/#\/schema\/logo\/image\/\"}}]}<\/script>\n<!-- \/ Yoast SEO plugin. -->","yoast_head_json":{"title":"Visningsresor - Portugal Agent","robots":{"index":"index","follow":"follow","max-snippet":"max-snippet:-1","max-image-preview":"max-image-preview:large","max-video-preview":"max-video-preview:-1"},"canonical":"https:\/\/portugalagent.com\/sv\/vara-tjanster\/visningsresa-till-nazare-och-silverkusten-i-portugal\/","og_locale":"sv_SE","og_type":"article","og_title":"Visningsresor - Portugal Agent","og_description":"Visningsresorna har varit inst\u00e4llda under hela 2020 och v\u00e5ren 2021 p\u00e5 grund av pandemin. Men, under v\u00e5ren 2022 hoppas vi kunna \u00e5teruppta v\u00e5ra popul\u00e4ra visningsresor till Portugal, Silverkusten och Nazar\u00e9. Nu ut\u00f6kade \u00e4ven med Madeira!Det blir tre dagar med rundresor p\u00e5 Silverkusten (eller Madeira) seminarier och m\u00f6ten p\u00e5 v\u00e5rt kontor i Nazar\u00e9. Dessutom vissa gemensamma [&hellip;]","og_url":"https:\/\/portugalagent.com\/sv\/vara-tjanster\/visningsresa-till-nazare-och-silverkusten-i-portugal\/","og_site_name":"Portugal Agent","article_modified_time":"2022-02-22T18:02:41+00:00","twitter_card":"summary_large_image","twitter_misc":{"Ber\u00e4knad l\u00e4stid":"5 minuter"},"schema":{"@context":"https:\/\/schema.org","@graph":[{"@type":"WebPage","@id":"https:\/\/portugalagent.com\/sv\/vara-tjanster\/visningsresa-till-nazare-och-silverkusten-i-portugal\/","url":"https:\/\/portugalagent.com\/sv\/vara-tjanster\/visningsresa-till-nazare-och-silverkusten-i-portugal\/","name":"Visningsresor - Portugal Agent","isPartOf":{"@id":"https:\/\/portugalagent.com\/sv\/#website"},"datePublished":"2020-01-17T16:31:36+00:00","dateModified":"2022-02-22T18:02:41+00:00","breadcrumb":{"@id":"https:\/\/portugalagent.com\/sv\/vara-tjanster\/visningsresa-till-nazare-och-silverkusten-i-portugal\/#breadcrumb"},"inLanguage":"sv-SE","potentialAction":[{"@type":"ReadAction","target":["https:\/\/portugalagent.com\/sv\/vara-tjanster\/visningsresa-till-nazare-och-silverkusten-i-portugal\/"]}]},{"@type":"BreadcrumbList","@id":"https:\/\/portugalagent.com\/sv\/vara-tjanster\/visningsresa-till-nazare-och-silverkusten-i-portugal\/#breadcrumb","itemListElement":[{"@type":"ListItem","position":1,"name":"Home","item":"https:\/\/portugalagent.com\/sv\/"},{"@type":"ListItem","position":2,"name":"V\u00e5ra tj\u00e4nster","item":"https:\/\/portugalagent.com\/sv\/vara-tjanster\/"},{"@type":"ListItem","position":3,"name":"Visningsresor"}]},{"@type":"WebSite","@id":"https:\/\/portugalagent.com\/sv\/#website","url":"https:\/\/portugalagent.com\/sv\/","name":"Portugal Agent","description":"","publisher":{"@id":"https:\/\/portugalagent.com\/sv\/#organization"},"potentialAction":[{"@type":"SearchAction","target":{"@type":"EntryPoint","urlTemplate":"https:\/\/portugalagent.com\/sv\/?s={search_term_string}"},"query-input":"required name=search_term_string"}],"inLanguage":"sv-SE"},{"@type":"Organization","@id":"https:\/\/portugalagent.com\/sv\/#organization","name":"Portugal Agent","url":"https:\/\/portugalagent.com\/sv\/","logo":{"@type":"ImageObject","inLanguage":"sv-SE","@id":"https:\/\/portugalagent.com\/sv\/#\/schema\/logo\/image\/","url":"https:\/\/portugalagent.com\/wp-content\/uploads\/2020\/11\/portugalagent.svg","contentUrl":"https:\/\/portugalagent.com\/wp-content\/uploads\/2020\/11\/portugalagent.svg","caption":"Portugal Agent"},"image":{"@id":"https:\/\/portugalagent.com\/sv\/#\/schema\/logo\/image\/"}}]}},"_links":{"self":[{"href":"https:\/\/portugalagent.com\/sv\/wp-json\/wp\/v2\/pages\/38990"}],"collection":[{"href":"https:\/\/portugalagent.com\/sv\/wp-json\/wp\/v2\/pages"}],"about":[{"href":"https:\/\/portugalagent.com\/sv\/wp-json\/wp\/v2\/types\/page"}],"author":[{"embeddable":true,"href":"https:\/\/portugalagent.com\/sv\/wp-json\/wp\/v2\/users\/6"}],"replies":[{"embeddable":true,"href":"https:\/\/portugalagent.com\/sv\/wp-json\/wp\/v2\/comments?post=38990"}],"version-history":[{"count":23,"href":"https:\/\/portugalagent.com\/sv\/wp-json\/wp\/v2\/pages\/38990\/revisions"}],"predecessor-version":[{"id":64429,"href":"https:\/\/portugalagent.com\/sv\/wp-json\/wp\/v2\/pages\/38990\/revisions\/64429"}],"up":[{"embeddable":true,"href":"https:\/\/portugalagent.com\/sv\/wp-json\/wp\/v2\/pages\/38939"}],"wp:attachment":[{"href":"https:\/\/portugalagent.com\/sv\/wp-json\/wp\/v2\/media?parent=38990"}],"curies":[{"name":"wp","href":"https:\/\/api.w.org\/{rel}","templated":true}]}}