{"id":38988,"date":"2020-01-17T14:33:40","date_gmt":"2020-01-17T14:33:40","guid":{"rendered":"https:\/\/www.go4digital-web.pt\/dev\/portugalagent\/?page_id=38988"},"modified":"2020-08-01T17:05:33","modified_gmt":"2020-08-01T17:05:33","slug":"guide-till-kopprocessen","status":"publish","type":"page","link":"https:\/\/portugalagent.com\/sv\/vara-tjanster\/guide-till-kopprocessen\/","title":{"rendered":"Guide till k\u00f6pprocessen"},"content":{"rendered":"\n<h1>K\u00f6pa bostad i Portugal? Gratis guide f\u00f6r hela k\u00f6pprocessen<\/h1>\n\n\n\n<p>Portugalagent har sammanst\u00e4llt en komplett guide till k\u00f6pprocessen i Portugal. Best\u00e4ll den kostnadsfritt nedan! Du beh\u00f6ver bara fylla i dina kontaktuppgifter s\u00e5 f\u00e5r du den mejlad som PDF-fil. <br>Vi uppfyller\u00a0<a href=\"http:\/\/portugalagent.com\/kontakt\/gdpr-och-portugalagent\/\">villkoren enligt GDPR<\/a>. Mer om detta nedan.<\/p>\n\n\n\n<div style=\"height:30px;\"><\/div>\n\n\n\n<div class=\"is-layout-flex wp-container-3 wp-block-columns\">\n<div class=\"is-layout-flow wp-block-column\">\n<h2>Ladda ner en kostnadsfri guide<\/h2>\n\n\n\n<div class=\"wpforms-container wpforms-container-full\" id=\"wpforms-45044\"><form id=\"wpforms-form-45044\" class=\"wpforms-validate wpforms-form\" data-formid=\"45044\" method=\"post\" enctype=\"multipart\/form-data\" action=\"\/sv\/wp-json\/wp\/v2\/pages\/38988\" data-token=\"f8770af1c1082d1be0950790675ac9ba\"><noscript class=\"wpforms-error-noscript\">Aktivera JavaScript i din webbl\u00e4sare f\u00f6r att slutf\u00f6ra detta formul\u00e4r.<\/noscript><div class=\"wpforms-field-container\"><div id=\"wpforms-45044-field_4-container\" class=\"wpforms-field wpforms-field-name\" data-field-id=\"4\"><label class=\"wpforms-field-label\" for=\"wpforms-45044-field_4\">Ditt namn <span class=\"wpforms-required-label\">*<\/span><\/label><input type=\"text\" id=\"wpforms-45044-field_4\" class=\"wpforms-field-medium wpforms-field-required\" name=\"wpforms[fields][4]\" required><\/div><div id=\"wpforms-45044-field_6-container\" class=\"wpforms-field wpforms-field-email\" data-field-id=\"6\"><label class=\"wpforms-field-label\" for=\"wpforms-45044-field_6\">Din e-postadress <span class=\"wpforms-required-label\">*<\/span><\/label><input type=\"email\" id=\"wpforms-45044-field_6\" class=\"wpforms-field-medium wpforms-field-required\" name=\"wpforms[fields][6]\" required><\/div><div id=\"wpforms-45044-field_8-container\" class=\"wpforms-field wpforms-field-phone\" data-field-id=\"8\"><label class=\"wpforms-field-label\" for=\"wpforms-45044-field_8\">Ditt telefonnummer <span class=\"wpforms-required-label\">*<\/span><\/label><input type=\"tel\" id=\"wpforms-45044-field_8\" class=\"wpforms-field-medium wpforms-field-required wpforms-smart-phone-field\" data-rule-smart-phone-field=\"true\" name=\"wpforms[fields][8]\" required><\/div><div id=\"wpforms-45044-field_9-container\" class=\"wpforms-field wpforms-field-textarea\" data-field-id=\"9\"><label class=\"wpforms-field-label\" for=\"wpforms-45044-field_9\">Eventuellt meddelande<\/label><textarea id=\"wpforms-45044-field_9\" class=\"wpforms-field-small\" name=\"wpforms[fields][9]\" ><\/textarea><\/div><\/div><div class=\"wpforms-field wpforms-field-hp\"><label for=\"wpforms-45044-field-hp\" class=\"wpforms-field-label\">Email<\/label><input type=\"text\" name=\"wpforms[hp]\" id=\"wpforms-45044-field-hp\" class=\"wpforms-field-medium\"><\/div><div class=\"wpforms-submit-container\"><input type=\"hidden\" name=\"wpforms[id]\" value=\"45044\"><input type=\"hidden\" name=\"wpforms[author]\" value=\"6\"><button type=\"submit\" name=\"wpforms[submit]\" id=\"wpforms-submit-45044\" class=\"wpforms-submit\" data-alt-text=\"Skickar..\" data-submit-text=\"Best\u00e4ll k\u00f6pguiden\" aria-live=\"assertive\" value=\"wpforms-submit\">Best\u00e4ll k\u00f6pguiden<\/button><\/div><\/form><\/div>  <!-- .wpforms-container -->\n<\/div>\n\n\n\n<div class=\"is-layout-flow wp-block-column\">\n<figure class=\"wp-block-image size-large is-resized\"><img decoding=\"async\" src=\"https:\/\/portugalagent.com\/wp-content\/uploads\/2020\/01\/Mask-Group-104.png\" alt=\"\" class=\"wp-image-39691\" height=\"517\" srcset=\"https:\/\/portugalagent.com\/wp-content\/uploads\/2020\/01\/Mask-Group-104.png 350w, https:\/\/portugalagent.com\/wp-content\/uploads\/2020\/01\/Mask-Group-104-193x300.png 193w\" sizes=\"(max-width: 350px) 100vw, 350px\" \/><\/figure>\n<\/div>\n<\/div>\n","protected":false},"excerpt":{"rendered":"<p>K\u00f6pa bostad i Portugal? Gratis guide f\u00f6r hela k\u00f6pprocessen Portugalagent har sammanst\u00e4llt en komplett guide till k\u00f6pprocessen i Portugal. Best\u00e4ll den kostnadsfritt nedan! Du beh\u00f6ver bara fylla i dina kontaktuppgifter s\u00e5 f\u00e5r du den mejlad som PDF-fil. Vi uppfyller\u00a0villkoren enligt GDPR. Mer om detta nedan. Ladda ner en kostnadsfri guide<\/p>\n","protected":false},"author":6,"featured_media":0,"parent":38939,"menu_order":2,"comment_status":"closed","ping_status":"closed","template":"template-standardsubpage.php","meta":{"om_disable_all_campaigns":false,"_monsterinsights_skip_tracking":false,"_monsterinsights_sitenote_active":false,"_monsterinsights_sitenote_note":"","_monsterinsights_sitenote_category":0},"aioseo_notices":[],"yoast_head":"<!-- This site is optimized with the Yoast SEO plugin v19.10 - https:\/\/yoast.com\/wordpress\/plugins\/seo\/ -->\n<title>K\u00f6pa hus i Portugal? Gratis guide f\u00f6r hela k\u00f6pprocessen - Portugal Agent<\/title>\n<meta name=\"robots\" content=\"index, follow, max-snippet:-1, max-image-preview:large, max-video-preview:-1\" \/>\n<link rel=\"canonical\" href=\"https:\/\/portugalagent.com\/sv\/vara-tjanster\/guide-till-kopprocessen\/\" \/>\n<meta property=\"og:locale\" content=\"sv_SE\" \/>\n<meta property=\"og:type\" content=\"article\" \/>\n<meta property=\"og:title\" content=\"K\u00f6pa hus i Portugal? Gratis guide f\u00f6r hela k\u00f6pprocessen - Portugal Agent\" \/>\n<meta property=\"og:description\" content=\"K\u00f6pa bostad i Portugal? Gratis guide f\u00f6r hela k\u00f6pprocessen Portugalagent har sammanst\u00e4llt en komplett guide till k\u00f6pprocessen i Portugal. Best\u00e4ll den kostnadsfritt nedan! Du beh\u00f6ver bara fylla i dina kontaktuppgifter s\u00e5 f\u00e5r du den mejlad som PDF-fil. Vi uppfyller\u00a0villkoren enligt GDPR. Mer om detta nedan. Ladda ner en kostnadsfri guide\" \/>\n<meta property=\"og:url\" content=\"https:\/\/portugalagent.com\/sv\/vara-tjanster\/guide-till-kopprocessen\/\" \/>\n<meta property=\"og:site_name\" content=\"Portugal Agent\" \/>\n<meta property=\"article:modified_time\" content=\"2020-08-01T17:05:33+00:00\" \/>\n<meta property=\"og:image\" content=\"https:\/\/portugalagent.com\/wp-content\/uploads\/2020\/01\/Mask-Group-104.png\" \/>\n<meta name=\"twitter:card\" content=\"summary_large_image\" \/>\n<script type=\"application\/ld+json\" class=\"yoast-schema-graph\">{\"@context\":\"https:\/\/schema.org\",\"@graph\":[{\"@type\":\"WebPage\",\"@id\":\"https:\/\/portugalagent.com\/sv\/vara-tjanster\/guide-till-kopprocessen\/\",\"url\":\"https:\/\/portugalagent.com\/sv\/vara-tjanster\/guide-till-kopprocessen\/\",\"name\":\"K\u00f6pa hus i Portugal? Gratis guide f\u00f6r hela k\u00f6pprocessen - Portugal Agent\",\"isPartOf\":{\"@id\":\"https:\/\/portugalagent.com\/sv\/#website\"},\"datePublished\":\"2020-01-17T14:33:40+00:00\",\"dateModified\":\"2020-08-01T17:05:33+00:00\",\"breadcrumb\":{\"@id\":\"https:\/\/portugalagent.com\/sv\/vara-tjanster\/guide-till-kopprocessen\/#breadcrumb\"},\"inLanguage\":\"sv-SE\",\"potentialAction\":[{\"@type\":\"ReadAction\",\"target\":[\"https:\/\/portugalagent.com\/sv\/vara-tjanster\/guide-till-kopprocessen\/\"]}]},{\"@type\":\"BreadcrumbList\",\"@id\":\"https:\/\/portugalagent.com\/sv\/vara-tjanster\/guide-till-kopprocessen\/#breadcrumb\",\"itemListElement\":[{\"@type\":\"ListItem\",\"position\":1,\"name\":\"Home\",\"item\":\"https:\/\/portugalagent.com\/sv\/\"},{\"@type\":\"ListItem\",\"position\":2,\"name\":\"V\u00e5ra tj\u00e4nster\",\"item\":\"https:\/\/portugalagent.com\/sv\/vara-tjanster\/\"},{\"@type\":\"ListItem\",\"position\":3,\"name\":\"Guide till k\u00f6pprocessen\"}]},{\"@type\":\"WebSite\",\"@id\":\"https:\/\/portugalagent.com\/sv\/#website\",\"url\":\"https:\/\/portugalagent.com\/sv\/\",\"name\":\"Portugal Agent\",\"description\":\"\",\"publisher\":{\"@id\":\"https:\/\/portugalagent.com\/sv\/#organization\"},\"potentialAction\":[{\"@type\":\"SearchAction\",\"target\":{\"@type\":\"EntryPoint\",\"urlTemplate\":\"https:\/\/portugalagent.com\/sv\/?s={search_term_string}\"},\"query-input\":\"required name=search_term_string\"}],\"inLanguage\":\"sv-SE\"},{\"@type\":\"Organization\",\"@id\":\"https:\/\/portugalagent.com\/sv\/#organization\",\"name\":\"Portugal Agent\",\"url\":\"https:\/\/portugalagent.com\/sv\/\",\"logo\":{\"@type\":\"ImageObject\",\"inLanguage\":\"sv-SE\",\"@id\":\"https:\/\/portugalagent.com\/sv\/#\/schema\/logo\/image\/\",\"url\":\"https:\/\/portugalagent.com\/wp-content\/uploads\/2020\/11\/portugalagent.svg\",\"contentUrl\":\"https:\/\/portugalagent.com\/wp-content\/uploads\/2020\/11\/portugalagent.svg\",\"caption\":\"Portugal Agent\"},\"image\":{\"@id\":\"https:\/\/portugalagent.com\/sv\/#\/schema\/logo\/image\/\"}}]}<\/script>\n<!-- \/ Yoast SEO plugin. -->","yoast_head_json":{"title":"K\u00f6pa hus i Portugal? Gratis guide f\u00f6r hela k\u00f6pprocessen - Portugal Agent","robots":{"index":"index","follow":"follow","max-snippet":"max-snippet:-1","max-image-preview":"max-image-preview:large","max-video-preview":"max-video-preview:-1"},"canonical":"https:\/\/portugalagent.com\/sv\/vara-tjanster\/guide-till-kopprocessen\/","og_locale":"sv_SE","og_type":"article","og_title":"K\u00f6pa hus i Portugal? Gratis guide f\u00f6r hela k\u00f6pprocessen - Portugal Agent","og_description":"K\u00f6pa bostad i Portugal? Gratis guide f\u00f6r hela k\u00f6pprocessen Portugalagent har sammanst\u00e4llt en komplett guide till k\u00f6pprocessen i Portugal. Best\u00e4ll den kostnadsfritt nedan! Du beh\u00f6ver bara fylla i dina kontaktuppgifter s\u00e5 f\u00e5r du den mejlad som PDF-fil. Vi uppfyller\u00a0villkoren enligt GDPR. Mer om detta nedan. Ladda ner en kostnadsfri guide","og_url":"https:\/\/portugalagent.com\/sv\/vara-tjanster\/guide-till-kopprocessen\/","og_site_name":"Portugal Agent","article_modified_time":"2020-08-01T17:05:33+00:00","og_image":[{"url":"https:\/\/portugalagent.com\/wp-content\/uploads\/2020\/01\/Mask-Group-104.png"}],"twitter_card":"summary_large_image","schema":{"@context":"https:\/\/schema.org","@graph":[{"@type":"WebPage","@id":"https:\/\/portugalagent.com\/sv\/vara-tjanster\/guide-till-kopprocessen\/","url":"https:\/\/portugalagent.com\/sv\/vara-tjanster\/guide-till-kopprocessen\/","name":"K\u00f6pa hus i Portugal? Gratis guide f\u00f6r hela k\u00f6pprocessen - Portugal Agent","isPartOf":{"@id":"https:\/\/portugalagent.com\/sv\/#website"},"datePublished":"2020-01-17T14:33:40+00:00","dateModified":"2020-08-01T17:05:33+00:00","breadcrumb":{"@id":"https:\/\/portugalagent.com\/sv\/vara-tjanster\/guide-till-kopprocessen\/#breadcrumb"},"inLanguage":"sv-SE","potentialAction":[{"@type":"ReadAction","target":["https:\/\/portugalagent.com\/sv\/vara-tjanster\/guide-till-kopprocessen\/"]}]},{"@type":"BreadcrumbList","@id":"https:\/\/portugalagent.com\/sv\/vara-tjanster\/guide-till-kopprocessen\/#breadcrumb","itemListElement":[{"@type":"ListItem","position":1,"name":"Home","item":"https:\/\/portugalagent.com\/sv\/"},{"@type":"ListItem","position":2,"name":"V\u00e5ra tj\u00e4nster","item":"https:\/\/portugalagent.com\/sv\/vara-tjanster\/"},{"@type":"ListItem","position":3,"name":"Guide till k\u00f6pprocessen"}]},{"@type":"WebSite","@id":"https:\/\/portugalagent.com\/sv\/#website","url":"https:\/\/portugalagent.com\/sv\/","name":"Portugal Agent","description":"","publisher":{"@id":"https:\/\/portugalagent.com\/sv\/#organization"},"potentialAction":[{"@type":"SearchAction","target":{"@type":"EntryPoint","urlTemplate":"https:\/\/portugalagent.com\/sv\/?s={search_term_string}"},"query-input":"required name=search_term_string"}],"inLanguage":"sv-SE"},{"@type":"Organization","@id":"https:\/\/portugalagent.com\/sv\/#organization","name":"Portugal Agent","url":"https:\/\/portugalagent.com\/sv\/","logo":{"@type":"ImageObject","inLanguage":"sv-SE","@id":"https:\/\/portugalagent.com\/sv\/#\/schema\/logo\/image\/","url":"https:\/\/portugalagent.com\/wp-content\/uploads\/2020\/11\/portugalagent.svg","contentUrl":"https:\/\/portugalagent.com\/wp-content\/uploads\/2020\/11\/portugalagent.svg","caption":"Portugal Agent"},"image":{"@id":"https:\/\/portugalagent.com\/sv\/#\/schema\/logo\/image\/"}}]}},"_links":{"self":[{"href":"https:\/\/portugalagent.com\/sv\/wp-json\/wp\/v2\/pages\/38988"}],"collection":[{"href":"https:\/\/portugalagent.com\/sv\/wp-json\/wp\/v2\/pages"}],"about":[{"href":"https:\/\/portugalagent.com\/sv\/wp-json\/wp\/v2\/types\/page"}],"author":[{"embeddable":true,"href":"https:\/\/portugalagent.com\/sv\/wp-json\/wp\/v2\/users\/6"}],"replies":[{"embeddable":true,"href":"https:\/\/portugalagent.com\/sv\/wp-json\/wp\/v2\/comments?post=38988"}],"version-history":[{"count":15,"href":"https:\/\/portugalagent.com\/sv\/wp-json\/wp\/v2\/pages\/38988\/revisions"}],"predecessor-version":[{"id":56624,"href":"https:\/\/portugalagent.com\/sv\/wp-json\/wp\/v2\/pages\/38988\/revisions\/56624"}],"up":[{"embeddable":true,"href":"https:\/\/portugalagent.com\/sv\/wp-json\/wp\/v2\/pages\/38939"}],"wp:attachment":[{"href":"https:\/\/portugalagent.com\/sv\/wp-json\/wp\/v2\/media?parent=38988"}],"curies":[{"name":"wp","href":"https:\/\/api.w.org\/{rel}","templated":true}]}}