{"id":38905,"date":"2020-01-17T12:08:12","date_gmt":"2020-01-17T12:08:12","guid":{"rendered":"https:\/\/www.go4digital-web.pt\/dev\/portugalagent\/?page_id=38905"},"modified":"2021-01-26T14:59:09","modified_gmt":"2021-01-26T14:59:09","slug":"silverkusten","status":"publish","type":"page","link":"https:\/\/portugalagent.com\/sv\/destination-silverkusten\/silverkusten\/","title":{"rendered":"Silverkusten"},"content":{"rendered":"\n<h4>Silverkusten eller Costa da Prata p\u00e5 Portugisiska, ligger mellan Lissabon i s\u00f6der och Porto i norr. Detta \u00e4r de centrala delarna av Portugal. Den fina Atlantkusten ger m\u00e5nga tillf\u00e4llen till solnedg\u00e5ng i havet, d\u00e4rav namnet Silverkusten, som syftar p\u00e5 solens reflexioner i havet.<\/h4>\n\n\n\n<p><\/p>\n\n\n\n<div class=\"is-layout-flex wp-container-3 wp-block-columns\">\n<div class=\"is-layout-flow wp-block-column\" style=\"flex-basis:12%\">\n<figure class=\"wp-block-image size-large\"><img decoding=\"async\" src=\"https:\/\/portugalagent.com\/wp-content\/uploads\/2020\/01\/Path-6396.svg\" alt=\"\" class=\"wp-image-39703\"\/><\/figure>\n<\/div>\n\n\n\n<div class=\"is-layout-flow wp-block-column\" style=\"flex-basis:88%\">\n<p>&#8221;<strong>Vi menar att kuststr\u00e4ckan mellan Peniche i s\u00f6der och San Pedro de Moel i norr \u00e4r den b\u00e4sta lilla kustremsan i Portugal och kanske i hela s\u00f6dra Europa!<\/strong>&#8221;<\/p>\n<\/div>\n<\/div>\n\n\n\n<p>Regionens exakta gr\u00e4nser \u00e4r f\u00f6rem\u00e5l f\u00f6r diskussion varf\u00f6r man ser m\u00e5nga olika definitioner beroende p\u00e5 vem man fr\u00e5gar. Vissa h\u00e4vdar att \u00e4ven de inre delarna mot spanska gr\u00e4nsen i \u00f6ster ska r\u00e4knas in medan andra menar att begreppet Silverkusten endast avser delarna n\u00e4ra Atlanten.<\/p>\n\n\n\n<p>Kuststr\u00e4ckan \u00e4r ca 240 km l\u00e5ng och str\u00e4cker sig ungef\u00e4r fr\u00e5n Santa Cruz, strax syd om Peniche, i s\u00f6der och upp till Espinho, strax syd om Porto, i norr.<\/p>\n\n\n\n<p><strong>PortugalAgent<\/strong>&nbsp;&#8211; Silver Coast Real Estate \u00e4r specialiserade p\u00e5 de&nbsp;<strong>s\u00f6dra delarna<\/strong>&nbsp;av Silverkusten. Fr\u00e5n Peniche i s\u00f6der upp till San Pedro de Moel i norr med extra fokus p\u00e5 kustremsan mellan de tre st\u00e4derna&nbsp;<strong>Nazar\u00e9, S\u00e3o Martinho do Porto&nbsp;<\/strong>och<strong>&nbsp;Foz do Arelho<\/strong>&nbsp;samt \u00e4ven en bit in i landet med fina st\u00e4der som Alcoba\u00e7a, Caldas da Raihna och \u00d3bidos.<\/p>\n\n\n\n<p>Vi menar att kuststr\u00e4ckan mellan Peniche i s\u00f6der och San Pedro de Moel i norr \u00e4r den b\u00e4sta lilla kustremsan i Portugal och kanske i hela s\u00f6dra Europa!<\/p>\n\n\n\n<p>H\u00e4r finns fantastisk natur och levande sm\u00e5st\u00e4der \u00e5ret runt. Det \u00e4r bara n\u00e5gon sommarm\u00e5nad om \u00e5ret som det blir mycket folk p\u00e5 stranden och p\u00e5 hotellen annars \u00e4r det \u201dPortugal p\u00e5 riktigt\u201d hela tiden! Inga st\u00e4ngda restauranger p\u00e5 vintern, inga charterhotell. D\u00e4remot massor med kultur, natur och sport \u00e5ret runt. Dessutom solnedg\u00e5ng i havet! M\u00e5nga bost\u00e4der i omr\u00e5det erbjuder havsutsikt eftersom hela kustremsan ligger i en sluttning d\u00e4r de \u00f6vre regionerna ligger mer \u00e4n 100 m\u00f6h. Du ser ofta Atlanten \u00e4ven om du bor en bra bit in fr\u00e5n kusten. Lite som p\u00e5 Gotlands v\u00e4stkust.<\/p>\n\n\n\n<h3>Natur<\/h3>\n\n\n\n<p>Vidstr\u00e4ckta str\u00e4nder, kuperad terr\u00e4ng med milsvid utsikt p\u00e5 m\u00e5nga orter. Vandringsleder, skogar, sanddyner, jordbrukslandskap. Och innanf\u00f6r kustremsan: ving\u00e5rdar och traditionella jordbruk med odlingar och boskap.<\/p>\n\n\n\n<h3>Aktiviteter<\/h3>\n\n\n\n<p>Synnerligen bra p\u00e5 alla s\u00e4tt! Surfingen \u00e4r i v\u00e4rldsklass. I Peniche anordnas ett av tv\u00e5 stopp p\u00e5 den globala v\u00e4rldscupen i surfing vilket s\u00e4ger en hel del om kvaliteten p\u00e5 surfv\u00e5gorna d\u00e4r. H\u00e4r finns ocks\u00e5 allt vad en nyb\u00f6rjare och duktig surfare beh\u00f6ver i termer av butiker, surfskolor, uthyrningar m m. Dessutom: alltid surfbara v\u00e5gor! I Nazar\u00e9 uppst\u00e5r vintertid en av de st\u00f6rsta v\u00e5gor som man surfar p\u00e5 i hela v\u00e4rlden. Mycket vackert att se.<\/p>\n\n\n\n<p>Golf i v\u00e4rldsklass, mountainbike, landsv\u00e4gscykel, vandringsleder, jogging i fantastisk natur och med storslagna vyer \u00e4r bara en liten del av allt man kan g\u00f6ra p\u00e5 Silverkusten.<\/p>\n\n\n\n<h3>P\u00e5 v\u00e4rldsarvslistan<\/h3>\n\n\n\n<p>Regionen har fyra sev\u00e4rdheter upptagna p\u00e5 UNESCOs lista f\u00f6r v\u00e4rldsarv. Klostret i Alcoba\u00e7a, klostret i Batalha, Kristusklostret i Tomar och universitetet i Coimbra. F\u00f6rutom v\u00e4rldsarven finns det mycket annat att se h\u00e4r. Till exempel de historiska byarna och slotten som f\u00f6rsvarade Portugals gr\u00e4nser som t.ex. \u00d3bidos som \u00e4r en gammal stad med anor fr\u00e5n romarriket omgiven av en stor ringmur. I omr\u00e5dets \u00f6stra delar, n\u00e4ra spanska gr\u00e4nsen, ligger Portugals enda skidort i en fantastisk nationalpark, Serra da Estrela, d\u00e4r man ocks\u00e5 finner fastlandets h\u00f6gsta berg med sina 1.991 m\u00f6h. Portugals h\u00f6gsta berg ligger f\u00f6r \u00f6vrigt p\u00e5 Azorerna, Pico, 2.351 m\u00f6h.<\/p>\n\n\n\n<p>Lite n\u00e4rmare kusten, ca 35 km fr\u00e5n Nazar\u00e9, ligger en stor nationalpark \u201dParque Natural das Serras de Aire e Candeeiros\u201d med vacker natur i bergen, vandringsleder och strax norr d\u00e4rom fantastiska mtb-leder i Pia do Urso som ocks\u00e5 har den enda vandringsleden f\u00f6r blinda i hela Europa.<\/p>\n\n\n\n<p>Se mer under&nbsp;<a href=\"https:\/\/portugalagent.com\/sv\/destination-silverkusten\/aktiviteter\/\">Aktiviteter<\/a><\/p>\n","protected":false},"excerpt":{"rendered":"<p>Silverkusten eller Costa da Prata p\u00e5 Portugisiska, ligger mellan Lissabon i s\u00f6der och Porto i norr. Detta \u00e4r de centrala delarna av Portugal. Den fina Atlantkusten ger m\u00e5nga tillf\u00e4llen till solnedg\u00e5ng i havet, d\u00e4rav namnet Silverkusten, som syftar p\u00e5 solens reflexioner i havet. &#8221;Vi menar att kuststr\u00e4ckan mellan Peniche i s\u00f6der och San Pedro de [&hellip;]<\/p>\n","protected":false},"author":2,"featured_media":39517,"parent":38903,"menu_order":1,"comment_status":"closed","ping_status":"closed","template":"layoutSidebar.php","meta":{"om_disable_all_campaigns":false,"_monsterinsights_skip_tracking":false,"_monsterinsights_sitenote_active":false,"_monsterinsights_sitenote_note":"","_monsterinsights_sitenote_category":0},"aioseo_notices":[],"yoast_head":"<!-- This site is optimized with the Yoast SEO plugin v19.10 - https:\/\/yoast.com\/wordpress\/plugins\/seo\/ -->\n<title>Silverkusten - Portugal Agent<\/title>\n<meta name=\"robots\" content=\"index, follow, max-snippet:-1, max-image-preview:large, max-video-preview:-1\" \/>\n<link rel=\"canonical\" href=\"https:\/\/portugalagent.com\/sv\/destination-silverkusten\/silverkusten\/\" \/>\n<meta property=\"og:locale\" content=\"sv_SE\" \/>\n<meta property=\"og:type\" content=\"article\" \/>\n<meta property=\"og:title\" content=\"Silverkusten - Portugal Agent\" \/>\n<meta property=\"og:description\" content=\"Silverkusten eller Costa da Prata p\u00e5 Portugisiska, ligger mellan Lissabon i s\u00f6der och Porto i norr. Detta \u00e4r de centrala delarna av Portugal. Den fina Atlantkusten ger m\u00e5nga tillf\u00e4llen till solnedg\u00e5ng i havet, d\u00e4rav namnet Silverkusten, som syftar p\u00e5 solens reflexioner i havet. &#8221;Vi menar att kuststr\u00e4ckan mellan Peniche i s\u00f6der och San Pedro de [&hellip;]\" \/>\n<meta property=\"og:url\" content=\"https:\/\/portugalagent.com\/sv\/destination-silverkusten\/silverkusten\/\" \/>\n<meta property=\"og:site_name\" content=\"Portugal Agent\" \/>\n<meta property=\"article:modified_time\" content=\"2021-01-26T14:59:09+00:00\" \/>\n<meta property=\"og:image\" content=\"https:\/\/portugalagent.com\/wp-content\/uploads\/2020\/01\/V\u00e5gor-str\u00e4nder-och-surfing-Silverkusten-Portugal.jpg\" \/>\n\t<meta property=\"og:image:width\" content=\"970\" \/>\n\t<meta property=\"og:image:height\" content=\"403\" \/>\n\t<meta property=\"og:image:type\" content=\"image\/jpeg\" \/>\n<meta name=\"twitter:card\" content=\"summary_large_image\" \/>\n<meta name=\"twitter:label1\" content=\"Ber\u00e4knad l\u00e4stid\" \/>\n\t<meta name=\"twitter:data1\" content=\"4 minuter\" \/>\n<script type=\"application\/ld+json\" class=\"yoast-schema-graph\">{\"@context\":\"https:\/\/schema.org\",\"@graph\":[{\"@type\":\"WebPage\",\"@id\":\"https:\/\/portugalagent.com\/sv\/destination-silverkusten\/silverkusten\/\",\"url\":\"https:\/\/portugalagent.com\/sv\/destination-silverkusten\/silverkusten\/\",\"name\":\"Silverkusten - Portugal Agent\",\"isPartOf\":{\"@id\":\"https:\/\/portugalagent.com\/sv\/#website\"},\"datePublished\":\"2020-01-17T12:08:12+00:00\",\"dateModified\":\"2021-01-26T14:59:09+00:00\",\"breadcrumb\":{\"@id\":\"https:\/\/portugalagent.com\/sv\/destination-silverkusten\/silverkusten\/#breadcrumb\"},\"inLanguage\":\"sv-SE\",\"potentialAction\":[{\"@type\":\"ReadAction\",\"target\":[\"https:\/\/portugalagent.com\/sv\/destination-silverkusten\/silverkusten\/\"]}]},{\"@type\":\"BreadcrumbList\",\"@id\":\"https:\/\/portugalagent.com\/sv\/destination-silverkusten\/silverkusten\/#breadcrumb\",\"itemListElement\":[{\"@type\":\"ListItem\",\"position\":1,\"name\":\"Home\",\"item\":\"https:\/\/portugalagent.com\/sv\/\"},{\"@type\":\"ListItem\",\"position\":2,\"name\":\"Destination Silverkusten\",\"item\":\"https:\/\/portugalagent.com\/sv\/destination-silverkusten\/\"},{\"@type\":\"ListItem\",\"position\":3,\"name\":\"Silverkusten\"}]},{\"@type\":\"WebSite\",\"@id\":\"https:\/\/portugalagent.com\/sv\/#website\",\"url\":\"https:\/\/portugalagent.com\/sv\/\",\"name\":\"Portugal Agent\",\"description\":\"\",\"publisher\":{\"@id\":\"https:\/\/portugalagent.com\/sv\/#organization\"},\"potentialAction\":[{\"@type\":\"SearchAction\",\"target\":{\"@type\":\"EntryPoint\",\"urlTemplate\":\"https:\/\/portugalagent.com\/sv\/?s={search_term_string}\"},\"query-input\":\"required name=search_term_string\"}],\"inLanguage\":\"sv-SE\"},{\"@type\":\"Organization\",\"@id\":\"https:\/\/portugalagent.com\/sv\/#organization\",\"name\":\"Portugal Agent\",\"url\":\"https:\/\/portugalagent.com\/sv\/\",\"logo\":{\"@type\":\"ImageObject\",\"inLanguage\":\"sv-SE\",\"@id\":\"https:\/\/portugalagent.com\/sv\/#\/schema\/logo\/image\/\",\"url\":\"https:\/\/portugalagent.com\/wp-content\/uploads\/2020\/11\/portugalagent.svg\",\"contentUrl\":\"https:\/\/portugalagent.com\/wp-content\/uploads\/2020\/11\/portugalagent.svg\",\"caption\":\"Portugal Agent\"},\"image\":{\"@id\":\"https:\/\/portugalagent.com\/sv\/#\/schema\/logo\/image\/\"}}]}<\/script>\n<!-- \/ Yoast SEO plugin. -->","yoast_head_json":{"title":"Silverkusten - Portugal Agent","robots":{"index":"index","follow":"follow","max-snippet":"max-snippet:-1","max-image-preview":"max-image-preview:large","max-video-preview":"max-video-preview:-1"},"canonical":"https:\/\/portugalagent.com\/sv\/destination-silverkusten\/silverkusten\/","og_locale":"sv_SE","og_type":"article","og_title":"Silverkusten - Portugal Agent","og_description":"Silverkusten eller Costa da Prata p\u00e5 Portugisiska, ligger mellan Lissabon i s\u00f6der och Porto i norr. Detta \u00e4r de centrala delarna av Portugal. Den fina Atlantkusten ger m\u00e5nga tillf\u00e4llen till solnedg\u00e5ng i havet, d\u00e4rav namnet Silverkusten, som syftar p\u00e5 solens reflexioner i havet. &#8221;Vi menar att kuststr\u00e4ckan mellan Peniche i s\u00f6der och San Pedro de [&hellip;]","og_url":"https:\/\/portugalagent.com\/sv\/destination-silverkusten\/silverkusten\/","og_site_name":"Portugal Agent","article_modified_time":"2021-01-26T14:59:09+00:00","og_image":[{"width":970,"height":403,"url":"https:\/\/portugalagent.com\/wp-content\/uploads\/2020\/01\/V\u00e5gor-str\u00e4nder-och-surfing-Silverkusten-Portugal.jpg","type":"image\/jpeg"}],"twitter_card":"summary_large_image","twitter_misc":{"Ber\u00e4knad l\u00e4stid":"4 minuter"},"schema":{"@context":"https:\/\/schema.org","@graph":[{"@type":"WebPage","@id":"https:\/\/portugalagent.com\/sv\/destination-silverkusten\/silverkusten\/","url":"https:\/\/portugalagent.com\/sv\/destination-silverkusten\/silverkusten\/","name":"Silverkusten - Portugal Agent","isPartOf":{"@id":"https:\/\/portugalagent.com\/sv\/#website"},"datePublished":"2020-01-17T12:08:12+00:00","dateModified":"2021-01-26T14:59:09+00:00","breadcrumb":{"@id":"https:\/\/portugalagent.com\/sv\/destination-silverkusten\/silverkusten\/#breadcrumb"},"inLanguage":"sv-SE","potentialAction":[{"@type":"ReadAction","target":["https:\/\/portugalagent.com\/sv\/destination-silverkusten\/silverkusten\/"]}]},{"@type":"BreadcrumbList","@id":"https:\/\/portugalagent.com\/sv\/destination-silverkusten\/silverkusten\/#breadcrumb","itemListElement":[{"@type":"ListItem","position":1,"name":"Home","item":"https:\/\/portugalagent.com\/sv\/"},{"@type":"ListItem","position":2,"name":"Destination Silverkusten","item":"https:\/\/portugalagent.com\/sv\/destination-silverkusten\/"},{"@type":"ListItem","position":3,"name":"Silverkusten"}]},{"@type":"WebSite","@id":"https:\/\/portugalagent.com\/sv\/#website","url":"https:\/\/portugalagent.com\/sv\/","name":"Portugal Agent","description":"","publisher":{"@id":"https:\/\/portugalagent.com\/sv\/#organization"},"potentialAction":[{"@type":"SearchAction","target":{"@type":"EntryPoint","urlTemplate":"https:\/\/portugalagent.com\/sv\/?s={search_term_string}"},"query-input":"required name=search_term_string"}],"inLanguage":"sv-SE"},{"@type":"Organization","@id":"https:\/\/portugalagent.com\/sv\/#organization","name":"Portugal Agent","url":"https:\/\/portugalagent.com\/sv\/","logo":{"@type":"ImageObject","inLanguage":"sv-SE","@id":"https:\/\/portugalagent.com\/sv\/#\/schema\/logo\/image\/","url":"https:\/\/portugalagent.com\/wp-content\/uploads\/2020\/11\/portugalagent.svg","contentUrl":"https:\/\/portugalagent.com\/wp-content\/uploads\/2020\/11\/portugalagent.svg","caption":"Portugal Agent"},"image":{"@id":"https:\/\/portugalagent.com\/sv\/#\/schema\/logo\/image\/"}}]}},"_links":{"self":[{"href":"https:\/\/portugalagent.com\/sv\/wp-json\/wp\/v2\/pages\/38905"}],"collection":[{"href":"https:\/\/portugalagent.com\/sv\/wp-json\/wp\/v2\/pages"}],"about":[{"href":"https:\/\/portugalagent.com\/sv\/wp-json\/wp\/v2\/types\/page"}],"author":[{"embeddable":true,"href":"https:\/\/portugalagent.com\/sv\/wp-json\/wp\/v2\/users\/2"}],"replies":[{"embeddable":true,"href":"https:\/\/portugalagent.com\/sv\/wp-json\/wp\/v2\/comments?post=38905"}],"version-history":[{"count":14,"href":"https:\/\/portugalagent.com\/sv\/wp-json\/wp\/v2\/pages\/38905\/revisions"}],"predecessor-version":[{"id":55272,"href":"https:\/\/portugalagent.com\/sv\/wp-json\/wp\/v2\/pages\/38905\/revisions\/55272"}],"up":[{"embeddable":true,"href":"https:\/\/portugalagent.com\/sv\/wp-json\/wp\/v2\/pages\/38903"}],"wp:featuredmedia":[{"embeddable":true,"href":"https:\/\/portugalagent.com\/sv\/wp-json\/wp\/v2\/media\/39517"}],"wp:attachment":[{"href":"https:\/\/portugalagent.com\/sv\/wp-json\/wp\/v2\/media?parent=38905"}],"curies":[{"name":"wp","href":"https:\/\/api.w.org\/{rel}","templated":true}]}}