{"id":38903,"date":"2020-01-17T11:48:33","date_gmt":"2020-01-17T11:48:33","guid":{"rendered":"https:\/\/www.go4digital-web.pt\/dev\/portugalagent\/?page_id=38903"},"modified":"2021-01-26T14:58:46","modified_gmt":"2021-01-26T14:58:46","slug":"destination-silverkusten","status":"publish","type":"page","link":"https:\/\/portugalagent.com\/sv\/destination-silverkusten\/","title":{"rendered":"Destination Silverkusten"},"content":{"rendered":"\n<h5><strong>PortugalAgent<\/strong>&nbsp;\u00e4r specialiserade p\u00e5 de&nbsp;<strong>s\u00f6dra delarna<\/strong>&nbsp;av Silverkusten. Fr\u00e5n <strong>Santa Cruz<\/strong> i s\u00f6der upp till San Pedro de Moel i norr med extra fokus p\u00e5 kustremsan mellan de tre st\u00e4derna&nbsp;<strong>Nazar\u00e9, S\u00e3o Martinho do Porto&nbsp;<\/strong>och<strong>&nbsp;Foz do Arelho<\/strong>&nbsp;samt \u00e4ven en bit in i landet med fina st\u00e4der som Alcoba\u00e7a, \u00d3bidos och Caldas da Rainha.<\/h5>\n\n\n\n<p>Vi menar att kuststr\u00e4ckan mellan Santa Cruz i s\u00f6der och San Pedro de Moel i norr \u00e4r den b\u00e4sta lilla kustremsan i Portugal och kanske i hela s\u00f6dra Europa! <br>H\u00e4r finns fina kustst\u00e4der som: Peniche, Baleal, Foz do Arelho, S\u00e3o Martinho do Porto och Nazar\u00e9. <br>N\u00e5gra km in fr\u00e5n kusten ligger Torres Vedras, \u00d3bidos, Caldas da Reihna och Alcoba\u00e7a.<\/p>\n\n\n\n<div style=\"height:20px\"><\/div>\n\n\n\n<div class=\"is-layout-flex wp-container-9 wp-block-columns\">\n<div class=\"is-layout-flow wp-block-column\">\n<div class=\"is-layout-flex wp-container-3 wp-block-columns\">\n<div class=\"is-layout-flow wp-block-column\" style=\"flex-basis:12%\">\n<figure class=\"wp-block-image size-large\"><img decoding=\"async\" src=\"https:\/\/portugalagent.com\/wp-content\/uploads\/2020\/02\/icons_pa-01.svg\" alt=\"\" class=\"wp-image-42681\"\/><\/figure>\n<\/div>\n\n\n\n<div class=\"is-layout-flow wp-block-column\" style=\"flex-basis:88%\">\n<p><strong>Silverkusten<\/strong><br><strong>Solnedg\u00e5ng i havet<\/strong><\/p>\n<\/div>\n<\/div>\n<\/div>\n\n\n\n<div class=\"is-layout-flow wp-block-column\">\n<div class=\"is-layout-flex wp-container-7 wp-block-columns\">\n<div class=\"is-layout-flow wp-block-column\" style=\"flex-basis:12%\">\n<figure class=\"wp-block-image size-large\"><img decoding=\"async\" src=\"https:\/\/portugalagent.com\/wp-content\/uploads\/2020\/02\/icons_pa-02.svg\" alt=\"\" class=\"wp-image-42685\"\/><\/figure>\n<\/div>\n\n\n\n<div class=\"is-layout-flow wp-block-column\" style=\"flex-basis:88%\">\n<p><strong>Nazar\u00e9 <\/strong><br><strong>en bortgl\u00f6md p\u00e4rla<\/strong><\/p>\n<\/div>\n<\/div>\n\n\n\n<p><\/p>\n<\/div>\n<\/div>\n\n\n\n<h3>Silverkusten<\/h3>\n\n\n\n<p>Portugals och hela Europas sp\u00e4nnande solnedg\u00e5ngsstrand i v\u00e4ster. P\u00e5 Silverkusten finns det mesta f\u00f6r den aktive: golf, ridning, surfing, bad, fiske, stort kulturutbud och en fin mix av byar och sm\u00e5st\u00e4der. Allt inramat med en mycket storslagen natur vid Atlanten. F\u00f6rdel Silverkusten i stort:<\/p>\n\n\n\n<ul><li>Erbjuder solnedg\u00e5ng i havet \u00e5ret runt<\/li><li>Bra utbud av bost\u00e4der, stort som sm\u00e5tt<\/li><li>F\u00f6rv\u00e4ntad v\u00e4rdestegring p\u00e5 sikt<\/li><li>M\u00e5nga boenden med sj\u00f6utsikt<\/li><li>1 till 1,5 tim med bil fr\u00e5n Lissabon<\/li><li>Direktflyg till Lissabon fr\u00e5n STO och CPH<\/li><li>Europas b\u00e4sta surfing<\/li><li>M\u00e5nga bra golfbanor<\/li><li>De flesta st\u00e4derna och byarna lever \u00e5ret-runt<\/li><li>Varierat: Golfbanor, genuina sm\u00e5st\u00e4der, vandringsleder, surfstr\u00e4nder, kulturst\u00e4der och storslagen natur.<\/li><li>Inte f\u00f6r varmt p\u00e5 sommaren och behagligt p\u00e5 vintern<\/li><li>N\u00e4rhet till Porto vid Dourofloden. Portvinets hemstad och stora vindistrikt efter flodens dalg\u00e5ngar in\u00e5t landet.<\/li><\/ul>\n\n\n\n<h3>Nazar\u00e9 \u2013 en bortgl\u00f6md p\u00e4rla<\/h3>\n\n\n\n<p>Mycket vacker sm\u00e5stad med bra str\u00e4nder, genuin stadsk\u00e4rna, fiskehamn, fin natur och milsvid Atlantutsikt fr\u00e5n de \u00f6vre delarna: Sitio och Penedeira. En av Portugals och hela Europas b\u00e4st bevarade p\u00e4rlor bara 100 km fr\u00e5n Lissabon och internationell flygplats. F\u00f6rdel Nazar\u00e9 mitt p\u00e5 Silverkusten:<\/p>\n\n\n\n<ul><li>Solnedg\u00e5ng i havet \u00e5ret runt<\/li><li>Bra utbud av bost\u00e4der, stort som sm\u00e5tt<\/li><li>Genuin stadsk\u00e4rna med bra krogliv och fina butiker<\/li><li>\u00c5ret-runt-stad<\/li><li>Bedagad turistp\u00e4rla som h\u00e5ller p\u00e5 att nyuppt\u00e4ckas<\/li><li>F\u00f6rv\u00e4ntad v\u00e4rdestegring p\u00e5 sikt<\/li><li>Billigt att \u00e4ta och ta in p\u00e5 hotell<\/li><li>Mycket bra lokal marknad med f\u00e4rsk fisk, k\u00f6tt, frukt och gr\u00f6nsaker<\/li><li>Hamn med fiskeflotta och plats f\u00f6r fritidsb\u00e5tar<\/li><li>Tv\u00e5 fantastiska och mycket olika str\u00e4nder<\/li><li>Enkelt att hitta boende med sj\u00f6utsikt<\/li><li>Staden str\u00e4cker sig fr\u00e5n havsniv\u00e5 till \u00f6ver 100 m.\u00f6.h<\/li><li>Bergbana mellan Sitio och Praia do Nazar\u00e9<\/li><li>1 tim 15 min med bil fr\u00e5n Lissabon<\/li><li>Direktflyg till Lissabon fr\u00e5n CPH och STO. M\u00e5nga flyg med byte.<\/li><\/ul>\n\n\n\n<p>L\u00e4s mer:&nbsp;<a href=\"\/sv\/destination-silverkusten\/pension-och-flytt-till-portugal-samt-lite-om-skattereglerna-kring-detta\/\">Nazar\u00e9<\/a><\/p>\n","protected":false},"excerpt":{"rendered":"<p>PortugalAgent&nbsp;\u00e4r specialiserade p\u00e5 de&nbsp;s\u00f6dra delarna&nbsp;av Silverkusten. Fr\u00e5n Santa Cruz i s\u00f6der upp till San Pedro de Moel i norr med extra fokus p\u00e5 kustremsan mellan de tre st\u00e4derna&nbsp;Nazar\u00e9, S\u00e3o Martinho do Porto&nbsp;och&nbsp;Foz do Arelho&nbsp;samt \u00e4ven en bit in i landet med fina st\u00e4der som Alcoba\u00e7a, \u00d3bidos och Caldas da Rainha. Vi menar att kuststr\u00e4ckan mellan [&hellip;]<\/p>\n","protected":false},"author":2,"featured_media":0,"parent":0,"menu_order":0,"comment_status":"closed","ping_status":"closed","template":"layoutSidebar.php","meta":{"om_disable_all_campaigns":false,"_monsterinsights_skip_tracking":false,"_monsterinsights_sitenote_active":false,"_monsterinsights_sitenote_note":"","_monsterinsights_sitenote_category":0},"aioseo_notices":[],"yoast_head":"<!-- This site is optimized with the Yoast SEO plugin v19.10 - https:\/\/yoast.com\/wordpress\/plugins\/seo\/ -->\n<title>Destination Silverkusten - Portugal Agent<\/title>\n<meta name=\"robots\" content=\"index, follow, max-snippet:-1, max-image-preview:large, max-video-preview:-1\" \/>\n<link rel=\"canonical\" href=\"https:\/\/portugalagent.com\/sv\/destination-silverkusten\/\" \/>\n<meta property=\"og:locale\" content=\"sv_SE\" \/>\n<meta property=\"og:type\" content=\"article\" \/>\n<meta property=\"og:title\" content=\"Destination Silverkusten - Portugal Agent\" \/>\n<meta property=\"og:description\" content=\"PortugalAgent&nbsp;\u00e4r specialiserade p\u00e5 de&nbsp;s\u00f6dra delarna&nbsp;av Silverkusten. Fr\u00e5n Santa Cruz i s\u00f6der upp till San Pedro de Moel i norr med extra fokus p\u00e5 kustremsan mellan de tre st\u00e4derna&nbsp;Nazar\u00e9, S\u00e3o Martinho do Porto&nbsp;och&nbsp;Foz do Arelho&nbsp;samt \u00e4ven en bit in i landet med fina st\u00e4der som Alcoba\u00e7a, \u00d3bidos och Caldas da Rainha. Vi menar att kuststr\u00e4ckan mellan [&hellip;]\" \/>\n<meta property=\"og:url\" content=\"https:\/\/portugalagent.com\/sv\/destination-silverkusten\/\" \/>\n<meta property=\"og:site_name\" content=\"Portugal Agent\" \/>\n<meta property=\"article:modified_time\" content=\"2021-01-26T14:58:46+00:00\" \/>\n<meta property=\"og:image\" content=\"https:\/\/portugalagent.com\/wp-content\/uploads\/2020\/02\/icons_pa-01.svg\" \/>\n<meta name=\"twitter:card\" content=\"summary_large_image\" \/>\n<meta name=\"twitter:label1\" content=\"Ber\u00e4knad l\u00e4stid\" \/>\n\t<meta name=\"twitter:data1\" content=\"2 minuter\" \/>\n<script type=\"application\/ld+json\" class=\"yoast-schema-graph\">{\"@context\":\"https:\/\/schema.org\",\"@graph\":[{\"@type\":\"WebPage\",\"@id\":\"https:\/\/portugalagent.com\/sv\/destination-silverkusten\/\",\"url\":\"https:\/\/portugalagent.com\/sv\/destination-silverkusten\/\",\"name\":\"Destination Silverkusten - Portugal Agent\",\"isPartOf\":{\"@id\":\"https:\/\/portugalagent.com\/sv\/#website\"},\"datePublished\":\"2020-01-17T11:48:33+00:00\",\"dateModified\":\"2021-01-26T14:58:46+00:00\",\"breadcrumb\":{\"@id\":\"https:\/\/portugalagent.com\/sv\/destination-silverkusten\/#breadcrumb\"},\"inLanguage\":\"sv-SE\",\"potentialAction\":[{\"@type\":\"ReadAction\",\"target\":[\"https:\/\/portugalagent.com\/sv\/destination-silverkusten\/\"]}]},{\"@type\":\"BreadcrumbList\",\"@id\":\"https:\/\/portugalagent.com\/sv\/destination-silverkusten\/#breadcrumb\",\"itemListElement\":[{\"@type\":\"ListItem\",\"position\":1,\"name\":\"Home\",\"item\":\"https:\/\/portugalagent.com\/sv\/\"},{\"@type\":\"ListItem\",\"position\":2,\"name\":\"Destination Silverkusten\"}]},{\"@type\":\"WebSite\",\"@id\":\"https:\/\/portugalagent.com\/sv\/#website\",\"url\":\"https:\/\/portugalagent.com\/sv\/\",\"name\":\"Portugal Agent\",\"description\":\"\",\"publisher\":{\"@id\":\"https:\/\/portugalagent.com\/sv\/#organization\"},\"potentialAction\":[{\"@type\":\"SearchAction\",\"target\":{\"@type\":\"EntryPoint\",\"urlTemplate\":\"https:\/\/portugalagent.com\/sv\/?s={search_term_string}\"},\"query-input\":\"required name=search_term_string\"}],\"inLanguage\":\"sv-SE\"},{\"@type\":\"Organization\",\"@id\":\"https:\/\/portugalagent.com\/sv\/#organization\",\"name\":\"Portugal Agent\",\"url\":\"https:\/\/portugalagent.com\/sv\/\",\"logo\":{\"@type\":\"ImageObject\",\"inLanguage\":\"sv-SE\",\"@id\":\"https:\/\/portugalagent.com\/sv\/#\/schema\/logo\/image\/\",\"url\":\"https:\/\/portugalagent.com\/wp-content\/uploads\/2020\/11\/portugalagent.svg\",\"contentUrl\":\"https:\/\/portugalagent.com\/wp-content\/uploads\/2020\/11\/portugalagent.svg\",\"caption\":\"Portugal Agent\"},\"image\":{\"@id\":\"https:\/\/portugalagent.com\/sv\/#\/schema\/logo\/image\/\"}}]}<\/script>\n<!-- \/ Yoast SEO plugin. -->","yoast_head_json":{"title":"Destination Silverkusten - Portugal Agent","robots":{"index":"index","follow":"follow","max-snippet":"max-snippet:-1","max-image-preview":"max-image-preview:large","max-video-preview":"max-video-preview:-1"},"canonical":"https:\/\/portugalagent.com\/sv\/destination-silverkusten\/","og_locale":"sv_SE","og_type":"article","og_title":"Destination Silverkusten - Portugal Agent","og_description":"PortugalAgent&nbsp;\u00e4r specialiserade p\u00e5 de&nbsp;s\u00f6dra delarna&nbsp;av Silverkusten. Fr\u00e5n Santa Cruz i s\u00f6der upp till San Pedro de Moel i norr med extra fokus p\u00e5 kustremsan mellan de tre st\u00e4derna&nbsp;Nazar\u00e9, S\u00e3o Martinho do Porto&nbsp;och&nbsp;Foz do Arelho&nbsp;samt \u00e4ven en bit in i landet med fina st\u00e4der som Alcoba\u00e7a, \u00d3bidos och Caldas da Rainha. Vi menar att kuststr\u00e4ckan mellan [&hellip;]","og_url":"https:\/\/portugalagent.com\/sv\/destination-silverkusten\/","og_site_name":"Portugal Agent","article_modified_time":"2021-01-26T14:58:46+00:00","og_image":[{"url":"https:\/\/portugalagent.com\/wp-content\/uploads\/2020\/02\/icons_pa-01.svg"}],"twitter_card":"summary_large_image","twitter_misc":{"Ber\u00e4knad l\u00e4stid":"2 minuter"},"schema":{"@context":"https:\/\/schema.org","@graph":[{"@type":"WebPage","@id":"https:\/\/portugalagent.com\/sv\/destination-silverkusten\/","url":"https:\/\/portugalagent.com\/sv\/destination-silverkusten\/","name":"Destination Silverkusten - Portugal Agent","isPartOf":{"@id":"https:\/\/portugalagent.com\/sv\/#website"},"datePublished":"2020-01-17T11:48:33+00:00","dateModified":"2021-01-26T14:58:46+00:00","breadcrumb":{"@id":"https:\/\/portugalagent.com\/sv\/destination-silverkusten\/#breadcrumb"},"inLanguage":"sv-SE","potentialAction":[{"@type":"ReadAction","target":["https:\/\/portugalagent.com\/sv\/destination-silverkusten\/"]}]},{"@type":"BreadcrumbList","@id":"https:\/\/portugalagent.com\/sv\/destination-silverkusten\/#breadcrumb","itemListElement":[{"@type":"ListItem","position":1,"name":"Home","item":"https:\/\/portugalagent.com\/sv\/"},{"@type":"ListItem","position":2,"name":"Destination Silverkusten"}]},{"@type":"WebSite","@id":"https:\/\/portugalagent.com\/sv\/#website","url":"https:\/\/portugalagent.com\/sv\/","name":"Portugal Agent","description":"","publisher":{"@id":"https:\/\/portugalagent.com\/sv\/#organization"},"potentialAction":[{"@type":"SearchAction","target":{"@type":"EntryPoint","urlTemplate":"https:\/\/portugalagent.com\/sv\/?s={search_term_string}"},"query-input":"required name=search_term_string"}],"inLanguage":"sv-SE"},{"@type":"Organization","@id":"https:\/\/portugalagent.com\/sv\/#organization","name":"Portugal Agent","url":"https:\/\/portugalagent.com\/sv\/","logo":{"@type":"ImageObject","inLanguage":"sv-SE","@id":"https:\/\/portugalagent.com\/sv\/#\/schema\/logo\/image\/","url":"https:\/\/portugalagent.com\/wp-content\/uploads\/2020\/11\/portugalagent.svg","contentUrl":"https:\/\/portugalagent.com\/wp-content\/uploads\/2020\/11\/portugalagent.svg","caption":"Portugal Agent"},"image":{"@id":"https:\/\/portugalagent.com\/sv\/#\/schema\/logo\/image\/"}}]}},"_links":{"self":[{"href":"https:\/\/portugalagent.com\/sv\/wp-json\/wp\/v2\/pages\/38903"}],"collection":[{"href":"https:\/\/portugalagent.com\/sv\/wp-json\/wp\/v2\/pages"}],"about":[{"href":"https:\/\/portugalagent.com\/sv\/wp-json\/wp\/v2\/types\/page"}],"author":[{"embeddable":true,"href":"https:\/\/portugalagent.com\/sv\/wp-json\/wp\/v2\/users\/2"}],"replies":[{"embeddable":true,"href":"https:\/\/portugalagent.com\/sv\/wp-json\/wp\/v2\/comments?post=38903"}],"version-history":[{"count":29,"href":"https:\/\/portugalagent.com\/sv\/wp-json\/wp\/v2\/pages\/38903\/revisions"}],"predecessor-version":[{"id":58061,"href":"https:\/\/portugalagent.com\/sv\/wp-json\/wp\/v2\/pages\/38903\/revisions\/58061"}],"wp:attachment":[{"href":"https:\/\/portugalagent.com\/sv\/wp-json\/wp\/v2\/media?parent=38903"}],"curies":[{"name":"wp","href":"https:\/\/api.w.org\/{rel}","templated":true}]}}