{"id":38901,"date":"2020-01-17T11:41:03","date_gmt":"2020-01-17T11:41:03","guid":{"rendered":"https:\/\/www.go4digital-web.pt\/dev\/portugalagent\/?page_id=38901"},"modified":"2020-03-17T15:25:44","modified_gmt":"2020-03-17T15:25:44","slug":"pressmaterial","status":"publish","type":"page","link":"https:\/\/portugalagent.com\/sv\/kontakta-oss\/pressmaterial\/","title":{"rendered":"Pressmaterial"},"content":{"rendered":"\n<p><a href=\"http:\/\/portugalagent.com\/wp-content\/uploads\/2015\/02\/Portugalagent.pdf\" target=\"_blank\" rel=\"noreferrer noopener\">Ladda ner Portugalagent logotype som PDF<br><\/a><a href=\"http:\/\/portugalagent.com\/wp-content\/uploads\/2015\/02\/Portugalagent.eps_.zip\">Ladda ner Portugalagent logotype som EPS<\/a><\/p>\n\n\n\n<p><strong>Pressrelease 2015-03-05<\/strong>:\u00a0<a href=\"https:\/\/portugalagent.com\/wp-content\/uploads\/2020\/03\/Pressrelease-Portugalagent1.pdf\" target=\"_blank\" rel=\"noreferrer noopener\" aria-label=\" (opens in a new tab)\">Pressrelease Portugalagent<\/a><\/p>\n\n\n\n<h4>V\u00e5ra fotografier p\u00e5 portugalagent.com<\/h4>\n\n\n\n<p>De flesta av bilderna \u00e4r tagna av Portugalagent\/Niklas Fors\u00e9n,&nbsp;<a href=\"mailto:niklas@portugalagent.com\">niklas@portugalagent.com<\/a><br>Vill du anv\u00e4nda n\u00e5gon av bilderna i eget syfte: H\u00f6r av dig till oss s\u00e5 hittar vi en l\u00f6sning. Vi har allt h\u00f6guppl\u00f6st.<\/p>\n","protected":false},"excerpt":{"rendered":"<p>Ladda ner Portugalagent logotype som PDFLadda ner Portugalagent logotype som EPS Pressrelease 2015-03-05:\u00a0Pressrelease Portugalagent V\u00e5ra fotografier p\u00e5 portugalagent.com De flesta av bilderna \u00e4r tagna av Portugalagent\/Niklas Fors\u00e9n,&nbsp;niklas@portugalagent.comVill du anv\u00e4nda n\u00e5gon av bilderna i eget syfte: H\u00f6r av dig till oss s\u00e5 hittar vi en l\u00f6sning. Vi har allt h\u00f6guppl\u00f6st.<\/p>\n","protected":false},"author":6,"featured_media":0,"parent":38893,"menu_order":3,"comment_status":"closed","ping_status":"closed","template":"layoutSidebar.php","meta":{"om_disable_all_campaigns":false,"_monsterinsights_skip_tracking":false,"_monsterinsights_sitenote_active":false,"_monsterinsights_sitenote_note":"","_monsterinsights_sitenote_category":0},"aioseo_notices":[],"yoast_head":"<!-- This site is optimized with the Yoast SEO plugin v19.10 - https:\/\/yoast.com\/wordpress\/plugins\/seo\/ -->\n<title>Pressmaterial - Portugal Agent<\/title>\n<meta name=\"robots\" content=\"index, follow, max-snippet:-1, max-image-preview:large, max-video-preview:-1\" \/>\n<link rel=\"canonical\" href=\"https:\/\/portugalagent.com\/sv\/kontakta-oss\/pressmaterial\/\" \/>\n<meta property=\"og:locale\" content=\"sv_SE\" \/>\n<meta property=\"og:type\" content=\"article\" \/>\n<meta property=\"og:title\" content=\"Pressmaterial - Portugal Agent\" \/>\n<meta property=\"og:description\" content=\"Ladda ner Portugalagent logotype som PDFLadda ner Portugalagent logotype som EPS Pressrelease 2015-03-05:\u00a0Pressrelease Portugalagent V\u00e5ra fotografier p\u00e5 portugalagent.com De flesta av bilderna \u00e4r tagna av Portugalagent\/Niklas Fors\u00e9n,&nbsp;niklas@portugalagent.comVill du anv\u00e4nda n\u00e5gon av bilderna i eget syfte: H\u00f6r av dig till oss s\u00e5 hittar vi en l\u00f6sning. Vi har allt h\u00f6guppl\u00f6st.\" \/>\n<meta property=\"og:url\" content=\"https:\/\/portugalagent.com\/sv\/kontakta-oss\/pressmaterial\/\" \/>\n<meta property=\"og:site_name\" content=\"Portugal Agent\" \/>\n<meta property=\"article:modified_time\" content=\"2020-03-17T15:25:44+00:00\" \/>\n<meta name=\"twitter:card\" content=\"summary_large_image\" \/>\n<script type=\"application\/ld+json\" class=\"yoast-schema-graph\">{\"@context\":\"https:\/\/schema.org\",\"@graph\":[{\"@type\":\"WebPage\",\"@id\":\"https:\/\/portugalagent.com\/sv\/kontakta-oss\/pressmaterial\/\",\"url\":\"https:\/\/portugalagent.com\/sv\/kontakta-oss\/pressmaterial\/\",\"name\":\"Pressmaterial - Portugal Agent\",\"isPartOf\":{\"@id\":\"https:\/\/portugalagent.com\/sv\/#website\"},\"datePublished\":\"2020-01-17T11:41:03+00:00\",\"dateModified\":\"2020-03-17T15:25:44+00:00\",\"breadcrumb\":{\"@id\":\"https:\/\/portugalagent.com\/sv\/kontakta-oss\/pressmaterial\/#breadcrumb\"},\"inLanguage\":\"sv-SE\",\"potentialAction\":[{\"@type\":\"ReadAction\",\"target\":[\"https:\/\/portugalagent.com\/sv\/kontakta-oss\/pressmaterial\/\"]}]},{\"@type\":\"BreadcrumbList\",\"@id\":\"https:\/\/portugalagent.com\/sv\/kontakta-oss\/pressmaterial\/#breadcrumb\",\"itemListElement\":[{\"@type\":\"ListItem\",\"position\":1,\"name\":\"Home\",\"item\":\"https:\/\/portugalagent.com\/sv\/\"},{\"@type\":\"ListItem\",\"position\":2,\"name\":\"Kontakt\",\"item\":\"https:\/\/portugalagent.com\/sv\/kontakta-oss\/\"},{\"@type\":\"ListItem\",\"position\":3,\"name\":\"Pressmaterial\"}]},{\"@type\":\"WebSite\",\"@id\":\"https:\/\/portugalagent.com\/sv\/#website\",\"url\":\"https:\/\/portugalagent.com\/sv\/\",\"name\":\"Portugal Agent\",\"description\":\"\",\"publisher\":{\"@id\":\"https:\/\/portugalagent.com\/sv\/#organization\"},\"potentialAction\":[{\"@type\":\"SearchAction\",\"target\":{\"@type\":\"EntryPoint\",\"urlTemplate\":\"https:\/\/portugalagent.com\/sv\/?s={search_term_string}\"},\"query-input\":\"required name=search_term_string\"}],\"inLanguage\":\"sv-SE\"},{\"@type\":\"Organization\",\"@id\":\"https:\/\/portugalagent.com\/sv\/#organization\",\"name\":\"Portugal Agent\",\"url\":\"https:\/\/portugalagent.com\/sv\/\",\"logo\":{\"@type\":\"ImageObject\",\"inLanguage\":\"sv-SE\",\"@id\":\"https:\/\/portugalagent.com\/sv\/#\/schema\/logo\/image\/\",\"url\":\"https:\/\/portugalagent.com\/wp-content\/uploads\/2020\/11\/portugalagent.svg\",\"contentUrl\":\"https:\/\/portugalagent.com\/wp-content\/uploads\/2020\/11\/portugalagent.svg\",\"caption\":\"Portugal Agent\"},\"image\":{\"@id\":\"https:\/\/portugalagent.com\/sv\/#\/schema\/logo\/image\/\"}}]}<\/script>\n<!-- \/ Yoast SEO plugin. -->","yoast_head_json":{"title":"Pressmaterial - Portugal Agent","robots":{"index":"index","follow":"follow","max-snippet":"max-snippet:-1","max-image-preview":"max-image-preview:large","max-video-preview":"max-video-preview:-1"},"canonical":"https:\/\/portugalagent.com\/sv\/kontakta-oss\/pressmaterial\/","og_locale":"sv_SE","og_type":"article","og_title":"Pressmaterial - Portugal Agent","og_description":"Ladda ner Portugalagent logotype som PDFLadda ner Portugalagent logotype som EPS Pressrelease 2015-03-05:\u00a0Pressrelease Portugalagent V\u00e5ra fotografier p\u00e5 portugalagent.com De flesta av bilderna \u00e4r tagna av Portugalagent\/Niklas Fors\u00e9n,&nbsp;niklas@portugalagent.comVill du anv\u00e4nda n\u00e5gon av bilderna i eget syfte: H\u00f6r av dig till oss s\u00e5 hittar vi en l\u00f6sning. Vi har allt h\u00f6guppl\u00f6st.","og_url":"https:\/\/portugalagent.com\/sv\/kontakta-oss\/pressmaterial\/","og_site_name":"Portugal Agent","article_modified_time":"2020-03-17T15:25:44+00:00","twitter_card":"summary_large_image","schema":{"@context":"https:\/\/schema.org","@graph":[{"@type":"WebPage","@id":"https:\/\/portugalagent.com\/sv\/kontakta-oss\/pressmaterial\/","url":"https:\/\/portugalagent.com\/sv\/kontakta-oss\/pressmaterial\/","name":"Pressmaterial - Portugal Agent","isPartOf":{"@id":"https:\/\/portugalagent.com\/sv\/#website"},"datePublished":"2020-01-17T11:41:03+00:00","dateModified":"2020-03-17T15:25:44+00:00","breadcrumb":{"@id":"https:\/\/portugalagent.com\/sv\/kontakta-oss\/pressmaterial\/#breadcrumb"},"inLanguage":"sv-SE","potentialAction":[{"@type":"ReadAction","target":["https:\/\/portugalagent.com\/sv\/kontakta-oss\/pressmaterial\/"]}]},{"@type":"BreadcrumbList","@id":"https:\/\/portugalagent.com\/sv\/kontakta-oss\/pressmaterial\/#breadcrumb","itemListElement":[{"@type":"ListItem","position":1,"name":"Home","item":"https:\/\/portugalagent.com\/sv\/"},{"@type":"ListItem","position":2,"name":"Kontakt","item":"https:\/\/portugalagent.com\/sv\/kontakta-oss\/"},{"@type":"ListItem","position":3,"name":"Pressmaterial"}]},{"@type":"WebSite","@id":"https:\/\/portugalagent.com\/sv\/#website","url":"https:\/\/portugalagent.com\/sv\/","name":"Portugal Agent","description":"","publisher":{"@id":"https:\/\/portugalagent.com\/sv\/#organization"},"potentialAction":[{"@type":"SearchAction","target":{"@type":"EntryPoint","urlTemplate":"https:\/\/portugalagent.com\/sv\/?s={search_term_string}"},"query-input":"required name=search_term_string"}],"inLanguage":"sv-SE"},{"@type":"Organization","@id":"https:\/\/portugalagent.com\/sv\/#organization","name":"Portugal Agent","url":"https:\/\/portugalagent.com\/sv\/","logo":{"@type":"ImageObject","inLanguage":"sv-SE","@id":"https:\/\/portugalagent.com\/sv\/#\/schema\/logo\/image\/","url":"https:\/\/portugalagent.com\/wp-content\/uploads\/2020\/11\/portugalagent.svg","contentUrl":"https:\/\/portugalagent.com\/wp-content\/uploads\/2020\/11\/portugalagent.svg","caption":"Portugal Agent"},"image":{"@id":"https:\/\/portugalagent.com\/sv\/#\/schema\/logo\/image\/"}}]}},"_links":{"self":[{"href":"https:\/\/portugalagent.com\/sv\/wp-json\/wp\/v2\/pages\/38901"}],"collection":[{"href":"https:\/\/portugalagent.com\/sv\/wp-json\/wp\/v2\/pages"}],"about":[{"href":"https:\/\/portugalagent.com\/sv\/wp-json\/wp\/v2\/types\/page"}],"author":[{"embeddable":true,"href":"https:\/\/portugalagent.com\/sv\/wp-json\/wp\/v2\/users\/6"}],"replies":[{"embeddable":true,"href":"https:\/\/portugalagent.com\/sv\/wp-json\/wp\/v2\/comments?post=38901"}],"version-history":[{"count":2,"href":"https:\/\/portugalagent.com\/sv\/wp-json\/wp\/v2\/pages\/38901\/revisions"}],"predecessor-version":[{"id":45010,"href":"https:\/\/portugalagent.com\/sv\/wp-json\/wp\/v2\/pages\/38901\/revisions\/45010"}],"up":[{"embeddable":true,"href":"https:\/\/portugalagent.com\/sv\/wp-json\/wp\/v2\/pages\/38893"}],"wp:attachment":[{"href":"https:\/\/portugalagent.com\/sv\/wp-json\/wp\/v2\/media?parent=38901"}],"curies":[{"name":"wp","href":"https:\/\/api.w.org\/{rel}","templated":true}]}}