{"id":38899,"date":"2020-01-17T11:34:29","date_gmt":"2020-01-17T11:34:29","guid":{"rendered":"https:\/\/www.go4digital-web.pt\/dev\/portugalagent\/?page_id=38899"},"modified":"2021-11-11T09:54:46","modified_gmt":"2021-11-11T09:54:46","slug":"portugalagent-the-story","status":"publish","type":"page","link":"https:\/\/portugalagent.com\/sv\/kontakta-oss\/portugalagent-the-story\/","title":{"rendered":"Portugal Agent \u2013 the story"},"content":{"rendered":"\n<h5><strong>Varf\u00f6r hamnade de svenska grundarna till Portugalagent i Nazar\u00e9? Man hade m\u00e5nga funderingar och m\u00e5nga val att g\u00f6ra innan beslutet fattades. T\u00e4nkbara platser att k\u00f6pa boende p\u00e5 var bland andra: Florida, Turkiet, Thailand, Spanien, Kanarie\u00f6arna och Sydafrika men allt kokade ner till Nazar\u00e9 p\u00e5 Silverkusten i Portugal. Varf\u00f6r? H\u00e4r kommer f\u00f6rklaringen!<\/strong><\/h5>\n\n\n\n<p>Ursprungligen skriven h\u00f6sten 2014. Uppdaterad januari 2021.<\/p>\n\n\n\n<p>Grundarna till Portugalagent har b\u00e5da ett f\u00f6rflutet inom vindsurfing och eget f\u00f6retagande. N\u00e4r det g\u00e4ller vindsurfingen t\u00e4vlade Calle Sj\u00f6berg p\u00e5 h\u00f6g niv\u00e5 i World Cup i flera \u00e5r, tidigt 90-tal. Niklas Fors\u00e9n var redakt\u00f6r p\u00e5 den ledande vindsurfingtidningen SurfSport, sedermera, FunSport F\u00f6rlag med tidningar och webbsidor om vindsurfing, snowboard, surfing, mountainbike, skid\u00e5kning och skateboard. <\/p>\n\n\n\n<p>Calles t\u00e4vlande inom vindsurfing och Niklas tidigare journalistiska uppdrag har medf\u00f6rt att duon rest till m\u00e5nga olika str\u00e4nder i m\u00e5nga olika l\u00e4nder i flera v\u00e4rldsdelar. Efter en gemensam vindsurfingresa till Florida i november 2010 d\u00e4r Calle g\u00f6r en comeback (4:e plats!) och Niklas son Folger g\u00f6r debut i VM-sammanhang best\u00e4mde man sig att f\u00f6rs\u00f6ka hitta var sitt hus att k\u00f6pa p\u00e5 samma ort n\u00e4ra n\u00e5gon trevlig strand i n\u00e5got trevligt land.  <\/p>\n\n\n\n<h2>Fr\u00e5n Florida till Portugal eller Spanien<\/h2>\n\n\n\n<p>De b\u00f6rjade leta i Florida men fann Nazar\u00e9 och Portugal! Hur gick det till?<\/p>\n\n\n\n<p>S\u00e5 h\u00e4r gick tankarna: ett sk \u201dsecond home\u201d i ett annat land och som p\u00e5 sikt, eventuellt, ska bli ett f\u00f6rsta boende, allts\u00e5 ett permanentboende, b\u00f6r inte ha den tidsskillnaden som t.ex. Florida eller Thailand inneb\u00e4r. Det b\u00f6r heller inte vara allt f\u00f6r l\u00e5ng flygresa. D\u00e5 blir det om\u00f6jligt med weekendresor. <\/p>\n\n\n\n<p>Nu gick Sydafrika bort som ju inte har tidsomst\u00e4llningen men som \u00e4r mycket l\u00e5ngt att flyga till. Australien och Nya Zeeland g\u00e5r ocks\u00e5 bort av \u201ddubbla\u201d tidssk\u00e4l, tv\u00e5 l\u00e4nder som annars \u00e4r mycket trevliga destinationer. Kvar blev Europa; ingen tidsskillnad att tala om, max en timme och ofta direktflyg med max 4,5 timmars flygtid. Turkiet? Njae, Calle var i Bodrum och gick igenom m\u00e5nga hus d\u00e4r. Lite v\u00e4l l\u00e5ngt till stranden, mycket varmt p\u00e5 sommaren och faktiskt kallt p\u00e5 vintern. Dessutom ett politiskt klimat som inte k\u00e4nns stabilt. Grekland? Instabil ekonomi\u2026<\/p>\n\n\n\n<p>Till slut ratades alla l\u00e4nder som ligger vid Medelhavet av olika sk\u00e4l: ofta mycket h\u00f6gt pris per kvadratmeter om du vill bo havsn\u00e4ra med havsutsikt, f\u00f6r mycket turister p\u00e5 m\u00e5nga platser, f\u00f6r varmt p\u00e5 sommaren, semesterst\u00e4der som kan vara helt tomma p\u00e5 vintern, \u00f6verexploaterat och ingen surfing att tala om. <\/p>\n\n\n\n<p>Kanarie\u00f6arna d\u00e5? D\u00e4r har Calle och Niklas\nvarit flera \u00e5r av sina liv om man sammanfattar alla vindsurfingresor och\nuppdrag p\u00e5 Gran Canaria. Trevliga \u00f6ar och mycket bra vindsurfing,\nvandringsleder, mountainbike och surfing men\u2026 L\u00e5ng flygresa och att \u00e4ga ett\nboende p\u00e5 en \u00f6 k\u00e4nns inte s\u00e5 lockande. Lite inst\u00e4ngt? Dessutom kan man ju\nbefara att flygresor av milj\u00f6sk\u00e4l kan komma att bli v\u00e4ldigt dyra i framtiden.\nD\u00e5 b\u00f6r en fastighet ligga p\u00e5 en plats dit det g\u00e5r bra snabbt\u00e5g och bra bilv\u00e4gar.<\/p>\n\n\n\n<p>Efter allt resonerande blev det bara l\u00e4nder i\nEuropa och som ligger vid Atlanten kvar att v\u00e4lja mellan. Det garanterar\nfr\u00e4scha vatten och ett svalkande hav p\u00e5 sommaren. Vem vill bo i 30 till 40\ngraders v\u00e4rme tv\u00e5, tre m\u00e5nader om \u00e5ret? <\/p>\n\n\n\n<p>F\u00f6r att f\u00e5 lite v\u00e4rme \u00e4ven vintertid ute p\u00e5\nAtlantkusten m\u00e5ste man titta s\u00f6derut. Frankrike ligger p\u00e5 gr\u00e4nsen men \u00e4r dyrare\n\u00e4n Spanien och Portugal och dessutom lite \u201dkr\u00e4vande\u201d. De gillar ju inte\nutb\u00f6lingar som inte talar franska. Nu blev det bara tv\u00e5 l\u00e4nder kvar att v\u00e4lja\nmellan: Spanien och Portugal.<\/p>\n\n\n\n<h2>Spanien eller Portugal?<\/h2>\n\n\n\n<p>Spanien hade duon varit mycket i f\u00f6rr s\u00e5 det landet\nbeh\u00f6vde inte unders\u00f6kas ytterligare. Niklas hade varit ett par g\u00e5nger i\nPortugal tidigare och cyklat mountainbike samt bes\u00f6kt vindsurfingstranden\nGuincho som anses vare en av de b\u00e4ttre spotsen f\u00f6r den sporten i Europa. Calle\nhade aldrig tidigare bes\u00f6kt Portugal.<\/p>\n\n\n\n<p>Kvar att j\u00e4mf\u00f6ra: Portugal och Spanien. Hemma\ni Sverige b\u00f6rjade man l\u00e4sa in sig om Portugal ganska ordentligt under \u00e5r 2011.\nDet var l\u00e4tt att finna ett antal positiva punkter och resonemang som lockade; l\u00e5ga\nfastighetspriser relativt sett, prisutvecklingen sp\u00e5s vara \u00f6kande, mycket\ngynnsamma skatteregler, vacker natur, atlantkusten med vidstr\u00e4ckta str\u00e4nder och\nh\u00f6ga kullar innanf\u00f6r som alltid erbjuder solnedg\u00e5ng i havet! (ej Algarve),\ntrevliga och \u00e4rliga m\u00e4nniskor, intressanta st\u00e4der. Den kulturintresserade har\nmycket att se fr\u00e5n storstad till sm\u00e5stad: kyrkor, kloster, arvet efter\nsj\u00f6fararna, morerna, fiskebyarna, ving\u00e5rdarna och mycket, mycket annat\nintressant. Dessutom mycket sport som: golf, surfing, mountainbike,\nlandsv\u00e4gscykel och vandringsleder och dessutom en liten skidort \u00f6ppen p\u00e5\nvintern. Slutsats: Portugal m\u00e5ste bes\u00f6kas och det ska borras ordentligt i olika\nkustst\u00e4der. Det viktigaste \u00e4r att verkligen gilla l\u00e4get, staden och landet. Om\nallt f\u00e5r godk\u00e4nt \u00e4r det ju dessutom en stor f\u00f6rdel med de gynnsamma\nskattereglerna.<\/p>\n\n\n\n<h2>Uppt\u00e4cktsresa i Portugal<\/h2>\n\n\n\n<p>I februari 2012 f\u00f6retogs en f\u00f6ruts\u00e4ttningsl\u00f6s \u201duppt\u00e4cktsresa\u201d. En hyrbil under n\u00e5gra veckor f\u00f6r att &nbsp;kuska runt till olika st\u00e4der vid havet i syfte att dels hitta \u201dthe spot\u201d och dels p\u00e5 lite sikt f\u00f6rs\u00f6ka hitta tv\u00e5 olika objekt att k\u00f6pa p\u00e5 den platsen. Om inte Spanien skulle vinna f\u00f6rst\u00e5s. <\/p>\n\n\n\n<p>Sagt och gjort. Flyg till Lissabon, hyrbil och ut till Estoril och Cascais. Vackert och trevligt samt n\u00e4ra Lissabon och flygplatsen men f\u00f6r h\u00f6ga fastighetspriser; \u201drena Djursholm\u201d och en sydkust som inte ger solnedg\u00e5ng i havet. <\/p>\n\n\n\n<h2>Silverkusten<\/h2>\n\n\n\n<p>Uppt\u00e4cktsresan gick vidare norrut, en natt i vackra Sintra som \u00e4r ett alternativ om man hoppar \u00f6ver havet, sedan upp utefter Atlantkusten. Ericeira, Peniche och Baleal \u00e4r trevliga surfst\u00e4der &#8211; ungef\u00e4r som riktigt bra skidorter men med surf ist\u00e4llet. Det finns v\u00e5gor f\u00f6r alla; fr\u00e5n nyb\u00f6rjare till proffs.  P\u00e5 den fina golfbanan Praya del Rei strax norr om Peniche blev de inbjuda av en brittisk m\u00e4klare att bo p\u00e5 femstj\u00e4rnigt hotell. Dagen efter blev det visningar av flera fina hus p\u00e5 en golfbana med utsikt \u00f6ver havet. H\u00f6g standard och mycket vackert men, ingen i deras familjer golfar och dessutom vill de helst bo d\u00e4r det finns en levande stad runtomkring. Ett l\u00e4ngre bes\u00f6k i Foz do Arelho samt \u00e4ven i S\u00e3o Martinho do Porto fick pulsen att stiga ytterligare. De hade funnit en mycket intressant del av Silverkusten och Portugal. Fantastiskt hav, fantastisk natur och otrolig utsikt b\u00e5de \u00f6ver havet och inlandet eftersom de stora sandbergen som kustv\u00e4gen g\u00e5r p\u00e5, ligger mycket h\u00f6gt \u00f6ver b\u00e5de inlandet och givetvis \u00f6ver Atlanten. Ok, nu hade man hittat orter som kan passa norr om Lissabon. \u00c4r det n\u00e5gon id\u00e9 att forts\u00e4tta norrut? Tanken \u00e4r ju att hinna se hela Atlantkusten s\u00f6der om Lissabon samt \u00e4ven hela Algarve innan hemresan. Beslut fattas: Tid finns f\u00f6r en stad till. Ut p\u00e5 motorv\u00e4gen och upp till Nazar\u00e9. <\/p>\n\n\n\n<h2>Nazar\u00e9 \u2013 wow!<\/h2>\n\n\n\n<p>Redan i backen ner i stan och mot Marginalen som v\u00e4gen innanf\u00f6r den stora city-beachen kallas, byttes blickar i bilen och n\u00e5gon kl\u00e4mde till med: Wow! Vilken stad och vilken utsikt! Ganska snabbt rekade vi av Nazar\u00e9; bra strand \u2013 check, bra hamn f\u00f6r fritidsb\u00e5tar och fiskeflottan, -check, mysig stadsk\u00e4rna med gr\u00e4nder och restauranger, -check, marknad (typ saluhall) \u2013check, hus till salu med havsutsikt, -check. Dessutom en bergbana till en av de \u00f6vre stadsdelarna Sitio. Bara bergbanan i sig var lockande p\u00e5 n\u00e5got vis. Nu tr\u00e4ffar de en mycket bra m\u00e4klare som serverar en hel palett med f\u00f6rslag p\u00e5 hus och l\u00e4genheter som alla \u00e4r prissatta p\u00e5 ett attraktivt s\u00e4tt. Samtliga objekt med havsutsikt. Eftersom Nazar\u00e9 ligger i en sluttning mot v\u00e4ster och husen l\u00e4ngst bort fr\u00e5n stranden ligger p\u00e5 drygt 100 meters h\u00f6jd \u00f6ver havet m\u00f6jligg\u00f6r det havsutsikter n\u00e4stan \u00f6verallt. Efter en dag och en natt i Nazar\u00e9 k\u00f6r Calle och Niklas s\u00f6derut p\u00e5 \u00e5sen ovanf\u00f6r Salgado och kan bara konstatera att hela omr\u00e5det fr\u00e5n Foz do Arelho i s\u00f6der till Nazar\u00e9 i norr \u00e4r mycket bra och b\u00e4st k\u00e4nns Nazar\u00e9. Men det \u00e4r mycket kvar att se i fina Portugal!<\/p>\n\n\n\n<h2>Sydv\u00e4st och Algarve<\/h2>\n\n\n\n<p>Nu b\u00e4r det vidare mot s\u00f6der d\u00e4r f\u00f6rsta stopp blir Set\u00fabal. En semesterstad med fina str\u00e4nder n\u00e4ra Lissabon. Dock inte riktigt vad man t\u00e4nkt sig. Saknar dessutom den d\u00e4r solnedg\u00e5ngen i havet. Man k\u00f6r vidare till Sines som ligger ungef\u00e4r mitt p\u00e5 kustremsan mellan Lissabon och Sagres d\u00e4r kusten sv\u00e4nger 90 grader och blir en sydkust: Algarve. H\u00e4r finner de inte vad de letar efter. Sines \u00e4r mycket industri och lite surf och fiskeby. N\u00e4sta stopp blir Vila Nova de Milfontes. En trevlig liten stad vid mynningen av floden Mira. Staden ligger i skydd mot havet en bit in i flodmynningen och ger inte den d\u00e4r bed\u00e5rande havsutsikten man letar efter. Ner till Cabo de S\u00e3o Vicente och Sagres. H\u00e4r \u00e4r det bra surfing. Sagres ligger mycket vackert med en sandbukt i sydost och en annan bukt lite mer \u00f6sterut med fina b\u00e5tar, men \u00e5terigen ingen solnedg\u00e5ng i havet p\u00e5 den sidan och ganska \u00f6de i februari. Uppt\u00e4cktsresan g\u00e5r vidare mot \u00f6ster. Lagos, Portim\u00e3o och Albufeira bes\u00f6ks. I mitten av februari \u00e4r tyv\u00e4rr m\u00e5nga restauranger, butiker och hotell st\u00e4ngda d\u00e5 det \u00e4r l\u00e5gs\u00e4song. Syftet med att resa just i februari var att de ville ha svar p\u00e5 fr\u00e5gan om staden levde \u00e5ret om, vilket var ett av grundkraven f\u00f6r att skaffa ett boende utomlands. Vem vill resa till en tom och avfolkad stad? Resan forts\u00e4tter ytterligare \u00f6sterut med bes\u00f6k i Tavira, Vila Nova de Cacela och Vila Real de Santo Antonio vid spanska gr\u00e4nsen. <\/p>\n\n\n\n<h2>Portugal vann \u00f6verl\u00e4gset<\/h2>\n\n\n\n<p>Nu har duon allts\u00e5 sett delar av Portugals kustst\u00e4der fr\u00e5n Nazar\u00e9 i norr via Sagres i sydv\u00e4st och \u00e4nda till spanska gr\u00e4nsen i \u00f6ster. Nu finns det mycket att j\u00e4mf\u00f6ra Spanien med!<\/p>\n\n\n\n<p>Redan p\u00e5 flyget hem vann Portugal \u00f6ver Spanien. Det \u00e4r enklare m\u00e4nniskor i Portugal, de talar engelska, \u00e4r mycket \u00e4rliga och dessutom \u00e4r det mesta billigare i Portugal j\u00e4mf\u00f6rt med Spanien. J\u00e4mf\u00f6r man med Sverige blir det givetvis \u00e4nnu st\u00f6rre skillnad. Vid senare m\u00f6ten hemma i Sverige sammanfattades Portugal ungef\u00e4r s\u00e5 h\u00e4r:<\/p>\n\n\n\n<p>Algarve \u00e4r vackert och har lite h\u00f6gre temperatur \u00e5ret om j\u00e4mf\u00f6rt med Silverkusten men i februari upplevdes vissa st\u00e4der som d\u00f6da. Dessutom \u00e4r solandet och badandet inte huvudsyftet med ett andra boende utomlands, utan mer aktiviteter, natur, kultur och sport. V\u00e4stkusten s\u00f6der om Lissabon upplevdes inte lika sp\u00e4nnande och vacker som Silverkusten och den vackra, ganska korta kustremsan fr\u00e5n Cascais i v\u00e4ster till Lissabon i \u00f6ster blir het enkelt f\u00f6r dyr om man ska bo havsn\u00e4ra med havsutsikt. Favoriten \u00e4r str\u00e4ckan mellan Foz do Arelho och Nazar\u00e9 d\u00e4r Nazar\u00e9 var en v\u00e4l bevarad hemlighet innan Calle och Niklas \u00e5kte ned f\u00f6r backen och f\u00f6ll pladask.<\/p>\n\n\n\n<p>Efter  februari 2011 har f\u00f6ljande h\u00e4nt: Det gjordes flera olika resor p\u00e5 olika \u00e5rstider till omr\u00e5det. M\u00e4klare i b\u00e5de Foz do Arelho och Nazar\u00e9 anlitades f\u00f6r att leta fram flera bra objekt. I Nazar\u00e9 fanns det m\u00e5nga bra alternativ och efter ytterligare n\u00e5gra resor till Portugal k\u00f6pte Calle en tomt att bygga p\u00e5 i Sitio da Nazar\u00e9 och Niklas ett parhus p\u00e5 samma plats under h\u00f6sten 2013. Calle har dessutom f\u00f6rv\u00e4rvat ett fint radhus i Sitio da Nazar\u00e9 under h\u00f6sten 2014. <\/p>\n\n\n\n<h2>Varf\u00f6r Portugalagent och senare \u00e4ven Imo Nazar\u00e9?<\/h2>\n\n\n\n<p>Som egna f\u00f6retagare med bakgrund i fastighetsbranschen och f\u00f6rs\u00e4ljning (Calle) samt b\u00e5tm\u00e4kleri,\u00a0 webb- och tidningsf\u00f6rlag (Niklas) var det ganska naturligt att bilda ett gemensamt aktiebolag, Portugalagent Sverige AB, med syfte att locka fler till Nazar\u00e9 med omnejd. Under vintern 14\/15 hade Portugalagent ett stort f\u00f6rtroende f\u00f6r, och ett mycket bra samarbete med, tv\u00e5 duktiga lokala fastighetsm\u00e4klare p\u00e5 plats i Nazar\u00e9. Redan under v\u00e5ren 2015 blev det m\u00f6jligt att tillsammans bilda det lokala fastighetsm\u00e4kleriet Imo Nazar\u00e9 p\u00e5 Silverkusten i Portugal. D\u00f6rrarna slogs upp p\u00e5 valborgsm\u00e4ssoaftonen 2015.<\/p>\n\n\n\n<p>Aff\u00e4rsid\u00e9n \u00e4r att hj\u00e4lpa till vid k\u00f6p och\nf\u00f6rs\u00e4ljning av bostad p\u00e5 Silverkusten och i Nazar\u00e9 med allt fr\u00e5n enkel\nr\u00e5dgivning till hela processen att f\u00f6rv\u00e4rva\/s\u00e4lja en fastighet i Portugal. Till\nPortugalagents hj\u00e4lp finns ocks\u00e5 ett bra n\u00e4tverk med konsulter och skatter\u00e5dgivare\nb\u00e5de i Sverige och i Portugal. <\/p>\n\n\n\n<p>Redan under 2015 k\u00f6pte Kari och Niklas Fors\u00e9n upp Calles del i Portugalagent och 2017 flyttade de fr\u00e5n Sverige till Nazar\u00e9. <\/p>\n\n\n\n<h2>Portugalagent 2021<\/h2>\n\n\n\n<p>I november 2020, efter n\u00e4stan sex \u00e5rs sam\u00e4gande, s\u00e5lde Portugalagent sin andel i det lokala m\u00e4kleriet. From h\u00f6sten 2021 \u00e4r Portugalagent helt frist\u00e5ende. Vi har n\u00e4ra samarbeten med utvalda lokala m\u00e4klare och byggf\u00f6retag fr\u00e5n Penicheomr\u00e5det i s\u00f6der och upp till Nazar\u00e9 med omnejd. Fr\u00e5n december 2021 satsar vi ocks\u00e5 p\u00e5 en ny kundbas &#8211; tysktalande. Detta tack vare v\u00e5r medarbetare Torsten som har bott m\u00e5nga \u00e5r i Tyskland och talar spr\u00e5ket flytande (samt \u00e4ven svenska). <\/p>\n\n\n\n<p>De fyra nyckelpersonerna i samarbetet \u00e4r nu: Kari Fors\u00e9n, Niklas Fors\u00e9n och Torsten Henke.<\/p>\n\n\n\n<p><strong><em>V\u00e4lkommen till Silverkusten \u2013 Portugals p\u00e4rla!<\/em><\/strong><\/p>\n","protected":false},"excerpt":{"rendered":"<p>Varf\u00f6r hamnade de svenska grundarna till Portugalagent i Nazar\u00e9? Man hade m\u00e5nga funderingar och m\u00e5nga val att g\u00f6ra innan beslutet fattades. T\u00e4nkbara platser att k\u00f6pa boende p\u00e5 var bland andra: Florida, Turkiet, Thailand, Spanien, Kanarie\u00f6arna och Sydafrika men allt kokade ner till Nazar\u00e9 p\u00e5 Silverkusten i Portugal. Varf\u00f6r? H\u00e4r kommer f\u00f6rklaringen! Ursprungligen skriven h\u00f6sten 2014. [&hellip;]<\/p>\n","protected":false},"author":2,"featured_media":0,"parent":38893,"menu_order":2,"comment_status":"closed","ping_status":"closed","template":"layoutSidebar.php","meta":{"om_disable_all_campaigns":false,"_monsterinsights_skip_tracking":false,"_monsterinsights_sitenote_active":false,"_monsterinsights_sitenote_note":"","_monsterinsights_sitenote_category":0},"aioseo_notices":[],"yoast_head":"<!-- This site is optimized with the Yoast SEO plugin v19.10 - https:\/\/yoast.com\/wordpress\/plugins\/seo\/ -->\n<title>Portugal Agent \u2013 the story - Portugal Agent<\/title>\n<meta name=\"robots\" content=\"index, follow, max-snippet:-1, max-image-preview:large, max-video-preview:-1\" \/>\n<link rel=\"canonical\" href=\"https:\/\/portugalagent.com\/sv\/kontakta-oss\/portugalagent-the-story\/\" \/>\n<meta property=\"og:locale\" content=\"sv_SE\" \/>\n<meta property=\"og:type\" content=\"article\" \/>\n<meta property=\"og:title\" content=\"Portugal Agent \u2013 the story - Portugal Agent\" \/>\n<meta property=\"og:description\" content=\"Varf\u00f6r hamnade de svenska grundarna till Portugalagent i Nazar\u00e9? Man hade m\u00e5nga funderingar och m\u00e5nga val att g\u00f6ra innan beslutet fattades. T\u00e4nkbara platser att k\u00f6pa boende p\u00e5 var bland andra: Florida, Turkiet, Thailand, Spanien, Kanarie\u00f6arna och Sydafrika men allt kokade ner till Nazar\u00e9 p\u00e5 Silverkusten i Portugal. Varf\u00f6r? H\u00e4r kommer f\u00f6rklaringen! Ursprungligen skriven h\u00f6sten 2014. [&hellip;]\" \/>\n<meta property=\"og:url\" content=\"https:\/\/portugalagent.com\/sv\/kontakta-oss\/portugalagent-the-story\/\" \/>\n<meta property=\"og:site_name\" content=\"Portugal Agent\" \/>\n<meta property=\"article:modified_time\" content=\"2021-11-11T09:54:46+00:00\" \/>\n<meta name=\"twitter:card\" content=\"summary_large_image\" \/>\n<meta name=\"twitter:label1\" content=\"Ber\u00e4knad l\u00e4stid\" \/>\n\t<meta name=\"twitter:data1\" content=\"9 minuter\" \/>\n<script type=\"application\/ld+json\" class=\"yoast-schema-graph\">{\"@context\":\"https:\/\/schema.org\",\"@graph\":[{\"@type\":\"WebPage\",\"@id\":\"https:\/\/portugalagent.com\/sv\/kontakta-oss\/portugalagent-the-story\/\",\"url\":\"https:\/\/portugalagent.com\/sv\/kontakta-oss\/portugalagent-the-story\/\",\"name\":\"Portugal Agent \u2013 the story - Portugal Agent\",\"isPartOf\":{\"@id\":\"https:\/\/portugalagent.com\/sv\/#website\"},\"datePublished\":\"2020-01-17T11:34:29+00:00\",\"dateModified\":\"2021-11-11T09:54:46+00:00\",\"breadcrumb\":{\"@id\":\"https:\/\/portugalagent.com\/sv\/kontakta-oss\/portugalagent-the-story\/#breadcrumb\"},\"inLanguage\":\"sv-SE\",\"potentialAction\":[{\"@type\":\"ReadAction\",\"target\":[\"https:\/\/portugalagent.com\/sv\/kontakta-oss\/portugalagent-the-story\/\"]}]},{\"@type\":\"BreadcrumbList\",\"@id\":\"https:\/\/portugalagent.com\/sv\/kontakta-oss\/portugalagent-the-story\/#breadcrumb\",\"itemListElement\":[{\"@type\":\"ListItem\",\"position\":1,\"name\":\"Home\",\"item\":\"https:\/\/portugalagent.com\/sv\/\"},{\"@type\":\"ListItem\",\"position\":2,\"name\":\"Kontakt\",\"item\":\"https:\/\/portugalagent.com\/sv\/kontakta-oss\/\"},{\"@type\":\"ListItem\",\"position\":3,\"name\":\"Portugal Agent \u2013 the story\"}]},{\"@type\":\"WebSite\",\"@id\":\"https:\/\/portugalagent.com\/sv\/#website\",\"url\":\"https:\/\/portugalagent.com\/sv\/\",\"name\":\"Portugal Agent\",\"description\":\"\",\"publisher\":{\"@id\":\"https:\/\/portugalagent.com\/sv\/#organization\"},\"potentialAction\":[{\"@type\":\"SearchAction\",\"target\":{\"@type\":\"EntryPoint\",\"urlTemplate\":\"https:\/\/portugalagent.com\/sv\/?s={search_term_string}\"},\"query-input\":\"required name=search_term_string\"}],\"inLanguage\":\"sv-SE\"},{\"@type\":\"Organization\",\"@id\":\"https:\/\/portugalagent.com\/sv\/#organization\",\"name\":\"Portugal Agent\",\"url\":\"https:\/\/portugalagent.com\/sv\/\",\"logo\":{\"@type\":\"ImageObject\",\"inLanguage\":\"sv-SE\",\"@id\":\"https:\/\/portugalagent.com\/sv\/#\/schema\/logo\/image\/\",\"url\":\"https:\/\/portugalagent.com\/wp-content\/uploads\/2020\/11\/portugalagent.svg\",\"contentUrl\":\"https:\/\/portugalagent.com\/wp-content\/uploads\/2020\/11\/portugalagent.svg\",\"caption\":\"Portugal Agent\"},\"image\":{\"@id\":\"https:\/\/portugalagent.com\/sv\/#\/schema\/logo\/image\/\"}}]}<\/script>\n<!-- \/ Yoast SEO plugin. -->","yoast_head_json":{"title":"Portugal Agent \u2013 the story - Portugal Agent","robots":{"index":"index","follow":"follow","max-snippet":"max-snippet:-1","max-image-preview":"max-image-preview:large","max-video-preview":"max-video-preview:-1"},"canonical":"https:\/\/portugalagent.com\/sv\/kontakta-oss\/portugalagent-the-story\/","og_locale":"sv_SE","og_type":"article","og_title":"Portugal Agent \u2013 the story - Portugal Agent","og_description":"Varf\u00f6r hamnade de svenska grundarna till Portugalagent i Nazar\u00e9? Man hade m\u00e5nga funderingar och m\u00e5nga val att g\u00f6ra innan beslutet fattades. T\u00e4nkbara platser att k\u00f6pa boende p\u00e5 var bland andra: Florida, Turkiet, Thailand, Spanien, Kanarie\u00f6arna och Sydafrika men allt kokade ner till Nazar\u00e9 p\u00e5 Silverkusten i Portugal. Varf\u00f6r? H\u00e4r kommer f\u00f6rklaringen! Ursprungligen skriven h\u00f6sten 2014. [&hellip;]","og_url":"https:\/\/portugalagent.com\/sv\/kontakta-oss\/portugalagent-the-story\/","og_site_name":"Portugal Agent","article_modified_time":"2021-11-11T09:54:46+00:00","twitter_card":"summary_large_image","twitter_misc":{"Ber\u00e4knad l\u00e4stid":"9 minuter"},"schema":{"@context":"https:\/\/schema.org","@graph":[{"@type":"WebPage","@id":"https:\/\/portugalagent.com\/sv\/kontakta-oss\/portugalagent-the-story\/","url":"https:\/\/portugalagent.com\/sv\/kontakta-oss\/portugalagent-the-story\/","name":"Portugal Agent \u2013 the story - Portugal Agent","isPartOf":{"@id":"https:\/\/portugalagent.com\/sv\/#website"},"datePublished":"2020-01-17T11:34:29+00:00","dateModified":"2021-11-11T09:54:46+00:00","breadcrumb":{"@id":"https:\/\/portugalagent.com\/sv\/kontakta-oss\/portugalagent-the-story\/#breadcrumb"},"inLanguage":"sv-SE","potentialAction":[{"@type":"ReadAction","target":["https:\/\/portugalagent.com\/sv\/kontakta-oss\/portugalagent-the-story\/"]}]},{"@type":"BreadcrumbList","@id":"https:\/\/portugalagent.com\/sv\/kontakta-oss\/portugalagent-the-story\/#breadcrumb","itemListElement":[{"@type":"ListItem","position":1,"name":"Home","item":"https:\/\/portugalagent.com\/sv\/"},{"@type":"ListItem","position":2,"name":"Kontakt","item":"https:\/\/portugalagent.com\/sv\/kontakta-oss\/"},{"@type":"ListItem","position":3,"name":"Portugal Agent \u2013 the story"}]},{"@type":"WebSite","@id":"https:\/\/portugalagent.com\/sv\/#website","url":"https:\/\/portugalagent.com\/sv\/","name":"Portugal Agent","description":"","publisher":{"@id":"https:\/\/portugalagent.com\/sv\/#organization"},"potentialAction":[{"@type":"SearchAction","target":{"@type":"EntryPoint","urlTemplate":"https:\/\/portugalagent.com\/sv\/?s={search_term_string}"},"query-input":"required name=search_term_string"}],"inLanguage":"sv-SE"},{"@type":"Organization","@id":"https:\/\/portugalagent.com\/sv\/#organization","name":"Portugal Agent","url":"https:\/\/portugalagent.com\/sv\/","logo":{"@type":"ImageObject","inLanguage":"sv-SE","@id":"https:\/\/portugalagent.com\/sv\/#\/schema\/logo\/image\/","url":"https:\/\/portugalagent.com\/wp-content\/uploads\/2020\/11\/portugalagent.svg","contentUrl":"https:\/\/portugalagent.com\/wp-content\/uploads\/2020\/11\/portugalagent.svg","caption":"Portugal Agent"},"image":{"@id":"https:\/\/portugalagent.com\/sv\/#\/schema\/logo\/image\/"}}]}},"_links":{"self":[{"href":"https:\/\/portugalagent.com\/sv\/wp-json\/wp\/v2\/pages\/38899"}],"collection":[{"href":"https:\/\/portugalagent.com\/sv\/wp-json\/wp\/v2\/pages"}],"about":[{"href":"https:\/\/portugalagent.com\/sv\/wp-json\/wp\/v2\/types\/page"}],"author":[{"embeddable":true,"href":"https:\/\/portugalagent.com\/sv\/wp-json\/wp\/v2\/users\/2"}],"replies":[{"embeddable":true,"href":"https:\/\/portugalagent.com\/sv\/wp-json\/wp\/v2\/comments?post=38899"}],"version-history":[{"count":5,"href":"https:\/\/portugalagent.com\/sv\/wp-json\/wp\/v2\/pages\/38899\/revisions"}],"predecessor-version":[{"id":62576,"href":"https:\/\/portugalagent.com\/sv\/wp-json\/wp\/v2\/pages\/38899\/revisions\/62576"}],"up":[{"embeddable":true,"href":"https:\/\/portugalagent.com\/sv\/wp-json\/wp\/v2\/pages\/38893"}],"wp:attachment":[{"href":"https:\/\/portugalagent.com\/sv\/wp-json\/wp\/v2\/media?parent=38899"}],"curies":[{"name":"wp","href":"https:\/\/api.w.org\/{rel}","templated":true}]}}