{"id":38897,"date":"2020-01-17T11:30:28","date_gmt":"2020-01-17T11:30:28","guid":{"rendered":"https:\/\/www.go4digital-web.pt\/dev\/portugalagent\/?page_id=38897"},"modified":"2020-01-28T10:18:05","modified_gmt":"2020-01-28T10:18:05","slug":"portugalagents-lankar","status":"publish","type":"page","link":"https:\/\/portugalagent.com\/sv\/kontakta-oss\/portugalagents-lankar\/","title":{"rendered":"Portugalagents l\u00e4nkar"},"content":{"rendered":"\n<p>H\u00e4r finner du m\u00e5nga bra l\u00e4nkar till olika webbsidor som handlar om Portugal i ett lite bredare perspektiv; resor, boende, aktiviteter, kultur, turism, surfing, golf, cykling, upplevelser m m. Allt samlat under olika rubriker som presenteras i bokstavsordning.<br>Vi kommer kontinuerligt att datera upp l\u00e4nkarna samt l\u00e4gga till nya. Tipsa oss g\u00e4rna med fler bra webbsidor genom att l\u00e4gga en l\u00e4nk i ett mejl och skicka till&nbsp;<a href=\"mailto:info@portualagent.com\">info@portualagent.com<\/a><\/p>\n\n\n\n<p>L\u00e5t Portugalagent blir ditt f\u00f6nster till Portugal!<\/p>\n\n\n\n<p><strong>Att resa samt transfers<br><\/strong>Buss:&nbsp;<a href=\"http:\/\/www.rede-expressos.pt\/\">http:\/\/www.rede-expressos.pt\/<br><\/a>T\u00e5g:&nbsp;<a href=\"http:\/\/www.cp.pt\/passengers\/en\/\">http:\/\/www.cp.pt\/passengers\/en\/<br><\/a>Tunnelbanan i Lissabon:&nbsp;<a href=\"http:\/\/www.metrolisboa.pt\/\">http:\/\/www.metrolisboa.pt\/<br><\/a>Flyg: Vi rekommenderar&nbsp;<a href=\"http:\/\/www.flygresor.se\/\">www.flygresor.se<\/a>&nbsp;f\u00f6r en samlad bild \u00f6ver utbudet. Annars&nbsp;<a href=\"http:\/\/www.flytap.com\/\">www.flytap.com<\/a><\/p>\n\n\n\n<p><strong>Hyra eller hyra ut bostad i Portugal<br><\/strong><a href=\"http:\/\/www.ownersdirect.co.uk\/portugal.htm\">http:\/\/www.ownersdirect.co.uk\/portugal.htm<br><\/a>Brittisk webbsida. Engelsm\u00e4nnen k\u00e4nner redan till Nazar\u00e9 och bokar i god tid till bra betalning.<br>Annars: Portugalagent.<\/p>\n\n\n\n<p><strong>Nazar\u00e9<br><\/strong><a href=\"http:\/\/www.cm-nazare.pt\/HOME\/Home.aspx\">http:\/\/www.cm-nazare.pt\/HOME\/Home.aspx<br><\/a><a href=\"https:\/\/www.facebook.com\/cmnazare\">https:\/\/www.facebook.com\/cmnazare<br><\/a><a href=\"http:\/\/www.travel-in-portugal.com\/nazare\">http:\/\/www.travel-in-portugal.com\/nazare<br><\/a><a href=\"http:\/\/www.theguardian.com\/travel\/2014\/oct\/19\/garrett-mcnamara-surfing-nazare-portugal\">http:\/\/www.theguardian.com\/travel\/2014\/oct\/19\/garrett-mcnamara-surfing-nazare-portugal<br><\/a><a href=\"https:\/\/www.facebook.com\/portugalagent?ref=hl\">https:\/\/www.facebook.com\/portugalagent?ref=hl<\/a><\/p>\n\n\n\n<p><strong>Badet<\/strong><br><a href=\"http:\/\/www.cm-nazare.pt\/custompages\/showpage.aspx?pageid=57589a7f-d133-498b-946d-6ac0f308c7cc&amp;m=c9\">http:\/\/www.cm-nazare.pt\/custompages\/showpage.aspx?pageid=57589a7f-d133-498b-946d-6ac0f308c7cc&amp;m=c9<br><\/a><a href=\"http:\/\/praiadonorte.com.pt\/\">http:\/\/praiadonorte.com.pt\/<\/a><\/p>\n\n\n\n<p><strong>Nazar\u00e9 med omgivningar<br><\/strong>Paredes \u2013 bra strand, ca 11 km norr om Sitio<br><a href=\"http:\/\/www.paredesdavitoria.com\/\">www.paredesdavitoria.com\/<br><\/a><a href=\"http:\/\/paredes-surfschool.blogspot.se\/\">http:\/\/paredes-surfschool.blogspot.se\/<\/a><\/p>\n\n\n\n<p><strong>Silverkusten<br><\/strong><a href=\"http:\/\/www.gatereport.se\/det-ljuva-livet-pa-den-hemliga-kusten\/222\">http:\/\/www.gatereport.se\/det-ljuva-livet-pa-den-hemliga-kusten\/222<br><\/a><a href=\"http:\/\/www.cenario-oeste.com\/\">www.cenario-oeste.com<br><\/a><a href=\"http:\/\/www.silvercoastlife.com\/\">www.silvercoastlife.com\/<br><\/a><a href=\"http:\/\/www.aplaceinthesun.com\/news\/feature\/tabid\/131\/EntryId\/2304\/Algarve-vs-Silver-Coast.aspx\">http:\/\/www.aplaceinthesun.com\/news\/feature\/tabid\/131\/EntryId\/2304\/Algarve-vs-Silver-Coast.aspx<br><\/a><a href=\"http:\/\/www.portugalvirtual.pt\/_tourism\/costadeprata\/\">http:\/\/www.portugalvirtual.pt\/_tourism\/costadeprata\/<br><\/a><a href=\"http:\/\/silver-coast-casadolago.blogspot.se\/\">http:\/\/silver-coast-casadolago.blogspot.se\/<br><\/a><a href=\"http:\/\/www.aplaceinthesun.com\/news\/feature\/tabid\/131\/EntryId\/2304\/Algarve-vs-Silver-Coast.aspx\">http:\/\/www.aplaceinthesun.com\/news\/feature\/tabid\/131\/EntryId\/2304\/Algarve-vs-Silver-Coast.aspx<\/a><\/p>\n\n\n\n<p><strong>Portugal i allm\u00e4nhet<br><\/strong><a href=\"http:\/\/www.visitportugal.com\/\">www.visitportugal.com<br><\/a><a href=\"https:\/\/www.facebook.com\/Visitportugal\">https:\/\/www.facebook.com\/Visitportugal<br><\/a><a href=\"http:\/\/www.portugalvirtual.pt\/\">http:\/\/www.portugalvirtual.pt\/<br><\/a><a href=\"http:\/\/livinginportugal.com\/en\/\">http:\/\/livinginportugal.com\/en\/<\/a>&nbsp;&nbsp; &nbsp;&nbsp;&nbsp;&nbsp;&nbsp;&nbsp;&nbsp;&nbsp;&nbsp;&nbsp;&nbsp;&nbsp; Viktig!<\/p>\n\n\n\n<p><strong>Surfing<br><\/strong><a href=\"http:\/\/surferslodgepeniche.com\/\">http:\/\/surferslodgepeniche.com\/<br>http:\/\/surf4-you.com\/<br><\/a><a href=\"https:\/\/www.facebook.com\/pages\/Garrett-McNamara\/163839373642847\">https:\/\/www.facebook.com\/pages\/Garrett-McNamara\/163839373642847<\/a><\/p>\n\n\n\n<p><strong>Pension och Skatteregler<br><\/strong><a href=\"https:\/\/pensioneringiportugal.com\/\">https:\/\/pensioneringiportugal.com\/&nbsp;<\/a><a href=\"http:\/\/www.utland.info\/artiklar\/portugal\">www.utland.info\/artiklar\/portugal<br><\/a><a href=\"http:\/\/www.sparsamskatt.se\/lander\/Portugal\">www.sparsamskatt.se\/lander\/Portugal<br><\/a><a href=\"http:\/\/www.utland.info\/artiklar\/portugal-%E2%80%93-skattemassigt-det-basta-landet-att-flytta-till-efter-pensioneringen\/\">http:\/\/www.utland.info\/artiklar\/portugal-%E2%80%93-skattemassigt-det-basta-landet-att-flytta-till-efter-pensioneringen\/<br><\/a><a href=\"http:\/\/www.utland.info\/\">http:\/\/www.utland.info\/<\/a><\/p>\n\n\n\n<p><strong>Vin och vinresor<br><\/strong><a href=\"http:\/\/www.dinvinresa.se\/porto-douro-8-dagar\/\">http:\/\/www.dinvinresa.se\/porto-douro-8-dagar\/<br><\/a><a href=\"http:\/\/www.pipadouro.pt\/\">http:\/\/www.pipadouro.pt\/<br><\/a><a href=\"http:\/\/www.vinetsvarld.se\/\">http:\/\/www.vinetsvarld.se\/<br><\/a><a href=\"http:\/\/www.winesofportugal.com\/se\/\">http:\/\/www.winesofportugal.com\/se\/<br><\/a><a href=\"http:\/\/www.winesofportugal.info\/\">http:\/\/www.winesofportugal.info\/<br><\/a><a href=\"http:\/\/www.winetourismportugal.com\/en\/\">http:\/\/www.winetourismportugal.com\/en\/<br><\/a><a href=\"http:\/\/www.viniportugal.pt\/en\/HomePage\">http:\/\/www.viniportugal.pt\/en\/HomePage<\/a><\/p>\n\n\n\n<p><strong>\u00d6vrigt<br><\/strong><a href=\"https:\/\/www.facebook.com\/PortugalFriends\">https:\/\/www.facebook.com\/PortugalFriends<br><\/a><a href=\"https:\/\/www.landguiden.se\/Lander\/Europa\/Portugal\/\">https:\/\/www.landguiden.se\/Lander\/Europa\/Portugal\/<\/a><br><a href=\"http:\/\/www.airbnb.se\/\">www.airbnb.se\/<br><\/a><a href=\"http:\/\/svenskiportugal.blogspot.se\/p\/om-oss.html\">http:\/\/svenskiportugal.blogspot.se\/p\/om-oss.html<br><\/a><a href=\"http:\/\/vivaldeportugal.se\/karta.html\">http:\/\/vivaldeportugal.se\/karta.html<br><\/a><a href=\"http:\/\/thegoodliving.blogspot.se\/search?updated-min=2014-01-01T00:00:00%2B01:00&amp;updated-max=2015-01-01T00:00:00%2B01:00&amp;max-results=30\">http:\/\/thegoodliving.blogspot.se\/search?updated-min=2014-01-01T00:00:00%2B01:00&amp;updated-max=2015-01-01T00:00:00%2B01:00&amp;max-results=30<br><\/a><a href=\"https:\/\/www.facebook.com\/AllyouneedisPORTUGAL\">https:\/\/www.facebook.com\/AllyouneedisPORTUGAL<\/a><\/p>\n\n\n\n<p><strong>Mountainbike<br><\/strong><a href=\"https:\/\/www.facebook.com\/CentrosdeBTT\">https:\/\/www.facebook.com\/CentrosdeBTT<br><\/a><a href=\"http:\/\/www.waymarking.com\/waymarks\/WMFJKH_Pia_do_Urso_Trail_Portugal\">http:\/\/www.waymarking.com\/waymarks\/WMFJKH_Pia_do_Urso_Trail_Portugal<br><\/a><a href=\"http:\/\/centrosdebtt.pt\/index.php?r=centrobtt\/view&amp;id=1\">http:\/\/centrosdebtt.pt\/index.php?r=centrobtt\/view&amp;id=1<\/a>&nbsp;Centros de BTT i Pia do Urso&nbsp;i Nazare<br><a href=\"http:\/\/www.adventurebyyou.pt\/contactos.html\">http:\/\/www.adventurebyyou.pt\/contactos.html<br><\/a><\/p>\n\n\n\n<p><strong>Resebyr\u00e5er<br><\/strong><a href=\"http:\/\/www.favoritresor.se\/Om-foretaget\/\">http:\/\/www.favoritresor.se\/Om-foretaget\/<\/a><\/p>\n\n\n\n<p><strong>Bilar, flyttsaksfordon m m<br><\/strong><a href=\"http:\/\/europa.eu\/youreurope\/citizens\/vehicles\/registration\/taxes\/index_sv.htm\">http:\/\/europa.eu\/youreurope\/citizens\/vehicles\/registration\/taxes\/index_sv.htm<br><\/a><a href=\"http:\/\/www.irn.mj.pt\/IRN\/sections\/inicio\">http:\/\/www.irn.mj.pt\/IRN\/sections\/inicio<\/a><\/p>\n","protected":false},"excerpt":{"rendered":"<p>H\u00e4r finner du m\u00e5nga bra l\u00e4nkar till olika webbsidor som handlar om Portugal i ett lite bredare perspektiv; resor, boende, aktiviteter, kultur, turism, surfing, golf, cykling, upplevelser m m. Allt samlat under olika rubriker som presenteras i bokstavsordning.Vi kommer kontinuerligt att datera upp l\u00e4nkarna samt l\u00e4gga till nya. Tipsa oss g\u00e4rna med fler bra webbsidor [&hellip;]<\/p>\n","protected":false},"author":6,"featured_media":0,"parent":38893,"menu_order":4,"comment_status":"closed","ping_status":"closed","template":"layoutSidebar.php","meta":{"om_disable_all_campaigns":false,"_monsterinsights_skip_tracking":false,"_monsterinsights_sitenote_active":false,"_monsterinsights_sitenote_note":"","_monsterinsights_sitenote_category":0},"aioseo_notices":[],"yoast_head":"<!-- This site is optimized with the Yoast SEO plugin v19.10 - https:\/\/yoast.com\/wordpress\/plugins\/seo\/ -->\n<title>Portugalagents l\u00e4nkar - Portugal Agent<\/title>\n<meta name=\"robots\" content=\"index, follow, max-snippet:-1, max-image-preview:large, max-video-preview:-1\" \/>\n<link rel=\"canonical\" href=\"https:\/\/portugalagent.com\/sv\/kontakta-oss\/portugalagents-lankar\/\" \/>\n<meta property=\"og:locale\" content=\"sv_SE\" \/>\n<meta property=\"og:type\" content=\"article\" \/>\n<meta property=\"og:title\" content=\"Portugalagents l\u00e4nkar - Portugal Agent\" \/>\n<meta property=\"og:description\" content=\"H\u00e4r finner du m\u00e5nga bra l\u00e4nkar till olika webbsidor som handlar om Portugal i ett lite bredare perspektiv; resor, boende, aktiviteter, kultur, turism, surfing, golf, cykling, upplevelser m m. Allt samlat under olika rubriker som presenteras i bokstavsordning.Vi kommer kontinuerligt att datera upp l\u00e4nkarna samt l\u00e4gga till nya. Tipsa oss g\u00e4rna med fler bra webbsidor [&hellip;]\" \/>\n<meta property=\"og:url\" content=\"https:\/\/portugalagent.com\/sv\/kontakta-oss\/portugalagents-lankar\/\" \/>\n<meta property=\"og:site_name\" content=\"Portugal Agent\" \/>\n<meta property=\"article:modified_time\" content=\"2020-01-28T10:18:05+00:00\" \/>\n<meta name=\"twitter:card\" content=\"summary_large_image\" \/>\n<meta name=\"twitter:label1\" content=\"Ber\u00e4knad l\u00e4stid\" \/>\n\t<meta name=\"twitter:data1\" content=\"2 minuter\" \/>\n<script type=\"application\/ld+json\" class=\"yoast-schema-graph\">{\"@context\":\"https:\/\/schema.org\",\"@graph\":[{\"@type\":\"WebPage\",\"@id\":\"https:\/\/portugalagent.com\/sv\/kontakta-oss\/portugalagents-lankar\/\",\"url\":\"https:\/\/portugalagent.com\/sv\/kontakta-oss\/portugalagents-lankar\/\",\"name\":\"Portugalagents l\u00e4nkar - Portugal Agent\",\"isPartOf\":{\"@id\":\"https:\/\/portugalagent.com\/sv\/#website\"},\"datePublished\":\"2020-01-17T11:30:28+00:00\",\"dateModified\":\"2020-01-28T10:18:05+00:00\",\"breadcrumb\":{\"@id\":\"https:\/\/portugalagent.com\/sv\/kontakta-oss\/portugalagents-lankar\/#breadcrumb\"},\"inLanguage\":\"sv-SE\",\"potentialAction\":[{\"@type\":\"ReadAction\",\"target\":[\"https:\/\/portugalagent.com\/sv\/kontakta-oss\/portugalagents-lankar\/\"]}]},{\"@type\":\"BreadcrumbList\",\"@id\":\"https:\/\/portugalagent.com\/sv\/kontakta-oss\/portugalagents-lankar\/#breadcrumb\",\"itemListElement\":[{\"@type\":\"ListItem\",\"position\":1,\"name\":\"Home\",\"item\":\"https:\/\/portugalagent.com\/sv\/\"},{\"@type\":\"ListItem\",\"position\":2,\"name\":\"Kontakt\",\"item\":\"https:\/\/portugalagent.com\/sv\/kontakta-oss\/\"},{\"@type\":\"ListItem\",\"position\":3,\"name\":\"Portugalagents l\u00e4nkar\"}]},{\"@type\":\"WebSite\",\"@id\":\"https:\/\/portugalagent.com\/sv\/#website\",\"url\":\"https:\/\/portugalagent.com\/sv\/\",\"name\":\"Portugal Agent\",\"description\":\"\",\"publisher\":{\"@id\":\"https:\/\/portugalagent.com\/sv\/#organization\"},\"potentialAction\":[{\"@type\":\"SearchAction\",\"target\":{\"@type\":\"EntryPoint\",\"urlTemplate\":\"https:\/\/portugalagent.com\/sv\/?s={search_term_string}\"},\"query-input\":\"required name=search_term_string\"}],\"inLanguage\":\"sv-SE\"},{\"@type\":\"Organization\",\"@id\":\"https:\/\/portugalagent.com\/sv\/#organization\",\"name\":\"Portugal Agent\",\"url\":\"https:\/\/portugalagent.com\/sv\/\",\"logo\":{\"@type\":\"ImageObject\",\"inLanguage\":\"sv-SE\",\"@id\":\"https:\/\/portugalagent.com\/sv\/#\/schema\/logo\/image\/\",\"url\":\"https:\/\/portugalagent.com\/wp-content\/uploads\/2020\/11\/portugalagent.svg\",\"contentUrl\":\"https:\/\/portugalagent.com\/wp-content\/uploads\/2020\/11\/portugalagent.svg\",\"caption\":\"Portugal Agent\"},\"image\":{\"@id\":\"https:\/\/portugalagent.com\/sv\/#\/schema\/logo\/image\/\"}}]}<\/script>\n<!-- \/ Yoast SEO plugin. -->","yoast_head_json":{"title":"Portugalagents l\u00e4nkar - Portugal Agent","robots":{"index":"index","follow":"follow","max-snippet":"max-snippet:-1","max-image-preview":"max-image-preview:large","max-video-preview":"max-video-preview:-1"},"canonical":"https:\/\/portugalagent.com\/sv\/kontakta-oss\/portugalagents-lankar\/","og_locale":"sv_SE","og_type":"article","og_title":"Portugalagents l\u00e4nkar - Portugal Agent","og_description":"H\u00e4r finner du m\u00e5nga bra l\u00e4nkar till olika webbsidor som handlar om Portugal i ett lite bredare perspektiv; resor, boende, aktiviteter, kultur, turism, surfing, golf, cykling, upplevelser m m. Allt samlat under olika rubriker som presenteras i bokstavsordning.Vi kommer kontinuerligt att datera upp l\u00e4nkarna samt l\u00e4gga till nya. Tipsa oss g\u00e4rna med fler bra webbsidor [&hellip;]","og_url":"https:\/\/portugalagent.com\/sv\/kontakta-oss\/portugalagents-lankar\/","og_site_name":"Portugal Agent","article_modified_time":"2020-01-28T10:18:05+00:00","twitter_card":"summary_large_image","twitter_misc":{"Ber\u00e4knad l\u00e4stid":"2 minuter"},"schema":{"@context":"https:\/\/schema.org","@graph":[{"@type":"WebPage","@id":"https:\/\/portugalagent.com\/sv\/kontakta-oss\/portugalagents-lankar\/","url":"https:\/\/portugalagent.com\/sv\/kontakta-oss\/portugalagents-lankar\/","name":"Portugalagents l\u00e4nkar - Portugal Agent","isPartOf":{"@id":"https:\/\/portugalagent.com\/sv\/#website"},"datePublished":"2020-01-17T11:30:28+00:00","dateModified":"2020-01-28T10:18:05+00:00","breadcrumb":{"@id":"https:\/\/portugalagent.com\/sv\/kontakta-oss\/portugalagents-lankar\/#breadcrumb"},"inLanguage":"sv-SE","potentialAction":[{"@type":"ReadAction","target":["https:\/\/portugalagent.com\/sv\/kontakta-oss\/portugalagents-lankar\/"]}]},{"@type":"BreadcrumbList","@id":"https:\/\/portugalagent.com\/sv\/kontakta-oss\/portugalagents-lankar\/#breadcrumb","itemListElement":[{"@type":"ListItem","position":1,"name":"Home","item":"https:\/\/portugalagent.com\/sv\/"},{"@type":"ListItem","position":2,"name":"Kontakt","item":"https:\/\/portugalagent.com\/sv\/kontakta-oss\/"},{"@type":"ListItem","position":3,"name":"Portugalagents l\u00e4nkar"}]},{"@type":"WebSite","@id":"https:\/\/portugalagent.com\/sv\/#website","url":"https:\/\/portugalagent.com\/sv\/","name":"Portugal Agent","description":"","publisher":{"@id":"https:\/\/portugalagent.com\/sv\/#organization"},"potentialAction":[{"@type":"SearchAction","target":{"@type":"EntryPoint","urlTemplate":"https:\/\/portugalagent.com\/sv\/?s={search_term_string}"},"query-input":"required name=search_term_string"}],"inLanguage":"sv-SE"},{"@type":"Organization","@id":"https:\/\/portugalagent.com\/sv\/#organization","name":"Portugal Agent","url":"https:\/\/portugalagent.com\/sv\/","logo":{"@type":"ImageObject","inLanguage":"sv-SE","@id":"https:\/\/portugalagent.com\/sv\/#\/schema\/logo\/image\/","url":"https:\/\/portugalagent.com\/wp-content\/uploads\/2020\/11\/portugalagent.svg","contentUrl":"https:\/\/portugalagent.com\/wp-content\/uploads\/2020\/11\/portugalagent.svg","caption":"Portugal Agent"},"image":{"@id":"https:\/\/portugalagent.com\/sv\/#\/schema\/logo\/image\/"}}]}},"_links":{"self":[{"href":"https:\/\/portugalagent.com\/sv\/wp-json\/wp\/v2\/pages\/38897"}],"collection":[{"href":"https:\/\/portugalagent.com\/sv\/wp-json\/wp\/v2\/pages"}],"about":[{"href":"https:\/\/portugalagent.com\/sv\/wp-json\/wp\/v2\/types\/page"}],"author":[{"embeddable":true,"href":"https:\/\/portugalagent.com\/sv\/wp-json\/wp\/v2\/users\/6"}],"replies":[{"embeddable":true,"href":"https:\/\/portugalagent.com\/sv\/wp-json\/wp\/v2\/comments?post=38897"}],"version-history":[{"count":1,"href":"https:\/\/portugalagent.com\/sv\/wp-json\/wp\/v2\/pages\/38897\/revisions"}],"predecessor-version":[{"id":38898,"href":"https:\/\/portugalagent.com\/sv\/wp-json\/wp\/v2\/pages\/38897\/revisions\/38898"}],"up":[{"embeddable":true,"href":"https:\/\/portugalagent.com\/sv\/wp-json\/wp\/v2\/pages\/38893"}],"wp:attachment":[{"href":"https:\/\/portugalagent.com\/sv\/wp-json\/wp\/v2\/media?parent=38897"}],"curies":[{"name":"wp","href":"https:\/\/api.w.org\/{rel}","templated":true}]}}