{"id":38893,"date":"2020-01-17T11:28:00","date_gmt":"2020-01-17T11:28:00","guid":{"rendered":"https:\/\/www.go4digital-web.pt\/dev\/portugalagent\/?page_id=38893"},"modified":"2021-11-19T14:01:21","modified_gmt":"2021-11-19T14:01:21","slug":"kontakta-oss","status":"publish","type":"page","link":"https:\/\/portugalagent.com\/sv\/kontakta-oss\/","title":{"rendered":"Kontakt"},"content":{"rendered":"\n<h1>S\u00f6ker du m\u00e4klare i Portugal? Kontakta Portugalagent<\/h1>\n\n\n\n<h5>Portugal Agent \u00e4r din brygga mellan Sverige och Portugal. Vi hj\u00e4lper till med allt som r\u00f6r fastighetsf\u00f6rv\u00e4rv samt k\u00f6p av bostad i Portugal med specialkompetens i omr\u00e5det kring Nazar\u00e9 och p\u00e5 Silverkusten. Till v\u00e5r hj\u00e4lp har vi erk\u00e4nt duktiga fastighetsm\u00e4klare p\u00e5 plats i Nazar\u00e9, b\u00e5de portugisiska och svenska, samt ett bra n\u00e4tverk f\u00f6r \u00f6vrig r\u00e5dgivning b\u00e5de i Sverige och i Portugal.<\/h5>\n\n\n\n<h3><\/h3>\n\n\n\n<p><strong>Kontakt med Portugalagent<\/strong><br><strong>Kari Fors\u00e9n<\/strong>  <a href=\"mailto:kari@portugalagent.com\">kari@portugalagent.com<\/a>  +46-70-910 95 60<br><strong>Niklas Fors\u00e9n<\/strong>  <a href=\"niklas@portugalagent.com\">niklas@portugalagent.com <\/a>  +46-70-592 60 76<\/p>\n\n\n\n<p><strong>Deutschsprachiger Kontakt<\/strong> &#8211; tyska marknaden<br><strong>Torsten Henke<\/strong> <a href=\"torsten@portugalagent.com\">torsten@portugalagent.com <\/a> +49-151-7283 0700 <\/p>\n\n\n\n<p>Portugalagent \u00e4gs till 100% av oss, Kari och Niklas Fors\u00e9n, genom det portugisiska f\u00f6retaget Alturadiante Lda. Vi \u00e4r ocks\u00e5 medgrundare av det portugisiska fastighetsm\u00e4kleriet Imo Nazar\u00e9 d\u00e4r vi var aktiva del\u00e4gare fr\u00e5n starten i april 2015 fram till oktober 2020. Nu har vi separerat verksamheterna s\u00e5 att Imo Nazar\u00e9 drivs vidare av Rita Brilhante och Renato Silva medan Portugalagent drivs vidare av oss.<\/p>\n\n\n\n<p>Bes\u00f6k oss \u00e4ven p\u00e5&nbsp;<a href=\"http:\/\/www.facebook.com\/portugalagent\">Facebook&nbsp;<\/a>&nbsp;samt Instagram&nbsp;<a href=\"https:\/\/www.instagram.com\/portugalagent\/\">@portugalagent<\/a><\/p>\n\n\n\n<h4>Fullservice i Nazar\u00e9, p\u00e5 Silverkusten och i Portugal <\/h4>\n\n\n\n<p>V\u00e5ra bostadsk\u00f6pare och uppdragsgivare kommer inte m\u00e4rka n\u00e5gon skillnad mot tidigare vad g\u00e4ller service, kommitment och arbetss\u00e4tt. Vi tar hand om alla som talar svenska och som vill ha hj\u00e4lp att k\u00f6pa eller s\u00e4lja en bostad i Nazar\u00e9-omr\u00e5det och p\u00e5 Silverkusten. En stor f\u00f6rdel med Portugalagent \u00e4r att vi har tid att g\u00e5 in helt f\u00f6r dig n\u00e4r du \u00e4r i Nazar\u00e9. Vi har inget ansvar f\u00f6r personal och inget arbete med butiken eller med portugisisk administration. Vi l\u00e4gger hela v\u00e5rt fokus p\u00e5 att hj\u00e4lpa dig som \u00e4r bostadsk\u00f6pare i Nazar\u00e9 med service p\u00e5 alla fronter; l\u00e4get, geografin, k\u00f6pprocessen, visningar, r\u00e5dgivning, kontakter, byggfirmor m m.<\/p>\n\n\n\n<h4>Svensktalande m\u00e4klare i \u00f6vriga delar av Portugal<\/h4>\n\n\n\n<p>Genom Portugalagent kan vi ocks\u00e5 hj\u00e4lpa dig att finna hus och bostad i andra regioner utanf\u00f6r Nazar\u00e9. D\u00e5 sker det genom ett samarbete med andra m\u00e4klare p\u00e5 respektive plats.<\/p>\n\n\n\n<h4>Bra att veta om Kari och Niklas<\/h4>\n\n\n\n<p>K\u00f6pte hus i Sitio da Nazar\u00e9 h\u00f6sten 2013<br>Medgrundare till fastighetsm\u00e4klaren Imo Nazar\u00e9 v\u00e5ren 2015<br>Flyttade ut fr\u00e5n Sverige och in i Portugal och till Nazar\u00e9 h\u00f6sten 2017<br>Kari har ett f\u00f6rflutet inom it-branschen d\u00e4r hon varit vd och chef f\u00f6r flera stora verksamheter i Stockholm och internationellt.<br>Niklas har ett f\u00f6rflutet som entrepren\u00f6r inom media, f\u00f6rs\u00e4ljning och marknadsf\u00f6ring.<\/p>\n\n\n\n<h3>F\u00f6retagskonsult och entrepren\u00f6rskonsult i Portugal<\/h3>\n\n\n\n<p>Inte bara bostadsf\u00f6rmedling. Vi erbjuder \u00e4ven konsulttj\u00e4nster i att starta, etablera och driva f\u00f6retag som svensk i Portugal. Med mer \u00e4n sex \u00e5rs erfarenhet i Portugal och mer \u00e4n 30-\u00e5rs erfarenhet av f\u00f6retagsamhet i Sverige \u00e4r vi s\u00e4kra p\u00e5 att kunna hj\u00e4lpa dig s\u00e5 du kommer i g\u00e5ng i Portugal.<br>Mer: <a href=\"https:\/\/portugalagent.com\/sv\/svensk-foretagare-i-portugal-foretagskonsult\/\">F\u00f6retagskonsult Portugal<\/a><\/p>\n\n\n\n<p><strong>KONTAKT<\/strong><br>Kari Fors\u00e9n. Tel: +46-70- 910 95 60. Mejl: <a href=\"mailto:kari@portugalagent.com\">kari@portugalagent.com<\/a><br>Niklas Fors\u00e9n. Tel: +46-70-592 60 76. Mejl: <a href=\"mailto:niklas@portugalagent.com\">niklas@portugalagent.com<\/a> <\/p>\n\n\n\n<div style=\"height:55px\"><\/div>\n\n\n\n<div class=\"is-layout-flex wp-container-3 wp-block-columns\">\n<div class=\"is-layout-flow wp-block-column\" style=\"flex-basis:55%\">\n<h3>Skicka oss ett meddelande<\/h3>\n\n\n\n<div class=\"wpforms-container wpforms-container-full\" id=\"wpforms-42851\"><form id=\"wpforms-form-42851\" class=\"wpforms-validate wpforms-form wpforms-ajax-form\" data-formid=\"42851\" method=\"post\" enctype=\"multipart\/form-data\" action=\"\/sv\/wp-json\/wp\/v2\/pages\/38893\" data-token=\"68b6f2941dc7f426f7903b2e338ea82d\"><noscript class=\"wpforms-error-noscript\">Aktivera JavaScript i din webbl\u00e4sare f\u00f6r att slutf\u00f6ra detta formul\u00e4r.<\/noscript><div class=\"wpforms-field-container\"><div id=\"wpforms-42851-field_1-container\" class=\"wpforms-field wpforms-field-text\" data-field-id=\"1\"><label class=\"wpforms-field-label\" for=\"wpforms-42851-field_1\">Namn* <span class=\"wpforms-required-label\">*<\/span><\/label><input type=\"text\" id=\"wpforms-42851-field_1\" class=\"wpforms-field-medium wpforms-field-required\" name=\"wpforms[fields][1]\" required><\/div><div id=\"wpforms-42851-field_2-container\" class=\"wpforms-field wpforms-field-text\" data-field-id=\"2\"><label class=\"wpforms-field-label\" for=\"wpforms-42851-field_2\">Email* <span class=\"wpforms-required-label\">*<\/span><\/label><input type=\"text\" id=\"wpforms-42851-field_2\" class=\"wpforms-field-medium wpforms-field-required\" name=\"wpforms[fields][2]\" required><\/div><div id=\"wpforms-42851-field_3-container\" class=\"wpforms-field wpforms-field-text\" data-field-id=\"3\"><label class=\"wpforms-field-label\" for=\"wpforms-42851-field_3\">Telefon*<\/label><input type=\"text\" id=\"wpforms-42851-field_3\" class=\"wpforms-field-medium\" name=\"wpforms[fields][3]\" ><\/div><div id=\"wpforms-42851-field_4-container\" class=\"wpforms-field wpforms-field-textarea\" data-field-id=\"4\"><label class=\"wpforms-field-label\" for=\"wpforms-42851-field_4\">Meddelande* <span class=\"wpforms-required-label\">*<\/span><\/label><textarea id=\"wpforms-42851-field_4\" class=\"wpforms-field-small wpforms-field-required\" name=\"wpforms[fields][4]\" required><\/textarea><\/div><div id=\"wpforms-42851-field_7-container\" class=\"wpforms-field wpforms-field-hidden\" data-field-id=\"7\"><input type=\"hidden\" id=\"wpforms-42851-field_7\" name=\"wpforms[fields][7]\"><\/div><div id=\"wpforms-42851-field_9-container\" class=\"wpforms-field wpforms-field-hidden\" data-field-id=\"9\"><input type=\"hidden\" id=\"wpforms-42851-field_9\" name=\"wpforms[fields][9]\" value=\"https:\/\/portugalagent.com\/sv\/wp-json\/wp\/v2\/pages\/38893\"><\/div><div id=\"wpforms-42851-field_5-container\" class=\"wpforms-field wpforms-field-checkbox wpforms-list-inline\" data-field-id=\"5\"><ul id=\"wpforms-42851-field_5\" class=\"wpforms-field-required\"><li class=\"choice-1 depth-1\"><input type=\"checkbox\" id=\"wpforms-42851-field_5_1\" name=\"wpforms[fields][5][]\" value=\"Jag accepterar &lt;a href=&quot;https:\/\/portugalagent.com\/terms-conditions\/&quot; target=&quot;_blank&quot;&gt;villkoren f\u00f6r datahantering&lt;\/a&gt;\" required ><label class=\"wpforms-field-label-inline\" for=\"wpforms-42851-field_5_1\">Jag accepterar <a href=\"https:\/\/portugalagent.com\/terms-conditions\/\" target=\"_blank\">villkoren f\u00f6r datahantering<\/a><\/label><\/li><\/ul><\/div><\/div><div class=\"wpforms-field wpforms-field-hp\"><label for=\"wpforms-42851-field-hp\" class=\"wpforms-field-label\">Message<\/label><input type=\"text\" name=\"wpforms[hp]\" id=\"wpforms-42851-field-hp\" class=\"wpforms-field-medium\"><\/div><div class=\"wpforms-recaptcha-container wpforms-is-recaptcha\"><div class=\"g-recaptcha\" data-sitekey=\"6LecReIUAAAAAPepN5EhSOUEZdYM627EPh4Kl9h0\" data-size=\"invisible\"><\/div><\/div><div class=\"wpforms-submit-container\"><input type=\"hidden\" name=\"wpforms[id]\" value=\"42851\"><input type=\"hidden\" name=\"wpforms[author]\" value=\"5\"><button type=\"submit\" name=\"wpforms[submit]\" id=\"wpforms-submit-42851\" class=\"wpforms-submit\" data-alt-text=\"Skickar...\" data-submit-text=\"SKICKA\" aria-live=\"assertive\" value=\"wpforms-submit\">SKICKA<\/button><img src=\"https:\/\/portugalagent.com\/wp-content\/plugins\/wpforms\/assets\/images\/submit-spin.svg\" class=\"wpforms-submit-spinner\" style=\"display: none;\" width=\"26\" height=\"26\" alt=\"Laddar\"><\/div><\/form><\/div>  <!-- .wpforms-container -->\n<\/div>\n\n\n\n<div class=\"is-layout-flow wp-block-column\" style=\"flex-basis:45%\">\n<figure class=\"wp-block-image size-large is-resized\"><img decoding=\"async\" src=\"https:\/\/portugalagent.com\/wp-content\/uploads\/2020\/01\/Mask-Group-62.jpg\" alt=\"V\u00e4lk\u00e4nda stora v\u00e5gen vid Nazares fyr\" class=\"wp-image-39480\" height=\"517\" srcset=\"https:\/\/portugalagent.com\/wp-content\/uploads\/2020\/01\/Mask-Group-62.jpg 389w, https:\/\/portugalagent.com\/wp-content\/uploads\/2020\/01\/Mask-Group-62-214x300.jpg 214w\" sizes=\"(max-width: 389px) 100vw, 389px\" \/><\/figure>\n<\/div>\n<\/div>\n","protected":false},"excerpt":{"rendered":"<p>S\u00f6ker du m\u00e4klare i Portugal? Kontakta Portugalagent Portugal Agent \u00e4r din brygga mellan Sverige och Portugal. Vi hj\u00e4lper till med allt som r\u00f6r fastighetsf\u00f6rv\u00e4rv samt k\u00f6p av bostad i Portugal med specialkompetens i omr\u00e5det kring Nazar\u00e9 och p\u00e5 Silverkusten. Till v\u00e5r hj\u00e4lp har vi erk\u00e4nt duktiga fastighetsm\u00e4klare p\u00e5 plats i Nazar\u00e9, b\u00e5de portugisiska och svenska, [&hellip;]<\/p>\n","protected":false},"author":5,"featured_media":0,"parent":0,"menu_order":0,"comment_status":"closed","ping_status":"closed","template":"template-standardsubpage.php","meta":{"om_disable_all_campaigns":false,"_monsterinsights_skip_tracking":false,"_monsterinsights_sitenote_active":false,"_monsterinsights_sitenote_note":"","_monsterinsights_sitenote_category":0},"aioseo_notices":[],"yoast_head":"<!-- This site is optimized with the Yoast SEO plugin v19.10 - https:\/\/yoast.com\/wordpress\/plugins\/seo\/ -->\n<title>S\u00f6ker du m\u00e4klare i Portugal? Kontakta Portugalagent<\/title>\n<meta name=\"robots\" content=\"index, follow, max-snippet:-1, max-image-preview:large, max-video-preview:-1\" \/>\n<link rel=\"canonical\" href=\"https:\/\/portugalagent.com\/sv\/kontakta-oss\/\" \/>\n<meta property=\"og:locale\" content=\"sv_SE\" \/>\n<meta property=\"og:type\" content=\"article\" \/>\n<meta property=\"og:title\" content=\"S\u00f6ker du m\u00e4klare i Portugal? Kontakta Portugalagent\" \/>\n<meta property=\"og:description\" content=\"S\u00f6ker du m\u00e4klare i Portugal? Kontakta Portugalagent Portugal Agent \u00e4r din brygga mellan Sverige och Portugal. Vi hj\u00e4lper till med allt som r\u00f6r fastighetsf\u00f6rv\u00e4rv samt k\u00f6p av bostad i Portugal med specialkompetens i omr\u00e5det kring Nazar\u00e9 och p\u00e5 Silverkusten. Till v\u00e5r hj\u00e4lp har vi erk\u00e4nt duktiga fastighetsm\u00e4klare p\u00e5 plats i Nazar\u00e9, b\u00e5de portugisiska och svenska, [&hellip;]\" \/>\n<meta property=\"og:url\" content=\"https:\/\/portugalagent.com\/sv\/kontakta-oss\/\" \/>\n<meta property=\"og:site_name\" content=\"Portugal Agent\" \/>\n<meta property=\"article:modified_time\" content=\"2021-11-19T14:01:21+00:00\" \/>\n<meta property=\"og:image\" content=\"https:\/\/portugalagent.com\/wp-content\/uploads\/2020\/01\/Mask-Group-62.jpg\" \/>\n<meta name=\"twitter:card\" content=\"summary_large_image\" \/>\n<meta name=\"twitter:label1\" content=\"Ber\u00e4knad l\u00e4stid\" \/>\n\t<meta name=\"twitter:data1\" content=\"3 minuter\" \/>\n<script type=\"application\/ld+json\" class=\"yoast-schema-graph\">{\"@context\":\"https:\/\/schema.org\",\"@graph\":[{\"@type\":\"WebPage\",\"@id\":\"https:\/\/portugalagent.com\/sv\/kontakta-oss\/\",\"url\":\"https:\/\/portugalagent.com\/sv\/kontakta-oss\/\",\"name\":\"S\u00f6ker du m\u00e4klare i Portugal? Kontakta Portugalagent\",\"isPartOf\":{\"@id\":\"https:\/\/portugalagent.com\/sv\/#website\"},\"datePublished\":\"2020-01-17T11:28:00+00:00\",\"dateModified\":\"2021-11-19T14:01:21+00:00\",\"breadcrumb\":{\"@id\":\"https:\/\/portugalagent.com\/sv\/kontakta-oss\/#breadcrumb\"},\"inLanguage\":\"sv-SE\",\"potentialAction\":[{\"@type\":\"ReadAction\",\"target\":[\"https:\/\/portugalagent.com\/sv\/kontakta-oss\/\"]}]},{\"@type\":\"BreadcrumbList\",\"@id\":\"https:\/\/portugalagent.com\/sv\/kontakta-oss\/#breadcrumb\",\"itemListElement\":[{\"@type\":\"ListItem\",\"position\":1,\"name\":\"Home\",\"item\":\"https:\/\/portugalagent.com\/sv\/\"},{\"@type\":\"ListItem\",\"position\":2,\"name\":\"Kontakt\"}]},{\"@type\":\"WebSite\",\"@id\":\"https:\/\/portugalagent.com\/sv\/#website\",\"url\":\"https:\/\/portugalagent.com\/sv\/\",\"name\":\"Portugal Agent\",\"description\":\"\",\"publisher\":{\"@id\":\"https:\/\/portugalagent.com\/sv\/#organization\"},\"potentialAction\":[{\"@type\":\"SearchAction\",\"target\":{\"@type\":\"EntryPoint\",\"urlTemplate\":\"https:\/\/portugalagent.com\/sv\/?s={search_term_string}\"},\"query-input\":\"required name=search_term_string\"}],\"inLanguage\":\"sv-SE\"},{\"@type\":\"Organization\",\"@id\":\"https:\/\/portugalagent.com\/sv\/#organization\",\"name\":\"Portugal Agent\",\"url\":\"https:\/\/portugalagent.com\/sv\/\",\"logo\":{\"@type\":\"ImageObject\",\"inLanguage\":\"sv-SE\",\"@id\":\"https:\/\/portugalagent.com\/sv\/#\/schema\/logo\/image\/\",\"url\":\"https:\/\/portugalagent.com\/wp-content\/uploads\/2020\/11\/portugalagent.svg\",\"contentUrl\":\"https:\/\/portugalagent.com\/wp-content\/uploads\/2020\/11\/portugalagent.svg\",\"caption\":\"Portugal Agent\"},\"image\":{\"@id\":\"https:\/\/portugalagent.com\/sv\/#\/schema\/logo\/image\/\"}}]}<\/script>\n<!-- \/ Yoast SEO plugin. -->","yoast_head_json":{"title":"S\u00f6ker du m\u00e4klare i Portugal? Kontakta Portugalagent","robots":{"index":"index","follow":"follow","max-snippet":"max-snippet:-1","max-image-preview":"max-image-preview:large","max-video-preview":"max-video-preview:-1"},"canonical":"https:\/\/portugalagent.com\/sv\/kontakta-oss\/","og_locale":"sv_SE","og_type":"article","og_title":"S\u00f6ker du m\u00e4klare i Portugal? Kontakta Portugalagent","og_description":"S\u00f6ker du m\u00e4klare i Portugal? Kontakta Portugalagent Portugal Agent \u00e4r din brygga mellan Sverige och Portugal. Vi hj\u00e4lper till med allt som r\u00f6r fastighetsf\u00f6rv\u00e4rv samt k\u00f6p av bostad i Portugal med specialkompetens i omr\u00e5det kring Nazar\u00e9 och p\u00e5 Silverkusten. Till v\u00e5r hj\u00e4lp har vi erk\u00e4nt duktiga fastighetsm\u00e4klare p\u00e5 plats i Nazar\u00e9, b\u00e5de portugisiska och svenska, [&hellip;]","og_url":"https:\/\/portugalagent.com\/sv\/kontakta-oss\/","og_site_name":"Portugal Agent","article_modified_time":"2021-11-19T14:01:21+00:00","og_image":[{"url":"https:\/\/portugalagent.com\/wp-content\/uploads\/2020\/01\/Mask-Group-62.jpg"}],"twitter_card":"summary_large_image","twitter_misc":{"Ber\u00e4knad l\u00e4stid":"3 minuter"},"schema":{"@context":"https:\/\/schema.org","@graph":[{"@type":"WebPage","@id":"https:\/\/portugalagent.com\/sv\/kontakta-oss\/","url":"https:\/\/portugalagent.com\/sv\/kontakta-oss\/","name":"S\u00f6ker du m\u00e4klare i Portugal? Kontakta Portugalagent","isPartOf":{"@id":"https:\/\/portugalagent.com\/sv\/#website"},"datePublished":"2020-01-17T11:28:00+00:00","dateModified":"2021-11-19T14:01:21+00:00","breadcrumb":{"@id":"https:\/\/portugalagent.com\/sv\/kontakta-oss\/#breadcrumb"},"inLanguage":"sv-SE","potentialAction":[{"@type":"ReadAction","target":["https:\/\/portugalagent.com\/sv\/kontakta-oss\/"]}]},{"@type":"BreadcrumbList","@id":"https:\/\/portugalagent.com\/sv\/kontakta-oss\/#breadcrumb","itemListElement":[{"@type":"ListItem","position":1,"name":"Home","item":"https:\/\/portugalagent.com\/sv\/"},{"@type":"ListItem","position":2,"name":"Kontakt"}]},{"@type":"WebSite","@id":"https:\/\/portugalagent.com\/sv\/#website","url":"https:\/\/portugalagent.com\/sv\/","name":"Portugal Agent","description":"","publisher":{"@id":"https:\/\/portugalagent.com\/sv\/#organization"},"potentialAction":[{"@type":"SearchAction","target":{"@type":"EntryPoint","urlTemplate":"https:\/\/portugalagent.com\/sv\/?s={search_term_string}"},"query-input":"required name=search_term_string"}],"inLanguage":"sv-SE"},{"@type":"Organization","@id":"https:\/\/portugalagent.com\/sv\/#organization","name":"Portugal Agent","url":"https:\/\/portugalagent.com\/sv\/","logo":{"@type":"ImageObject","inLanguage":"sv-SE","@id":"https:\/\/portugalagent.com\/sv\/#\/schema\/logo\/image\/","url":"https:\/\/portugalagent.com\/wp-content\/uploads\/2020\/11\/portugalagent.svg","contentUrl":"https:\/\/portugalagent.com\/wp-content\/uploads\/2020\/11\/portugalagent.svg","caption":"Portugal Agent"},"image":{"@id":"https:\/\/portugalagent.com\/sv\/#\/schema\/logo\/image\/"}}]}},"_links":{"self":[{"href":"https:\/\/portugalagent.com\/sv\/wp-json\/wp\/v2\/pages\/38893"}],"collection":[{"href":"https:\/\/portugalagent.com\/sv\/wp-json\/wp\/v2\/pages"}],"about":[{"href":"https:\/\/portugalagent.com\/sv\/wp-json\/wp\/v2\/types\/page"}],"author":[{"embeddable":true,"href":"https:\/\/portugalagent.com\/sv\/wp-json\/wp\/v2\/users\/5"}],"replies":[{"embeddable":true,"href":"https:\/\/portugalagent.com\/sv\/wp-json\/wp\/v2\/comments?post=38893"}],"version-history":[{"count":39,"href":"https:\/\/portugalagent.com\/sv\/wp-json\/wp\/v2\/pages\/38893\/revisions"}],"predecessor-version":[{"id":62780,"href":"https:\/\/portugalagent.com\/sv\/wp-json\/wp\/v2\/pages\/38893\/revisions\/62780"}],"wp:attachment":[{"href":"https:\/\/portugalagent.com\/sv\/wp-json\/wp\/v2\/media?parent=38893"}],"curies":[{"name":"wp","href":"https:\/\/api.w.org\/{rel}","templated":true}]}}