{"id":28354,"date":"2020-01-16T14:12:21","date_gmt":"2020-01-16T14:12:21","guid":{"rendered":"https:\/\/www.go4digital-web.pt\/dev\/portugalagent\/?page_id=28354"},"modified":"2021-11-19T17:58:16","modified_gmt":"2021-11-19T17:58:16","slug":"home","status":"publish","type":"page","link":"https:\/\/portugalagent.com\/sv\/","title":{"rendered":"Portugalagent -fastighetsm\u00e4klare p\u00e5 Silverkusten"},"content":{"rendered":"\n<h3>Salir do Porto ligger i s\u00f6dra delen av en fin lagun med l\u00e5nggrunda str\u00e4nder och n\u00e4rhet till det mesta p\u00e5 Silverkusten. Nu har vi en fin T2 till salu!<\/h3>\n\n\n\n<p>Det lilla samh\u00e4llet Salir do Porto ligger i den s\u00f6dra delen av den vackra, halvcirkelformade lagunen S\u00e3o Martinho do Porto. L\u00e4genheten ligger i ett condo endast en kilometer fr\u00e5n den fina, l\u00e5nggrunda stranden \u201dPraia de Salir do Porto\u201d i ett lugnt omr\u00e5de n\u00e4ra Atlanten. H\u00e4r \u00e4r det lugnt och avskilt men \u00e4nd\u00e5 n\u00e4ra till allt: Den lite st\u00f6rre staden S\u00e3o Martinho do Porto med m\u00e5nga butiker och restauranger ligger ca 2,5 km bort. Lite drygt 10 km in\u00e5t landet ligger Caldas da Rainha, som \u00e4r en av regionens st\u00f6rsta st\u00e4der med drygt 50.000 inv\u00e5nare.<\/p>\n\n\n\n<h3>Dr\u00f6narfoto, Salir do Porto, 17 december 2020<\/h3>\n\n\n\n<p>Kolla in en liten dr\u00f6narfilm \u00e4r. Den startar med utsikt \u00f6ver lagunen och landar i condominiumomr\u00e5dets s\u00f6dra delar. L\u00e4genheten ligger i norra delen av condon helt n\u00e4ra poolen.<a href=\"https:\/\/www.youtube.com\/watch?v=DBi2Pi8kpP0&amp;feature=youtu.be\">https:\/\/www.youtube.com\/watch?v=DBi2Pi8kpP0&amp;feature=youtu.be<\/a><\/p>\n\n\n\n<h3>Fler bilder fr\u00e5n Salir do Porto p\u00e5 Silverkusten<\/h3>\n\n\n\n<p>Klicka in dig p\u00e5 bilderna nedan s\u00e5 f\u00e5r du en uppfattning av vad Salir och naturen runtomkring har att erbjuda. H\u00e4r finns fantastiska str\u00e4nder och h\u00e4rliga vandringsleder p\u00e5 \u00e5sen mot Atlanten.<\/p>\n\n\n\n<p><strong>L\u00e4nk till objektet<\/strong>: <a href=\"https:\/\/www.portugalagent.pt\/property\/2-bedroom-apartment-with-private-terrace-in-salir-do-porto\/17905437\">T2, Edificio Bela Baia II<\/a>. Pris fullt m\u00f6blerad: 225.000Euro.<\/p>\n\n\n\n<p><strong>KONTAKT<\/strong><br>Niklas Fors\u00e9n<br>Tel: +46-70-592 60 76<br><a href=\"mailto:niklas@portugalagent.com\">niklas@portugalagent.com<\/a><\/p>\n","protected":false},"excerpt":{"rendered":"<p>Salir do Porto ligger i s\u00f6dra delen av en fin lagun med l\u00e5nggrunda str\u00e4nder och n\u00e4rhet till det mesta p\u00e5 Silverkusten. Nu har vi en fin T2 till salu! Det lilla samh\u00e4llet Salir do Porto ligger i den s\u00f6dra delen av den vackra, halvcirkelformade lagunen S\u00e3o Martinho do Porto. L\u00e4genheten ligger i ett condo endast [&hellip;]<\/p>\n","protected":false},"author":6,"featured_media":57515,"parent":0,"menu_order":0,"comment_status":"closed","ping_status":"closed","template":"page-home.php","meta":{"om_disable_all_campaigns":false,"_monsterinsights_skip_tracking":false,"_monsterinsights_sitenote_active":false,"_monsterinsights_sitenote_note":"","_monsterinsights_sitenote_category":0},"aioseo_notices":[],"yoast_head":"<!-- This site is optimized with the Yoast SEO plugin v19.10 - https:\/\/yoast.com\/wordpress\/plugins\/seo\/ -->\n<title>Portugalagent -fastighetsm\u00e4klare p\u00e5 Silverkusten<\/title>\n<meta name=\"robots\" content=\"index, follow, max-snippet:-1, max-image-preview:large, max-video-preview:-1\" \/>\n<link rel=\"canonical\" href=\"https:\/\/portugalagent.com\/sv\/\" \/>\n<meta property=\"og:locale\" content=\"sv_SE\" \/>\n<meta property=\"og:type\" content=\"article\" \/>\n<meta property=\"og:title\" content=\"Portugalagent -fastighetsm\u00e4klare p\u00e5 Silverkusten\" \/>\n<meta property=\"og:description\" content=\"Salir do Porto ligger i s\u00f6dra delen av en fin lagun med l\u00e5nggrunda str\u00e4nder och n\u00e4rhet till det mesta p\u00e5 Silverkusten. Nu har vi en fin T2 till salu! Det lilla samh\u00e4llet Salir do Porto ligger i den s\u00f6dra delen av den vackra, halvcirkelformade lagunen S\u00e3o Martinho do Porto. L\u00e4genheten ligger i ett condo endast [&hellip;]\" \/>\n<meta property=\"og:url\" content=\"https:\/\/portugalagent.com\/sv\/\" \/>\n<meta property=\"og:site_name\" content=\"Portugal Agent\" \/>\n<meta property=\"article:modified_time\" content=\"2021-11-19T17:58:16+00:00\" \/>\n<meta property=\"og:image\" content=\"https:\/\/portugalagent.com\/wp-content\/uploads\/2020\/12\/Lagunen-vid-Salir-do-Porto-17-december-2020.jpg?v=1608666081\" \/>\n\t<meta property=\"og:image:width\" content=\"1800\" \/>\n\t<meta property=\"og:image:height\" content=\"1200\" \/>\n\t<meta property=\"og:image:type\" content=\"image\/jpeg\" \/>\n<meta name=\"twitter:card\" content=\"summary_large_image\" \/>\n<meta name=\"twitter:label1\" content=\"Ber\u00e4knad l\u00e4stid\" \/>\n\t<meta name=\"twitter:data1\" content=\"1 minut\" \/>\n<script type=\"application\/ld+json\" class=\"yoast-schema-graph\">{\"@context\":\"https:\/\/schema.org\",\"@graph\":[{\"@type\":\"WebPage\",\"@id\":\"https:\/\/portugalagent.com\/sv\/\",\"url\":\"https:\/\/portugalagent.com\/sv\/\",\"name\":\"Portugalagent -fastighetsm\u00e4klare p\u00e5 Silverkusten\",\"isPartOf\":{\"@id\":\"https:\/\/portugalagent.com\/sv\/#website\"},\"datePublished\":\"2020-01-16T14:12:21+00:00\",\"dateModified\":\"2021-11-19T17:58:16+00:00\",\"breadcrumb\":{\"@id\":\"https:\/\/portugalagent.com\/sv\/#breadcrumb\"},\"inLanguage\":\"sv-SE\",\"potentialAction\":[{\"@type\":\"ReadAction\",\"target\":[\"https:\/\/portugalagent.com\/sv\/\"]}]},{\"@type\":\"BreadcrumbList\",\"@id\":\"https:\/\/portugalagent.com\/sv\/#breadcrumb\",\"itemListElement\":[{\"@type\":\"ListItem\",\"position\":1,\"name\":\"Home\",\"item\":\"https:\/\/portugalagent.com\/sv\/\"},{\"@type\":\"ListItem\",\"position\":2,\"name\":\"Portugalagent -fastighetsm\u00e4klare p\u00e5 Silverkusten\"}]},{\"@type\":\"WebSite\",\"@id\":\"https:\/\/portugalagent.com\/sv\/#website\",\"url\":\"https:\/\/portugalagent.com\/sv\/\",\"name\":\"Portugal Agent\",\"description\":\"\",\"publisher\":{\"@id\":\"https:\/\/portugalagent.com\/sv\/#organization\"},\"potentialAction\":[{\"@type\":\"SearchAction\",\"target\":{\"@type\":\"EntryPoint\",\"urlTemplate\":\"https:\/\/portugalagent.com\/sv\/?s={search_term_string}\"},\"query-input\":\"required name=search_term_string\"}],\"inLanguage\":\"sv-SE\"},{\"@type\":\"Organization\",\"@id\":\"https:\/\/portugalagent.com\/sv\/#organization\",\"name\":\"Portugal Agent\",\"url\":\"https:\/\/portugalagent.com\/sv\/\",\"logo\":{\"@type\":\"ImageObject\",\"inLanguage\":\"sv-SE\",\"@id\":\"https:\/\/portugalagent.com\/sv\/#\/schema\/logo\/image\/\",\"url\":\"https:\/\/portugalagent.com\/wp-content\/uploads\/2020\/11\/portugalagent.svg\",\"contentUrl\":\"https:\/\/portugalagent.com\/wp-content\/uploads\/2020\/11\/portugalagent.svg\",\"caption\":\"Portugal Agent\"},\"image\":{\"@id\":\"https:\/\/portugalagent.com\/sv\/#\/schema\/logo\/image\/\"}}]}<\/script>\n<!-- \/ Yoast SEO plugin. -->","yoast_head_json":{"title":"Portugalagent -fastighetsm\u00e4klare p\u00e5 Silverkusten","robots":{"index":"index","follow":"follow","max-snippet":"max-snippet:-1","max-image-preview":"max-image-preview:large","max-video-preview":"max-video-preview:-1"},"canonical":"https:\/\/portugalagent.com\/sv\/","og_locale":"sv_SE","og_type":"article","og_title":"Portugalagent -fastighetsm\u00e4klare p\u00e5 Silverkusten","og_description":"Salir do Porto ligger i s\u00f6dra delen av en fin lagun med l\u00e5nggrunda str\u00e4nder och n\u00e4rhet till det mesta p\u00e5 Silverkusten. Nu har vi en fin T2 till salu! Det lilla samh\u00e4llet Salir do Porto ligger i den s\u00f6dra delen av den vackra, halvcirkelformade lagunen S\u00e3o Martinho do Porto. L\u00e4genheten ligger i ett condo endast [&hellip;]","og_url":"https:\/\/portugalagent.com\/sv\/","og_site_name":"Portugal Agent","article_modified_time":"2021-11-19T17:58:16+00:00","og_image":[{"width":1800,"height":1200,"url":"https:\/\/portugalagent.com\/wp-content\/uploads\/2020\/12\/Lagunen-vid-Salir-do-Porto-17-december-2020.jpg?v=1608666081","type":"image\/jpeg"}],"twitter_card":"summary_large_image","twitter_misc":{"Ber\u00e4knad l\u00e4stid":"1 minut"},"schema":{"@context":"https:\/\/schema.org","@graph":[{"@type":"WebPage","@id":"https:\/\/portugalagent.com\/sv\/","url":"https:\/\/portugalagent.com\/sv\/","name":"Portugalagent -fastighetsm\u00e4klare p\u00e5 Silverkusten","isPartOf":{"@id":"https:\/\/portugalagent.com\/sv\/#website"},"datePublished":"2020-01-16T14:12:21+00:00","dateModified":"2021-11-19T17:58:16+00:00","breadcrumb":{"@id":"https:\/\/portugalagent.com\/sv\/#breadcrumb"},"inLanguage":"sv-SE","potentialAction":[{"@type":"ReadAction","target":["https:\/\/portugalagent.com\/sv\/"]}]},{"@type":"BreadcrumbList","@id":"https:\/\/portugalagent.com\/sv\/#breadcrumb","itemListElement":[{"@type":"ListItem","position":1,"name":"Home","item":"https:\/\/portugalagent.com\/sv\/"},{"@type":"ListItem","position":2,"name":"Portugalagent -fastighetsm\u00e4klare p\u00e5 Silverkusten"}]},{"@type":"WebSite","@id":"https:\/\/portugalagent.com\/sv\/#website","url":"https:\/\/portugalagent.com\/sv\/","name":"Portugal Agent","description":"","publisher":{"@id":"https:\/\/portugalagent.com\/sv\/#organization"},"potentialAction":[{"@type":"SearchAction","target":{"@type":"EntryPoint","urlTemplate":"https:\/\/portugalagent.com\/sv\/?s={search_term_string}"},"query-input":"required name=search_term_string"}],"inLanguage":"sv-SE"},{"@type":"Organization","@id":"https:\/\/portugalagent.com\/sv\/#organization","name":"Portugal Agent","url":"https:\/\/portugalagent.com\/sv\/","logo":{"@type":"ImageObject","inLanguage":"sv-SE","@id":"https:\/\/portugalagent.com\/sv\/#\/schema\/logo\/image\/","url":"https:\/\/portugalagent.com\/wp-content\/uploads\/2020\/11\/portugalagent.svg","contentUrl":"https:\/\/portugalagent.com\/wp-content\/uploads\/2020\/11\/portugalagent.svg","caption":"Portugal Agent"},"image":{"@id":"https:\/\/portugalagent.com\/sv\/#\/schema\/logo\/image\/"}}]}},"_links":{"self":[{"href":"https:\/\/portugalagent.com\/sv\/wp-json\/wp\/v2\/pages\/28354"}],"collection":[{"href":"https:\/\/portugalagent.com\/sv\/wp-json\/wp\/v2\/pages"}],"about":[{"href":"https:\/\/portugalagent.com\/sv\/wp-json\/wp\/v2\/types\/page"}],"author":[{"embeddable":true,"href":"https:\/\/portugalagent.com\/sv\/wp-json\/wp\/v2\/users\/6"}],"replies":[{"embeddable":true,"href":"https:\/\/portugalagent.com\/sv\/wp-json\/wp\/v2\/comments?post=28354"}],"version-history":[{"count":3,"href":"https:\/\/portugalagent.com\/sv\/wp-json\/wp\/v2\/pages\/28354\/revisions"}],"predecessor-version":[{"id":62727,"href":"https:\/\/portugalagent.com\/sv\/wp-json\/wp\/v2\/pages\/28354\/revisions\/62727"}],"wp:featuredmedia":[{"embeddable":true,"href":"https:\/\/portugalagent.com\/sv\/wp-json\/wp\/v2\/media\/57515"}],"wp:attachment":[{"href":"https:\/\/portugalagent.com\/sv\/wp-json\/wp\/v2\/media?parent=28354"}],"curies":[{"name":"wp","href":"https:\/\/api.w.org\/{rel}","templated":true}]}}