{"id":630,"date":"2020-01-15T23:42:31","date_gmt":"2020-01-15T23:42:31","guid":{"rendered":"https:\/\/www.go4digital-web.pt\/dev\/portugalagent\/?page_id=630"},"modified":"2021-05-11T15:57:55","modified_gmt":"2021-05-11T15:57:55","slug":"contact","status":"publish","type":"page","link":"https:\/\/portugalagent.com\/en\/contact\/","title":{"rendered":"Contact"},"content":{"rendered":"\n<div class=\"is-layout-flow wp-block-group\"><div class=\"wp-block-group__inner-container\">\n<h1>Are you looking for a real estate agent in Portugal? Contact Portugal Agent<\/h1>\n<\/div><\/div>\n\n\n\n<p>Portugal Agent is a real estate agency that helps its clients to sell and buy property. We are specialised in the beautiful southern parts of the Silver Coast in Portugal. From Peniche, in the south, to S\u00e3o Pedro de Moel, in the north, with an extra focus on the coastal strip between the three small towns of Nazar\u00e9, S\u00e3o Martinho do Porto and Foz do Arelho, as well as areas further into the country side which include fantastic cities such as Alcoba\u00e7a and Batalha.<\/p>\n\n\n\n<p>We have our office in Nazar\u00e9, on the main road next to the food market. We opened our office on <a href=\"https:\/\/portugalagent.com\/en\/opening-party-april-30\/\">April 30, 2015<\/a>. During the spring of 2020 we changed our name from Imo Nazar\u00e9 to Portugal Agent. All the rest is the same: Same team, Same service, Same office, Same client focus.<br><br>If you would like to get in touch with us, please fill in the form below with your contact details, and we will contact you shortly. Or contact one of our agents <a href=\"https:\/\/portugalagent.com\/en\/contact\/we-are-portugal-agent\/\">directly. <\/a> <\/p>\n\n\n\n<p>Visit us also on <a href=\"https:\/\/www.facebook.com\/Imonazare\">Facebook<\/a>  and<a href=\"http:\/\/Instagram\"> <\/a><a href=\"https:\/\/www.instagram.com\/imonazare\/\">Instagram<\/a>.<\/p>\n\n\n\n<p><\/p>\n\n\n\n<p><\/p>\n\n\n\n<h3>Portugal Agent &#8211; Silver Coast Real Estate<\/h3>\n\n\n\n<p><br><a href=\"mailto:info@portugalagent.com\">info@portugalagent.com<\/a><\/p>\n\n\n\n<div style=\"height:55px\"><\/div>\n\n\n\n<div class=\"is-layout-flex wp-container-4 wp-block-columns\">\n<div class=\"is-layout-flow wp-block-column\">\n<h3> Send us a message<\/h3>\n\n\n\n<div class=\"wpforms-container wpforms-container-full\" id=\"wpforms-531\"><form id=\"wpforms-form-531\" class=\"wpforms-validate wpforms-form wpforms-ajax-form\" data-formid=\"531\" method=\"post\" enctype=\"multipart\/form-data\" action=\"\/en\/wp-json\/wp\/v2\/pages\/630\" data-token=\"289c7779d29844d637f8ccb4e5d3802b\"><noscript class=\"wpforms-error-noscript\">Please enable JavaScript in your browser to complete this form.<\/noscript><div class=\"wpforms-field-container\"><div id=\"wpforms-531-field_1-container\" class=\"wpforms-field wpforms-field-text\" data-field-id=\"1\"><label class=\"wpforms-field-label\" for=\"wpforms-531-field_1\">Name* <span class=\"wpforms-required-label\">*<\/span><\/label><input type=\"text\" id=\"wpforms-531-field_1\" class=\"wpforms-field-medium wpforms-field-required\" name=\"wpforms[fields][1]\" required><\/div><div id=\"wpforms-531-field_2-container\" class=\"wpforms-field wpforms-field-text\" data-field-id=\"2\"><label class=\"wpforms-field-label\" for=\"wpforms-531-field_2\">Email* <span class=\"wpforms-required-label\">*<\/span><\/label><input type=\"text\" id=\"wpforms-531-field_2\" class=\"wpforms-field-medium wpforms-field-required\" name=\"wpforms[fields][2]\" required><\/div><div id=\"wpforms-531-field_3-container\" class=\"wpforms-field wpforms-field-text\" data-field-id=\"3\"><label class=\"wpforms-field-label\" for=\"wpforms-531-field_3\">Telephone*<\/label><input type=\"text\" id=\"wpforms-531-field_3\" class=\"wpforms-field-medium\" name=\"wpforms[fields][3]\" ><\/div><div id=\"wpforms-531-field_4-container\" class=\"wpforms-field wpforms-field-textarea\" data-field-id=\"4\"><label class=\"wpforms-field-label\" for=\"wpforms-531-field_4\">Message* <span class=\"wpforms-required-label\">*<\/span><\/label><textarea id=\"wpforms-531-field_4\" class=\"wpforms-field-small wpforms-field-required\" name=\"wpforms[fields][4]\" required><\/textarea><\/div><div id=\"wpforms-531-field_7-container\" class=\"wpforms-field wpforms-field-hidden\" data-field-id=\"7\"><input type=\"hidden\" id=\"wpforms-531-field_7\" name=\"wpforms[fields][7]\"><\/div><div id=\"wpforms-531-field_8-container\" class=\"wpforms-field wpforms-field-hidden\" data-field-id=\"8\"><input type=\"hidden\" id=\"wpforms-531-field_8\" name=\"wpforms[fields][8]\" value=\"https:\/\/portugalagent.com\/en\/wp-json\/wp\/v2\/pages\/630\"><\/div><div id=\"wpforms-531-field_5-container\" class=\"wpforms-field wpforms-field-checkbox wpforms-list-inline\" data-field-id=\"5\"><ul id=\"wpforms-531-field_5\" class=\"wpforms-field-required\"><li class=\"choice-1 depth-1\"><input type=\"checkbox\" id=\"wpforms-531-field_5_1\" name=\"wpforms[fields][5][]\" value=\"I agree with the &lt;a href=&quot;https:\/\/portugalagent.com\/terms-conditions\/&quot; target=&quot;_blank&quot;&gt;Terms &amp; Conditions&lt;\/a&gt;\" required ><label class=\"wpforms-field-label-inline\" for=\"wpforms-531-field_5_1\">I agree with the <a href=\"https:\/\/portugalagent.com\/terms-conditions\/\" target=\"_blank\">Terms &amp; Conditions<\/a><\/label><\/li><\/ul><\/div><\/div><div class=\"wpforms-field wpforms-field-hp\"><label for=\"wpforms-531-field-hp\" class=\"wpforms-field-label\">Name<\/label><input type=\"text\" name=\"wpforms[hp]\" id=\"wpforms-531-field-hp\" class=\"wpforms-field-medium\"><\/div><div class=\"wpforms-recaptcha-container wpforms-is-recaptcha\"><div class=\"g-recaptcha\" data-sitekey=\"6LecReIUAAAAAPepN5EhSOUEZdYM627EPh4Kl9h0\" data-size=\"invisible\"><\/div><\/div><div class=\"wpforms-submit-container\"><input type=\"hidden\" name=\"wpforms[id]\" value=\"531\"><input type=\"hidden\" name=\"wpforms[author]\" value=\"6\"><button type=\"submit\" name=\"wpforms[submit]\" id=\"wpforms-submit-531\" class=\"wpforms-submit\" data-alt-text=\"Sending...\" data-submit-text=\"SEND\" aria-live=\"assertive\" value=\"wpforms-submit\">SEND<\/button><img src=\"https:\/\/portugalagent.com\/wp-content\/plugins\/wpforms\/assets\/images\/submit-spin.svg\" class=\"wpforms-submit-spinner\" style=\"display: none;\" width=\"26\" height=\"26\" alt=\"Loading\"><\/div><\/form><\/div>  <!-- .wpforms-container -->\n<\/div>\n\n\n\n<div class=\"is-layout-flow wp-block-column\">\n<figure class=\"wp-block-image size-large is-resized\"><img decoding=\"async\" src=\"\/wp-content\/uploads\/2020\/01\/Mask-Group-62.jpg\" alt=\"\" class=\"wp-image-39477\" height=\"517\" srcset=\"https:\/\/portugalagent.com\/wp-content\/uploads\/2020\/01\/Mask-Group-62.jpg?v=1580138776 389w, https:\/\/portugalagent.com\/wp-content\/uploads\/2020\/01\/Mask-Group-62-214x300.jpg?v=1580138776 214w\" sizes=\"(max-width: 389px) 100vw, 389px\" \/><\/figure>\n<\/div>\n<\/div>\n","protected":false},"excerpt":{"rendered":"<p>Are you looking for a real estate agent in Portugal? Contact Portugal Agent Portugal Agent is a real estate agency that helps its clients to sell and buy property. We are specialised in the beautiful southern parts of the Silver Coast in Portugal. From Peniche, in the south, to S\u00e3o Pedro de Moel, in the [&hellip;]<\/p>\n","protected":false},"author":6,"featured_media":0,"parent":0,"menu_order":0,"comment_status":"closed","ping_status":"closed","template":"template-standardsubpage.php","meta":{"om_disable_all_campaigns":false,"_monsterinsights_skip_tracking":false,"_monsterinsights_sitenote_active":false,"_monsterinsights_sitenote_note":"","_monsterinsights_sitenote_category":0},"aioseo_notices":[],"yoast_head":"<!-- This site is optimized with the Yoast SEO plugin v19.10 - https:\/\/yoast.com\/wordpress\/plugins\/seo\/ -->\n<title>Looking for broker in Portugal? Contact Portugal agent<\/title>\n<meta name=\"robots\" content=\"index, follow, max-snippet:-1, max-image-preview:large, max-video-preview:-1\" \/>\n<link rel=\"canonical\" href=\"https:\/\/portugalagent.com\/en\/contact\/\" \/>\n<meta property=\"og:locale\" content=\"en_US\" \/>\n<meta property=\"og:type\" content=\"article\" \/>\n<meta property=\"og:title\" content=\"Looking for broker in Portugal? Contact Portugal agent\" \/>\n<meta property=\"og:description\" content=\"Are you looking for a real estate agent in Portugal? Contact Portugal Agent Portugal Agent is a real estate agency that helps its clients to sell and buy property. We are specialised in the beautiful southern parts of the Silver Coast in Portugal. From Peniche, in the south, to S\u00e3o Pedro de Moel, in the [&hellip;]\" \/>\n<meta property=\"og:url\" content=\"https:\/\/portugalagent.com\/en\/contact\/\" \/>\n<meta property=\"og:site_name\" content=\"Portugal Agent\" \/>\n<meta property=\"article:modified_time\" content=\"2021-05-11T15:57:55+00:00\" \/>\n<meta name=\"twitter:card\" content=\"summary_large_image\" \/>\n<meta name=\"twitter:label1\" content=\"Est. reading time\" \/>\n\t<meta name=\"twitter:data1\" content=\"2 minutes\" \/>\n<script type=\"application\/ld+json\" class=\"yoast-schema-graph\">{\"@context\":\"https:\/\/schema.org\",\"@graph\":[{\"@type\":\"WebPage\",\"@id\":\"https:\/\/portugalagent.com\/en\/contact\/\",\"url\":\"https:\/\/portugalagent.com\/en\/contact\/\",\"name\":\"Looking for broker in Portugal? Contact Portugal agent\",\"isPartOf\":{\"@id\":\"https:\/\/portugalagent.com\/en\/#website\"},\"datePublished\":\"2020-01-15T23:42:31+00:00\",\"dateModified\":\"2021-05-11T15:57:55+00:00\",\"breadcrumb\":{\"@id\":\"https:\/\/portugalagent.com\/en\/contact\/#breadcrumb\"},\"inLanguage\":\"en-US\",\"potentialAction\":[{\"@type\":\"ReadAction\",\"target\":[\"https:\/\/portugalagent.com\/en\/contact\/\"]}]},{\"@type\":\"BreadcrumbList\",\"@id\":\"https:\/\/portugalagent.com\/en\/contact\/#breadcrumb\",\"itemListElement\":[{\"@type\":\"ListItem\",\"position\":1,\"name\":\"Home\",\"item\":\"https:\/\/portugalagent.com\/en\/\"},{\"@type\":\"ListItem\",\"position\":2,\"name\":\"Contact\"}]},{\"@type\":\"WebSite\",\"@id\":\"https:\/\/portugalagent.com\/en\/#website\",\"url\":\"https:\/\/portugalagent.com\/en\/\",\"name\":\"Portugal Agent\",\"description\":\"\",\"publisher\":{\"@id\":\"https:\/\/portugalagent.com\/en\/#organization\"},\"potentialAction\":[{\"@type\":\"SearchAction\",\"target\":{\"@type\":\"EntryPoint\",\"urlTemplate\":\"https:\/\/portugalagent.com\/en\/?s={search_term_string}\"},\"query-input\":\"required name=search_term_string\"}],\"inLanguage\":\"en-US\"},{\"@type\":\"Organization\",\"@id\":\"https:\/\/portugalagent.com\/en\/#organization\",\"name\":\"Portugal Agent\",\"url\":\"https:\/\/portugalagent.com\/en\/\",\"logo\":{\"@type\":\"ImageObject\",\"inLanguage\":\"en-US\",\"@id\":\"https:\/\/portugalagent.com\/en\/#\/schema\/logo\/image\/\",\"url\":\"https:\/\/portugalagent.com\/wp-content\/uploads\/2020\/11\/portugalagent.svg\",\"contentUrl\":\"https:\/\/portugalagent.com\/wp-content\/uploads\/2020\/11\/portugalagent.svg\",\"caption\":\"Portugal Agent\"},\"image\":{\"@id\":\"https:\/\/portugalagent.com\/en\/#\/schema\/logo\/image\/\"}}]}<\/script>\n<!-- \/ Yoast SEO plugin. -->","yoast_head_json":{"title":"Looking for broker in Portugal? Contact Portugal agent","robots":{"index":"index","follow":"follow","max-snippet":"max-snippet:-1","max-image-preview":"max-image-preview:large","max-video-preview":"max-video-preview:-1"},"canonical":"https:\/\/portugalagent.com\/en\/contact\/","og_locale":"en_US","og_type":"article","og_title":"Looking for broker in Portugal? Contact Portugal agent","og_description":"Are you looking for a real estate agent in Portugal? Contact Portugal Agent Portugal Agent is a real estate agency that helps its clients to sell and buy property. We are specialised in the beautiful southern parts of the Silver Coast in Portugal. From Peniche, in the south, to S\u00e3o Pedro de Moel, in the [&hellip;]","og_url":"https:\/\/portugalagent.com\/en\/contact\/","og_site_name":"Portugal Agent","article_modified_time":"2021-05-11T15:57:55+00:00","twitter_card":"summary_large_image","twitter_misc":{"Est. reading time":"2 minutes"},"schema":{"@context":"https:\/\/schema.org","@graph":[{"@type":"WebPage","@id":"https:\/\/portugalagent.com\/en\/contact\/","url":"https:\/\/portugalagent.com\/en\/contact\/","name":"Looking for broker in Portugal? Contact Portugal agent","isPartOf":{"@id":"https:\/\/portugalagent.com\/en\/#website"},"datePublished":"2020-01-15T23:42:31+00:00","dateModified":"2021-05-11T15:57:55+00:00","breadcrumb":{"@id":"https:\/\/portugalagent.com\/en\/contact\/#breadcrumb"},"inLanguage":"en-US","potentialAction":[{"@type":"ReadAction","target":["https:\/\/portugalagent.com\/en\/contact\/"]}]},{"@type":"BreadcrumbList","@id":"https:\/\/portugalagent.com\/en\/contact\/#breadcrumb","itemListElement":[{"@type":"ListItem","position":1,"name":"Home","item":"https:\/\/portugalagent.com\/en\/"},{"@type":"ListItem","position":2,"name":"Contact"}]},{"@type":"WebSite","@id":"https:\/\/portugalagent.com\/en\/#website","url":"https:\/\/portugalagent.com\/en\/","name":"Portugal Agent","description":"","publisher":{"@id":"https:\/\/portugalagent.com\/en\/#organization"},"potentialAction":[{"@type":"SearchAction","target":{"@type":"EntryPoint","urlTemplate":"https:\/\/portugalagent.com\/en\/?s={search_term_string}"},"query-input":"required name=search_term_string"}],"inLanguage":"en-US"},{"@type":"Organization","@id":"https:\/\/portugalagent.com\/en\/#organization","name":"Portugal Agent","url":"https:\/\/portugalagent.com\/en\/","logo":{"@type":"ImageObject","inLanguage":"en-US","@id":"https:\/\/portugalagent.com\/en\/#\/schema\/logo\/image\/","url":"https:\/\/portugalagent.com\/wp-content\/uploads\/2020\/11\/portugalagent.svg","contentUrl":"https:\/\/portugalagent.com\/wp-content\/uploads\/2020\/11\/portugalagent.svg","caption":"Portugal Agent"},"image":{"@id":"https:\/\/portugalagent.com\/en\/#\/schema\/logo\/image\/"}}]}},"_links":{"self":[{"href":"https:\/\/portugalagent.com\/en\/wp-json\/wp\/v2\/pages\/630"}],"collection":[{"href":"https:\/\/portugalagent.com\/en\/wp-json\/wp\/v2\/pages"}],"about":[{"href":"https:\/\/portugalagent.com\/en\/wp-json\/wp\/v2\/types\/page"}],"author":[{"embeddable":true,"href":"https:\/\/portugalagent.com\/en\/wp-json\/wp\/v2\/users\/6"}],"replies":[{"embeddable":true,"href":"https:\/\/portugalagent.com\/en\/wp-json\/wp\/v2\/comments?post=630"}],"version-history":[{"count":26,"href":"https:\/\/portugalagent.com\/en\/wp-json\/wp\/v2\/pages\/630\/revisions"}],"predecessor-version":[{"id":58298,"href":"https:\/\/portugalagent.com\/en\/wp-json\/wp\/v2\/pages\/630\/revisions\/58298"}],"wp:attachment":[{"href":"https:\/\/portugalagent.com\/en\/wp-json\/wp\/v2\/media?parent=630"}],"curies":[{"name":"wp","href":"https:\/\/api.w.org\/{rel}","templated":true}]}}