{"id":559,"date":"2020-01-15T16:08:36","date_gmt":"2020-01-15T16:08:36","guid":{"rendered":"https:\/\/www.go4digital-web.pt\/dev\/portugalagent\/?page_id=559"},"modified":"2020-05-20T14:14:12","modified_gmt":"2020-05-20T14:14:12","slug":"our-services","status":"publish","type":"page","link":"https:\/\/portugalagent.com\/en\/our-services\/","title":{"rendered":"Our Services"},"content":{"rendered":"\n<h4><strong>Portugal Agent &#8211; Silver Coast Real Estate &#8211; is a real estate agency that takes pride in having a personal and long relationship with its customers; sellers and buyers of properties on the Silver Coast of Portugal. <\/strong><\/h4>\n\n\n\n<ul><li><strong>If you are in the process of selling your property <\/strong><\/li><\/ul>\n\n\n\n<p>We know what is required to sell your property. Our marketing methods as well as technology tools, alongside our personal touch, allow us to find the best way to sell your property and achieve your goal \u2014 that is ours as well. Read more <a href=\"https:\/\/portugalagent.com\/en\/sell-with-us\/\">here <\/a>about how we find the best way to sell your property. <\/p>\n\n\n\n<ul><li><strong>If you want to buy a property on the Silver coast in Portugal <\/strong><\/li><\/ul>\n\n\n\n<p>Buying a house or an apartment is usually one of your largest investments.  The needs of each family member are important. We commit to having an in-depth understanding of your needs and finding the property you are looking for. Therefore, you will only spend time on properties that can be of interest for you, rather than everything that is on the market. Once you have your new property, we will assist you with whatever is needed to make you feel at home. Check out our current properties for sale <a href=\"https:\/\/www.portugalagent.pt\/\">here<\/a>.<\/p>\n\n\n\n<div style=\"height: 50px\" ;=\"\"><\/div>\n\n\n\n<div class=\"is-layout-flex wp-container-13 wp-block-columns\">\n<div class=\"is-layout-flow wp-block-column\">\n<div class=\"is-layout-flex wp-container-3 wp-block-columns\">\n<div class=\"is-layout-flow wp-block-column\" style=\"flex-basis:20%\">\n<figure class=\"wp-block-image size-large is-resized\"><img decoding=\"async\" loading=\"lazy\" src=\"\/wp-content\/uploads\/2020\/01\/Group-1-1.svg\" alt=\"\" class=\"wp-image-39439\" width=\"42\" height=\"42\"\/><\/figure>\n<\/div>\n\n\n\n<div class=\"is-layout-flow wp-block-column\" style=\"flex-basis:80%\">\n<h4>International Experience<br> <\/h4>\n\n\n\n<p> We understand your needs <\/p>\n<\/div>\n<\/div>\n<\/div>\n\n\n\n<div class=\"is-layout-flow wp-block-column\">\n<div class=\"is-layout-flex wp-container-7 wp-block-columns\">\n<div class=\"is-layout-flow wp-block-column\" style=\"flex-basis:20%\">\n<figure class=\"wp-block-image size-large is-resized\"><img decoding=\"async\" loading=\"lazy\" src=\"\/wp-content\/uploads\/2020\/01\/Group-4.svg\" alt=\"\" class=\"wp-image-39435\" width=\"42\" height=\"42\"\/><\/figure>\n<\/div>\n\n\n\n<div class=\"is-layout-flow wp-block-column\" style=\"flex-basis:80%\">\n<h4>Local Knowledge<br><\/h4>\n\n\n\n<p>  We know the area and the right price  <\/p>\n<\/div>\n<\/div>\n<\/div>\n\n\n\n<div class=\"is-layout-flow wp-block-column\">\n<div class=\"is-layout-flex wp-container-11 wp-block-columns\">\n<div class=\"is-layout-flow wp-block-column\" style=\"flex-basis:20%\">\n<figure class=\"wp-block-image size-large is-resized\"><img decoding=\"async\" loading=\"lazy\" src=\"\/wp-content\/uploads\/2020\/01\/Group-9.svg\" alt=\"\" class=\"wp-image-39431\" width=\"42\" height=\"42\"\/><\/figure>\n<\/div>\n\n\n\n<div class=\"is-layout-flow wp-block-column\" style=\"flex-basis:80%\">\n<h4>Good Network<br> <\/h4>\n\n\n\n<p> We have the right contacts <\/p>\n<\/div>\n<\/div>\n<\/div>\n<\/div>\n\n\n\n<div class=\"is-layout-flex wp-container-26 wp-block-columns\">\n<div class=\"is-layout-flow wp-block-column\">\n<div class=\"is-layout-flex wp-container-16 wp-block-columns\">\n<div class=\"is-layout-flow wp-block-column\" style=\"flex-basis:20%\">\n<figure class=\"wp-block-image size-large is-resized\"><img decoding=\"async\" loading=\"lazy\" src=\"\/wp-content\/uploads\/2020\/01\/Group-30.svg\" alt=\"\" class=\"wp-image-39427\" width=\"42\" height=\"42\"\/><\/figure>\n<\/div>\n\n\n\n<div class=\"is-layout-flow wp-block-column\" style=\"flex-basis:80%\">\n<h4>100% commitment<\/h4>\n\n\n\n<p>  We help you with all details before and after <\/p>\n<\/div>\n<\/div>\n<\/div>\n\n\n\n<div class=\"is-layout-flow wp-block-column\">\n<div class=\"is-layout-flex wp-container-20 wp-block-columns\">\n<div class=\"is-layout-flow wp-block-column\" style=\"flex-basis:20%\">\n<figure class=\"wp-block-image size-large is-resized\"><img decoding=\"async\" loading=\"lazy\" src=\"\/wp-content\/uploads\/2020\/01\/ssasa.png\" alt=\"\" class=\"wp-image-39719\" width=\"42\" height=\"42\"\/><\/figure>\n<\/div>\n\n\n\n<div class=\"is-layout-flow wp-block-column\" style=\"flex-basis:80%\">\n<h4>Find your property<\/h4>\n\n\n\n<p>We will find what you are looking for    <\/p>\n<\/div>\n<\/div>\n<\/div>\n\n\n\n<div class=\"is-layout-flow wp-block-column\">\n<div class=\"is-layout-flex wp-container-24 wp-block-columns\">\n<div class=\"is-layout-flow wp-block-column\" style=\"flex-basis:20%\">\n<figure class=\"wp-block-image size-large\"><img decoding=\"async\" src=\"\/wp-content\/uploads\/2020\/01\/Group-820.svg\" alt=\"\" class=\"wp-image-39714\"\/><\/figure>\n<\/div>\n\n\n\n<div class=\"is-layout-flow wp-block-column\" style=\"flex-basis:80%\">\n<h4>Free valuation<\/h4>\n\n\n\n<p> We know the right price of your property <\/p>\n<\/div>\n<\/div>\n<\/div>\n<\/div>\n\n\n\n<h2>International Experience \u2013 we understand your needs<\/h2>\n\n\n\n<p>Portugal Agent has its office in Nazar\u00e9, located on the Silver Coast of Portugal. Two of the founders of the company are from the area and have a wide experience from working with real estate there. The other two founders are from Sweden and bought properties in Nazar\u00e9 in 2013. Therefore, they have recent personal experience of buying property in Portugal. Furthermore, they come with a vast experience of running businesses, effective web marketing and multinational large enterprises. Together, the team has the ability to understand both the seller and the buyer\u00b4s needs, regardless of whether they are Portuguese or international.<\/p>\n\n\n\n<div style=\"height:20px\"><\/div>\n\n\n\n<h2>Local Knowledge \u2013 we know the area and the right price<\/h2>\n\n\n\n<p>Portugal Agent*  is specialised in the southern parts of the Silver Coast. From Peniche, in the south, to S\u00e3o Pedro de Moel, in the north, with an extra focus on the coastal strip with the three small towns of Nazar\u00e9, S\u00e3o Martinho do Porto and Foz do Arelho. We also work with the nice areas further into the countryside which include fantastic cities such as Alcoba\u00e7a and Caldas da Rainha, to name a few.<br><\/p>\n\n\n\n<p>All 4 owners of Portugal Agent live in Nazar\u00e9. Rita and Renato have lived there all their life, Kari and Niklas since 2013. The owners of Portugal Agent have experience of Real Estate on the Silver cost since 2005.  And we have helped more than 500 clients in the buying and selling process since we started in 2015, both in Nazar\u00e9 as well as in the surrounding area. We will help you with:<\/p>\n\n\n\n<ul><li>Finding the property you are looking for<\/li><li>Being your guide in choosing the property<\/li><li>Finding the suitable price of the property<\/li><li>General advice in the buying and selling process as well as in issues related to this<\/li><\/ul>\n\n\n\n<p>Do you want to know the right price of your property? Find out more <a href=\"https:\/\/portugalagent.com\/en\/our-services\/free-valuation-of-your-property\/\">here:<\/a> <\/p>\n\n\n\n<p>*Portugal Agent was formerly named Imo Nazar\u00e9. In 2020 the company changed its name to Portugal Agent. Everything else is the same: Same team,  Same founders, Same service, Same location. New name: Portugal Agent.<\/p>\n\n\n\n<div style=\"height:20px\"><\/div>\n\n\n\n<h2>Good Network \u2013 we have the right contacts<\/h2>\n\n\n\n<p>The founders of Portugal Agent have both the background from the real estate business in Portugal as well as in Sweden. Furthermore, we have long experience from web marketing in Sweden \u2013 we know what is necessary to give the property you want to sell the best exposure. We have recently bought property ourselves in Nazar\u00e9 and know what makes people satisfied when buying property in Portugal. Here are areas in which we can be of help:<\/p>\n\n\n\n<ul><li>Contact with tax advisors in Portugal as well as in your local country<\/li><li>Contacts with competent authorities when buying a property<\/li><li>Contact with skilled craftsmen<\/li><li>Bank contacts<\/li><li>Extensive network in Sweden for marketing the property that you want to sell<\/li><li>Contact with real estate partners in areas in Portugal where we do not operate ourselves<\/li><\/ul>\n\n\n\n<div style=\"height:20px\"><\/div>\n\n\n\n<h2>100% commitment &#8211; we help you with all details before and after<\/h2>\n\n\n\n<p>Portugal Agent offers a wide variety of after sales services.                                                                           Many real estate agents leave the buyer after their purchase has been completed. We know that many customers also need help afterwards, especially if you are new in the area or only live in your house during short periods. We want you to feel safe and comfortable. These are examples of areas in which we can be of help:<\/p>\n\n\n\n<ul><li>Contact with local business people whose services we have used ourselves and with whom we like to work; carpenters, painters, electricians, swimming pool maintenance companies, gardeners,etc<\/li><li> Insurance, Alarm system, Internet service<\/li><li> Swimming pool service<\/li><li> Holiday rental \u2013 a source for good extra income<\/li><li> Cleaning<\/li><li> Gardening<\/li><li> Looking after your property when you are away, checking mailbox,etc<\/li><li>Others, such as furniture stores, porcelain,decoration, rugs\/carpets, curtains,etc\u2026<\/li><li>Check out some of these in our <a href=\"https:\/\/portugalagent.com\/en\/contact\/links\/\">links<\/a> library<\/li><\/ul>\n\n\n\n<h2>Find your property &#8211; We will find what you are looking for<\/h2>\n\n\n\n<ul><li>Read more <a href=\"https:\/\/portugalagent.com\/en\/our-services\/find-your-property\/\">here<\/a><\/li><\/ul>\n\n\n\n<h2>Free valuation &#8211; We know the right price of your property <\/h2>\n\n\n\n<ul><li>Read more <a href=\"https:\/\/portugalagent.com\/en\/our-services\/free-valuation-of-your-property\/\">here<\/a><\/li><\/ul>\n\n\n\n<h2>Welcome to Portugal Agent. We know Silver Coast real estate!<\/h2>\n","protected":false},"excerpt":{"rendered":"<p>Portugal Agent &#8211; Silver Coast Real Estate &#8211; is a real estate agency that takes pride in having a personal and long relationship with its customers; sellers and buyers of properties on the Silver Coast of Portugal. If you are in the process of selling your property We know what is required to sell your [&hellip;]<\/p>\n","protected":false},"author":6,"featured_media":0,"parent":0,"menu_order":0,"comment_status":"closed","ping_status":"closed","template":"layoutSidebar.php","meta":{"om_disable_all_campaigns":false,"_monsterinsights_skip_tracking":false,"_monsterinsights_sitenote_active":false,"_monsterinsights_sitenote_note":"","_monsterinsights_sitenote_category":0},"aioseo_notices":[],"yoast_head":"<!-- This site is optimized with the Yoast SEO plugin v19.10 - https:\/\/yoast.com\/wordpress\/plugins\/seo\/ -->\n<title>Our Services - Portugal Agent<\/title>\n<meta name=\"robots\" content=\"index, follow, max-snippet:-1, max-image-preview:large, max-video-preview:-1\" \/>\n<link rel=\"canonical\" href=\"https:\/\/portugalagent.com\/en\/our-services\/\" \/>\n<meta property=\"og:locale\" content=\"en_US\" \/>\n<meta property=\"og:type\" content=\"article\" \/>\n<meta property=\"og:title\" content=\"Our Services - Portugal Agent\" \/>\n<meta property=\"og:description\" content=\"Portugal Agent &#8211; Silver Coast Real Estate &#8211; is a real estate agency that takes pride in having a personal and long relationship with its customers; sellers and buyers of properties on the Silver Coast of Portugal. If you are in the process of selling your property We know what is required to sell your [&hellip;]\" \/>\n<meta property=\"og:url\" content=\"https:\/\/portugalagent.com\/en\/our-services\/\" \/>\n<meta property=\"og:site_name\" content=\"Portugal Agent\" \/>\n<meta property=\"article:modified_time\" content=\"2020-05-20T14:14:12+00:00\" \/>\n<meta name=\"twitter:card\" content=\"summary_large_image\" \/>\n<meta name=\"twitter:label1\" content=\"Est. reading time\" \/>\n\t<meta name=\"twitter:data1\" content=\"5 minutes\" \/>\n<script type=\"application\/ld+json\" class=\"yoast-schema-graph\">{\"@context\":\"https:\/\/schema.org\",\"@graph\":[{\"@type\":\"WebPage\",\"@id\":\"https:\/\/portugalagent.com\/en\/our-services\/\",\"url\":\"https:\/\/portugalagent.com\/en\/our-services\/\",\"name\":\"Our Services - Portugal Agent\",\"isPartOf\":{\"@id\":\"https:\/\/portugalagent.com\/en\/#website\"},\"datePublished\":\"2020-01-15T16:08:36+00:00\",\"dateModified\":\"2020-05-20T14:14:12+00:00\",\"breadcrumb\":{\"@id\":\"https:\/\/portugalagent.com\/en\/our-services\/#breadcrumb\"},\"inLanguage\":\"en-US\",\"potentialAction\":[{\"@type\":\"ReadAction\",\"target\":[\"https:\/\/portugalagent.com\/en\/our-services\/\"]}]},{\"@type\":\"BreadcrumbList\",\"@id\":\"https:\/\/portugalagent.com\/en\/our-services\/#breadcrumb\",\"itemListElement\":[{\"@type\":\"ListItem\",\"position\":1,\"name\":\"Home\",\"item\":\"https:\/\/portugalagent.com\/en\/\"},{\"@type\":\"ListItem\",\"position\":2,\"name\":\"Our Services\"}]},{\"@type\":\"WebSite\",\"@id\":\"https:\/\/portugalagent.com\/en\/#website\",\"url\":\"https:\/\/portugalagent.com\/en\/\",\"name\":\"Portugal Agent\",\"description\":\"\",\"publisher\":{\"@id\":\"https:\/\/portugalagent.com\/en\/#organization\"},\"potentialAction\":[{\"@type\":\"SearchAction\",\"target\":{\"@type\":\"EntryPoint\",\"urlTemplate\":\"https:\/\/portugalagent.com\/en\/?s={search_term_string}\"},\"query-input\":\"required name=search_term_string\"}],\"inLanguage\":\"en-US\"},{\"@type\":\"Organization\",\"@id\":\"https:\/\/portugalagent.com\/en\/#organization\",\"name\":\"Portugal Agent\",\"url\":\"https:\/\/portugalagent.com\/en\/\",\"logo\":{\"@type\":\"ImageObject\",\"inLanguage\":\"en-US\",\"@id\":\"https:\/\/portugalagent.com\/en\/#\/schema\/logo\/image\/\",\"url\":\"https:\/\/portugalagent.com\/wp-content\/uploads\/2020\/11\/portugalagent.svg\",\"contentUrl\":\"https:\/\/portugalagent.com\/wp-content\/uploads\/2020\/11\/portugalagent.svg\",\"caption\":\"Portugal Agent\"},\"image\":{\"@id\":\"https:\/\/portugalagent.com\/en\/#\/schema\/logo\/image\/\"}}]}<\/script>\n<!-- \/ Yoast SEO plugin. -->","yoast_head_json":{"title":"Our Services - Portugal Agent","robots":{"index":"index","follow":"follow","max-snippet":"max-snippet:-1","max-image-preview":"max-image-preview:large","max-video-preview":"max-video-preview:-1"},"canonical":"https:\/\/portugalagent.com\/en\/our-services\/","og_locale":"en_US","og_type":"article","og_title":"Our Services - Portugal Agent","og_description":"Portugal Agent &#8211; Silver Coast Real Estate &#8211; is a real estate agency that takes pride in having a personal and long relationship with its customers; sellers and buyers of properties on the Silver Coast of Portugal. If you are in the process of selling your property We know what is required to sell your [&hellip;]","og_url":"https:\/\/portugalagent.com\/en\/our-services\/","og_site_name":"Portugal Agent","article_modified_time":"2020-05-20T14:14:12+00:00","twitter_card":"summary_large_image","twitter_misc":{"Est. reading time":"5 minutes"},"schema":{"@context":"https:\/\/schema.org","@graph":[{"@type":"WebPage","@id":"https:\/\/portugalagent.com\/en\/our-services\/","url":"https:\/\/portugalagent.com\/en\/our-services\/","name":"Our Services - Portugal Agent","isPartOf":{"@id":"https:\/\/portugalagent.com\/en\/#website"},"datePublished":"2020-01-15T16:08:36+00:00","dateModified":"2020-05-20T14:14:12+00:00","breadcrumb":{"@id":"https:\/\/portugalagent.com\/en\/our-services\/#breadcrumb"},"inLanguage":"en-US","potentialAction":[{"@type":"ReadAction","target":["https:\/\/portugalagent.com\/en\/our-services\/"]}]},{"@type":"BreadcrumbList","@id":"https:\/\/portugalagent.com\/en\/our-services\/#breadcrumb","itemListElement":[{"@type":"ListItem","position":1,"name":"Home","item":"https:\/\/portugalagent.com\/en\/"},{"@type":"ListItem","position":2,"name":"Our Services"}]},{"@type":"WebSite","@id":"https:\/\/portugalagent.com\/en\/#website","url":"https:\/\/portugalagent.com\/en\/","name":"Portugal Agent","description":"","publisher":{"@id":"https:\/\/portugalagent.com\/en\/#organization"},"potentialAction":[{"@type":"SearchAction","target":{"@type":"EntryPoint","urlTemplate":"https:\/\/portugalagent.com\/en\/?s={search_term_string}"},"query-input":"required name=search_term_string"}],"inLanguage":"en-US"},{"@type":"Organization","@id":"https:\/\/portugalagent.com\/en\/#organization","name":"Portugal Agent","url":"https:\/\/portugalagent.com\/en\/","logo":{"@type":"ImageObject","inLanguage":"en-US","@id":"https:\/\/portugalagent.com\/en\/#\/schema\/logo\/image\/","url":"https:\/\/portugalagent.com\/wp-content\/uploads\/2020\/11\/portugalagent.svg","contentUrl":"https:\/\/portugalagent.com\/wp-content\/uploads\/2020\/11\/portugalagent.svg","caption":"Portugal Agent"},"image":{"@id":"https:\/\/portugalagent.com\/en\/#\/schema\/logo\/image\/"}}]}},"_links":{"self":[{"href":"https:\/\/portugalagent.com\/en\/wp-json\/wp\/v2\/pages\/559"}],"collection":[{"href":"https:\/\/portugalagent.com\/en\/wp-json\/wp\/v2\/pages"}],"about":[{"href":"https:\/\/portugalagent.com\/en\/wp-json\/wp\/v2\/types\/page"}],"author":[{"embeddable":true,"href":"https:\/\/portugalagent.com\/en\/wp-json\/wp\/v2\/users\/6"}],"replies":[{"embeddable":true,"href":"https:\/\/portugalagent.com\/en\/wp-json\/wp\/v2\/comments?post=559"}],"version-history":[{"count":34,"href":"https:\/\/portugalagent.com\/en\/wp-json\/wp\/v2\/pages\/559\/revisions"}],"predecessor-version":[{"id":55323,"href":"https:\/\/portugalagent.com\/en\/wp-json\/wp\/v2\/pages\/559\/revisions\/55323"}],"wp:attachment":[{"href":"https:\/\/portugalagent.com\/en\/wp-json\/wp\/v2\/media?parent=559"}],"curies":[{"name":"wp","href":"https:\/\/api.w.org\/{rel}","templated":true}]}}