{"id":39105,"date":"2020-01-22T14:56:50","date_gmt":"2020-01-22T14:56:50","guid":{"rendered":"https:\/\/www.go4digital-web.pt\/dev\/portugalagent\/?page_id=39105"},"modified":"2020-02-24T12:39:24","modified_gmt":"2020-02-24T12:39:24","slug":"terms-conditions","status":"publish","type":"page","link":"https:\/\/portugalagent.com\/en\/terms-conditions\/","title":{"rendered":"Terms &#038; conditions"},"content":{"rendered":"\n<p>This\nwebsite is owned by Portugal Agent under the company name of Imo-Framgang &amp;\nNaza Media\u00e7\u00e3o imobili\u00e1ria Lda, Lic. Ami 11096 (hereinafter \u201cPA\u201d), headquartered\nat Avendia Vieira Guimar\u00e3es, No 30L, 2450-110 Nazar\u00e9, Portugal, NIPC 51346101.\nThe website is managed by PA and hosted by Loopia AB, Kopparbergsv\u00e4gen 8, 722\n13 V\u00e4ster\u00e5s, Sweden, Org no 556633-9304. &nbsp;<\/p>\n\n\n\n<p>The\ncontent of this site is made available for the purpose of providing general information\nand does not constitute the provision of services. PA is not liable for any\ndamages that may occur in relation to the information contained on this site.&nbsp;<\/p>\n\n\n\n<p>PA\nauthorizes the downloading and temporary storage of content from this site, to\nbe viewed on a personal computer or monitor. Reproduction, permanent storage or\nretransmission of the content of this site, without the prior written\npermission of PA, is expressly prohibited. All rights related to this site are\nthe exclusive property of PA.<\/p>\n\n\n\n<p>PA\nreserves the right to withdraw or change its services without prior notice and\nmay not be held responsible if, for any reason, this website is unavailable for\na certain period of time. Occasionally, PA may restrict access to all or some\nareas of this website.<\/p>\n\n\n\n<p>Some\nlinks on this website lead you to external websites; when you click on these\nlinks, you will leave the PA website and PA will have no control over those\nwebsites or their content and will not accept any responsibility for the\nmaterial and content on them. Therefore, PA advises you to check the security\nand privacy policy of those sites.<\/p>\n\n\n\n<p>By\naccessing and using this website, you expressly agree to these terms of use,\nwhich may be updated at any time by PA.<\/p>\n\n\n\n<p><strong>PRIVACY POLICY:<\/strong><\/p>\n\n\n\n<p>We\naim to ensure and protect the privacy of our customers and visitors and to\ncomply with the legal obligations therein. Our Privacy Policy establishes the\ntreatment of any personal information you provide to us when you use this site.\nIt also describes how we use internet cookies and some of the security measures\nwe take to protect your privacy, as well as providing guarantees regarding what\nyou will not be able to do.<\/p>\n\n\n\n<p>The\ninformation we collect and how we will use it<\/p>\n\n\n\n<p>When\nyou register on our site, we collect the information you choose to fill out on\nour forms, such as your name, phone number, and email address. We gather this\ninformation so that we can process your requests and efficiently manage any\ntransactions, as well as use it to develop and improve our services.<\/p>\n\n\n\n<p>We\nmay use aggregated information to track the use of our services and to help us\ndevelop and improve our site. However, the aggregated information and\nstatistics do not include details that can be used to identify you.<\/p>\n\n\n\n<p>We\nmay have received personal information from other companies and organizations\n(e.g. for marketing purposes) and we rely on these third parties to obtain your\nconsent so that we may use this information.<\/p>\n\n\n\n<p><strong>The use of cookies<\/strong><\/p>\n\n\n\n<p>We\nuse cookies on this site. A cookie is a small text file that identifies your\ncomputer on our server. Cookies themselves do not identify the individual user,\nonly the computer used. Cookies are not used to collect personal\ninformation.&nbsp;<\/p>\n\n\n\n<p>You have the ability at any time to set up your computer to accept\nall cookies, to notify you when a cookie is issued or to not receive any\ncookies. How you do this depends on the web browser you use. Please refer to\nyour browser\u2019s \u201cHelp\u201d function. If you accept cookies, they may remain on your\ncomputer for many years unless you delete them. If you turn off cookies, your\nuse of websites in general may be limited. Here is a list of the main cookies\nwe use, and what their function is:<\/p>\n\n\n\n<p>PHPSESSID This cookie is essential and allows the site to respond\nto any action you carry out on the site, such as completing a form. The site\nmay not function properly if this cookie is not used.<\/p>\n\n\n\n<p>xms_user This cookie is used by back-office users. The site\nfunctions properly if this cookie is not used.<\/p>\n\n\n\n<p>_utma, __utmb, __utmc, __utmz Cookies starting with \u201c_utm\u201d allow\nthe function of analytics software. This software helps analyse visitors to the\nsite and provide anonymous information such as browsers used, return visitors,\nand response to marketing activities. This information helps us improve the site\nand the online user experience.<\/p>\n\n\n\n<p>__atuvc, uid, uit, user_segment Cookies created and read by the\nwebsite JavaScript that allow content to be shared on social networks\nintegrated with AddThis.<\/p>\n\n\n\n<p>GOOGLE MAPS SID, SAPISID, APISID, SSID, HSID, NID, PREF Cookies\nused by Google to store preferences used when creating maps.<\/p>\n\n\n\n<p>Web browsers allow you to exercise some control of cookies through\nthe browser settings. Most browsers allow you to block cookies or block cookies\nfrom specific websites. Browsers can also help you delete cookies when you\nclose your browser. However, you should note that this may mean that any\nopt-outs or preferences set on the site will be lost. To learn more about\ncookies, including how to see what cookies have been created and how to manage\nand delete them, visit&nbsp;<a href=\"http:\/\/www.allaboutcookies.org\">www.allaboutcookies.org<\/a>&nbsp;which\nincludes information on how to manage your settings for various browser\nproviders.<\/p>\n\n\n\n<p>Google\nAnalytics Opt-out Browser Add-on<\/p>\n\n\n\n<p>To\nprovide visitors with a greater choice about how their data is collected by\nGoogle Analytics, Google has developed the Google Analytics Opt-out Browser\nAdd-on. The add-on communicates with the Google Analytics JavaScript (ga.js) to\nindicate that site visit information should not be sent to Google Analytics.\nThe Google Analytics Opt-out Browser Add-on does not prevent information from\nbeing sent to the site itself or to other web analytics services. You can learn\nmore about Google Analytics Opt-out Browser Add-on at: &nbsp;<a href=\"https:\/\/tools.google.com\/dlpage\/gaoptout?hl=None\">https:\/\/tools.google.com\/dlpage\/gaoptout?hl=None<\/a><\/p>\n","protected":false},"excerpt":{"rendered":"<p>This website is owned by Portugal Agent under the company name of Imo-Framgang &amp; Naza Media\u00e7\u00e3o imobili\u00e1ria Lda, Lic. Ami 11096 (hereinafter \u201cPA\u201d), headquartered at Avendia Vieira Guimar\u00e3es, No 30L, 2450-110 Nazar\u00e9, Portugal, NIPC 51346101. The website is managed by PA and hosted by Loopia AB, Kopparbergsv\u00e4gen 8, 722 13 V\u00e4ster\u00e5s, Sweden, Org no 556633-9304. [&hellip;]<\/p>\n","protected":false},"author":6,"featured_media":0,"parent":0,"menu_order":0,"comment_status":"closed","ping_status":"closed","template":"termsandconditions.php","meta":{"om_disable_all_campaigns":false,"_monsterinsights_skip_tracking":false,"_monsterinsights_sitenote_active":false,"_monsterinsights_sitenote_note":"","_monsterinsights_sitenote_category":0},"aioseo_notices":[],"yoast_head":"<!-- This site is optimized with the Yoast SEO plugin v19.10 - https:\/\/yoast.com\/wordpress\/plugins\/seo\/ -->\n<title>Terms &amp; conditions - Portugal Agent<\/title>\n<meta name=\"robots\" content=\"index, follow, max-snippet:-1, max-image-preview:large, max-video-preview:-1\" \/>\n<link rel=\"canonical\" href=\"https:\/\/portugalagent.com\/en\/terms-conditions\/\" \/>\n<meta property=\"og:locale\" content=\"en_US\" \/>\n<meta property=\"og:type\" content=\"article\" \/>\n<meta property=\"og:title\" content=\"Terms &amp; conditions - Portugal Agent\" \/>\n<meta property=\"og:description\" content=\"This website is owned by Portugal Agent under the company name of Imo-Framgang &amp; Naza Media\u00e7\u00e3o imobili\u00e1ria Lda, Lic. Ami 11096 (hereinafter \u201cPA\u201d), headquartered at Avendia Vieira Guimar\u00e3es, No 30L, 2450-110 Nazar\u00e9, Portugal, NIPC 51346101. The website is managed by PA and hosted by Loopia AB, Kopparbergsv\u00e4gen 8, 722 13 V\u00e4ster\u00e5s, Sweden, Org no 556633-9304. [&hellip;]\" \/>\n<meta property=\"og:url\" content=\"https:\/\/portugalagent.com\/en\/terms-conditions\/\" \/>\n<meta property=\"og:site_name\" content=\"Portugal Agent\" \/>\n<meta property=\"article:modified_time\" content=\"2020-02-24T12:39:24+00:00\" \/>\n<meta name=\"twitter:card\" content=\"summary_large_image\" \/>\n<meta name=\"twitter:label1\" content=\"Est. reading time\" \/>\n\t<meta name=\"twitter:data1\" content=\"5 minutes\" \/>\n<script type=\"application\/ld+json\" class=\"yoast-schema-graph\">{\"@context\":\"https:\/\/schema.org\",\"@graph\":[{\"@type\":\"WebPage\",\"@id\":\"https:\/\/portugalagent.com\/en\/terms-conditions\/\",\"url\":\"https:\/\/portugalagent.com\/en\/terms-conditions\/\",\"name\":\"Terms & conditions - Portugal Agent\",\"isPartOf\":{\"@id\":\"https:\/\/portugalagent.com\/en\/#website\"},\"datePublished\":\"2020-01-22T14:56:50+00:00\",\"dateModified\":\"2020-02-24T12:39:24+00:00\",\"breadcrumb\":{\"@id\":\"https:\/\/portugalagent.com\/en\/terms-conditions\/#breadcrumb\"},\"inLanguage\":\"en-US\",\"potentialAction\":[{\"@type\":\"ReadAction\",\"target\":[\"https:\/\/portugalagent.com\/en\/terms-conditions\/\"]}]},{\"@type\":\"BreadcrumbList\",\"@id\":\"https:\/\/portugalagent.com\/en\/terms-conditions\/#breadcrumb\",\"itemListElement\":[{\"@type\":\"ListItem\",\"position\":1,\"name\":\"Home\",\"item\":\"https:\/\/portugalagent.com\/en\/\"},{\"@type\":\"ListItem\",\"position\":2,\"name\":\"Terms &#038; conditions\"}]},{\"@type\":\"WebSite\",\"@id\":\"https:\/\/portugalagent.com\/en\/#website\",\"url\":\"https:\/\/portugalagent.com\/en\/\",\"name\":\"Portugal Agent\",\"description\":\"\",\"publisher\":{\"@id\":\"https:\/\/portugalagent.com\/en\/#organization\"},\"potentialAction\":[{\"@type\":\"SearchAction\",\"target\":{\"@type\":\"EntryPoint\",\"urlTemplate\":\"https:\/\/portugalagent.com\/en\/?s={search_term_string}\"},\"query-input\":\"required name=search_term_string\"}],\"inLanguage\":\"en-US\"},{\"@type\":\"Organization\",\"@id\":\"https:\/\/portugalagent.com\/en\/#organization\",\"name\":\"Portugal Agent\",\"url\":\"https:\/\/portugalagent.com\/en\/\",\"logo\":{\"@type\":\"ImageObject\",\"inLanguage\":\"en-US\",\"@id\":\"https:\/\/portugalagent.com\/en\/#\/schema\/logo\/image\/\",\"url\":\"https:\/\/portugalagent.com\/wp-content\/uploads\/2020\/11\/portugalagent.svg\",\"contentUrl\":\"https:\/\/portugalagent.com\/wp-content\/uploads\/2020\/11\/portugalagent.svg\",\"caption\":\"Portugal Agent\"},\"image\":{\"@id\":\"https:\/\/portugalagent.com\/en\/#\/schema\/logo\/image\/\"}}]}<\/script>\n<!-- \/ Yoast SEO plugin. -->","yoast_head_json":{"title":"Terms & conditions - Portugal Agent","robots":{"index":"index","follow":"follow","max-snippet":"max-snippet:-1","max-image-preview":"max-image-preview:large","max-video-preview":"max-video-preview:-1"},"canonical":"https:\/\/portugalagent.com\/en\/terms-conditions\/","og_locale":"en_US","og_type":"article","og_title":"Terms & conditions - Portugal Agent","og_description":"This website is owned by Portugal Agent under the company name of Imo-Framgang &amp; Naza Media\u00e7\u00e3o imobili\u00e1ria Lda, Lic. Ami 11096 (hereinafter \u201cPA\u201d), headquartered at Avendia Vieira Guimar\u00e3es, No 30L, 2450-110 Nazar\u00e9, Portugal, NIPC 51346101. The website is managed by PA and hosted by Loopia AB, Kopparbergsv\u00e4gen 8, 722 13 V\u00e4ster\u00e5s, Sweden, Org no 556633-9304. [&hellip;]","og_url":"https:\/\/portugalagent.com\/en\/terms-conditions\/","og_site_name":"Portugal Agent","article_modified_time":"2020-02-24T12:39:24+00:00","twitter_card":"summary_large_image","twitter_misc":{"Est. reading time":"5 minutes"},"schema":{"@context":"https:\/\/schema.org","@graph":[{"@type":"WebPage","@id":"https:\/\/portugalagent.com\/en\/terms-conditions\/","url":"https:\/\/portugalagent.com\/en\/terms-conditions\/","name":"Terms & conditions - Portugal Agent","isPartOf":{"@id":"https:\/\/portugalagent.com\/en\/#website"},"datePublished":"2020-01-22T14:56:50+00:00","dateModified":"2020-02-24T12:39:24+00:00","breadcrumb":{"@id":"https:\/\/portugalagent.com\/en\/terms-conditions\/#breadcrumb"},"inLanguage":"en-US","potentialAction":[{"@type":"ReadAction","target":["https:\/\/portugalagent.com\/en\/terms-conditions\/"]}]},{"@type":"BreadcrumbList","@id":"https:\/\/portugalagent.com\/en\/terms-conditions\/#breadcrumb","itemListElement":[{"@type":"ListItem","position":1,"name":"Home","item":"https:\/\/portugalagent.com\/en\/"},{"@type":"ListItem","position":2,"name":"Terms &#038; conditions"}]},{"@type":"WebSite","@id":"https:\/\/portugalagent.com\/en\/#website","url":"https:\/\/portugalagent.com\/en\/","name":"Portugal Agent","description":"","publisher":{"@id":"https:\/\/portugalagent.com\/en\/#organization"},"potentialAction":[{"@type":"SearchAction","target":{"@type":"EntryPoint","urlTemplate":"https:\/\/portugalagent.com\/en\/?s={search_term_string}"},"query-input":"required name=search_term_string"}],"inLanguage":"en-US"},{"@type":"Organization","@id":"https:\/\/portugalagent.com\/en\/#organization","name":"Portugal Agent","url":"https:\/\/portugalagent.com\/en\/","logo":{"@type":"ImageObject","inLanguage":"en-US","@id":"https:\/\/portugalagent.com\/en\/#\/schema\/logo\/image\/","url":"https:\/\/portugalagent.com\/wp-content\/uploads\/2020\/11\/portugalagent.svg","contentUrl":"https:\/\/portugalagent.com\/wp-content\/uploads\/2020\/11\/portugalagent.svg","caption":"Portugal Agent"},"image":{"@id":"https:\/\/portugalagent.com\/en\/#\/schema\/logo\/image\/"}}]}},"_links":{"self":[{"href":"https:\/\/portugalagent.com\/en\/wp-json\/wp\/v2\/pages\/39105"}],"collection":[{"href":"https:\/\/portugalagent.com\/en\/wp-json\/wp\/v2\/pages"}],"about":[{"href":"https:\/\/portugalagent.com\/en\/wp-json\/wp\/v2\/types\/page"}],"author":[{"embeddable":true,"href":"https:\/\/portugalagent.com\/en\/wp-json\/wp\/v2\/users\/6"}],"replies":[{"embeddable":true,"href":"https:\/\/portugalagent.com\/en\/wp-json\/wp\/v2\/comments?post=39105"}],"version-history":[{"count":2,"href":"https:\/\/portugalagent.com\/en\/wp-json\/wp\/v2\/pages\/39105\/revisions"}],"predecessor-version":[{"id":42929,"href":"https:\/\/portugalagent.com\/en\/wp-json\/wp\/v2\/pages\/39105\/revisions\/42929"}],"wp:attachment":[{"href":"https:\/\/portugalagent.com\/en\/wp-json\/wp\/v2\/media?parent=39105"}],"curies":[{"name":"wp","href":"https:\/\/api.w.org\/{rel}","templated":true}]}}