{"id":62355,"date":"2021-08-22T09:42:39","date_gmt":"2021-08-22T09:42:39","guid":{"rendered":"https:\/\/portugalagent.com\/?page_id=62355"},"modified":"2021-08-22T09:45:14","modified_gmt":"2021-08-22T09:45:14","slug":"referenzen","status":"publish","type":"page","link":"https:\/\/portugalagent.com\/de\/unsere-dienstleistungen\/referenzen\/","title":{"rendered":"Referenzen"},"content":{"rendered":"\n<div class=\"row references\"><div class=\"col-12 col-md-6 boxreferences\">\n                        <div class=\"row\">\n                            <div class=\"col-2\">\n                                <img src=\"https:\/\/portugalagent.com\/wp-content\/uploads\/2020\/01\/Group-619-1.png\" alt=\"\">\n\n                            <\/div>\n                            <div class=\"col-10\">\n                                <h1>Wir lieben Nazar\u00e9<\/h1>\n                                <p class=\"refereceP\">Die Familie Drevenlid<\/p>\n                                \n                                \n                            <\/div>\n                            <div class=\"col-12\"><p class=\"referecePM\">\"Wir wirklich lieben Nazar\u00e9. Die netten Leute, die sch\u00f6nen Str\u00e4nde und die dramatische K\u00fcste.\"<\/p><\/div>\n                        <\/div>\n                    <\/div><div class=\"col-12 col-md-6 boxreferences\">\n                        <div class=\"row\">\n                            <div class=\"col-2\">\n                                <img src=\"https:\/\/portugalagent.com\/wp-content\/uploads\/2020\/02\/IMG_8648.jpg\" alt=\"\">\n\n                            <\/div>\n                            <div class=\"col-10\">\n                                <h1>Und mein Traum wurde wahr<\/h1>\n                                <p class=\"refereceP\">Gary - Canada<\/p>\n                                \n                                \n                            <\/div>\n                            <div class=\"col-12\"><p class=\"referecePM\">\"Ich habe die gro\u00dfartigen Leute von Portugal Agent gefragt, ob sie mir eine Wohnung mit Meeresblick finden k\u00f6nnten.\u00a0Und mein Traum wurde wahr!\"\u00a0<\/p><\/div>\n                        <\/div>\n                    <\/div><\/div>\n","protected":false},"excerpt":{"rendered":"","protected":false},"author":8,"featured_media":0,"parent":62307,"menu_order":5,"comment_status":"closed","ping_status":"closed","template":"layoutSidebar.php","meta":{"om_disable_all_campaigns":false,"_monsterinsights_skip_tracking":false,"_monsterinsights_sitenote_active":false,"_monsterinsights_sitenote_note":"","_monsterinsights_sitenote_category":0},"aioseo_notices":[],"yoast_head":"<!-- This site is optimized with the Yoast SEO plugin v19.10 - https:\/\/yoast.com\/wordpress\/plugins\/seo\/ -->\n<title>Referenzen - Portugal Agent<\/title>\n<meta name=\"robots\" content=\"index, follow, max-snippet:-1, max-image-preview:large, max-video-preview:-1\" \/>\n<link rel=\"canonical\" href=\"https:\/\/portugalagent.com\/de\/unsere-dienstleistungen\/referenzen\/\" \/>\n<meta property=\"og:locale\" content=\"de_DE\" \/>\n<meta property=\"og:type\" content=\"article\" \/>\n<meta property=\"og:title\" content=\"Referenzen - Portugal Agent\" \/>\n<meta property=\"og:url\" content=\"https:\/\/portugalagent.com\/de\/unsere-dienstleistungen\/referenzen\/\" \/>\n<meta property=\"og:site_name\" content=\"Portugal Agent\" \/>\n<meta property=\"article:modified_time\" content=\"2021-08-22T09:45:14+00:00\" \/>\n<meta name=\"twitter:card\" content=\"summary_large_image\" \/>\n<meta name=\"twitter:label1\" content=\"Gesch\u00e4tzte Lesezeit\" \/>\n\t<meta name=\"twitter:data1\" content=\"1\u00a0Minute\" \/>\n<script type=\"application\/ld+json\" class=\"yoast-schema-graph\">{\"@context\":\"https:\/\/schema.org\",\"@graph\":[{\"@type\":\"WebPage\",\"@id\":\"https:\/\/portugalagent.com\/de\/unsere-dienstleistungen\/referenzen\/\",\"url\":\"https:\/\/portugalagent.com\/de\/unsere-dienstleistungen\/referenzen\/\",\"name\":\"Referenzen - Portugal Agent\",\"isPartOf\":{\"@id\":\"https:\/\/portugalagent.com\/de\/#website\"},\"datePublished\":\"2021-08-22T09:42:39+00:00\",\"dateModified\":\"2021-08-22T09:45:14+00:00\",\"breadcrumb\":{\"@id\":\"https:\/\/portugalagent.com\/de\/unsere-dienstleistungen\/referenzen\/#breadcrumb\"},\"inLanguage\":\"de\",\"potentialAction\":[{\"@type\":\"ReadAction\",\"target\":[\"https:\/\/portugalagent.com\/de\/unsere-dienstleistungen\/referenzen\/\"]}]},{\"@type\":\"BreadcrumbList\",\"@id\":\"https:\/\/portugalagent.com\/de\/unsere-dienstleistungen\/referenzen\/#breadcrumb\",\"itemListElement\":[{\"@type\":\"ListItem\",\"position\":1,\"name\":\"Home\",\"item\":\"https:\/\/portugalagent.com\/de\/\"},{\"@type\":\"ListItem\",\"position\":2,\"name\":\"Kompetenzen\",\"item\":\"https:\/\/portugalagent.com\/de\/unsere-dienstleistungen\/\"},{\"@type\":\"ListItem\",\"position\":3,\"name\":\"Referenzen\"}]},{\"@type\":\"WebSite\",\"@id\":\"https:\/\/portugalagent.com\/de\/#website\",\"url\":\"https:\/\/portugalagent.com\/de\/\",\"name\":\"Portugal Agent\",\"description\":\"\",\"publisher\":{\"@id\":\"https:\/\/portugalagent.com\/de\/#organization\"},\"potentialAction\":[{\"@type\":\"SearchAction\",\"target\":{\"@type\":\"EntryPoint\",\"urlTemplate\":\"https:\/\/portugalagent.com\/de\/?s={search_term_string}\"},\"query-input\":\"required name=search_term_string\"}],\"inLanguage\":\"de\"},{\"@type\":\"Organization\",\"@id\":\"https:\/\/portugalagent.com\/de\/#organization\",\"name\":\"Portugal Agent\",\"url\":\"https:\/\/portugalagent.com\/de\/\",\"logo\":{\"@type\":\"ImageObject\",\"inLanguage\":\"de\",\"@id\":\"https:\/\/portugalagent.com\/de\/#\/schema\/logo\/image\/\",\"url\":\"https:\/\/portugalagent.com\/wp-content\/uploads\/2020\/11\/portugalagent.svg\",\"contentUrl\":\"https:\/\/portugalagent.com\/wp-content\/uploads\/2020\/11\/portugalagent.svg\",\"caption\":\"Portugal Agent\"},\"image\":{\"@id\":\"https:\/\/portugalagent.com\/de\/#\/schema\/logo\/image\/\"}}]}<\/script>\n<!-- \/ Yoast SEO plugin. -->","yoast_head_json":{"title":"Referenzen - Portugal Agent","robots":{"index":"index","follow":"follow","max-snippet":"max-snippet:-1","max-image-preview":"max-image-preview:large","max-video-preview":"max-video-preview:-1"},"canonical":"https:\/\/portugalagent.com\/de\/unsere-dienstleistungen\/referenzen\/","og_locale":"de_DE","og_type":"article","og_title":"Referenzen - Portugal Agent","og_url":"https:\/\/portugalagent.com\/de\/unsere-dienstleistungen\/referenzen\/","og_site_name":"Portugal Agent","article_modified_time":"2021-08-22T09:45:14+00:00","twitter_card":"summary_large_image","twitter_misc":{"Gesch\u00e4tzte Lesezeit":"1\u00a0Minute"},"schema":{"@context":"https:\/\/schema.org","@graph":[{"@type":"WebPage","@id":"https:\/\/portugalagent.com\/de\/unsere-dienstleistungen\/referenzen\/","url":"https:\/\/portugalagent.com\/de\/unsere-dienstleistungen\/referenzen\/","name":"Referenzen - Portugal Agent","isPartOf":{"@id":"https:\/\/portugalagent.com\/de\/#website"},"datePublished":"2021-08-22T09:42:39+00:00","dateModified":"2021-08-22T09:45:14+00:00","breadcrumb":{"@id":"https:\/\/portugalagent.com\/de\/unsere-dienstleistungen\/referenzen\/#breadcrumb"},"inLanguage":"de","potentialAction":[{"@type":"ReadAction","target":["https:\/\/portugalagent.com\/de\/unsere-dienstleistungen\/referenzen\/"]}]},{"@type":"BreadcrumbList","@id":"https:\/\/portugalagent.com\/de\/unsere-dienstleistungen\/referenzen\/#breadcrumb","itemListElement":[{"@type":"ListItem","position":1,"name":"Home","item":"https:\/\/portugalagent.com\/de\/"},{"@type":"ListItem","position":2,"name":"Kompetenzen","item":"https:\/\/portugalagent.com\/de\/unsere-dienstleistungen\/"},{"@type":"ListItem","position":3,"name":"Referenzen"}]},{"@type":"WebSite","@id":"https:\/\/portugalagent.com\/de\/#website","url":"https:\/\/portugalagent.com\/de\/","name":"Portugal Agent","description":"","publisher":{"@id":"https:\/\/portugalagent.com\/de\/#organization"},"potentialAction":[{"@type":"SearchAction","target":{"@type":"EntryPoint","urlTemplate":"https:\/\/portugalagent.com\/de\/?s={search_term_string}"},"query-input":"required name=search_term_string"}],"inLanguage":"de"},{"@type":"Organization","@id":"https:\/\/portugalagent.com\/de\/#organization","name":"Portugal Agent","url":"https:\/\/portugalagent.com\/de\/","logo":{"@type":"ImageObject","inLanguage":"de","@id":"https:\/\/portugalagent.com\/de\/#\/schema\/logo\/image\/","url":"https:\/\/portugalagent.com\/wp-content\/uploads\/2020\/11\/portugalagent.svg","contentUrl":"https:\/\/portugalagent.com\/wp-content\/uploads\/2020\/11\/portugalagent.svg","caption":"Portugal Agent"},"image":{"@id":"https:\/\/portugalagent.com\/de\/#\/schema\/logo\/image\/"}}]}},"_links":{"self":[{"href":"https:\/\/portugalagent.com\/de\/wp-json\/wp\/v2\/pages\/62355"}],"collection":[{"href":"https:\/\/portugalagent.com\/de\/wp-json\/wp\/v2\/pages"}],"about":[{"href":"https:\/\/portugalagent.com\/de\/wp-json\/wp\/v2\/types\/page"}],"author":[{"embeddable":true,"href":"https:\/\/portugalagent.com\/de\/wp-json\/wp\/v2\/users\/8"}],"replies":[{"embeddable":true,"href":"https:\/\/portugalagent.com\/de\/wp-json\/wp\/v2\/comments?post=62355"}],"version-history":[{"count":2,"href":"https:\/\/portugalagent.com\/de\/wp-json\/wp\/v2\/pages\/62355\/revisions"}],"predecessor-version":[{"id":62357,"href":"https:\/\/portugalagent.com\/de\/wp-json\/wp\/v2\/pages\/62355\/revisions\/62357"}],"up":[{"embeddable":true,"href":"https:\/\/portugalagent.com\/de\/wp-json\/wp\/v2\/pages\/62307"}],"wp:attachment":[{"href":"https:\/\/portugalagent.com\/de\/wp-json\/wp\/v2\/media?parent=62355"}],"curies":[{"name":"wp","href":"https:\/\/api.w.org\/{rel}","templated":true}]}}