{"id":62311,"date":"2021-08-22T07:26:04","date_gmt":"2021-08-22T07:26:04","guid":{"rendered":"https:\/\/portugalagent.com\/?page_id=62311"},"modified":"2021-11-28T19:15:15","modified_gmt":"2021-11-28T19:15:15","slug":"kontakt","status":"publish","type":"page","link":"https:\/\/portugalagent.com\/de\/kontakt\/","title":{"rendered":"Kontakt"},"content":{"rendered":"\n<h1>Suchen Sie einen Makler in Portugal? <br>Nehmen Sie Kontakt zu PortugalAgent!<\/h1>\n\n\n\n<h5>PortugalAgent ist Ihre deutschsprachige Verbindung zu Portugal. Wir unterst\u00fctzen bei allen Fragen rund um den Immobilienkauf in Portugal, mit besonderer Expertise in der Umgebung von Nazar\u00e9 und an der Silberk\u00fcste. Wir arbeiten mit anerkannten und kompetenten Immobilienmaklern in der Region, und verf\u00fcgen \u00fcber ein gutes Netzwerk f\u00fcr weitere Beratung vor und nach dem Kauf.<\/h5>\n\n\n\n<p><\/p>\n\n\n\n<h3><\/h3>\n\n\n\n<p><strong>Deutschsprachiger Kontakt<\/strong> (De, En &amp; Sv)<br><strong>Torsten Henke<\/strong> <a href=\"torsten@portugalagent.com\">torsten@portugalagent.com <\/a> +49-151-7283 0700 <\/p>\n\n\n\n<p>Weitere Kontakte zu PortugalAgent (Sv &amp; En)<br><strong>Kari Fors\u00e9n<\/strong>  <a href=\"mailto:kari@portugalagent.com\">kari@portugalagent.com<\/a>  +46-70-910 95 60<br><strong>Niklas Fors\u00e9n<\/strong>  <a href=\"niklas@portugalagent.com\">niklas@portugalagent.com <\/a>  +46-70-592 60 76<\/p>\n\n\n\n<p>Besuche uns auch auf&nbsp;<a href=\"http:\/\/www.facebook.com\/portugalagent\">Facebook<\/a>&nbsp;(Sv) und Instagram&nbsp;<a href=\"https:\/\/www.instagram.com\/portugalagent\/\">@portugalagent<\/a> (Sv)<\/p>\n\n\n\n<h4>Komplettservice in Nazar\u00e9, und an der Silberk\u00fcste<\/h4>\n\n\n\n<p>Wir unterst\u00fctzen Sie beim Kauf oder Verkauf einer Immobilie, in der Umgebung von Nazar\u00e9 und an der Silberk\u00fcste. Ein gro\u00dfer Vorteil von PortugalAgent ist, dass wir uns f\u00fcr Ihnen viel Zeit nehmen k\u00f6nnen. <br>Wir sind eigenst\u00e4ndige Vermittler und Berater, wir legen unseren ganzen Fokus darauf, Ihnen als Kunde mit Service an allen Fronten zu helfen; Standort, Geografie, Kaufprozess, Touren, Kontakte, Baufirmen und vieles mehr.<\/p>\n\n\n\n<h4>Deutschsprachiger Vermittler auch f\u00fcr andere Teile Portugals<\/h4>\n\n\n\n<p>\u00dcber PortugalAgent k\u00f6nnen wir Ihnen auch bei der Suche nach Immobilien in anderen Regionen au\u00dferhalb von Nazar\u00e9 helfen. Dies geschieht durch Zusammenarbeit mit anderen Maklern <br>an mehreren Standorten.<\/p>\n\n\n\n<div style=\"height:55px\"><\/div>\n\n\n\n<div class=\"is-layout-flex wp-container-3 wp-block-columns\">\n<div class=\"is-layout-flow wp-block-column\" style=\"flex-basis:55%\">\n<h3>Ihre Mitteilung<\/h3>\n\n\n\n<div class=\"wpforms-container wpforms-container-full\" id=\"wpforms-62883\"><form id=\"wpforms-form-62883\" class=\"wpforms-validate wpforms-form wpforms-ajax-form\" data-formid=\"62883\" method=\"post\" enctype=\"multipart\/form-data\" action=\"\/de\/wp-json\/wp\/v2\/pages\/62311\" data-token=\"2c8dd1739e95948cbca5566667646cd0\"><noscript class=\"wpforms-error-noscript\">Bitte aktiviere JavaScript in deinem Browser, um dieses Formular fertigzustellen.<\/noscript><div class=\"wpforms-field-container\"><div id=\"wpforms-62883-field_1-container\" class=\"wpforms-field wpforms-field-text\" data-field-id=\"1\"><label class=\"wpforms-field-label\" for=\"wpforms-62883-field_1\">Namen* <span class=\"wpforms-required-label\">*<\/span><\/label><input type=\"text\" id=\"wpforms-62883-field_1\" class=\"wpforms-field-medium wpforms-field-required\" name=\"wpforms[fields][1]\" required><\/div><div id=\"wpforms-62883-field_2-container\" class=\"wpforms-field wpforms-field-text\" data-field-id=\"2\"><label class=\"wpforms-field-label\" for=\"wpforms-62883-field_2\">Email* <span class=\"wpforms-required-label\">*<\/span><\/label><input type=\"text\" id=\"wpforms-62883-field_2\" class=\"wpforms-field-medium wpforms-field-required\" name=\"wpforms[fields][2]\" required><\/div><div id=\"wpforms-62883-field_3-container\" class=\"wpforms-field wpforms-field-text\" data-field-id=\"3\"><label class=\"wpforms-field-label\" for=\"wpforms-62883-field_3\">Telefon*<\/label><input type=\"text\" id=\"wpforms-62883-field_3\" class=\"wpforms-field-medium\" name=\"wpforms[fields][3]\" ><\/div><div id=\"wpforms-62883-field_4-container\" class=\"wpforms-field wpforms-field-textarea\" data-field-id=\"4\"><label class=\"wpforms-field-label\" for=\"wpforms-62883-field_4\">Mitteilung* <span class=\"wpforms-required-label\">*<\/span><\/label><textarea id=\"wpforms-62883-field_4\" class=\"wpforms-field-small wpforms-field-required\" name=\"wpforms[fields][4]\" required><\/textarea><\/div><div id=\"wpforms-62883-field_7-container\" class=\"wpforms-field wpforms-field-hidden\" data-field-id=\"7\"><input type=\"hidden\" id=\"wpforms-62883-field_7\" name=\"wpforms[fields][7]\"><\/div><div id=\"wpforms-62883-field_8-container\" class=\"wpforms-field wpforms-field-hidden\" data-field-id=\"8\"><input type=\"hidden\" id=\"wpforms-62883-field_8\" name=\"wpforms[fields][8]\" value=\"https:\/\/portugalagent.com\/de\/wp-json\/wp\/v2\/pages\/62311\"><\/div><div id=\"wpforms-62883-field_5-container\" class=\"wpforms-field wpforms-field-checkbox wpforms-list-inline\" data-field-id=\"5\"><ul id=\"wpforms-62883-field_5\" class=\"wpforms-field-required\"><li class=\"choice-1 depth-1\"><input type=\"checkbox\" id=\"wpforms-62883-field_5_1\" name=\"wpforms[fields][5][]\" value=\"I agree with the &lt;a href=&quot;https:\/\/portugalagent.com\/terms-conditions\/&quot; target=&quot;_blank&quot;&gt;Terms &amp; Conditions&lt;\/a&gt;\" required ><label class=\"wpforms-field-label-inline\" for=\"wpforms-62883-field_5_1\">I agree with the <a href=\"https:\/\/portugalagent.com\/terms-conditions\/\" target=\"_blank\">Terms &amp; Conditions<\/a><\/label><\/li><\/ul><\/div><\/div><div class=\"wpforms-field wpforms-field-hp\"><label for=\"wpforms-62883-field-hp\" class=\"wpforms-field-label\">Email<\/label><input type=\"text\" name=\"wpforms[hp]\" id=\"wpforms-62883-field-hp\" class=\"wpforms-field-medium\"><\/div><div class=\"wpforms-recaptcha-container wpforms-is-recaptcha\"><div class=\"g-recaptcha\" data-sitekey=\"6LecReIUAAAAAPepN5EhSOUEZdYM627EPh4Kl9h0\" data-size=\"invisible\"><\/div><\/div><div class=\"wpforms-submit-container\"><input type=\"hidden\" name=\"wpforms[id]\" value=\"62883\"><input type=\"hidden\" name=\"wpforms[author]\" value=\"8\"><button type=\"submit\" name=\"wpforms[submit]\" id=\"wpforms-submit-62883\" class=\"wpforms-submit\" data-alt-text=\"Senden..\" data-submit-text=\"Senden\" aria-live=\"assertive\" value=\"wpforms-submit\">Senden<\/button><img src=\"https:\/\/portugalagent.com\/wp-content\/plugins\/wpforms\/assets\/images\/submit-spin.svg\" class=\"wpforms-submit-spinner\" style=\"display: none;\" width=\"26\" height=\"26\" alt=\"Wird geladen\"><\/div><\/form><\/div>  <!-- .wpforms-container -->\n<\/div>\n\n\n\n<div class=\"is-layout-flow wp-block-column\" style=\"flex-basis:45%\">\n<figure class=\"wp-block-image size-large is-resized\"><img decoding=\"async\" src=\"https:\/\/portugalagent.com\/wp-content\/uploads\/2020\/01\/Mask-Group-62.jpg\" alt=\"V\u00e4lk\u00e4nda stora v\u00e5gen vid Nazares fyr\" class=\"wp-image-59002\" height=\"517\" srcset=\"https:\/\/portugalagent.com\/wp-content\/uploads\/2020\/01\/Mask-Group-62.jpg 389w, https:\/\/portugalagent.com\/wp-content\/uploads\/2020\/01\/Mask-Group-62-214x300.jpg 214w\" sizes=\"(max-width: 389px) 100vw, 389px\" \/><\/figure>\n<\/div>\n<\/div>\n","protected":false},"excerpt":{"rendered":"<p>Suchen Sie einen Makler in Portugal? Nehmen Sie Kontakt zu PortugalAgent! PortugalAgent ist Ihre deutschsprachige Verbindung zu Portugal. Wir unterst\u00fctzen bei allen Fragen rund um den Immobilienkauf in Portugal, mit besonderer Expertise in der Umgebung von Nazar\u00e9 und an der Silberk\u00fcste. Wir arbeiten mit anerkannten und kompetenten Immobilienmaklern in der Region, und verf\u00fcgen \u00fcber ein [&hellip;]<\/p>\n","protected":false},"author":8,"featured_media":62647,"parent":0,"menu_order":0,"comment_status":"closed","ping_status":"closed","template":"template-standardsubpage.php","meta":{"om_disable_all_campaigns":false,"_monsterinsights_skip_tracking":false,"_monsterinsights_sitenote_active":false,"_monsterinsights_sitenote_note":"","_monsterinsights_sitenote_category":0},"aioseo_notices":[],"yoast_head":"<!-- This site is optimized with the Yoast SEO plugin v19.10 - https:\/\/yoast.com\/wordpress\/plugins\/seo\/ -->\n<title>Kontakt - Portugal Agent<\/title>\n<meta name=\"robots\" content=\"index, follow, max-snippet:-1, max-image-preview:large, max-video-preview:-1\" \/>\n<link rel=\"canonical\" href=\"https:\/\/portugalagent.com\/de\/kontakt\/\" \/>\n<meta property=\"og:locale\" content=\"de_DE\" \/>\n<meta property=\"og:type\" content=\"article\" \/>\n<meta property=\"og:title\" content=\"Kontakt - Portugal Agent\" \/>\n<meta property=\"og:description\" content=\"Suchen Sie einen Makler in Portugal? Nehmen Sie Kontakt zu PortugalAgent! PortugalAgent ist Ihre deutschsprachige Verbindung zu Portugal. Wir unterst\u00fctzen bei allen Fragen rund um den Immobilienkauf in Portugal, mit besonderer Expertise in der Umgebung von Nazar\u00e9 und an der Silberk\u00fcste. Wir arbeiten mit anerkannten und kompetenten Immobilienmaklern in der Region, und verf\u00fcgen \u00fcber ein [&hellip;]\" \/>\n<meta property=\"og:url\" content=\"https:\/\/portugalagent.com\/de\/kontakt\/\" \/>\n<meta property=\"og:site_name\" content=\"Portugal Agent\" \/>\n<meta property=\"article:modified_time\" content=\"2021-11-28T19:15:15+00:00\" \/>\n<meta property=\"og:image\" content=\"https:\/\/portugalagent.com\/wp-content\/uploads\/2021\/11\/DSC_1886PS-scaled.jpg\" \/>\n\t<meta property=\"og:image:width\" content=\"2560\" \/>\n\t<meta property=\"og:image:height\" content=\"1709\" \/>\n\t<meta property=\"og:image:type\" content=\"image\/jpeg\" \/>\n<meta name=\"twitter:card\" content=\"summary_large_image\" \/>\n<meta name=\"twitter:label1\" content=\"Gesch\u00e4tzte Lesezeit\" \/>\n\t<meta name=\"twitter:data1\" content=\"2\u00a0Minuten\" \/>\n<script type=\"application\/ld+json\" class=\"yoast-schema-graph\">{\"@context\":\"https:\/\/schema.org\",\"@graph\":[{\"@type\":\"WebPage\",\"@id\":\"https:\/\/portugalagent.com\/de\/kontakt\/\",\"url\":\"https:\/\/portugalagent.com\/de\/kontakt\/\",\"name\":\"Kontakt - Portugal Agent\",\"isPartOf\":{\"@id\":\"https:\/\/portugalagent.com\/de\/#website\"},\"datePublished\":\"2021-08-22T07:26:04+00:00\",\"dateModified\":\"2021-11-28T19:15:15+00:00\",\"breadcrumb\":{\"@id\":\"https:\/\/portugalagent.com\/de\/kontakt\/#breadcrumb\"},\"inLanguage\":\"de\",\"potentialAction\":[{\"@type\":\"ReadAction\",\"target\":[\"https:\/\/portugalagent.com\/de\/kontakt\/\"]}]},{\"@type\":\"BreadcrumbList\",\"@id\":\"https:\/\/portugalagent.com\/de\/kontakt\/#breadcrumb\",\"itemListElement\":[{\"@type\":\"ListItem\",\"position\":1,\"name\":\"Home\",\"item\":\"https:\/\/portugalagent.com\/de\/\"},{\"@type\":\"ListItem\",\"position\":2,\"name\":\"Kontakt\"}]},{\"@type\":\"WebSite\",\"@id\":\"https:\/\/portugalagent.com\/de\/#website\",\"url\":\"https:\/\/portugalagent.com\/de\/\",\"name\":\"Portugal Agent\",\"description\":\"\",\"publisher\":{\"@id\":\"https:\/\/portugalagent.com\/de\/#organization\"},\"potentialAction\":[{\"@type\":\"SearchAction\",\"target\":{\"@type\":\"EntryPoint\",\"urlTemplate\":\"https:\/\/portugalagent.com\/de\/?s={search_term_string}\"},\"query-input\":\"required name=search_term_string\"}],\"inLanguage\":\"de\"},{\"@type\":\"Organization\",\"@id\":\"https:\/\/portugalagent.com\/de\/#organization\",\"name\":\"Portugal Agent\",\"url\":\"https:\/\/portugalagent.com\/de\/\",\"logo\":{\"@type\":\"ImageObject\",\"inLanguage\":\"de\",\"@id\":\"https:\/\/portugalagent.com\/de\/#\/schema\/logo\/image\/\",\"url\":\"https:\/\/portugalagent.com\/wp-content\/uploads\/2020\/11\/portugalagent.svg\",\"contentUrl\":\"https:\/\/portugalagent.com\/wp-content\/uploads\/2020\/11\/portugalagent.svg\",\"caption\":\"Portugal Agent\"},\"image\":{\"@id\":\"https:\/\/portugalagent.com\/de\/#\/schema\/logo\/image\/\"}}]}<\/script>\n<!-- \/ Yoast SEO plugin. -->","yoast_head_json":{"title":"Kontakt - Portugal Agent","robots":{"index":"index","follow":"follow","max-snippet":"max-snippet:-1","max-image-preview":"max-image-preview:large","max-video-preview":"max-video-preview:-1"},"canonical":"https:\/\/portugalagent.com\/de\/kontakt\/","og_locale":"de_DE","og_type":"article","og_title":"Kontakt - Portugal Agent","og_description":"Suchen Sie einen Makler in Portugal? Nehmen Sie Kontakt zu PortugalAgent! PortugalAgent ist Ihre deutschsprachige Verbindung zu Portugal. Wir unterst\u00fctzen bei allen Fragen rund um den Immobilienkauf in Portugal, mit besonderer Expertise in der Umgebung von Nazar\u00e9 und an der Silberk\u00fcste. Wir arbeiten mit anerkannten und kompetenten Immobilienmaklern in der Region, und verf\u00fcgen \u00fcber ein [&hellip;]","og_url":"https:\/\/portugalagent.com\/de\/kontakt\/","og_site_name":"Portugal Agent","article_modified_time":"2021-11-28T19:15:15+00:00","og_image":[{"width":2560,"height":1709,"url":"https:\/\/portugalagent.com\/wp-content\/uploads\/2021\/11\/DSC_1886PS-scaled.jpg","type":"image\/jpeg"}],"twitter_card":"summary_large_image","twitter_misc":{"Gesch\u00e4tzte Lesezeit":"2\u00a0Minuten"},"schema":{"@context":"https:\/\/schema.org","@graph":[{"@type":"WebPage","@id":"https:\/\/portugalagent.com\/de\/kontakt\/","url":"https:\/\/portugalagent.com\/de\/kontakt\/","name":"Kontakt - Portugal Agent","isPartOf":{"@id":"https:\/\/portugalagent.com\/de\/#website"},"datePublished":"2021-08-22T07:26:04+00:00","dateModified":"2021-11-28T19:15:15+00:00","breadcrumb":{"@id":"https:\/\/portugalagent.com\/de\/kontakt\/#breadcrumb"},"inLanguage":"de","potentialAction":[{"@type":"ReadAction","target":["https:\/\/portugalagent.com\/de\/kontakt\/"]}]},{"@type":"BreadcrumbList","@id":"https:\/\/portugalagent.com\/de\/kontakt\/#breadcrumb","itemListElement":[{"@type":"ListItem","position":1,"name":"Home","item":"https:\/\/portugalagent.com\/de\/"},{"@type":"ListItem","position":2,"name":"Kontakt"}]},{"@type":"WebSite","@id":"https:\/\/portugalagent.com\/de\/#website","url":"https:\/\/portugalagent.com\/de\/","name":"Portugal Agent","description":"","publisher":{"@id":"https:\/\/portugalagent.com\/de\/#organization"},"potentialAction":[{"@type":"SearchAction","target":{"@type":"EntryPoint","urlTemplate":"https:\/\/portugalagent.com\/de\/?s={search_term_string}"},"query-input":"required name=search_term_string"}],"inLanguage":"de"},{"@type":"Organization","@id":"https:\/\/portugalagent.com\/de\/#organization","name":"Portugal Agent","url":"https:\/\/portugalagent.com\/de\/","logo":{"@type":"ImageObject","inLanguage":"de","@id":"https:\/\/portugalagent.com\/de\/#\/schema\/logo\/image\/","url":"https:\/\/portugalagent.com\/wp-content\/uploads\/2020\/11\/portugalagent.svg","contentUrl":"https:\/\/portugalagent.com\/wp-content\/uploads\/2020\/11\/portugalagent.svg","caption":"Portugal Agent"},"image":{"@id":"https:\/\/portugalagent.com\/de\/#\/schema\/logo\/image\/"}}]}},"_links":{"self":[{"href":"https:\/\/portugalagent.com\/de\/wp-json\/wp\/v2\/pages\/62311"}],"collection":[{"href":"https:\/\/portugalagent.com\/de\/wp-json\/wp\/v2\/pages"}],"about":[{"href":"https:\/\/portugalagent.com\/de\/wp-json\/wp\/v2\/types\/page"}],"author":[{"embeddable":true,"href":"https:\/\/portugalagent.com\/de\/wp-json\/wp\/v2\/users\/8"}],"replies":[{"embeddable":true,"href":"https:\/\/portugalagent.com\/de\/wp-json\/wp\/v2\/comments?post=62311"}],"version-history":[{"count":19,"href":"https:\/\/portugalagent.com\/de\/wp-json\/wp\/v2\/pages\/62311\/revisions"}],"predecessor-version":[{"id":62884,"href":"https:\/\/portugalagent.com\/de\/wp-json\/wp\/v2\/pages\/62311\/revisions\/62884"}],"wp:featuredmedia":[{"embeddable":true,"href":"https:\/\/portugalagent.com\/de\/wp-json\/wp\/v2\/media\/62647"}],"wp:attachment":[{"href":"https:\/\/portugalagent.com\/de\/wp-json\/wp\/v2\/media?parent=62311"}],"curies":[{"name":"wp","href":"https:\/\/api.w.org\/{rel}","templated":true}]}}