{"id":62309,"date":"2021-08-22T07:25:26","date_gmt":"2021-08-22T07:25:26","guid":{"rendered":"https:\/\/portugalagent.com\/?page_id=62309"},"modified":"2021-12-03T10:22:32","modified_gmt":"2021-12-03T10:22:32","slug":"immobilie-verkaufen","status":"publish","type":"page","link":"https:\/\/portugalagent.com\/de\/immobilie-verkaufen\/","title":{"rendered":"Verkaufen"},"content":{"rendered":"\n<p>Vertrauen Sie auf PortugalAgent, wenn Sie Ihre Immobilie in Portugal verkaufen m\u00f6chten!<\/p>\n\n\n\n<h5>Besitzen Sie ein Haus, eine Wohnung oder ein Grundst\u00fcck an der Silberk\u00fcste Portugals, die Sie verkaufen m\u00f6chten? PortugalAgent hilft Ihnen Ihre Immobilie zu verkaufen!<\/h5>\n\n\n\n<p>Folgende Anforderungen sollten Sie an den Makler stellen, den Sie f\u00fcr den Verkauf beauftragen m\u00f6chten:<\/p>\n\n\n\n<ul><li>Autorisierter Immobilienmakler in Portugal.<\/li><li>Gute Website in Portugiesisch und Englisch.<br>Am liebsten auch Deutsch und weitere Sprachen.<\/li><li>Arbeiten Sie nur mit Maklern, die gute Bilder machen, und sch\u00f6ne und<br>informative Pr\u00e4sentationen anbieten, gerne mit Grundriss.<br>Neuerdings auch mit Virtual Tour und vielleicht eine Videof\u00fchrung.<\/li><li>In Zeiten von eingeschr\u00e4nkten Reisem\u00f6glichkeiten, sollte der Makler gerne<br>F\u00fchrungen on-line anbieten.<\/li><li>Englischsprechendes Personal<\/li><li>Gute Ortskenntnisse<\/li><\/ul>\n\n\n\n<p>PortugalAgent hilft Ihnen, den richtigen Makler zu finden, je nachdem<br>wo sich Ihre Immobilie an der Silberk\u00fcste befindet.<\/p>\n\n\n\n<h2>PortugalAgent ist dabei \u2013 vorher und nachher!<\/h2>\n\n\n\n<p>Damit meinen wir, dass wir alles tun, was der lokale Makler nicht tut.<br>Das hei\u00dft, bei allem was vor und nach dem Verkauf zu machen ist.<br>Die Vermarktung des Objekts vor Ort, die Vorf\u00fchrungen und der Abschluss<br>\u00fcbernimmt dann der lokale Makler.<\/p>\n\n\n\n<p>Durch PortugalAgent erreichen Sie einen breiteren Kundenkreis.<br>Und wissen, dass der K\u00e4ufer zufrieden ist und auch nach dem Kauf<br>einen guten Service erh\u00e4lt.<\/p>\n","protected":false},"excerpt":{"rendered":"<p>Vertrauen Sie auf PortugalAgent, wenn Sie Ihre Immobilie in Portugal verkaufen m\u00f6chten! Besitzen Sie ein Haus, eine Wohnung oder ein Grundst\u00fcck an der Silberk\u00fcste Portugals, die Sie verkaufen m\u00f6chten? PortugalAgent hilft Ihnen Ihre Immobilie zu verkaufen! Folgende Anforderungen sollten Sie an den Makler stellen, den Sie f\u00fcr den Verkauf beauftragen m\u00f6chten: Autorisierter Immobilienmakler in Portugal. [&hellip;]<\/p>\n","protected":false},"author":8,"featured_media":0,"parent":0,"menu_order":0,"comment_status":"closed","ping_status":"closed","template":"layoutrightsidebar.php","meta":{"om_disable_all_campaigns":false,"_monsterinsights_skip_tracking":false,"_monsterinsights_sitenote_active":false,"_monsterinsights_sitenote_note":"","_monsterinsights_sitenote_category":0},"aioseo_notices":[],"yoast_head":"<!-- This site is optimized with the Yoast SEO plugin v19.10 - https:\/\/yoast.com\/wordpress\/plugins\/seo\/ -->\n<title>Verkaufen - Portugal Agent<\/title>\n<meta name=\"robots\" content=\"index, follow, max-snippet:-1, max-image-preview:large, max-video-preview:-1\" \/>\n<link rel=\"canonical\" href=\"https:\/\/portugalagent.com\/de\/immobilie-verkaufen\/\" \/>\n<meta property=\"og:locale\" content=\"de_DE\" \/>\n<meta property=\"og:type\" content=\"article\" \/>\n<meta property=\"og:title\" content=\"Verkaufen - Portugal Agent\" \/>\n<meta property=\"og:description\" content=\"Vertrauen Sie auf PortugalAgent, wenn Sie Ihre Immobilie in Portugal verkaufen m\u00f6chten! Besitzen Sie ein Haus, eine Wohnung oder ein Grundst\u00fcck an der Silberk\u00fcste Portugals, die Sie verkaufen m\u00f6chten? PortugalAgent hilft Ihnen Ihre Immobilie zu verkaufen! Folgende Anforderungen sollten Sie an den Makler stellen, den Sie f\u00fcr den Verkauf beauftragen m\u00f6chten: Autorisierter Immobilienmakler in Portugal. [&hellip;]\" \/>\n<meta property=\"og:url\" content=\"https:\/\/portugalagent.com\/de\/immobilie-verkaufen\/\" \/>\n<meta property=\"og:site_name\" content=\"Portugal Agent\" \/>\n<meta property=\"article:modified_time\" content=\"2021-12-03T10:22:32+00:00\" \/>\n<meta name=\"twitter:card\" content=\"summary_large_image\" \/>\n<meta name=\"twitter:label1\" content=\"Gesch\u00e4tzte Lesezeit\" \/>\n\t<meta name=\"twitter:data1\" content=\"1\u00a0Minute\" \/>\n<script type=\"application\/ld+json\" class=\"yoast-schema-graph\">{\"@context\":\"https:\/\/schema.org\",\"@graph\":[{\"@type\":\"WebPage\",\"@id\":\"https:\/\/portugalagent.com\/de\/immobilie-verkaufen\/\",\"url\":\"https:\/\/portugalagent.com\/de\/immobilie-verkaufen\/\",\"name\":\"Verkaufen - Portugal Agent\",\"isPartOf\":{\"@id\":\"https:\/\/portugalagent.com\/de\/#website\"},\"datePublished\":\"2021-08-22T07:25:26+00:00\",\"dateModified\":\"2021-12-03T10:22:32+00:00\",\"breadcrumb\":{\"@id\":\"https:\/\/portugalagent.com\/de\/immobilie-verkaufen\/#breadcrumb\"},\"inLanguage\":\"de\",\"potentialAction\":[{\"@type\":\"ReadAction\",\"target\":[\"https:\/\/portugalagent.com\/de\/immobilie-verkaufen\/\"]}]},{\"@type\":\"BreadcrumbList\",\"@id\":\"https:\/\/portugalagent.com\/de\/immobilie-verkaufen\/#breadcrumb\",\"itemListElement\":[{\"@type\":\"ListItem\",\"position\":1,\"name\":\"Home\",\"item\":\"https:\/\/portugalagent.com\/de\/\"},{\"@type\":\"ListItem\",\"position\":2,\"name\":\"Verkaufen\"}]},{\"@type\":\"WebSite\",\"@id\":\"https:\/\/portugalagent.com\/de\/#website\",\"url\":\"https:\/\/portugalagent.com\/de\/\",\"name\":\"Portugal Agent\",\"description\":\"\",\"publisher\":{\"@id\":\"https:\/\/portugalagent.com\/de\/#organization\"},\"potentialAction\":[{\"@type\":\"SearchAction\",\"target\":{\"@type\":\"EntryPoint\",\"urlTemplate\":\"https:\/\/portugalagent.com\/de\/?s={search_term_string}\"},\"query-input\":\"required name=search_term_string\"}],\"inLanguage\":\"de\"},{\"@type\":\"Organization\",\"@id\":\"https:\/\/portugalagent.com\/de\/#organization\",\"name\":\"Portugal Agent\",\"url\":\"https:\/\/portugalagent.com\/de\/\",\"logo\":{\"@type\":\"ImageObject\",\"inLanguage\":\"de\",\"@id\":\"https:\/\/portugalagent.com\/de\/#\/schema\/logo\/image\/\",\"url\":\"https:\/\/portugalagent.com\/wp-content\/uploads\/2020\/11\/portugalagent.svg\",\"contentUrl\":\"https:\/\/portugalagent.com\/wp-content\/uploads\/2020\/11\/portugalagent.svg\",\"caption\":\"Portugal Agent\"},\"image\":{\"@id\":\"https:\/\/portugalagent.com\/de\/#\/schema\/logo\/image\/\"}}]}<\/script>\n<!-- \/ Yoast SEO plugin. -->","yoast_head_json":{"title":"Verkaufen - Portugal Agent","robots":{"index":"index","follow":"follow","max-snippet":"max-snippet:-1","max-image-preview":"max-image-preview:large","max-video-preview":"max-video-preview:-1"},"canonical":"https:\/\/portugalagent.com\/de\/immobilie-verkaufen\/","og_locale":"de_DE","og_type":"article","og_title":"Verkaufen - Portugal Agent","og_description":"Vertrauen Sie auf PortugalAgent, wenn Sie Ihre Immobilie in Portugal verkaufen m\u00f6chten! Besitzen Sie ein Haus, eine Wohnung oder ein Grundst\u00fcck an der Silberk\u00fcste Portugals, die Sie verkaufen m\u00f6chten? PortugalAgent hilft Ihnen Ihre Immobilie zu verkaufen! Folgende Anforderungen sollten Sie an den Makler stellen, den Sie f\u00fcr den Verkauf beauftragen m\u00f6chten: Autorisierter Immobilienmakler in Portugal. [&hellip;]","og_url":"https:\/\/portugalagent.com\/de\/immobilie-verkaufen\/","og_site_name":"Portugal Agent","article_modified_time":"2021-12-03T10:22:32+00:00","twitter_card":"summary_large_image","twitter_misc":{"Gesch\u00e4tzte Lesezeit":"1\u00a0Minute"},"schema":{"@context":"https:\/\/schema.org","@graph":[{"@type":"WebPage","@id":"https:\/\/portugalagent.com\/de\/immobilie-verkaufen\/","url":"https:\/\/portugalagent.com\/de\/immobilie-verkaufen\/","name":"Verkaufen - Portugal Agent","isPartOf":{"@id":"https:\/\/portugalagent.com\/de\/#website"},"datePublished":"2021-08-22T07:25:26+00:00","dateModified":"2021-12-03T10:22:32+00:00","breadcrumb":{"@id":"https:\/\/portugalagent.com\/de\/immobilie-verkaufen\/#breadcrumb"},"inLanguage":"de","potentialAction":[{"@type":"ReadAction","target":["https:\/\/portugalagent.com\/de\/immobilie-verkaufen\/"]}]},{"@type":"BreadcrumbList","@id":"https:\/\/portugalagent.com\/de\/immobilie-verkaufen\/#breadcrumb","itemListElement":[{"@type":"ListItem","position":1,"name":"Home","item":"https:\/\/portugalagent.com\/de\/"},{"@type":"ListItem","position":2,"name":"Verkaufen"}]},{"@type":"WebSite","@id":"https:\/\/portugalagent.com\/de\/#website","url":"https:\/\/portugalagent.com\/de\/","name":"Portugal Agent","description":"","publisher":{"@id":"https:\/\/portugalagent.com\/de\/#organization"},"potentialAction":[{"@type":"SearchAction","target":{"@type":"EntryPoint","urlTemplate":"https:\/\/portugalagent.com\/de\/?s={search_term_string}"},"query-input":"required name=search_term_string"}],"inLanguage":"de"},{"@type":"Organization","@id":"https:\/\/portugalagent.com\/de\/#organization","name":"Portugal Agent","url":"https:\/\/portugalagent.com\/de\/","logo":{"@type":"ImageObject","inLanguage":"de","@id":"https:\/\/portugalagent.com\/de\/#\/schema\/logo\/image\/","url":"https:\/\/portugalagent.com\/wp-content\/uploads\/2020\/11\/portugalagent.svg","contentUrl":"https:\/\/portugalagent.com\/wp-content\/uploads\/2020\/11\/portugalagent.svg","caption":"Portugal Agent"},"image":{"@id":"https:\/\/portugalagent.com\/de\/#\/schema\/logo\/image\/"}}]}},"_links":{"self":[{"href":"https:\/\/portugalagent.com\/de\/wp-json\/wp\/v2\/pages\/62309"}],"collection":[{"href":"https:\/\/portugalagent.com\/de\/wp-json\/wp\/v2\/pages"}],"about":[{"href":"https:\/\/portugalagent.com\/de\/wp-json\/wp\/v2\/types\/page"}],"author":[{"embeddable":true,"href":"https:\/\/portugalagent.com\/de\/wp-json\/wp\/v2\/users\/8"}],"replies":[{"embeddable":true,"href":"https:\/\/portugalagent.com\/de\/wp-json\/wp\/v2\/comments?post=62309"}],"version-history":[{"count":5,"href":"https:\/\/portugalagent.com\/de\/wp-json\/wp\/v2\/pages\/62309\/revisions"}],"predecessor-version":[{"id":63000,"href":"https:\/\/portugalagent.com\/de\/wp-json\/wp\/v2\/pages\/62309\/revisions\/63000"}],"wp:attachment":[{"href":"https:\/\/portugalagent.com\/de\/wp-json\/wp\/v2\/media?parent=62309"}],"curies":[{"name":"wp","href":"https:\/\/api.w.org\/{rel}","templated":true}]}}