{"id":62307,"date":"2021-08-22T07:24:08","date_gmt":"2021-08-22T07:24:08","guid":{"rendered":"https:\/\/portugalagent.com\/?page_id=62307"},"modified":"2021-11-19T17:32:46","modified_gmt":"2021-11-19T17:32:46","slug":"unsere-dienstleistungen","status":"publish","type":"page","link":"https:\/\/portugalagent.com\/de\/unsere-dienstleistungen\/","title":{"rendered":"Kompetenzen"},"content":{"rendered":"\n<p><strong>Wir kennen Portugal. PortugalAgent wird von Leuten betrieben, die ihr eigenes Zuhause in Portugal haben. Dar\u00fcber hinaus arbeiten wir eng mit mehreren renommierte portugiesische Immobilienagenturen zusammen. Bei Portugalagent erhalten Sie professionelle Hilfe bei allen Fragen rund um den Immobilienerwerb an der Silberk\u00fcste in Portugal!<\/strong><\/p>\n\n\n\n<div style=\"height: 50px\"><\/div>\n\n\n\n<div class=\"is-layout-flex wp-container-13 wp-block-columns\">\n<div class=\"is-layout-flow wp-block-column\">\n<div class=\"is-layout-flex wp-container-3 wp-block-columns\">\n<div class=\"is-layout-flow wp-block-column\" style=\"flex-basis:20%\">\n<figure class=\"wp-block-image size-large is-resized\"><img decoding=\"async\" loading=\"lazy\" src=\"https:\/\/portugalagent.com\/wp-content\/uploads\/2020\/01\/Group-1.svg\" alt=\"\" class=\"wp-image-58989\" width=\"42\" height=\"42\"\/><\/figure>\n<\/div>\n\n\n\n<div class=\"is-layout-flow wp-block-column\" style=\"flex-basis:80%\">\n<h4>Erfahrung mit internationalen Kunden<\/h4>\n\n\n\n<p>Wir verstehen die Bed\u00fcrfnisse unserer Kunden<\/p>\n<\/div>\n<\/div>\n<\/div>\n\n\n\n<div class=\"is-layout-flow wp-block-column\">\n<div class=\"is-layout-flex wp-container-7 wp-block-columns\">\n<div class=\"is-layout-flow wp-block-column\" style=\"flex-basis:20%\">\n<figure class=\"wp-block-image size-large is-resized\"><img decoding=\"async\" loading=\"lazy\" src=\"https:\/\/portugalagent.com\/wp-content\/uploads\/2020\/01\/Group-4.svg\" alt=\"\" class=\"wp-image-58992\" width=\"42\" height=\"42\"\/><\/figure>\n<\/div>\n\n\n\n<div class=\"is-layout-flow wp-block-column\" style=\"flex-basis:80%\">\n<h4>Ortskundig und vor Ort<\/h4>\n\n\n\n<p>Wir kennen das Gebiet und die aktuelle Preislage<\/p>\n<\/div>\n<\/div>\n<\/div>\n\n\n\n<div class=\"is-layout-flow wp-block-column\">\n<div class=\"is-layout-flex wp-container-11 wp-block-columns\">\n<div class=\"is-layout-flow wp-block-column\" style=\"flex-basis:20%\">\n<figure class=\"wp-block-image size-large is-resized\"><img decoding=\"async\" loading=\"lazy\" src=\"https:\/\/portugalagent.com\/wp-content\/uploads\/2020\/01\/Group-9.svg\" alt=\"\" class=\"wp-image-58991\" width=\"42\" height=\"42\"\/><\/figure>\n<\/div>\n\n\n\n<div class=\"is-layout-flow wp-block-column\" style=\"flex-basis:80%\">\n<h4>Gut vernetzt<\/h4>\n\n\n\n<p>Wir haben die  Kontakte, die Sie brauchen<\/p>\n<\/div>\n<\/div>\n<\/div>\n<\/div>\n\n\n\n<div class=\"is-layout-flex wp-container-26 wp-block-columns\">\n<div class=\"is-layout-flow wp-block-column\">\n<div class=\"is-layout-flex wp-container-16 wp-block-columns\">\n<div class=\"is-layout-flow wp-block-column\" style=\"flex-basis:20%\">\n<figure class=\"wp-block-image size-large is-resized\"><img decoding=\"async\" loading=\"lazy\" src=\"https:\/\/portugalagent.com\/wp-content\/uploads\/2020\/01\/Group-30.svg\" alt=\"\" class=\"wp-image-58990\" width=\"42\" height=\"42\"\/><\/figure>\n<\/div>\n\n\n\n<div class=\"is-layout-flow wp-block-column\" style=\"flex-basis:80%\">\n<h4>100% Engagement<\/h4>\n\n\n\n<p>Serviceleistungen vor und nach dem Kauf <\/p>\n<\/div>\n<\/div>\n<\/div>\n\n\n\n<div class=\"is-layout-flow wp-block-column\">\n<div class=\"is-layout-flex wp-container-20 wp-block-columns\">\n<div class=\"is-layout-flow wp-block-column\" style=\"flex-basis:20%\">\n<figure class=\"wp-block-image size-large is-resized\"><img decoding=\"async\" loading=\"lazy\" src=\"https:\/\/portugalagent.com\/wp-content\/uploads\/2020\/01\/ssasa.png\" alt=\"\" class=\"wp-image-59055\" width=\"42\" height=\"42\"\/><\/figure>\n<\/div>\n\n\n\n<div class=\"is-layout-flow wp-block-column\" style=\"flex-basis:80%\">\n<h4>Immobilie finden<\/h4>\n\n\n\n<p>Wir finden Ihre Immobilie<\/p>\n<\/div>\n<\/div>\n<\/div>\n\n\n\n<div class=\"is-layout-flow wp-block-column\">\n<div class=\"is-layout-flex wp-container-24 wp-block-columns\">\n<div class=\"is-layout-flow wp-block-column\" style=\"flex-basis:20%\">\n<figure class=\"wp-block-image size-large\"><img decoding=\"async\" src=\"https:\/\/portugalagent.com\/wp-content\/uploads\/2020\/01\/Group-820.svg\" alt=\"\" class=\"wp-image-59054\"\/><\/figure>\n<\/div>\n\n\n\n<div class=\"is-layout-flow wp-block-column\" style=\"flex-basis:80%\">\n<h4>Bewertung<\/h4>\n\n\n\n<p>den richtigen Preis f\u00fcr Ihre Immobilie<\/p>\n<\/div>\n<\/div>\n<\/div>\n<\/div>\n\n\n\n<h2>Internationale Erfahrung<\/h2>\n\n\n\n<p>PortugalAgent ist Ihr Kontakt, wenn es um Immobilien an der Silberk\u00fcste von Portugal geht.<br>Wir unterst\u00fctzen Sie, mit dem was ein lokaler Makler nicht unbedingt tun kann \u2013 eine Immobilie in Portugal, aus dem Ausland zu kaufen. PortugalAgent bietet folgende Dienstleistungen und M\u00f6glichkeiten, die es einfacher machen, eine Immobilie in Portugal zu kaufen:<\/p>\n\n\n\n<ul><li>Alle Recherchen und Planung, die Sie ben\u00f6tigen, bevor Sie sich f\u00fcr eine bestimmte Immobilie, <br>an einem bestimmten Ort in Portugal entscheiden.<\/li><li>Suchauftr\u00e4ge \u2013 Sie bestimmen die Art der Immobilie, die Sie suchen, und wir finden sie f\u00fcr Sie.<\/li><li>Der gesamte Service, der ben\u00f6tigt wird, bevor der lokale Makler, sowie der Notar, in Anspruch genommen wird, und alles was rundum den Erwerb Ihrer neuen Immobilie anf\u00e4llt.<\/li><li>After Sales Service in den Folgejahren, nachdem Sie Besitzer ihrer Immobilie an der Silberk\u00fcste geworden sind. Wichtig und oft vergessen!<\/li><li>M\u00f6glichkeit zu Vermietung, als extra Einnahmequelle.<\/li><\/ul>\n\n\n\n<h2>Eine gute Investition \u2013 viel f\u00fcr Ihr Geld<\/h2>\n\n\n\n<p>Der Kauf einer Immobilie in Nazar\u00e9 und an der Silberk\u00fcste bietet, im Vergleich zur Algarve oder <br>Cascais-Estoril, &#8222;viel Haus f\u00fcrs Geld&#8220;, aber auch im Vergleich zu vielen anderen L\u00e4ndern. <br>Vor allem, wenn Sie Meerblick wollen. Vorteil Nazar\u00e9:<\/p>\n\n\n\n<ul><li>Niedrigerer Quadratmeterpreis im Vergleich zu Algarve oder Cascais-Estoril.<\/li><li>Leicht eine Unterkunft mit Meerblick und Sonnenuntergang im Meer zu erschwinglichen Preisen zu finden.<\/li><li>Umfangreiches Angebot von gebrauchte und von neuen Immobilien.<\/li><li>\u00c4ltere Objekte, mit M\u00f6glichkeiten zur eigenen Gestaltung.<\/li><li>Gute Bauqualit\u00e4t bei Neuproduktion.<\/li><li>Niedrige Einstiegspreise, sorgen f\u00fcr m\u00f6gliche Wertsteigerung in der Zukunft.<\/li><li>Zunehmender Fokus auf Natur, Sport und Kultur erh\u00f6ht das Interesse an Nazar\u00e9 und der Silberk\u00fcste.<\/li><li>Das portugiesische Festland bietet gute Auto-, Bahn- und Busverbindungen in die Nachbarl\u00e4nder <br>und den Rest Europas.<\/li><li>Was passiert langfristig mit Flugsteuern und Umweltbelastungen? Vermeiden Sie die Inseln.<\/li><li>Viel zu sehen und zu tun in der Umgebung bietet einen stabilen Markt und steigende Nachfrage.<\/li><li>Nazar\u00e9, sowie ein Gro\u00dfteil der Silberk\u00fcste, ist das ganze Jahr mit Leben gef\u00fcllt.<\/li><\/ul>\n\n\n\n<h2>Internationale Erfahrung<\/h2>\n\n\n\n<p>PortugAlagent hat pers\u00f6nliche Erfahrung vom Immobilienkauf in Portugal.<br>Wir haben auch Erfahrung vom Umzug nach Portugal.<br>Daher k\u00f6nnen wir Beratung und Know-how sowohl beim Kauf, wie beim Umzug, bieten.<br>Wir beraten Sie gerne in Deutsch, Schwedisch oder Englisch.<\/p>\n\n\n\n<ul><li>Bei Erwerb von Immobilien, ob Haus, Wohnung oder Baugrundst\u00fcck<\/li><li>Vermittlung und Verwaltung von Ferienwohnungen<\/li><li>Bankkontakte<\/li><li>Beh\u00f6rdeng\u00e4nge<\/li><li>Mieten von Gewerbeobjekte<\/li><li>Eigene Erfahrungen vom Umzug von Deutschland nach Portugal.<\/li><\/ul>\n\n\n\n<h2>Wir verf\u00fcgen \u00fcber ein gut verzweigtes Netzwerk, u.a.:<\/h2>\n\n\n\n<ul><li>Bankkontakte<\/li><li>Steuerberater<\/li><li>Handwerkern<\/li><li>Versicherung<\/li><li>Poolservice<\/li><li>Gartenarbeit<\/li><li>Vermittlung und Verwaltung von Ferienwohnungen<\/li><li>Enge Zusammenarbeit mit mehreren lokalen Immobilienmaklern<\/li><li>Kontakt mit anderen Nicht-Portugiesen, die eine Immobilie in der Umgebung gekauft oder gemietet haben.<\/li><\/ul>\n\n\n\n<h2>Ihren lokalen Berater in Nazar\u00e9<\/h2>\n\n\n\n<p>PortugalAgent ist Ihr Fenster zur Silberk\u00fcste und Portugal. Wir helfen bei Klein und Gro\u00df, im Zusammenhang mit dem Kauf oder der Vermietung von Immobilien in Portugal. Bei uns bekommen Sie Unterst\u00fctzung:<\/p>\n\n\n\n<ul><li>Finden von dem richtigen Ort zum Leben<\/li><li>Besichtigungstouren, damit Sie die Umgebunmg kennen lernen<\/li><li>Bewertungen \u2013 ist es der &#8222;richtige&#8220; Preis f\u00fcr die Immobilie, die ich kaufen m\u00f6chte?<\/li><li>Technische Inspektion<\/li><\/ul>\n\n\n\n<h2>After Sales Service nach dem Kauf<\/h2>\n\n\n\n<p>PortugalAgent bietet eine Vielzahl von &#8222;After-Sales-Services&#8220;. Viele Makler k\u00fcmmern sich nach Abschluss nicht mehr um den K\u00e4ufer. PortugalAgent bietet stattdessen viel Sicherheit noch lange nach dem Kauf. <br>Wir sind vor Ort, wir sind f\u00fcr Sie da.<\/p>\n","protected":false},"excerpt":{"rendered":"<p>Wir kennen Portugal. PortugalAgent wird von Leuten betrieben, die ihr eigenes Zuhause in Portugal haben. Dar\u00fcber hinaus arbeiten wir eng mit mehreren renommierte portugiesische Immobilienagenturen zusammen. Bei Portugalagent erhalten Sie professionelle Hilfe bei allen Fragen rund um den Immobilienerwerb an der Silberk\u00fcste in Portugal! Erfahrung mit internationalen Kunden Wir verstehen die Bed\u00fcrfnisse unserer Kunden Ortskundig [&hellip;]<\/p>\n","protected":false},"author":8,"featured_media":0,"parent":0,"menu_order":0,"comment_status":"closed","ping_status":"closed","template":"layoutSidebar.php","meta":{"om_disable_all_campaigns":false,"_monsterinsights_skip_tracking":false,"_monsterinsights_sitenote_active":false,"_monsterinsights_sitenote_note":"","_monsterinsights_sitenote_category":0},"aioseo_notices":[],"yoast_head":"<!-- This site is optimized with the Yoast SEO plugin v19.10 - https:\/\/yoast.com\/wordpress\/plugins\/seo\/ -->\n<title>Kompetenzen - Portugal Agent<\/title>\n<meta name=\"robots\" content=\"index, follow, max-snippet:-1, max-image-preview:large, max-video-preview:-1\" \/>\n<link rel=\"canonical\" href=\"https:\/\/portugalagent.com\/de\/unsere-dienstleistungen\/\" \/>\n<meta property=\"og:locale\" content=\"de_DE\" \/>\n<meta property=\"og:type\" content=\"article\" \/>\n<meta property=\"og:title\" content=\"Kompetenzen - Portugal Agent\" \/>\n<meta property=\"og:description\" content=\"Wir kennen Portugal. PortugalAgent wird von Leuten betrieben, die ihr eigenes Zuhause in Portugal haben. Dar\u00fcber hinaus arbeiten wir eng mit mehreren renommierte portugiesische Immobilienagenturen zusammen. Bei Portugalagent erhalten Sie professionelle Hilfe bei allen Fragen rund um den Immobilienerwerb an der Silberk\u00fcste in Portugal! Erfahrung mit internationalen Kunden Wir verstehen die Bed\u00fcrfnisse unserer Kunden Ortskundig [&hellip;]\" \/>\n<meta property=\"og:url\" content=\"https:\/\/portugalagent.com\/de\/unsere-dienstleistungen\/\" \/>\n<meta property=\"og:site_name\" content=\"Portugal Agent\" \/>\n<meta property=\"article:modified_time\" content=\"2021-11-19T17:32:46+00:00\" \/>\n<meta property=\"og:image\" content=\"https:\/\/portugalagent.com\/wp-content\/uploads\/2020\/01\/Group-1.svg\" \/>\n<meta name=\"twitter:card\" content=\"summary_large_image\" \/>\n<meta name=\"twitter:label1\" content=\"Gesch\u00e4tzte Lesezeit\" \/>\n\t<meta name=\"twitter:data1\" content=\"4\u00a0Minuten\" \/>\n<script type=\"application\/ld+json\" class=\"yoast-schema-graph\">{\"@context\":\"https:\/\/schema.org\",\"@graph\":[{\"@type\":\"WebPage\",\"@id\":\"https:\/\/portugalagent.com\/de\/unsere-dienstleistungen\/\",\"url\":\"https:\/\/portugalagent.com\/de\/unsere-dienstleistungen\/\",\"name\":\"Kompetenzen - Portugal Agent\",\"isPartOf\":{\"@id\":\"https:\/\/portugalagent.com\/de\/#website\"},\"datePublished\":\"2021-08-22T07:24:08+00:00\",\"dateModified\":\"2021-11-19T17:32:46+00:00\",\"breadcrumb\":{\"@id\":\"https:\/\/portugalagent.com\/de\/unsere-dienstleistungen\/#breadcrumb\"},\"inLanguage\":\"de\",\"potentialAction\":[{\"@type\":\"ReadAction\",\"target\":[\"https:\/\/portugalagent.com\/de\/unsere-dienstleistungen\/\"]}]},{\"@type\":\"BreadcrumbList\",\"@id\":\"https:\/\/portugalagent.com\/de\/unsere-dienstleistungen\/#breadcrumb\",\"itemListElement\":[{\"@type\":\"ListItem\",\"position\":1,\"name\":\"Home\",\"item\":\"https:\/\/portugalagent.com\/de\/\"},{\"@type\":\"ListItem\",\"position\":2,\"name\":\"Kompetenzen\"}]},{\"@type\":\"WebSite\",\"@id\":\"https:\/\/portugalagent.com\/de\/#website\",\"url\":\"https:\/\/portugalagent.com\/de\/\",\"name\":\"Portugal Agent\",\"description\":\"\",\"publisher\":{\"@id\":\"https:\/\/portugalagent.com\/de\/#organization\"},\"potentialAction\":[{\"@type\":\"SearchAction\",\"target\":{\"@type\":\"EntryPoint\",\"urlTemplate\":\"https:\/\/portugalagent.com\/de\/?s={search_term_string}\"},\"query-input\":\"required name=search_term_string\"}],\"inLanguage\":\"de\"},{\"@type\":\"Organization\",\"@id\":\"https:\/\/portugalagent.com\/de\/#organization\",\"name\":\"Portugal Agent\",\"url\":\"https:\/\/portugalagent.com\/de\/\",\"logo\":{\"@type\":\"ImageObject\",\"inLanguage\":\"de\",\"@id\":\"https:\/\/portugalagent.com\/de\/#\/schema\/logo\/image\/\",\"url\":\"https:\/\/portugalagent.com\/wp-content\/uploads\/2020\/11\/portugalagent.svg\",\"contentUrl\":\"https:\/\/portugalagent.com\/wp-content\/uploads\/2020\/11\/portugalagent.svg\",\"caption\":\"Portugal Agent\"},\"image\":{\"@id\":\"https:\/\/portugalagent.com\/de\/#\/schema\/logo\/image\/\"}}]}<\/script>\n<!-- \/ Yoast SEO plugin. -->","yoast_head_json":{"title":"Kompetenzen - Portugal Agent","robots":{"index":"index","follow":"follow","max-snippet":"max-snippet:-1","max-image-preview":"max-image-preview:large","max-video-preview":"max-video-preview:-1"},"canonical":"https:\/\/portugalagent.com\/de\/unsere-dienstleistungen\/","og_locale":"de_DE","og_type":"article","og_title":"Kompetenzen - Portugal Agent","og_description":"Wir kennen Portugal. PortugalAgent wird von Leuten betrieben, die ihr eigenes Zuhause in Portugal haben. Dar\u00fcber hinaus arbeiten wir eng mit mehreren renommierte portugiesische Immobilienagenturen zusammen. Bei Portugalagent erhalten Sie professionelle Hilfe bei allen Fragen rund um den Immobilienerwerb an der Silberk\u00fcste in Portugal! Erfahrung mit internationalen Kunden Wir verstehen die Bed\u00fcrfnisse unserer Kunden Ortskundig [&hellip;]","og_url":"https:\/\/portugalagent.com\/de\/unsere-dienstleistungen\/","og_site_name":"Portugal Agent","article_modified_time":"2021-11-19T17:32:46+00:00","og_image":[{"url":"https:\/\/portugalagent.com\/wp-content\/uploads\/2020\/01\/Group-1.svg"}],"twitter_card":"summary_large_image","twitter_misc":{"Gesch\u00e4tzte Lesezeit":"4\u00a0Minuten"},"schema":{"@context":"https:\/\/schema.org","@graph":[{"@type":"WebPage","@id":"https:\/\/portugalagent.com\/de\/unsere-dienstleistungen\/","url":"https:\/\/portugalagent.com\/de\/unsere-dienstleistungen\/","name":"Kompetenzen - Portugal Agent","isPartOf":{"@id":"https:\/\/portugalagent.com\/de\/#website"},"datePublished":"2021-08-22T07:24:08+00:00","dateModified":"2021-11-19T17:32:46+00:00","breadcrumb":{"@id":"https:\/\/portugalagent.com\/de\/unsere-dienstleistungen\/#breadcrumb"},"inLanguage":"de","potentialAction":[{"@type":"ReadAction","target":["https:\/\/portugalagent.com\/de\/unsere-dienstleistungen\/"]}]},{"@type":"BreadcrumbList","@id":"https:\/\/portugalagent.com\/de\/unsere-dienstleistungen\/#breadcrumb","itemListElement":[{"@type":"ListItem","position":1,"name":"Home","item":"https:\/\/portugalagent.com\/de\/"},{"@type":"ListItem","position":2,"name":"Kompetenzen"}]},{"@type":"WebSite","@id":"https:\/\/portugalagent.com\/de\/#website","url":"https:\/\/portugalagent.com\/de\/","name":"Portugal Agent","description":"","publisher":{"@id":"https:\/\/portugalagent.com\/de\/#organization"},"potentialAction":[{"@type":"SearchAction","target":{"@type":"EntryPoint","urlTemplate":"https:\/\/portugalagent.com\/de\/?s={search_term_string}"},"query-input":"required name=search_term_string"}],"inLanguage":"de"},{"@type":"Organization","@id":"https:\/\/portugalagent.com\/de\/#organization","name":"Portugal Agent","url":"https:\/\/portugalagent.com\/de\/","logo":{"@type":"ImageObject","inLanguage":"de","@id":"https:\/\/portugalagent.com\/de\/#\/schema\/logo\/image\/","url":"https:\/\/portugalagent.com\/wp-content\/uploads\/2020\/11\/portugalagent.svg","contentUrl":"https:\/\/portugalagent.com\/wp-content\/uploads\/2020\/11\/portugalagent.svg","caption":"Portugal Agent"},"image":{"@id":"https:\/\/portugalagent.com\/de\/#\/schema\/logo\/image\/"}}]}},"_links":{"self":[{"href":"https:\/\/portugalagent.com\/de\/wp-json\/wp\/v2\/pages\/62307"}],"collection":[{"href":"https:\/\/portugalagent.com\/de\/wp-json\/wp\/v2\/pages"}],"about":[{"href":"https:\/\/portugalagent.com\/de\/wp-json\/wp\/v2\/types\/page"}],"author":[{"embeddable":true,"href":"https:\/\/portugalagent.com\/de\/wp-json\/wp\/v2\/users\/8"}],"replies":[{"embeddable":true,"href":"https:\/\/portugalagent.com\/de\/wp-json\/wp\/v2\/comments?post=62307"}],"version-history":[{"count":26,"href":"https:\/\/portugalagent.com\/de\/wp-json\/wp\/v2\/pages\/62307\/revisions"}],"predecessor-version":[{"id":62794,"href":"https:\/\/portugalagent.com\/de\/wp-json\/wp\/v2\/pages\/62307\/revisions\/62794"}],"wp:attachment":[{"href":"https:\/\/portugalagent.com\/de\/wp-json\/wp\/v2\/media?parent=62307"}],"curies":[{"name":"wp","href":"https:\/\/api.w.org\/{rel}","templated":true}]}}