{"id":58266,"date":"2021-05-09T17:04:22","date_gmt":"2021-05-09T17:04:22","guid":{"rendered":"https:\/\/portugalagent.com\/?page_id=58266"},"modified":"2021-11-19T17:27:58","modified_gmt":"2021-11-19T17:27:58","slug":"destination-silberkuste","status":"publish","type":"page","link":"https:\/\/portugalagent.com\/de\/destination-silberkuste\/","title":{"rendered":"Die Silberk\u00fcste"},"content":{"rendered":"\n<h5>Portugal Agent ist auf die s\u00fcdlichen Teile der Silberk\u00fcste spezialisiert. Von Santa Cruz im S\u00fcden bis nach San Pedro de Moel im Norden, mit besonderem Schwerpunkt auf dem K\u00fcstenstreifen zwischen den drei St\u00e4dten Nazar\u00e9, S\u00e3o Martinho do Porto und Foz do Arelho sowie etwas landeinw\u00e4rts, mit den sch\u00f6nen St\u00e4dten Alcoba\u00e7a, \u00d3bidos und Caldas da Rainha.\n<\/h5>\n\n\n\n<p>Wir sind der Meinung, dass der K\u00fcstenabschnitt zwischen Santa Cruz im S\u00fcden und San Pedro de Moel im Norden der beste kleine K\u00fcstenstreifen in Portugal ist, vielleicht sogar in ganz S\u00fcdeuropa!<\/p>\n\n\n\n<div style=\"height:20px\"><\/div>\n\n\n\n<div class=\"is-layout-flex wp-container-9 wp-block-columns\">\n<div class=\"is-layout-flow wp-block-column\">\n<div class=\"is-layout-flex wp-container-3 wp-block-columns\">\n<div class=\"is-layout-flow wp-block-column\" style=\"flex-basis:12%\">\n<figure class=\"wp-block-image size-large\"><img decoding=\"async\" src=\"https:\/\/portugalagent.com\/wp-content\/uploads\/2020\/02\/icons_pa-01.svg\" alt=\"\" class=\"wp-image-58281\"\/><\/figure>\n<\/div>\n\n\n\n<div class=\"is-layout-flow wp-block-column\" style=\"flex-basis:88%\">\n<p><strong>Die Silberk\u00fcste<\/strong><br><strong>Sonnenuntergang im Meer<\/strong><\/p>\n<\/div>\n<\/div>\n<\/div>\n\n\n\n<div class=\"is-layout-flow wp-block-column\">\n<div class=\"is-layout-flex wp-container-7 wp-block-columns\">\n<div class=\"is-layout-flow wp-block-column\" style=\"flex-basis:12%\">\n<figure class=\"wp-block-image size-large\"><img decoding=\"async\" src=\"https:\/\/portugalagent.com\/wp-content\/uploads\/2020\/02\/icons_pa-02.svg\" alt=\"\" class=\"wp-image-58282\"\/><\/figure>\n<\/div>\n\n\n\n<div class=\"is-layout-flow wp-block-column\" style=\"flex-basis:88%\">\n<p><strong>Nazar\u00e9 <\/strong><br><strong>ein vergessenes Juwel<\/strong><\/p>\n<\/div>\n<\/div>\n\n\n\n<p><\/p>\n<\/div>\n<\/div>\n\n\n\n<h3>Die Silberk\u00fcste<\/h3>\n\n\n\n<p>Dies ist Portugals und ganz Europas aufregender Sonnenuntergangsstrand im Westen. An der Silberk\u00fcste findet man das meiste f\u00fcr Aktive: Golf, Reiten, Surfen, Schwimmen, Angeln, ein gro\u00dfes kulturelles Angebot und eine sch\u00f6ne Mischung aus D\u00f6rfern und kleinen St\u00e4dten. Das Ganze ist vom Atlantik mit einer gro\u00dfartigen Natur eingerahmt. Vorteile der Silberk\u00fcste Punkt f\u00fcr Punkt: <\/p>\n\n\n\n<ul><li>Bietet das ganze Jahr \u00fcber Sonnenuntergang im Meer<\/li><li>Gro\u00dfe Auswahl an guten H\u00e4usern und Wohnungen<\/li><li>Viele Unterk\u00fcnfte mit Seeblick&nbsp;<\/li><li>Langfristige Wertsteigerung&nbsp;<\/li><li>1 bis 1,5 Autostunden von Lissabon entfernt&nbsp;<\/li><li>Direktfl\u00fcge nach Lissabon von einer Vielzahl von Flugh\u00e4fen in DE, AT und CH<\/li><li>Das beste Surfen in Europa, f\u00fcr Anf\u00e4nger und Experten<\/li><li>Viele gute Golfpl\u00e4tze<\/li><li>Die meisten St\u00e4dte und D\u00f6rfer sind das ganze Jahr \u00fcber von Leben erf\u00fcllt<\/li><li>Abwechslungsreich: echte Kleinst\u00e4dte, Kulturst\u00e4dte und herrliche Natur, Wanderwege, Surfstr\u00e4nde und Golfpl\u00e4tze.&nbsp;<\/li><li>Im Sommer nicht zu hei\u00df und im Winter angenehm&nbsp;<\/li><li>N\u00e4he zu Porto am Douro, die Heimat von Portwein und gro\u00dfartigen Weinanbau, entlang der Flusst\u00e4ler im Landesinneren.<\/li><\/ul>\n\n\n\n<h3>Nazar\u00e9 &#8211; ein vergessenes Juwel&nbsp;<\/h3>\n\n\n\n<p>Eine urige kleine Stadt mit sch\u00f6nen Str\u00e4nden, ein echtes Stadtzentrum, Fischereihafen und wundersch\u00f6ner Natur. Von den h\u00f6heren Stadtteilen, Sitio und Pedeneira, genie\u00dft man ein weiter Blick \u00fcber dem Atlantik.<br>Eines der am besten erhaltenen Schmuckst\u00fccke Portugals, und ganz Europas, nur 100 km von Lissabon und dem internationalen Flughafen entfernt.<br>Die Vorteile Nazar\u00e9s, in der Mitte der Silberk\u00fcste:<\/p>\n\n\n\n<ul><li>Sonnenuntergang im Meer das ganze Jahr \u00fcber&nbsp;<\/li><li>Lebendige Stadtmitte mit guten Restaurants und sch\u00f6nen Gesch\u00e4ften<\/li><li>Traditionelles Urlaubsziel, was gerade wiederentdeckt wird&nbsp;<\/li><li>G\u00fcnstig zu essen und in Hotels zu \u00fcbernachten&nbsp;<\/li><li>Sehr guter lokaler Markt mit frischem Fisch, Fleisch, Obst und Gem\u00fcse&nbsp;<\/li><li>Gesch\u00fctzter Hafen mit Fischereiflotte und Liegepl\u00e4tze f\u00fcr Freizeitboote&nbsp;<\/li><li>Zwei fantastische und sehr unterschiedliche Str\u00e4nde&nbsp;<\/li><li>Die Stadt erstreckt sich vom Meeresspiegel bis gut 100 m \u00fcber dem Meeresspiegel<\/li><li>Standseilbahn zwischen Sitio und Praia do Nazar\u00e9<\/li><li>Gro\u00dfe Auswahl an H\u00e4usern und Wohnungen<\/li><li>Man findet eine gute Auswahl von Wohnungen mit Seeblick<\/li><li>Langfristig zu erwartende Wertsteigerung&nbsp;<\/li><li>Nur anderthalb Stunde mit dem Auto von Lissabon<\/li><li>Viele Direktfl\u00fcge nach Lissabon von mehreren St\u00e4dten in DE, AT und CH.<\/li><\/ul>\n\n\n\n<p><\/p>\n","protected":false},"excerpt":{"rendered":"<p>Portugal Agent ist auf die s\u00fcdlichen Teile der Silberk\u00fcste spezialisiert. Von Santa Cruz im S\u00fcden bis nach San Pedro de Moel im Norden, mit besonderem Schwerpunkt auf dem K\u00fcstenstreifen zwischen den drei St\u00e4dten Nazar\u00e9, S\u00e3o Martinho do Porto und Foz do Arelho sowie etwas landeinw\u00e4rts, mit den sch\u00f6nen St\u00e4dten Alcoba\u00e7a, \u00d3bidos und Caldas da Rainha. [&hellip;]<\/p>\n","protected":false},"author":8,"featured_media":0,"parent":0,"menu_order":0,"comment_status":"closed","ping_status":"closed","template":"layoutSidebar.php","meta":{"om_disable_all_campaigns":false,"_monsterinsights_skip_tracking":false,"_monsterinsights_sitenote_active":false,"_monsterinsights_sitenote_note":"","_monsterinsights_sitenote_category":0},"aioseo_notices":[],"yoast_head":"<!-- This site is optimized with the Yoast SEO plugin v19.10 - https:\/\/yoast.com\/wordpress\/plugins\/seo\/ -->\n<title>Die Silberk\u00fcste - Portugal Agent<\/title>\n<meta name=\"robots\" content=\"index, follow, max-snippet:-1, max-image-preview:large, max-video-preview:-1\" \/>\n<link rel=\"canonical\" href=\"https:\/\/portugalagent.com\/de\/destination-silberkuste\/\" \/>\n<meta property=\"og:locale\" content=\"de_DE\" \/>\n<meta property=\"og:type\" content=\"article\" \/>\n<meta property=\"og:title\" content=\"Die Silberk\u00fcste - Portugal Agent\" \/>\n<meta property=\"og:description\" content=\"Portugal Agent ist auf die s\u00fcdlichen Teile der Silberk\u00fcste spezialisiert. Von Santa Cruz im S\u00fcden bis nach San Pedro de Moel im Norden, mit besonderem Schwerpunkt auf dem K\u00fcstenstreifen zwischen den drei St\u00e4dten Nazar\u00e9, S\u00e3o Martinho do Porto und Foz do Arelho sowie etwas landeinw\u00e4rts, mit den sch\u00f6nen St\u00e4dten Alcoba\u00e7a, \u00d3bidos und Caldas da Rainha. [&hellip;]\" \/>\n<meta property=\"og:url\" content=\"https:\/\/portugalagent.com\/de\/destination-silberkuste\/\" \/>\n<meta property=\"og:site_name\" content=\"Portugal Agent\" \/>\n<meta property=\"article:modified_time\" content=\"2021-11-19T17:27:58+00:00\" \/>\n<meta property=\"og:image\" content=\"https:\/\/portugalagent.com\/wp-content\/uploads\/2020\/02\/icons_pa-01.svg\" \/>\n<meta name=\"twitter:card\" content=\"summary_large_image\" \/>\n<meta name=\"twitter:label1\" content=\"Gesch\u00e4tzte Lesezeit\" \/>\n\t<meta name=\"twitter:data1\" content=\"3\u00a0Minuten\" \/>\n<script type=\"application\/ld+json\" class=\"yoast-schema-graph\">{\"@context\":\"https:\/\/schema.org\",\"@graph\":[{\"@type\":\"WebPage\",\"@id\":\"https:\/\/portugalagent.com\/de\/destination-silberkuste\/\",\"url\":\"https:\/\/portugalagent.com\/de\/destination-silberkuste\/\",\"name\":\"Die Silberk\u00fcste - Portugal Agent\",\"isPartOf\":{\"@id\":\"https:\/\/portugalagent.com\/de\/#website\"},\"datePublished\":\"2021-05-09T17:04:22+00:00\",\"dateModified\":\"2021-11-19T17:27:58+00:00\",\"breadcrumb\":{\"@id\":\"https:\/\/portugalagent.com\/de\/destination-silberkuste\/#breadcrumb\"},\"inLanguage\":\"de\",\"potentialAction\":[{\"@type\":\"ReadAction\",\"target\":[\"https:\/\/portugalagent.com\/de\/destination-silberkuste\/\"]}]},{\"@type\":\"BreadcrumbList\",\"@id\":\"https:\/\/portugalagent.com\/de\/destination-silberkuste\/#breadcrumb\",\"itemListElement\":[{\"@type\":\"ListItem\",\"position\":1,\"name\":\"Home\",\"item\":\"https:\/\/portugalagent.com\/de\/\"},{\"@type\":\"ListItem\",\"position\":2,\"name\":\"Die Silberk\u00fcste\"}]},{\"@type\":\"WebSite\",\"@id\":\"https:\/\/portugalagent.com\/de\/#website\",\"url\":\"https:\/\/portugalagent.com\/de\/\",\"name\":\"Portugal Agent\",\"description\":\"\",\"publisher\":{\"@id\":\"https:\/\/portugalagent.com\/de\/#organization\"},\"potentialAction\":[{\"@type\":\"SearchAction\",\"target\":{\"@type\":\"EntryPoint\",\"urlTemplate\":\"https:\/\/portugalagent.com\/de\/?s={search_term_string}\"},\"query-input\":\"required name=search_term_string\"}],\"inLanguage\":\"de\"},{\"@type\":\"Organization\",\"@id\":\"https:\/\/portugalagent.com\/de\/#organization\",\"name\":\"Portugal Agent\",\"url\":\"https:\/\/portugalagent.com\/de\/\",\"logo\":{\"@type\":\"ImageObject\",\"inLanguage\":\"de\",\"@id\":\"https:\/\/portugalagent.com\/de\/#\/schema\/logo\/image\/\",\"url\":\"https:\/\/portugalagent.com\/wp-content\/uploads\/2020\/11\/portugalagent.svg\",\"contentUrl\":\"https:\/\/portugalagent.com\/wp-content\/uploads\/2020\/11\/portugalagent.svg\",\"caption\":\"Portugal Agent\"},\"image\":{\"@id\":\"https:\/\/portugalagent.com\/de\/#\/schema\/logo\/image\/\"}}]}<\/script>\n<!-- \/ Yoast SEO plugin. -->","yoast_head_json":{"title":"Die Silberk\u00fcste - Portugal Agent","robots":{"index":"index","follow":"follow","max-snippet":"max-snippet:-1","max-image-preview":"max-image-preview:large","max-video-preview":"max-video-preview:-1"},"canonical":"https:\/\/portugalagent.com\/de\/destination-silberkuste\/","og_locale":"de_DE","og_type":"article","og_title":"Die Silberk\u00fcste - Portugal Agent","og_description":"Portugal Agent ist auf die s\u00fcdlichen Teile der Silberk\u00fcste spezialisiert. Von Santa Cruz im S\u00fcden bis nach San Pedro de Moel im Norden, mit besonderem Schwerpunkt auf dem K\u00fcstenstreifen zwischen den drei St\u00e4dten Nazar\u00e9, S\u00e3o Martinho do Porto und Foz do Arelho sowie etwas landeinw\u00e4rts, mit den sch\u00f6nen St\u00e4dten Alcoba\u00e7a, \u00d3bidos und Caldas da Rainha. [&hellip;]","og_url":"https:\/\/portugalagent.com\/de\/destination-silberkuste\/","og_site_name":"Portugal Agent","article_modified_time":"2021-11-19T17:27:58+00:00","og_image":[{"url":"https:\/\/portugalagent.com\/wp-content\/uploads\/2020\/02\/icons_pa-01.svg"}],"twitter_card":"summary_large_image","twitter_misc":{"Gesch\u00e4tzte Lesezeit":"3\u00a0Minuten"},"schema":{"@context":"https:\/\/schema.org","@graph":[{"@type":"WebPage","@id":"https:\/\/portugalagent.com\/de\/destination-silberkuste\/","url":"https:\/\/portugalagent.com\/de\/destination-silberkuste\/","name":"Die Silberk\u00fcste - Portugal Agent","isPartOf":{"@id":"https:\/\/portugalagent.com\/de\/#website"},"datePublished":"2021-05-09T17:04:22+00:00","dateModified":"2021-11-19T17:27:58+00:00","breadcrumb":{"@id":"https:\/\/portugalagent.com\/de\/destination-silberkuste\/#breadcrumb"},"inLanguage":"de","potentialAction":[{"@type":"ReadAction","target":["https:\/\/portugalagent.com\/de\/destination-silberkuste\/"]}]},{"@type":"BreadcrumbList","@id":"https:\/\/portugalagent.com\/de\/destination-silberkuste\/#breadcrumb","itemListElement":[{"@type":"ListItem","position":1,"name":"Home","item":"https:\/\/portugalagent.com\/de\/"},{"@type":"ListItem","position":2,"name":"Die Silberk\u00fcste"}]},{"@type":"WebSite","@id":"https:\/\/portugalagent.com\/de\/#website","url":"https:\/\/portugalagent.com\/de\/","name":"Portugal Agent","description":"","publisher":{"@id":"https:\/\/portugalagent.com\/de\/#organization"},"potentialAction":[{"@type":"SearchAction","target":{"@type":"EntryPoint","urlTemplate":"https:\/\/portugalagent.com\/de\/?s={search_term_string}"},"query-input":"required name=search_term_string"}],"inLanguage":"de"},{"@type":"Organization","@id":"https:\/\/portugalagent.com\/de\/#organization","name":"Portugal Agent","url":"https:\/\/portugalagent.com\/de\/","logo":{"@type":"ImageObject","inLanguage":"de","@id":"https:\/\/portugalagent.com\/de\/#\/schema\/logo\/image\/","url":"https:\/\/portugalagent.com\/wp-content\/uploads\/2020\/11\/portugalagent.svg","contentUrl":"https:\/\/portugalagent.com\/wp-content\/uploads\/2020\/11\/portugalagent.svg","caption":"Portugal Agent"},"image":{"@id":"https:\/\/portugalagent.com\/de\/#\/schema\/logo\/image\/"}}]}},"_links":{"self":[{"href":"https:\/\/portugalagent.com\/de\/wp-json\/wp\/v2\/pages\/58266"}],"collection":[{"href":"https:\/\/portugalagent.com\/de\/wp-json\/wp\/v2\/pages"}],"about":[{"href":"https:\/\/portugalagent.com\/de\/wp-json\/wp\/v2\/types\/page"}],"author":[{"embeddable":true,"href":"https:\/\/portugalagent.com\/de\/wp-json\/wp\/v2\/users\/8"}],"replies":[{"embeddable":true,"href":"https:\/\/portugalagent.com\/de\/wp-json\/wp\/v2\/comments?post=58266"}],"version-history":[{"count":11,"href":"https:\/\/portugalagent.com\/de\/wp-json\/wp\/v2\/pages\/58266\/revisions"}],"predecessor-version":[{"id":62793,"href":"https:\/\/portugalagent.com\/de\/wp-json\/wp\/v2\/pages\/58266\/revisions\/62793"}],"wp:attachment":[{"href":"https:\/\/portugalagent.com\/de\/wp-json\/wp\/v2\/media?parent=58266"}],"curies":[{"name":"wp","href":"https:\/\/api.w.org\/{rel}","templated":true}]}}